{"id":9549,"date":"2023-11-20T10:25:23","date_gmt":"2023-11-20T10:25:23","guid":{"rendered":"https:\/\/dev.interpharma.animalwelfare.bertastrasse1.ch\/charta\/"},"modified":"2023-11-23T15:57:54","modified_gmt":"2023-11-23T15:57:54","slug":"charta","status":"publish","type":"page","link":"https:\/\/dev.interpharma.animalwelfare.bertastrasse1.ch\/fr\/charta\/","title":{"rendered":"Charta"},"content":{"rendered":"\n            <section class=\"list-with-bg-block list-with-bg-block-69e1f37b04b6d\">\n            <div class=\"list-with-bg-block-content\">\n                                    <h2>Dans les 10 points de la charte pour la protection des animaux, les entreprises membres d\u2019Interpharma s\u2019engagent \u00e0:<\/h2>\n                \n                <div class=\"list-with-bg\">\n                                              <div class=\"list-with-bg-item \">\n                             <div>\n                                <span>1<\/span>\n                                <div><p>appliquer et \u00e0 encourager activement les principes des 3R (r\u00e9duire, r\u00e9former et remplacer les \u00e9tudes animales), notamment en mati\u00e8re de recherche, de d\u00e9veloppement et de mise en oeuvre de m\u00e9thodes et de techniques con\u00e7ues pour remplacer les exp\u00e9riences sur animaux, r\u00e9duire le nombre d\u2019animaux utilis\u00e9s et att\u00e9nuer la souffrance et le stress des animaux de laboratoire.<\/p><\/div>\n                             <\/div>\n                         <\/div>\n                                              <div class=\"list-with-bg-item \">\n                             <div>\n                                <span>2<\/span>\n                                <div><p>garantir \u00e0 nos animaux de laboratoire des conditions d\u2019h\u00e9bergement et de soin de pointe et de haute qualit\u00e9 et \u00e0 nous efforcer d\u2019am\u00e9liorer continuellement ces conditions.<\/p><\/div>\n                             <\/div>\n                         <\/div>\n                                              <div class=\"list-with-bg-item \">\n                             <div>\n                                <span>3<\/span>\n                                <div><p>d\u00e9velopper et \u00e0 encourager l\u2019\u00e9ducation et la formation de tous les employ\u00e9s et collaborateurs qui travaillent avec les animaux.<\/p><\/div>\n                             <\/div>\n                         <\/div>\n                                              <div class=\"list-with-bg-item \">\n                             <div>\n                                <span>4<\/span>\n                                <div><p>obliger contractuellement nos partenaires externes \u00e0 respecter ces standards \u00e9lev\u00e9s de bien-\u00eatre animal lorsqu\u2019ils effectuent des \u00e9tudes avec des animaux pour notre compte ou nous fournissent des animaux.<\/p><\/div>\n                             <\/div>\n                         <\/div>\n                                              <div class=\"list-with-bg-item \">\n                             <div>\n                                <span>5<\/span>\n                                <div><p>appliquer des syst\u00e8mes d\u2019audits internes rigoureux, con\u00e7us pour assurer le respect des normes convenues de bien-\u00eatre animal.<\/p><\/div>\n                             <\/div>\n                         <\/div>\n                                              <div class=\"list-with-bg-item \">\n                             <div>\n                                <span>6<\/span>\n                                <div><p>unir nos efforts pour auditer nos partenaires externes sur les normes de protection des animaux, et cela \u00e0 l\u2019\u00e9chelle internationale.<\/p><\/div>\n                             <\/div>\n                         <\/div>\n                                              <div class=\"list-with-bg-item \">\n                             <div>\n                                <span>7<\/span>\n                                <div><p>encourager, en sus des inspections r\u00e9guli\u00e8res des pouvoirs publics, le d\u00e9veloppement de programmes externes et ind\u00e9pendants d\u2019\u00e9valuation de nos normes de protection des animaux et de nos installations \u00e0 l\u2019\u00e9chelle internationale.<\/p><\/div>\n                             <\/div>\n                         <\/div>\n                                              <div class=\"list-with-bg-item \">\n                             <div>\n                                <span>8<\/span>\n                                <div><p>\r\nencourager la validation et l\u2019acceptation r\u00e9glementaire des m\u00e9thodes qui servent \u00e0 remplacer, r\u00e9duire ou raffiner les \u00e9tudes animales.<\/p><\/div>\n                             <\/div>\n                         <\/div>\n                                              <div class=\"list-with-bg-item \">\n                             <div>\n                                <span>9<\/span>\n                                <div><p>contribuer \u00e0 un dialogue continu, franc et constructif en mati\u00e8re de recherche et de protection des animaux avec le public ainsi qu\u2019avec les pouvoirs publics, les d\u00e9cideurs politiques et autres parties prenantes concern\u00e9es.<\/p><\/div>\n                             <\/div>\n                         <\/div>\n                                              <div class=\"list-with-bg-item \">\n                             <div>\n                                <span>10<\/span>\n                                <div><p>publier un rapport annuel sur les progr\u00e8s r\u00e9alis\u00e9s en relation \u00e0 cette Charte.<\/p><\/div>\n                             <\/div>\n                         <\/div>\n                                     <\/div>\n\n                            <\/div>\n        <\/section>\n\n        <script>\n            new ScrollMagic.Scene({\n                triggerElement: \".list-with-bg-block-69e1f37b04b6d\",\n                triggerHook: 0.9,\n                offset: 0\n            })\n                .setClassToggle(\".list-with-bg-block-69e1f37b04b6d\", \"visibleBlock\")\n                .addTo(controller);\n        <\/script>\n    \n","protected":false},"excerpt":{"rendered":"","protected":false},"author":21,"featured_media":0,"parent":0,"menu_order":2,"comment_status":"closed","ping_status":"closed","template":"","meta":{"footnotes":""},"acf":[],"yoast_head":"<!-- This site is optimized with the Yoast SEO plugin v21.5 - https:\/\/yoast.com\/wordpress\/plugins\/seo\/ -->\n<title>Charta - Centre didactique en biotechnologie<\/title>\n<meta name=\"robots\" content=\"noindex, follow, max-snippet:-1, max-image-preview:large, max-video-preview:-1\" \/>\n<meta property=\"og:locale\" content=\"fr_FR\" \/>\n<meta property=\"og:type\" content=\"article\" \/>\n<meta property=\"og:title\" content=\"Charta - Centre didactique en biotechnologie\" \/>\n<meta property=\"og:url\" content=\"https:\/\/dev.interpharma.animalwelfare.bertastrasse1.ch\/fr\/charta\/\" \/>\n<meta property=\"og:site_name\" content=\"Centre didactique en biotechnologie\" \/>\n<meta property=\"article:publisher\" content=\"https:\/\/www.facebook.com\/vorsprungschweiz\/\" \/>\n<meta property=\"article:modified_time\" content=\"2023-11-23T15:57:54+00:00\" \/>\n<meta name=\"twitter:card\" content=\"summary_large_image\" \/>\n<script type=\"application\/ld+json\" class=\"yoast-schema-graph\">{\"@context\":\"https:\/\/schema.org\",\"@graph\":[{\"@type\":\"WebPage\",\"@id\":\"https:\/\/dev.interpharma.animalwelfare.bertastrasse1.ch\/fr\/charta\/\",\"url\":\"https:\/\/dev.interpharma.animalwelfare.bertastrasse1.ch\/fr\/charta\/\",\"name\":\"Charta - Centre didactique en biotechnologie\",\"isPartOf\":{\"@id\":\"https:\/\/dev.interpharma.animalwelfare.bertastrasse1.ch\/fr\/#website\"},\"datePublished\":\"2023-11-20T10:25:23+00:00\",\"dateModified\":\"2023-11-23T15:57:54+00:00\",\"breadcrumb\":{\"@id\":\"https:\/\/dev.interpharma.animalwelfare.bertastrasse1.ch\/fr\/charta\/#breadcrumb\"},\"inLanguage\":\"fr-FR\",\"potentialAction\":[{\"@type\":\"ReadAction\",\"target\":[\"https:\/\/dev.interpharma.animalwelfare.bertastrasse1.ch\/fr\/charta\/\"]}]},{\"@type\":\"BreadcrumbList\",\"@id\":\"https:\/\/dev.interpharma.animalwelfare.bertastrasse1.ch\/fr\/charta\/#breadcrumb\",\"itemListElement\":[{\"@type\":\"ListItem\",\"position\":1,\"name\":\"Interpharma\",\"item\":\"https:\/\/dev.interpharma.animalwelfare.bertastrasse1.ch\/fr\/\"},{\"@type\":\"ListItem\",\"position\":2,\"name\":\"Charta\"}]},{\"@type\":\"WebSite\",\"@id\":\"https:\/\/dev.interpharma.animalwelfare.bertastrasse1.ch\/fr\/#website\",\"url\":\"https:\/\/dev.interpharma.animalwelfare.bertastrasse1.ch\/fr\/\",\"name\":\"Centre didactique en biotechnologie\",\"description\":\"Interpharma Biotech Learning CenterMat\u00e9riel d'information issu de la recherche biologique et m\u00e9dicale moderne\",\"publisher\":{\"@id\":\"https:\/\/dev.interpharma.animalwelfare.bertastrasse1.ch\/fr\/#organization\"},\"potentialAction\":[{\"@type\":\"SearchAction\",\"target\":{\"@type\":\"EntryPoint\",\"urlTemplate\":\"https:\/\/dev.interpharma.animalwelfare.bertastrasse1.ch\/fr\/?s={search_term_string}\"},\"query-input\":\"required name=search_term_string\"}],\"inLanguage\":\"fr-FR\"},{\"@type\":\"Organization\",\"@id\":\"https:\/\/dev.interpharma.animalwelfare.bertastrasse1.ch\/fr\/#organization\",\"name\":\"Interpharma\",\"url\":\"https:\/\/dev.interpharma.animalwelfare.bertastrasse1.ch\/fr\/\",\"logo\":{\"@type\":\"ImageObject\",\"inLanguage\":\"fr-FR\",\"@id\":\"https:\/\/dev.interpharma.animalwelfare.bertastrasse1.ch\/fr\/#\/schema\/logo\/image\/\",\"url\":\"https:\/\/dev.interpharma.animalwelfare.bertastrasse1.ch\/wp-content\/uploads\/2019\/11\/logo_header.png\",\"contentUrl\":\"https:\/\/dev.interpharma.animalwelfare.bertastrasse1.ch\/wp-content\/uploads\/2019\/11\/logo_header.png\",\"width\":370,\"height\":56,\"caption\":\"Interpharma\"},\"image\":{\"@id\":\"https:\/\/dev.interpharma.animalwelfare.bertastrasse1.ch\/fr\/#\/schema\/logo\/image\/\"},\"sameAs\":[\"https:\/\/www.facebook.com\/vorsprungschweiz\/\",\"https:\/\/ch.linkedin.com\/company\/interpharma\",\"https:\/\/de.wikipedia.org\/wiki\/Interpharma\"]}]}<\/script>\n<!-- \/ Yoast SEO plugin. -->","yoast_head_json":{"title":"Charta - Centre didactique en biotechnologie","robots":{"index":"noindex","follow":"follow","max-snippet":"max-snippet:-1","max-image-preview":"max-image-preview:large","max-video-preview":"max-video-preview:-1"},"og_locale":"fr_FR","og_type":"article","og_title":"Charta - Centre didactique en biotechnologie","og_url":"https:\/\/dev.interpharma.animalwelfare.bertastrasse1.ch\/fr\/charta\/","og_site_name":"Centre didactique en biotechnologie","article_publisher":"https:\/\/www.facebook.com\/vorsprungschweiz\/","article_modified_time":"2023-11-23T15:57:54+00:00","twitter_card":"summary_large_image","schema":{"@context":"https:\/\/schema.org","@graph":[{"@type":"WebPage","@id":"https:\/\/dev.interpharma.animalwelfare.bertastrasse1.ch\/fr\/charta\/","url":"https:\/\/dev.interpharma.animalwelfare.bertastrasse1.ch\/fr\/charta\/","name":"Charta - Centre didactique en biotechnologie","isPartOf":{"@id":"https:\/\/dev.interpharma.animalwelfare.bertastrasse1.ch\/fr\/#website"},"datePublished":"2023-11-20T10:25:23+00:00","dateModified":"2023-11-23T15:57:54+00:00","breadcrumb":{"@id":"https:\/\/dev.interpharma.animalwelfare.bertastrasse1.ch\/fr\/charta\/#breadcrumb"},"inLanguage":"fr-FR","potentialAction":[{"@type":"ReadAction","target":["https:\/\/dev.interpharma.animalwelfare.bertastrasse1.ch\/fr\/charta\/"]}]},{"@type":"BreadcrumbList","@id":"https:\/\/dev.interpharma.animalwelfare.bertastrasse1.ch\/fr\/charta\/#breadcrumb","itemListElement":[{"@type":"ListItem","position":1,"name":"Interpharma","item":"https:\/\/dev.interpharma.animalwelfare.bertastrasse1.ch\/fr\/"},{"@type":"ListItem","position":2,"name":"Charta"}]},{"@type":"WebSite","@id":"https:\/\/dev.interpharma.animalwelfare.bertastrasse1.ch\/fr\/#website","url":"https:\/\/dev.interpharma.animalwelfare.bertastrasse1.ch\/fr\/","name":"Centre didactique en biotechnologie","description":"Interpharma Biotech Learning CenterMat\u00e9riel d'information issu de la recherche biologique et m\u00e9dicale moderne","publisher":{"@id":"https:\/\/dev.interpharma.animalwelfare.bertastrasse1.ch\/fr\/#organization"},"potentialAction":[{"@type":"SearchAction","target":{"@type":"EntryPoint","urlTemplate":"https:\/\/dev.interpharma.animalwelfare.bertastrasse1.ch\/fr\/?s={search_term_string}"},"query-input":"required name=search_term_string"}],"inLanguage":"fr-FR"},{"@type":"Organization","@id":"https:\/\/dev.interpharma.animalwelfare.bertastrasse1.ch\/fr\/#organization","name":"Interpharma","url":"https:\/\/dev.interpharma.animalwelfare.bertastrasse1.ch\/fr\/","logo":{"@type":"ImageObject","inLanguage":"fr-FR","@id":"https:\/\/dev.interpharma.animalwelfare.bertastrasse1.ch\/fr\/#\/schema\/logo\/image\/","url":"https:\/\/dev.interpharma.animalwelfare.bertastrasse1.ch\/wp-content\/uploads\/2019\/11\/logo_header.png","contentUrl":"https:\/\/dev.interpharma.animalwelfare.bertastrasse1.ch\/wp-content\/uploads\/2019\/11\/logo_header.png","width":370,"height":56,"caption":"Interpharma"},"image":{"@id":"https:\/\/dev.interpharma.animalwelfare.bertastrasse1.ch\/fr\/#\/schema\/logo\/image\/"},"sameAs":["https:\/\/www.facebook.com\/vorsprungschweiz\/","https:\/\/ch.linkedin.com\/company\/interpharma","https:\/\/de.wikipedia.org\/wiki\/Interpharma"]}]}},"_links":{"self":[{"href":"https:\/\/dev.interpharma.animalwelfare.bertastrasse1.ch\/fr\/wp-json\/wp\/v2\/pages\/9549"}],"collection":[{"href":"https:\/\/dev.interpharma.animalwelfare.bertastrasse1.ch\/fr\/wp-json\/wp\/v2\/pages"}],"about":[{"href":"https:\/\/dev.interpharma.animalwelfare.bertastrasse1.ch\/fr\/wp-json\/wp\/v2\/types\/page"}],"author":[{"embeddable":true,"href":"https:\/\/dev.interpharma.animalwelfare.bertastrasse1.ch\/fr\/wp-json\/wp\/v2\/users\/21"}],"replies":[{"embeddable":true,"href":"https:\/\/dev.interpharma.animalwelfare.bertastrasse1.ch\/fr\/wp-json\/wp\/v2\/comments?post=9549"}],"version-history":[{"count":8,"href":"https:\/\/dev.interpharma.animalwelfare.bertastrasse1.ch\/fr\/wp-json\/wp\/v2\/pages\/9549\/revisions"}],"predecessor-version":[{"id":10323,"href":"https:\/\/dev.interpharma.animalwelfare.bertastrasse1.ch\/fr\/wp-json\/wp\/v2\/pages\/9549\/revisions\/10323"}],"wp:attachment":[{"href":"https:\/\/dev.interpharma.animalwelfare.bertastrasse1.ch\/fr\/wp-json\/wp\/v2\/media?parent=9549"}],"curies":[{"name":"wp","href":"https:\/\/api.w.org\/{rel}","templated":true}]}}