{"id":9509,"date":"2023-11-17T07:59:00","date_gmt":"2023-11-17T07:59:00","guid":{"rendered":"https:\/\/dev.interpharma.animalwelfare.bertastrasse1.ch\/sujets\/vorwort-2\/"},"modified":"2023-11-20T15:21:45","modified_gmt":"2023-11-20T15:21:45","slug":"vorwort-2","status":"publish","type":"page","link":"https:\/\/dev.interpharma.animalwelfare.bertastrasse1.ch\/fr\/sujets\/vorwort-2\/","title":{"rendered":"L\u2019accr\u00e9ditation par l\u2019AAALAC International a am\u00e9lior\u00e9 les normes de traitement des animaux de laboratoire dans le monde entier"},"content":{"rendered":"\n<p>L\u2019organisation ind\u00e9pendante \u00e0 but non lucratif Association for Assessment and Accreditation of Laboratory Animal Care (AAALAC) International favorise le bien-\u00eatre des animaux en science au moyen d\u2019\u00e9valuations sur la base du volontariat et de programmes d\u2019accr\u00e9ditation. Plusieurs sites de recherche d\u2019entreprises membres d\u2019Interpharma sont \u00e9galement accr\u00e9dit\u00e9s par l\u2019AAALAC. Depuis 2013, Interpharma occupe un si\u00e8ge \u00e0 la d\u00e9l\u00e9gation des organisations membres de l\u2019AAALAC et depuis 2020 \u00e9galement au Board of Directors, c\u2019est-\u00e0-dire le comit\u00e9 directeur de l\u2019association, et peut ainsi exercer une influence directe sur sa strat\u00e9gie et ses buts. Birgit Ledermann, repr\u00e9sentante d\u2019Interpharma et membre du comit\u00e9 directeur de l\u2019AAALAC, explique dans l\u2019interview ce que cette organisation a atteint \u00e0 ce jour et sur quoi elle travaille actuellement.<\/p>\n","protected":false},"excerpt":{"rendered":"<p>L\u2019organisation ind\u00e9pendante \u00e0 but non lucratif Association for Assessment and Accreditation of Laboratory Animal Care (AAALAC) International favorise le bien-\u00eatre des animaux en science au moyen d\u2019\u00e9valuations sur la base du volontariat et de programmes d\u2019accr\u00e9ditation. Plusieurs sites de recherche d\u2019entreprises membres d\u2019Interpharma sont \u00e9galement accr\u00e9dit\u00e9s par l\u2019AAALAC. Depuis 2013, Interpharma occupe un si\u00e8ge \u00e0 [&hellip;]<\/p>\n","protected":false},"author":3,"featured_media":0,"parent":3121,"menu_order":3,"comment_status":"closed","ping_status":"closed","template":"page-templates\/themen-seite.php","meta":{"footnotes":""},"acf":[],"yoast_head":"<!-- This site is optimized with the Yoast SEO plugin v21.5 - https:\/\/yoast.com\/wordpress\/plugins\/seo\/ -->\n<title>L\u2019accr\u00e9ditation par l\u2019AAALAC International a am\u00e9lior\u00e9 les normes de traitement des animaux de laboratoire dans le monde entier - Centre didactique en biotechnologie<\/title>\n<meta name=\"robots\" content=\"noindex, follow, max-snippet:-1, max-image-preview:large, max-video-preview:-1\" \/>\n<meta property=\"og:locale\" content=\"fr_FR\" \/>\n<meta property=\"og:type\" content=\"article\" \/>\n<meta property=\"og:title\" content=\"L\u2019accr\u00e9ditation par l\u2019AAALAC International a am\u00e9lior\u00e9 les normes de traitement des animaux de laboratoire dans le monde entier - Centre didactique en biotechnologie\" \/>\n<meta property=\"og:description\" content=\"L\u2019organisation ind\u00e9pendante \u00e0 but non lucratif Association for Assessment and Accreditation of Laboratory Animal Care (AAALAC) International favorise le bien-\u00eatre des animaux en science au moyen d\u2019\u00e9valuations sur la base du volontariat et de programmes d\u2019accr\u00e9ditation. Plusieurs sites de recherche d\u2019entreprises membres d\u2019Interpharma sont \u00e9galement accr\u00e9dit\u00e9s par l\u2019AAALAC. Depuis 2013, Interpharma occupe un si\u00e8ge \u00e0 [&hellip;]\" \/>\n<meta property=\"og:url\" content=\"https:\/\/dev.interpharma.animalwelfare.bertastrasse1.ch\/fr\/sujets\/vorwort-2\/\" \/>\n<meta property=\"og:site_name\" content=\"Centre didactique en biotechnologie\" \/>\n<meta property=\"article:publisher\" content=\"https:\/\/www.facebook.com\/vorsprungschweiz\/\" \/>\n<meta property=\"article:modified_time\" content=\"2023-11-20T15:21:45+00:00\" \/>\n<meta name=\"twitter:card\" content=\"summary_large_image\" \/>\n<meta name=\"twitter:label1\" content=\"Est. reading time\" \/>\n\t<meta name=\"twitter:data1\" content=\"1 minute\" \/>\n<script type=\"application\/ld+json\" class=\"yoast-schema-graph\">{\"@context\":\"https:\/\/schema.org\",\"@graph\":[{\"@type\":\"WebPage\",\"@id\":\"https:\/\/dev.interpharma.animalwelfare.bertastrasse1.ch\/fr\/sujets\/vorwort-2\/\",\"url\":\"https:\/\/dev.interpharma.animalwelfare.bertastrasse1.ch\/fr\/sujets\/vorwort-2\/\",\"name\":\"L\u2019accr\u00e9ditation par l\u2019AAALAC International a am\u00e9lior\u00e9 les normes de traitement des animaux de laboratoire dans le monde entier - Centre didactique en biotechnologie\",\"isPartOf\":{\"@id\":\"https:\/\/dev.interpharma.animalwelfare.bertastrasse1.ch\/fr\/#website\"},\"datePublished\":\"2023-11-17T07:59:00+00:00\",\"dateModified\":\"2023-11-20T15:21:45+00:00\",\"breadcrumb\":{\"@id\":\"https:\/\/dev.interpharma.animalwelfare.bertastrasse1.ch\/fr\/sujets\/vorwort-2\/#breadcrumb\"},\"inLanguage\":\"fr-FR\",\"potentialAction\":[{\"@type\":\"ReadAction\",\"target\":[\"https:\/\/dev.interpharma.animalwelfare.bertastrasse1.ch\/fr\/sujets\/vorwort-2\/\"]}]},{\"@type\":\"BreadcrumbList\",\"@id\":\"https:\/\/dev.interpharma.animalwelfare.bertastrasse1.ch\/fr\/sujets\/vorwort-2\/#breadcrumb\",\"itemListElement\":[{\"@type\":\"ListItem\",\"position\":1,\"name\":\"Interpharma\",\"item\":\"https:\/\/dev.interpharma.animalwelfare.bertastrasse1.ch\/fr\/\"},{\"@type\":\"ListItem\",\"position\":2,\"name\":\"Sujets\",\"item\":\"https:\/\/dev.interpharma.animalwelfare.bertastrasse1.ch\/fr\/sujets\/\"},{\"@type\":\"ListItem\",\"position\":3,\"name\":\"L\u2019accr\u00e9ditation par l\u2019AAALAC International a am\u00e9lior\u00e9 les normes de traitement des animaux de laboratoire dans le monde entier\"}]},{\"@type\":\"WebSite\",\"@id\":\"https:\/\/dev.interpharma.animalwelfare.bertastrasse1.ch\/fr\/#website\",\"url\":\"https:\/\/dev.interpharma.animalwelfare.bertastrasse1.ch\/fr\/\",\"name\":\"Centre didactique en biotechnologie\",\"description\":\"Interpharma Biotech Learning CenterMat\u00e9riel d'information issu de la recherche biologique et m\u00e9dicale moderne\",\"publisher\":{\"@id\":\"https:\/\/dev.interpharma.animalwelfare.bertastrasse1.ch\/fr\/#organization\"},\"potentialAction\":[{\"@type\":\"SearchAction\",\"target\":{\"@type\":\"EntryPoint\",\"urlTemplate\":\"https:\/\/dev.interpharma.animalwelfare.bertastrasse1.ch\/fr\/?s={search_term_string}\"},\"query-input\":\"required name=search_term_string\"}],\"inLanguage\":\"fr-FR\"},{\"@type\":\"Organization\",\"@id\":\"https:\/\/dev.interpharma.animalwelfare.bertastrasse1.ch\/fr\/#organization\",\"name\":\"Interpharma\",\"url\":\"https:\/\/dev.interpharma.animalwelfare.bertastrasse1.ch\/fr\/\",\"logo\":{\"@type\":\"ImageObject\",\"inLanguage\":\"fr-FR\",\"@id\":\"https:\/\/dev.interpharma.animalwelfare.bertastrasse1.ch\/fr\/#\/schema\/logo\/image\/\",\"url\":\"https:\/\/dev.interpharma.animalwelfare.bertastrasse1.ch\/wp-content\/uploads\/2019\/11\/logo_header.png\",\"contentUrl\":\"https:\/\/dev.interpharma.animalwelfare.bertastrasse1.ch\/wp-content\/uploads\/2019\/11\/logo_header.png\",\"width\":370,\"height\":56,\"caption\":\"Interpharma\"},\"image\":{\"@id\":\"https:\/\/dev.interpharma.animalwelfare.bertastrasse1.ch\/fr\/#\/schema\/logo\/image\/\"},\"sameAs\":[\"https:\/\/www.facebook.com\/vorsprungschweiz\/\",\"https:\/\/ch.linkedin.com\/company\/interpharma\",\"https:\/\/de.wikipedia.org\/wiki\/Interpharma\"]}]}<\/script>\n<!-- \/ Yoast SEO plugin. -->","yoast_head_json":{"title":"L\u2019accr\u00e9ditation par l\u2019AAALAC International a am\u00e9lior\u00e9 les normes de traitement des animaux de laboratoire dans le monde entier - Centre didactique en biotechnologie","robots":{"index":"noindex","follow":"follow","max-snippet":"max-snippet:-1","max-image-preview":"max-image-preview:large","max-video-preview":"max-video-preview:-1"},"og_locale":"fr_FR","og_type":"article","og_title":"L\u2019accr\u00e9ditation par l\u2019AAALAC International a am\u00e9lior\u00e9 les normes de traitement des animaux de laboratoire dans le monde entier - Centre didactique en biotechnologie","og_description":"L\u2019organisation ind\u00e9pendante \u00e0 but non lucratif Association for Assessment and Accreditation of Laboratory Animal Care (AAALAC) International favorise le bien-\u00eatre des animaux en science au moyen d\u2019\u00e9valuations sur la base du volontariat et de programmes d\u2019accr\u00e9ditation. Plusieurs sites de recherche d\u2019entreprises membres d\u2019Interpharma sont \u00e9galement accr\u00e9dit\u00e9s par l\u2019AAALAC. Depuis 2013, Interpharma occupe un si\u00e8ge \u00e0 [&hellip;]","og_url":"https:\/\/dev.interpharma.animalwelfare.bertastrasse1.ch\/fr\/sujets\/vorwort-2\/","og_site_name":"Centre didactique en biotechnologie","article_publisher":"https:\/\/www.facebook.com\/vorsprungschweiz\/","article_modified_time":"2023-11-20T15:21:45+00:00","twitter_card":"summary_large_image","twitter_misc":{"Est. reading time":"1 minute"},"schema":{"@context":"https:\/\/schema.org","@graph":[{"@type":"WebPage","@id":"https:\/\/dev.interpharma.animalwelfare.bertastrasse1.ch\/fr\/sujets\/vorwort-2\/","url":"https:\/\/dev.interpharma.animalwelfare.bertastrasse1.ch\/fr\/sujets\/vorwort-2\/","name":"L\u2019accr\u00e9ditation par l\u2019AAALAC International a am\u00e9lior\u00e9 les normes de traitement des animaux de laboratoire dans le monde entier - Centre didactique en biotechnologie","isPartOf":{"@id":"https:\/\/dev.interpharma.animalwelfare.bertastrasse1.ch\/fr\/#website"},"datePublished":"2023-11-17T07:59:00+00:00","dateModified":"2023-11-20T15:21:45+00:00","breadcrumb":{"@id":"https:\/\/dev.interpharma.animalwelfare.bertastrasse1.ch\/fr\/sujets\/vorwort-2\/#breadcrumb"},"inLanguage":"fr-FR","potentialAction":[{"@type":"ReadAction","target":["https:\/\/dev.interpharma.animalwelfare.bertastrasse1.ch\/fr\/sujets\/vorwort-2\/"]}]},{"@type":"BreadcrumbList","@id":"https:\/\/dev.interpharma.animalwelfare.bertastrasse1.ch\/fr\/sujets\/vorwort-2\/#breadcrumb","itemListElement":[{"@type":"ListItem","position":1,"name":"Interpharma","item":"https:\/\/dev.interpharma.animalwelfare.bertastrasse1.ch\/fr\/"},{"@type":"ListItem","position":2,"name":"Sujets","item":"https:\/\/dev.interpharma.animalwelfare.bertastrasse1.ch\/fr\/sujets\/"},{"@type":"ListItem","position":3,"name":"L\u2019accr\u00e9ditation par l\u2019AAALAC International a am\u00e9lior\u00e9 les normes de traitement des animaux de laboratoire dans le monde entier"}]},{"@type":"WebSite","@id":"https:\/\/dev.interpharma.animalwelfare.bertastrasse1.ch\/fr\/#website","url":"https:\/\/dev.interpharma.animalwelfare.bertastrasse1.ch\/fr\/","name":"Centre didactique en biotechnologie","description":"Interpharma Biotech Learning CenterMat\u00e9riel d'information issu de la recherche biologique et m\u00e9dicale moderne","publisher":{"@id":"https:\/\/dev.interpharma.animalwelfare.bertastrasse1.ch\/fr\/#organization"},"potentialAction":[{"@type":"SearchAction","target":{"@type":"EntryPoint","urlTemplate":"https:\/\/dev.interpharma.animalwelfare.bertastrasse1.ch\/fr\/?s={search_term_string}"},"query-input":"required name=search_term_string"}],"inLanguage":"fr-FR"},{"@type":"Organization","@id":"https:\/\/dev.interpharma.animalwelfare.bertastrasse1.ch\/fr\/#organization","name":"Interpharma","url":"https:\/\/dev.interpharma.animalwelfare.bertastrasse1.ch\/fr\/","logo":{"@type":"ImageObject","inLanguage":"fr-FR","@id":"https:\/\/dev.interpharma.animalwelfare.bertastrasse1.ch\/fr\/#\/schema\/logo\/image\/","url":"https:\/\/dev.interpharma.animalwelfare.bertastrasse1.ch\/wp-content\/uploads\/2019\/11\/logo_header.png","contentUrl":"https:\/\/dev.interpharma.animalwelfare.bertastrasse1.ch\/wp-content\/uploads\/2019\/11\/logo_header.png","width":370,"height":56,"caption":"Interpharma"},"image":{"@id":"https:\/\/dev.interpharma.animalwelfare.bertastrasse1.ch\/fr\/#\/schema\/logo\/image\/"},"sameAs":["https:\/\/www.facebook.com\/vorsprungschweiz\/","https:\/\/ch.linkedin.com\/company\/interpharma","https:\/\/de.wikipedia.org\/wiki\/Interpharma"]}]}},"_links":{"self":[{"href":"https:\/\/dev.interpharma.animalwelfare.bertastrasse1.ch\/fr\/wp-json\/wp\/v2\/pages\/9509"}],"collection":[{"href":"https:\/\/dev.interpharma.animalwelfare.bertastrasse1.ch\/fr\/wp-json\/wp\/v2\/pages"}],"about":[{"href":"https:\/\/dev.interpharma.animalwelfare.bertastrasse1.ch\/fr\/wp-json\/wp\/v2\/types\/page"}],"author":[{"embeddable":true,"href":"https:\/\/dev.interpharma.animalwelfare.bertastrasse1.ch\/fr\/wp-json\/wp\/v2\/users\/3"}],"replies":[{"embeddable":true,"href":"https:\/\/dev.interpharma.animalwelfare.bertastrasse1.ch\/fr\/wp-json\/wp\/v2\/comments?post=9509"}],"version-history":[{"count":3,"href":"https:\/\/dev.interpharma.animalwelfare.bertastrasse1.ch\/fr\/wp-json\/wp\/v2\/pages\/9509\/revisions"}],"predecessor-version":[{"id":9615,"href":"https:\/\/dev.interpharma.animalwelfare.bertastrasse1.ch\/fr\/wp-json\/wp\/v2\/pages\/9509\/revisions\/9615"}],"up":[{"embeddable":true,"href":"https:\/\/dev.interpharma.animalwelfare.bertastrasse1.ch\/fr\/wp-json\/wp\/v2\/pages\/3121"}],"wp:attachment":[{"href":"https:\/\/dev.interpharma.animalwelfare.bertastrasse1.ch\/fr\/wp-json\/wp\/v2\/media?parent=9509"}],"curies":[{"name":"wp","href":"https:\/\/api.w.org\/{rel}","templated":true}]}}