{"id":9225,"date":"2023-11-14T10:27:10","date_gmt":"2023-11-14T10:27:10","guid":{"rendered":"https:\/\/dev.interpharma.animalwelfare.bertastrasse1.ch\/sujets\/gesundheit-von-mensch-und-tier-gehort-zusammen\/5-veterinarmedizin-profitiert-von-innovativen-wirkstoffen\/"},"modified":"2023-11-23T16:00:58","modified_gmt":"2023-11-23T16:00:58","slug":"5-veterinarmedizin-profitiert-von-innovativen-wirkstoffen","status":"publish","type":"page","link":"https:\/\/dev.interpharma.animalwelfare.bertastrasse1.ch\/fr\/sujets\/gesundheit-von-mensch-und-tier-gehort-zusammen\/5-veterinarmedizin-profitiert-von-innovativen-wirkstoffen\/","title":{"rendered":"5. La m\u00e9decine v\u00e9t\u00e9rinaire b\u00e9n\u00e9ficie de substances actives innovantes"},"content":{"rendered":"\n<p>Pour assurer le bien-\u00eatre des animaux, on d\u00e9veloppe aussi des m\u00e9dicaments qui leur sont sp\u00e9cialement destin\u00e9s. Un exemple actuel est une substance active administr\u00e9e par voie orale contre une maladie infectieuse mortelle du chat, la p\u00e9ritonite infectieuse f\u00e9line (PIF). C\u2019est ainsi que de nouveaux m\u00e9dicaments viennent r\u00e9guli\u00e8rement compl\u00e9ter l\u2019\u00e9ventail de substances utilis\u00e9es pour soigner les animaux et que les domaines d\u2019utilisation sont de plus en plus pr\u00e9cis. En font partie des m\u00e9dicaments disponibles depuis quelques ann\u00e9es contre les allergies. Au cours de la pand\u00e9mie de COVID-19, des vaccins ont \u00e9t\u00e9 d\u00e9velopp\u00e9s pour les animaux et utilis\u00e9s dans les \u00e9levages de visons pour \u00e9viter d\u2019avoir \u00e0 abattre les animaux, ainsi que dans les zoos pour prot\u00e9ger les animaux menac\u00e9s. De cette mani\u00e8re, l\u2019innovation qui r\u00e9sulte du d\u00e9veloppement de nouveaux m\u00e9dicaments b\u00e9n\u00e9ficie aussi bien \u00e0 l\u2019\u00eatre humain qu\u2019\u00e0 l\u2019animal.<\/p>\n\n\n\n<p>Les autorisations actuelles de Swissmedic montrent bien que la m\u00e9decine v\u00e9t\u00e9rinaire b\u00e9n\u00e9ficie en permanence de m\u00e9dicaments innovants: depuis l\u2019ann\u00e9e pass\u00e9e, les v\u00e9t\u00e9rinaires disposent de trois nouveaux m\u00e9dicaments contenant une nouvelle substance active. Deux de ces substances sont utilis\u00e9es chez le chien, l\u2019une contre des inflammations articulaires douloureuses, l\u2019autre contre les crises d\u2019\u00e9pilepsie. La troisi\u00e8me sert pour les animaux de rente: il s\u2019agit d\u2019un antibiotique contre une inflammation bact\u00e9rienne des pis de la vache. Les m\u00e9dicaments directement d\u00e9velopp\u00e9s pour les animaux font aussi l\u2019objet de contr\u00f4les rigoureux en mati\u00e8re d\u2019efficacit\u00e9, de s\u00e9curit\u00e9 et de tol\u00e9rance avant d\u2019\u00eatre autoris\u00e9s. En font partie entre autres des essais cliniques chez l\u2019animal dans lesquels un groupe d\u2019animaux re\u00e7oit la nouvelle substance active et un autre groupe un plac\u00e9bo. Ces essais permettent de d\u00e9terminer les effets secondaires, les interactions avec d\u2019autres m\u00e9dicaments et le dosage ad\u00e9quat.<\/p>\n\n\n\n            <section class=\"text-list-with-bg-block text-list-with-bg-block-69e1e448ee6bd\">\n            <div class=\"text-list-with-bg-block-content\">\n                <div class=\"text-list-with-bg\">\n                                              <div class=\"text-list-with-bg-item\">\n                             <p>\n                                 <span>Autorisation de m\u00e9dicaments de m\u00e9decine humaine et m\u00e9decine v\u00e9t\u00e9rinaire, \u00e9volution de 2012 \u00e0 2022<\/span>\n                                 <br>\r\n<br>\r\nLes m\u00e9dicaments destin\u00e9s aux animaux sont soumis \u00e0 un processus d\u2019autorisation rigoureux des autorit\u00e9s. Celles-ci v\u00e9rifient la qualit\u00e9, l\u2019efficacit\u00e9 et la s\u00e9curit\u00e9. Les contr\u00f4les de s\u00e9curit\u00e9 comprennent la s\u00e9curit\u00e9 pour l\u2019animal cible, l\u2019utilisatrice ou l\u2019utilisateur et l\u2019environnement. Dans le cas des animaux de rente, on contr\u00f4le \u00e9galement la s\u00e9curit\u00e9 pour les denr\u00e9es alimentaires produites.                             <\/p>\n                         <\/div>\n                                     <\/div>\n\n                            <\/div>\n        <\/section>\n\n        <script>\n            new ScrollMagic.Scene({\n                triggerElement: \".text-list-with-bg-block-69e1e448ee6bd\",\n                triggerHook: 0.9,\n                offset: 0\n            })\n                .setClassToggle(\".text-list-with-bg-block-69e1e448ee6bd\", \"visibleBlock\")\n                .addTo(controller);\n        <\/script>\n    \n\n\n\n        <section class=\"custom-image-block\">\n        <div class=\"image-wrapper\">\n            <img decoding=\"async\" src=\"https:\/\/dev.interpharma.animalwelfare.bertastrasse1.ch\/wp-content\/uploads\/2023\/11\/20231017_iph_grafik_zulassung_von_medikamenten_desktop_FR_ik01.png\" alt=\"\" class=\"block-img\" \/>\n        <\/div>\n\n        <div class=\"image-mob-wrapper\">\n            \n            <img decoding=\"async\" src=\"https:\/\/dev.interpharma.animalwelfare.bertastrasse1.ch\/wp-content\/uploads\/2023\/11\/20231017_iph_grafik_zulassung_von_medikamenten_mobile_FR_ik01.png\" alt=\"\" class=\"block-img\" \/>\n        <\/div>\n    <\/section>\n\n\n\n","protected":false},"excerpt":{"rendered":"<p>Pour assurer le bien-\u00eatre des animaux, on d\u00e9veloppe aussi des m\u00e9dicaments qui leur sont sp\u00e9cialement destin\u00e9s. Un exemple actuel est une substance active administr\u00e9e par voie orale contre une maladie infectieuse mortelle du chat, la p\u00e9ritonite infectieuse f\u00e9line (PIF). C\u2019est ainsi que de nouveaux m\u00e9dicaments viennent r\u00e9guli\u00e8rement compl\u00e9ter l\u2019\u00e9ventail de substances utilis\u00e9es pour soigner les [&hellip;]<\/p>\n","protected":false},"author":1,"featured_media":0,"parent":9188,"menu_order":4,"comment_status":"closed","ping_status":"closed","template":"page-templates\/themen-under-seite.php","meta":{"footnotes":""},"acf":[],"yoast_head":"<!-- This site is optimized with the Yoast SEO plugin v21.5 - https:\/\/yoast.com\/wordpress\/plugins\/seo\/ -->\n<title>5. La m\u00e9decine v\u00e9t\u00e9rinaire b\u00e9n\u00e9ficie de substances actives innovantes - Centre didactique en biotechnologie<\/title>\n<meta name=\"robots\" content=\"noindex, follow, max-snippet:-1, max-image-preview:large, max-video-preview:-1\" \/>\n<meta property=\"og:locale\" content=\"fr_FR\" \/>\n<meta property=\"og:type\" content=\"article\" \/>\n<meta property=\"og:title\" content=\"5. La m\u00e9decine v\u00e9t\u00e9rinaire b\u00e9n\u00e9ficie de substances actives innovantes - Centre didactique en biotechnologie\" \/>\n<meta property=\"og:description\" content=\"Pour assurer le bien-\u00eatre des animaux, on d\u00e9veloppe aussi des m\u00e9dicaments qui leur sont sp\u00e9cialement destin\u00e9s. Un exemple actuel est une substance active administr\u00e9e par voie orale contre une maladie infectieuse mortelle du chat, la p\u00e9ritonite infectieuse f\u00e9line (PIF). C\u2019est ainsi que de nouveaux m\u00e9dicaments viennent r\u00e9guli\u00e8rement compl\u00e9ter l\u2019\u00e9ventail de substances utilis\u00e9es pour soigner les [&hellip;]\" \/>\n<meta property=\"og:url\" content=\"https:\/\/dev.interpharma.animalwelfare.bertastrasse1.ch\/fr\/sujets\/gesundheit-von-mensch-und-tier-gehort-zusammen\/5-veterinarmedizin-profitiert-von-innovativen-wirkstoffen\/\" \/>\n<meta property=\"og:site_name\" content=\"Centre didactique en biotechnologie\" \/>\n<meta property=\"article:publisher\" content=\"https:\/\/www.facebook.com\/vorsprungschweiz\/\" \/>\n<meta property=\"article:modified_time\" content=\"2023-11-23T16:00:58+00:00\" \/>\n<meta name=\"twitter:card\" content=\"summary_large_image\" \/>\n<meta name=\"twitter:label1\" content=\"Est. reading time\" \/>\n\t<meta name=\"twitter:data1\" content=\"2 minutes\" \/>\n<script type=\"application\/ld+json\" class=\"yoast-schema-graph\">{\"@context\":\"https:\/\/schema.org\",\"@graph\":[{\"@type\":\"WebPage\",\"@id\":\"https:\/\/dev.interpharma.animalwelfare.bertastrasse1.ch\/fr\/sujets\/gesundheit-von-mensch-und-tier-gehort-zusammen\/5-veterinarmedizin-profitiert-von-innovativen-wirkstoffen\/\",\"url\":\"https:\/\/dev.interpharma.animalwelfare.bertastrasse1.ch\/fr\/sujets\/gesundheit-von-mensch-und-tier-gehort-zusammen\/5-veterinarmedizin-profitiert-von-innovativen-wirkstoffen\/\",\"name\":\"5. La m\u00e9decine v\u00e9t\u00e9rinaire b\u00e9n\u00e9ficie de substances actives innovantes - Centre didactique en biotechnologie\",\"isPartOf\":{\"@id\":\"https:\/\/dev.interpharma.animalwelfare.bertastrasse1.ch\/fr\/#website\"},\"datePublished\":\"2023-11-14T10:27:10+00:00\",\"dateModified\":\"2023-11-23T16:00:58+00:00\",\"breadcrumb\":{\"@id\":\"https:\/\/dev.interpharma.animalwelfare.bertastrasse1.ch\/fr\/sujets\/gesundheit-von-mensch-und-tier-gehort-zusammen\/5-veterinarmedizin-profitiert-von-innovativen-wirkstoffen\/#breadcrumb\"},\"inLanguage\":\"fr-FR\",\"potentialAction\":[{\"@type\":\"ReadAction\",\"target\":[\"https:\/\/dev.interpharma.animalwelfare.bertastrasse1.ch\/fr\/sujets\/gesundheit-von-mensch-und-tier-gehort-zusammen\/5-veterinarmedizin-profitiert-von-innovativen-wirkstoffen\/\"]}]},{\"@type\":\"BreadcrumbList\",\"@id\":\"https:\/\/dev.interpharma.animalwelfare.bertastrasse1.ch\/fr\/sujets\/gesundheit-von-mensch-und-tier-gehort-zusammen\/5-veterinarmedizin-profitiert-von-innovativen-wirkstoffen\/#breadcrumb\",\"itemListElement\":[{\"@type\":\"ListItem\",\"position\":1,\"name\":\"Interpharma\",\"item\":\"https:\/\/dev.interpharma.animalwelfare.bertastrasse1.ch\/fr\/\"},{\"@type\":\"ListItem\",\"position\":2,\"name\":\"Sujets\",\"item\":\"https:\/\/dev.interpharma.animalwelfare.bertastrasse1.ch\/fr\/sujets\/\"},{\"@type\":\"ListItem\",\"position\":3,\"name\":\"La sant\u00e9 humaine et la sant\u00e9 animale vont ensemble\",\"item\":\"https:\/\/dev.interpharma.animalwelfare.bertastrasse1.ch\/fr\/sujets\/gesundheit-von-mensch-und-tier-gehort-zusammen\/\"},{\"@type\":\"ListItem\",\"position\":4,\"name\":\"5. La m\u00e9decine v\u00e9t\u00e9rinaire b\u00e9n\u00e9ficie de substances actives innovantes\"}]},{\"@type\":\"WebSite\",\"@id\":\"https:\/\/dev.interpharma.animalwelfare.bertastrasse1.ch\/fr\/#website\",\"url\":\"https:\/\/dev.interpharma.animalwelfare.bertastrasse1.ch\/fr\/\",\"name\":\"Centre didactique en biotechnologie\",\"description\":\"Interpharma Biotech Learning CenterMat\u00e9riel d'information issu de la recherche biologique et m\u00e9dicale moderne\",\"publisher\":{\"@id\":\"https:\/\/dev.interpharma.animalwelfare.bertastrasse1.ch\/fr\/#organization\"},\"potentialAction\":[{\"@type\":\"SearchAction\",\"target\":{\"@type\":\"EntryPoint\",\"urlTemplate\":\"https:\/\/dev.interpharma.animalwelfare.bertastrasse1.ch\/fr\/?s={search_term_string}\"},\"query-input\":\"required name=search_term_string\"}],\"inLanguage\":\"fr-FR\"},{\"@type\":\"Organization\",\"@id\":\"https:\/\/dev.interpharma.animalwelfare.bertastrasse1.ch\/fr\/#organization\",\"name\":\"Interpharma\",\"url\":\"https:\/\/dev.interpharma.animalwelfare.bertastrasse1.ch\/fr\/\",\"logo\":{\"@type\":\"ImageObject\",\"inLanguage\":\"fr-FR\",\"@id\":\"https:\/\/dev.interpharma.animalwelfare.bertastrasse1.ch\/fr\/#\/schema\/logo\/image\/\",\"url\":\"https:\/\/dev.interpharma.animalwelfare.bertastrasse1.ch\/wp-content\/uploads\/2019\/11\/logo_header.png\",\"contentUrl\":\"https:\/\/dev.interpharma.animalwelfare.bertastrasse1.ch\/wp-content\/uploads\/2019\/11\/logo_header.png\",\"width\":370,\"height\":56,\"caption\":\"Interpharma\"},\"image\":{\"@id\":\"https:\/\/dev.interpharma.animalwelfare.bertastrasse1.ch\/fr\/#\/schema\/logo\/image\/\"},\"sameAs\":[\"https:\/\/www.facebook.com\/vorsprungschweiz\/\",\"https:\/\/ch.linkedin.com\/company\/interpharma\",\"https:\/\/de.wikipedia.org\/wiki\/Interpharma\"]}]}<\/script>\n<!-- \/ Yoast SEO plugin. -->","yoast_head_json":{"title":"5. La m\u00e9decine v\u00e9t\u00e9rinaire b\u00e9n\u00e9ficie de substances actives innovantes - Centre didactique en biotechnologie","robots":{"index":"noindex","follow":"follow","max-snippet":"max-snippet:-1","max-image-preview":"max-image-preview:large","max-video-preview":"max-video-preview:-1"},"og_locale":"fr_FR","og_type":"article","og_title":"5. La m\u00e9decine v\u00e9t\u00e9rinaire b\u00e9n\u00e9ficie de substances actives innovantes - Centre didactique en biotechnologie","og_description":"Pour assurer le bien-\u00eatre des animaux, on d\u00e9veloppe aussi des m\u00e9dicaments qui leur sont sp\u00e9cialement destin\u00e9s. Un exemple actuel est une substance active administr\u00e9e par voie orale contre une maladie infectieuse mortelle du chat, la p\u00e9ritonite infectieuse f\u00e9line (PIF). C\u2019est ainsi que de nouveaux m\u00e9dicaments viennent r\u00e9guli\u00e8rement compl\u00e9ter l\u2019\u00e9ventail de substances utilis\u00e9es pour soigner les [&hellip;]","og_url":"https:\/\/dev.interpharma.animalwelfare.bertastrasse1.ch\/fr\/sujets\/gesundheit-von-mensch-und-tier-gehort-zusammen\/5-veterinarmedizin-profitiert-von-innovativen-wirkstoffen\/","og_site_name":"Centre didactique en biotechnologie","article_publisher":"https:\/\/www.facebook.com\/vorsprungschweiz\/","article_modified_time":"2023-11-23T16:00:58+00:00","twitter_card":"summary_large_image","twitter_misc":{"Est. reading time":"2 minutes"},"schema":{"@context":"https:\/\/schema.org","@graph":[{"@type":"WebPage","@id":"https:\/\/dev.interpharma.animalwelfare.bertastrasse1.ch\/fr\/sujets\/gesundheit-von-mensch-und-tier-gehort-zusammen\/5-veterinarmedizin-profitiert-von-innovativen-wirkstoffen\/","url":"https:\/\/dev.interpharma.animalwelfare.bertastrasse1.ch\/fr\/sujets\/gesundheit-von-mensch-und-tier-gehort-zusammen\/5-veterinarmedizin-profitiert-von-innovativen-wirkstoffen\/","name":"5. La m\u00e9decine v\u00e9t\u00e9rinaire b\u00e9n\u00e9ficie de substances actives innovantes - Centre didactique en biotechnologie","isPartOf":{"@id":"https:\/\/dev.interpharma.animalwelfare.bertastrasse1.ch\/fr\/#website"},"datePublished":"2023-11-14T10:27:10+00:00","dateModified":"2023-11-23T16:00:58+00:00","breadcrumb":{"@id":"https:\/\/dev.interpharma.animalwelfare.bertastrasse1.ch\/fr\/sujets\/gesundheit-von-mensch-und-tier-gehort-zusammen\/5-veterinarmedizin-profitiert-von-innovativen-wirkstoffen\/#breadcrumb"},"inLanguage":"fr-FR","potentialAction":[{"@type":"ReadAction","target":["https:\/\/dev.interpharma.animalwelfare.bertastrasse1.ch\/fr\/sujets\/gesundheit-von-mensch-und-tier-gehort-zusammen\/5-veterinarmedizin-profitiert-von-innovativen-wirkstoffen\/"]}]},{"@type":"BreadcrumbList","@id":"https:\/\/dev.interpharma.animalwelfare.bertastrasse1.ch\/fr\/sujets\/gesundheit-von-mensch-und-tier-gehort-zusammen\/5-veterinarmedizin-profitiert-von-innovativen-wirkstoffen\/#breadcrumb","itemListElement":[{"@type":"ListItem","position":1,"name":"Interpharma","item":"https:\/\/dev.interpharma.animalwelfare.bertastrasse1.ch\/fr\/"},{"@type":"ListItem","position":2,"name":"Sujets","item":"https:\/\/dev.interpharma.animalwelfare.bertastrasse1.ch\/fr\/sujets\/"},{"@type":"ListItem","position":3,"name":"La sant\u00e9 humaine et la sant\u00e9 animale vont ensemble","item":"https:\/\/dev.interpharma.animalwelfare.bertastrasse1.ch\/fr\/sujets\/gesundheit-von-mensch-und-tier-gehort-zusammen\/"},{"@type":"ListItem","position":4,"name":"5. La m\u00e9decine v\u00e9t\u00e9rinaire b\u00e9n\u00e9ficie de substances actives innovantes"}]},{"@type":"WebSite","@id":"https:\/\/dev.interpharma.animalwelfare.bertastrasse1.ch\/fr\/#website","url":"https:\/\/dev.interpharma.animalwelfare.bertastrasse1.ch\/fr\/","name":"Centre didactique en biotechnologie","description":"Interpharma Biotech Learning CenterMat\u00e9riel d'information issu de la recherche biologique et m\u00e9dicale moderne","publisher":{"@id":"https:\/\/dev.interpharma.animalwelfare.bertastrasse1.ch\/fr\/#organization"},"potentialAction":[{"@type":"SearchAction","target":{"@type":"EntryPoint","urlTemplate":"https:\/\/dev.interpharma.animalwelfare.bertastrasse1.ch\/fr\/?s={search_term_string}"},"query-input":"required name=search_term_string"}],"inLanguage":"fr-FR"},{"@type":"Organization","@id":"https:\/\/dev.interpharma.animalwelfare.bertastrasse1.ch\/fr\/#organization","name":"Interpharma","url":"https:\/\/dev.interpharma.animalwelfare.bertastrasse1.ch\/fr\/","logo":{"@type":"ImageObject","inLanguage":"fr-FR","@id":"https:\/\/dev.interpharma.animalwelfare.bertastrasse1.ch\/fr\/#\/schema\/logo\/image\/","url":"https:\/\/dev.interpharma.animalwelfare.bertastrasse1.ch\/wp-content\/uploads\/2019\/11\/logo_header.png","contentUrl":"https:\/\/dev.interpharma.animalwelfare.bertastrasse1.ch\/wp-content\/uploads\/2019\/11\/logo_header.png","width":370,"height":56,"caption":"Interpharma"},"image":{"@id":"https:\/\/dev.interpharma.animalwelfare.bertastrasse1.ch\/fr\/#\/schema\/logo\/image\/"},"sameAs":["https:\/\/www.facebook.com\/vorsprungschweiz\/","https:\/\/ch.linkedin.com\/company\/interpharma","https:\/\/de.wikipedia.org\/wiki\/Interpharma"]}]}},"_links":{"self":[{"href":"https:\/\/dev.interpharma.animalwelfare.bertastrasse1.ch\/fr\/wp-json\/wp\/v2\/pages\/9225"}],"collection":[{"href":"https:\/\/dev.interpharma.animalwelfare.bertastrasse1.ch\/fr\/wp-json\/wp\/v2\/pages"}],"about":[{"href":"https:\/\/dev.interpharma.animalwelfare.bertastrasse1.ch\/fr\/wp-json\/wp\/v2\/types\/page"}],"author":[{"embeddable":true,"href":"https:\/\/dev.interpharma.animalwelfare.bertastrasse1.ch\/fr\/wp-json\/wp\/v2\/users\/1"}],"replies":[{"embeddable":true,"href":"https:\/\/dev.interpharma.animalwelfare.bertastrasse1.ch\/fr\/wp-json\/wp\/v2\/comments?post=9225"}],"version-history":[{"count":12,"href":"https:\/\/dev.interpharma.animalwelfare.bertastrasse1.ch\/fr\/wp-json\/wp\/v2\/pages\/9225\/revisions"}],"predecessor-version":[{"id":10336,"href":"https:\/\/dev.interpharma.animalwelfare.bertastrasse1.ch\/fr\/wp-json\/wp\/v2\/pages\/9225\/revisions\/10336"}],"up":[{"embeddable":true,"href":"https:\/\/dev.interpharma.animalwelfare.bertastrasse1.ch\/fr\/wp-json\/wp\/v2\/pages\/9188"}],"wp:attachment":[{"href":"https:\/\/dev.interpharma.animalwelfare.bertastrasse1.ch\/fr\/wp-json\/wp\/v2\/media?parent=9225"}],"curies":[{"name":"wp","href":"https:\/\/api.w.org\/{rel}","templated":true}]}}