{"id":9205,"date":"2019-10-06T16:21:32","date_gmt":"2023-11-14T10:01:06","guid":{"rendered":"https:\/\/dev.interpharma.animalwelfare.bertastrasse1.ch\/sujets\/gesundheit-von-mensch-und-tier-gehort-zusammen\/2-tierkrankheiten-bedrohen-den-menschen\/"},"modified":"2023-11-23T16:46:15","modified_gmt":"2023-11-23T16:46:15","slug":"2-tierkrankheiten-bedrohen-den-menschen","status":"publish","type":"page","link":"https:\/\/dev.interpharma.animalwelfare.bertastrasse1.ch\/fr\/sujets\/gesundheit-von-mensch-und-tier-gehort-zusammen\/2-tierkrankheiten-bedrohen-den-menschen\/","title":{"rendered":"2. Les maladies de l\u2019animal menacent l\u2019\u00eatre humain"},"content":{"rendered":"\n<p>Lorsque des animaux sont touch\u00e9s par une maladie, cela les menace en premier lieu eux-m\u00eames. Ceci vaut tout particuli\u00e8rement pour les maladies tr\u00e8s contagieuses qui d\u00e9ciment parfois tr\u00e8s rapidement des esp\u00e8ces. Dans le monde entier, environ un cinqui\u00e8me des pertes de production animale sont dues \u00e0 des \u00e9pizooties. Un exemple connu en est la fi\u00e8vre aphteuse, qui touche les bovins, les porcs, les moutons et autres animaux aux sabots fendus. Il s\u2019agit de l\u2019une des maladies virales les plus d\u00e9vastatrices chez les animaux de rente. Hautement contagieuse, elle touche en g\u00e9n\u00e9ral tous les animaux d\u2019un troupeau. L\u2019agent pathog\u00e8ne, un aphtovirus, peut rester contagieux jusqu\u2019\u00e0 plusieurs mois dans la salet\u00e9 d\u2019une \u00e9table, le fumier ou le purin. Un autre exemple est la peste porcine classique qui touche aussi bien les porcs que les sangliers. Ces deux maladies ont disparu en Suisse, mais causent de par le monde des d\u00e9g\u00e2ts consid\u00e9rables.<\/p>\n\n\n\n<p>Les \u00e9pizooties touchent non seulement les animaux, mais peuvent aussi \u00eatre dangereuses pour l\u2019\u00eatre humain. C\u2019est ainsi que l\u2019Organisation mondiale de la Sant\u00e9 estime que 59&nbsp;000 personnes d\u00e9c\u00e8dent chaque ann\u00e9e de la rage, la plupart en Asie et en Afrique. Les maladies qui atteignent les animaux et peuvent \u00eatre transmises \u00e0 l\u2019\u00eatre humain sont appel\u00e9es zoonoses. Un exemple en est la grippe aviaire (aviaire = qui concerne les oiseaux), en langage scientifique influenza aviaire hautement pathog\u00e8ne (HPAI). En hiver 2012\/2013, pr\u00e8s de 50&nbsp;millions d\u2019animaux touch\u00e9s dans plus de 2&nbsp;400 entreprises de toute l\u2019Europe ont d\u00fb \u00eatre abattus. On trouve aussi r\u00e9guli\u00e8rement en Suisse des oiseaux sauvages infect\u00e9s, mouettes rieuses par exemple. On prend alors des mesures ad\u00e9quates pour emp\u00eacher la transmission de la maladie aux volailles domestiques et \u00e0 l\u2019\u00eatre humain.<\/p>\n\n\n\n            <section class=\"text-list-with-bg-block text-list-with-bg-block-69e9d96a08f59\">\n            <div class=\"text-list-with-bg-block-content\">\n                <div class=\"text-list-with-bg\">\n                                              <div class=\"text-list-with-bg-item\">\n                             <p>\n                                 <span>Extrait du Bulletin Radar sur l\u2019influenza aviaire hautement pathog\u00e8ne (HPAI)<\/span>\n                                 <br>\r\n<br>\r\nApr\u00e8s une courte pause, la situation des HPAI en Europe s\u2019est \u00e0 nouveau d\u00e9t\u00e9rior\u00e9e. Des cas sporadiques sont r\u00e9guli\u00e8rement signal\u00e9s chez les mammif\u00e8res, surtout chez les carnivores. Il est difficile de pr\u00e9dire le risque pour la volaille dans les mois \u00e0 venir. Les expert-e-s estiment toujours que le risque de transmission \u00e0 l\u2019\u00eatre humain est faible. En Suisse, des programmes de surveillance de l\u2019influenza porcine chez l\u2019\u00eatre humain et le porc (Programme SIV) et de surveillance de la sant\u00e9 du gibier (Monitoring de la sant\u00e9 du gibier) sont d\u00e9j\u00e0 en cours depuis plusieurs ann\u00e9es.                             <\/p>\n                         <\/div>\n                                     <\/div>\n\n                                    <p class=\"source_text\">Source:\n                        \n                                                    <a href=\"https:\/\/www.blv.admin.ch\/blv\/fr\/home\/tiere\/tiergesundheit\/frueherkennung\/radar.html\" target=\"_blank\" >Bulletin Radar de l&#8217;OSAV<\/a>\n                                            <\/p>\n                            <\/div>\n        <\/section>\n\n        <script>\n            new ScrollMagic.Scene({\n                triggerElement: \".text-list-with-bg-block-69e9d96a08f59\",\n                triggerHook: 0.9,\n                offset: 0\n            })\n                .setClassToggle(\".text-list-with-bg-block-69e9d96a08f59\", \"visibleBlock\")\n                .addTo(controller);\n        <\/script>\n    \n","protected":false},"excerpt":{"rendered":"<p>Lorsque des animaux sont touch\u00e9s par une maladie, cela les menace en premier lieu eux-m\u00eames. Ceci vaut tout particuli\u00e8rement pour les maladies tr\u00e8s contagieuses qui d\u00e9ciment parfois tr\u00e8s rapidement des esp\u00e8ces. Dans le monde entier, environ un cinqui\u00e8me des pertes de production animale sont dues \u00e0 des \u00e9pizooties. Un exemple connu en est la fi\u00e8vre [&hellip;]<\/p>\n","protected":false},"author":1,"featured_media":0,"parent":9188,"menu_order":1,"comment_status":"closed","ping_status":"closed","template":"page-templates\/themen-under-seite.php","meta":{"footnotes":""},"acf":[],"yoast_head":"<!-- This site is optimized with the Yoast SEO plugin v21.5 - https:\/\/yoast.com\/wordpress\/plugins\/seo\/ -->\n<title>2. Les maladies de l\u2019animal menacent l\u2019\u00eatre humain - Centre didactique en biotechnologie<\/title>\n<meta name=\"robots\" content=\"noindex, follow, max-snippet:-1, max-image-preview:large, max-video-preview:-1\" \/>\n<meta property=\"og:locale\" content=\"fr_FR\" \/>\n<meta property=\"og:type\" content=\"article\" \/>\n<meta property=\"og:title\" content=\"2. Les maladies de l\u2019animal menacent l\u2019\u00eatre humain - Centre didactique en biotechnologie\" \/>\n<meta property=\"og:description\" content=\"Lorsque des animaux sont touch\u00e9s par une maladie, cela les menace en premier lieu eux-m\u00eames. Ceci vaut tout particuli\u00e8rement pour les maladies tr\u00e8s contagieuses qui d\u00e9ciment parfois tr\u00e8s rapidement des esp\u00e8ces. Dans le monde entier, environ un cinqui\u00e8me des pertes de production animale sont dues \u00e0 des \u00e9pizooties. Un exemple connu en est la fi\u00e8vre [&hellip;]\" \/>\n<meta property=\"og:url\" content=\"https:\/\/dev.interpharma.animalwelfare.bertastrasse1.ch\/fr\/sujets\/gesundheit-von-mensch-und-tier-gehort-zusammen\/2-tierkrankheiten-bedrohen-den-menschen\/\" \/>\n<meta property=\"og:site_name\" content=\"Centre didactique en biotechnologie\" \/>\n<meta property=\"article:publisher\" content=\"https:\/\/www.facebook.com\/vorsprungschweiz\/\" \/>\n<meta property=\"article:modified_time\" content=\"2023-11-23T16:46:15+00:00\" \/>\n<meta name=\"twitter:card\" content=\"summary_large_image\" \/>\n<meta name=\"twitter:label1\" content=\"Est. reading time\" \/>\n\t<meta name=\"twitter:data1\" content=\"2 minutes\" \/>\n<script type=\"application\/ld+json\" class=\"yoast-schema-graph\">{\"@context\":\"https:\/\/schema.org\",\"@graph\":[{\"@type\":\"WebPage\",\"@id\":\"https:\/\/dev.interpharma.animalwelfare.bertastrasse1.ch\/fr\/sujets\/gesundheit-von-mensch-und-tier-gehort-zusammen\/2-tierkrankheiten-bedrohen-den-menschen\/\",\"url\":\"https:\/\/dev.interpharma.animalwelfare.bertastrasse1.ch\/fr\/sujets\/gesundheit-von-mensch-und-tier-gehort-zusammen\/2-tierkrankheiten-bedrohen-den-menschen\/\",\"name\":\"2. Les maladies de l\u2019animal menacent l\u2019\u00eatre humain - Centre didactique en biotechnologie\",\"isPartOf\":{\"@id\":\"https:\/\/dev.interpharma.animalwelfare.bertastrasse1.ch\/fr\/#website\"},\"datePublished\":\"2023-11-14T10:01:06+00:00\",\"dateModified\":\"2023-11-23T16:46:15+00:00\",\"breadcrumb\":{\"@id\":\"https:\/\/dev.interpharma.animalwelfare.bertastrasse1.ch\/fr\/sujets\/gesundheit-von-mensch-und-tier-gehort-zusammen\/2-tierkrankheiten-bedrohen-den-menschen\/#breadcrumb\"},\"inLanguage\":\"fr-FR\",\"potentialAction\":[{\"@type\":\"ReadAction\",\"target\":[\"https:\/\/dev.interpharma.animalwelfare.bertastrasse1.ch\/fr\/sujets\/gesundheit-von-mensch-und-tier-gehort-zusammen\/2-tierkrankheiten-bedrohen-den-menschen\/\"]}]},{\"@type\":\"BreadcrumbList\",\"@id\":\"https:\/\/dev.interpharma.animalwelfare.bertastrasse1.ch\/fr\/sujets\/gesundheit-von-mensch-und-tier-gehort-zusammen\/2-tierkrankheiten-bedrohen-den-menschen\/#breadcrumb\",\"itemListElement\":[{\"@type\":\"ListItem\",\"position\":1,\"name\":\"Interpharma\",\"item\":\"https:\/\/dev.interpharma.animalwelfare.bertastrasse1.ch\/fr\/\"},{\"@type\":\"ListItem\",\"position\":2,\"name\":\"Sujets\",\"item\":\"https:\/\/dev.interpharma.animalwelfare.bertastrasse1.ch\/fr\/sujets\/\"},{\"@type\":\"ListItem\",\"position\":3,\"name\":\"La sant\u00e9 humaine et la sant\u00e9 animale vont ensemble\",\"item\":\"https:\/\/dev.interpharma.animalwelfare.bertastrasse1.ch\/fr\/sujets\/gesundheit-von-mensch-und-tier-gehort-zusammen\/\"},{\"@type\":\"ListItem\",\"position\":4,\"name\":\"2. Les maladies de l\u2019animal menacent l\u2019\u00eatre humain\"}]},{\"@type\":\"WebSite\",\"@id\":\"https:\/\/dev.interpharma.animalwelfare.bertastrasse1.ch\/fr\/#website\",\"url\":\"https:\/\/dev.interpharma.animalwelfare.bertastrasse1.ch\/fr\/\",\"name\":\"Centre didactique en biotechnologie\",\"description\":\"Interpharma Biotech Learning CenterMat\u00e9riel d'information issu de la recherche biologique et m\u00e9dicale moderne\",\"publisher\":{\"@id\":\"https:\/\/dev.interpharma.animalwelfare.bertastrasse1.ch\/fr\/#organization\"},\"potentialAction\":[{\"@type\":\"SearchAction\",\"target\":{\"@type\":\"EntryPoint\",\"urlTemplate\":\"https:\/\/dev.interpharma.animalwelfare.bertastrasse1.ch\/fr\/?s={search_term_string}\"},\"query-input\":\"required name=search_term_string\"}],\"inLanguage\":\"fr-FR\"},{\"@type\":\"Organization\",\"@id\":\"https:\/\/dev.interpharma.animalwelfare.bertastrasse1.ch\/fr\/#organization\",\"name\":\"Interpharma\",\"url\":\"https:\/\/dev.interpharma.animalwelfare.bertastrasse1.ch\/fr\/\",\"logo\":{\"@type\":\"ImageObject\",\"inLanguage\":\"fr-FR\",\"@id\":\"https:\/\/dev.interpharma.animalwelfare.bertastrasse1.ch\/fr\/#\/schema\/logo\/image\/\",\"url\":\"https:\/\/dev.interpharma.animalwelfare.bertastrasse1.ch\/wp-content\/uploads\/2019\/11\/logo_header.png\",\"contentUrl\":\"https:\/\/dev.interpharma.animalwelfare.bertastrasse1.ch\/wp-content\/uploads\/2019\/11\/logo_header.png\",\"width\":370,\"height\":56,\"caption\":\"Interpharma\"},\"image\":{\"@id\":\"https:\/\/dev.interpharma.animalwelfare.bertastrasse1.ch\/fr\/#\/schema\/logo\/image\/\"},\"sameAs\":[\"https:\/\/www.facebook.com\/vorsprungschweiz\/\",\"https:\/\/ch.linkedin.com\/company\/interpharma\",\"https:\/\/de.wikipedia.org\/wiki\/Interpharma\"]}]}<\/script>\n<!-- \/ Yoast SEO plugin. -->","yoast_head_json":{"title":"2. Les maladies de l\u2019animal menacent l\u2019\u00eatre humain - Centre didactique en biotechnologie","robots":{"index":"noindex","follow":"follow","max-snippet":"max-snippet:-1","max-image-preview":"max-image-preview:large","max-video-preview":"max-video-preview:-1"},"og_locale":"fr_FR","og_type":"article","og_title":"2. Les maladies de l\u2019animal menacent l\u2019\u00eatre humain - Centre didactique en biotechnologie","og_description":"Lorsque des animaux sont touch\u00e9s par une maladie, cela les menace en premier lieu eux-m\u00eames. Ceci vaut tout particuli\u00e8rement pour les maladies tr\u00e8s contagieuses qui d\u00e9ciment parfois tr\u00e8s rapidement des esp\u00e8ces. Dans le monde entier, environ un cinqui\u00e8me des pertes de production animale sont dues \u00e0 des \u00e9pizooties. Un exemple connu en est la fi\u00e8vre [&hellip;]","og_url":"https:\/\/dev.interpharma.animalwelfare.bertastrasse1.ch\/fr\/sujets\/gesundheit-von-mensch-und-tier-gehort-zusammen\/2-tierkrankheiten-bedrohen-den-menschen\/","og_site_name":"Centre didactique en biotechnologie","article_publisher":"https:\/\/www.facebook.com\/vorsprungschweiz\/","article_modified_time":"2023-11-23T16:46:15+00:00","twitter_card":"summary_large_image","twitter_misc":{"Est. reading time":"2 minutes"},"schema":{"@context":"https:\/\/schema.org","@graph":[{"@type":"WebPage","@id":"https:\/\/dev.interpharma.animalwelfare.bertastrasse1.ch\/fr\/sujets\/gesundheit-von-mensch-und-tier-gehort-zusammen\/2-tierkrankheiten-bedrohen-den-menschen\/","url":"https:\/\/dev.interpharma.animalwelfare.bertastrasse1.ch\/fr\/sujets\/gesundheit-von-mensch-und-tier-gehort-zusammen\/2-tierkrankheiten-bedrohen-den-menschen\/","name":"2. Les maladies de l\u2019animal menacent l\u2019\u00eatre humain - Centre didactique en biotechnologie","isPartOf":{"@id":"https:\/\/dev.interpharma.animalwelfare.bertastrasse1.ch\/fr\/#website"},"datePublished":"2023-11-14T10:01:06+00:00","dateModified":"2023-11-23T16:46:15+00:00","breadcrumb":{"@id":"https:\/\/dev.interpharma.animalwelfare.bertastrasse1.ch\/fr\/sujets\/gesundheit-von-mensch-und-tier-gehort-zusammen\/2-tierkrankheiten-bedrohen-den-menschen\/#breadcrumb"},"inLanguage":"fr-FR","potentialAction":[{"@type":"ReadAction","target":["https:\/\/dev.interpharma.animalwelfare.bertastrasse1.ch\/fr\/sujets\/gesundheit-von-mensch-und-tier-gehort-zusammen\/2-tierkrankheiten-bedrohen-den-menschen\/"]}]},{"@type":"BreadcrumbList","@id":"https:\/\/dev.interpharma.animalwelfare.bertastrasse1.ch\/fr\/sujets\/gesundheit-von-mensch-und-tier-gehort-zusammen\/2-tierkrankheiten-bedrohen-den-menschen\/#breadcrumb","itemListElement":[{"@type":"ListItem","position":1,"name":"Interpharma","item":"https:\/\/dev.interpharma.animalwelfare.bertastrasse1.ch\/fr\/"},{"@type":"ListItem","position":2,"name":"Sujets","item":"https:\/\/dev.interpharma.animalwelfare.bertastrasse1.ch\/fr\/sujets\/"},{"@type":"ListItem","position":3,"name":"La sant\u00e9 humaine et la sant\u00e9 animale vont ensemble","item":"https:\/\/dev.interpharma.animalwelfare.bertastrasse1.ch\/fr\/sujets\/gesundheit-von-mensch-und-tier-gehort-zusammen\/"},{"@type":"ListItem","position":4,"name":"2. Les maladies de l\u2019animal menacent l\u2019\u00eatre humain"}]},{"@type":"WebSite","@id":"https:\/\/dev.interpharma.animalwelfare.bertastrasse1.ch\/fr\/#website","url":"https:\/\/dev.interpharma.animalwelfare.bertastrasse1.ch\/fr\/","name":"Centre didactique en biotechnologie","description":"Interpharma Biotech Learning CenterMat\u00e9riel d'information issu de la recherche biologique et m\u00e9dicale moderne","publisher":{"@id":"https:\/\/dev.interpharma.animalwelfare.bertastrasse1.ch\/fr\/#organization"},"potentialAction":[{"@type":"SearchAction","target":{"@type":"EntryPoint","urlTemplate":"https:\/\/dev.interpharma.animalwelfare.bertastrasse1.ch\/fr\/?s={search_term_string}"},"query-input":"required name=search_term_string"}],"inLanguage":"fr-FR"},{"@type":"Organization","@id":"https:\/\/dev.interpharma.animalwelfare.bertastrasse1.ch\/fr\/#organization","name":"Interpharma","url":"https:\/\/dev.interpharma.animalwelfare.bertastrasse1.ch\/fr\/","logo":{"@type":"ImageObject","inLanguage":"fr-FR","@id":"https:\/\/dev.interpharma.animalwelfare.bertastrasse1.ch\/fr\/#\/schema\/logo\/image\/","url":"https:\/\/dev.interpharma.animalwelfare.bertastrasse1.ch\/wp-content\/uploads\/2019\/11\/logo_header.png","contentUrl":"https:\/\/dev.interpharma.animalwelfare.bertastrasse1.ch\/wp-content\/uploads\/2019\/11\/logo_header.png","width":370,"height":56,"caption":"Interpharma"},"image":{"@id":"https:\/\/dev.interpharma.animalwelfare.bertastrasse1.ch\/fr\/#\/schema\/logo\/image\/"},"sameAs":["https:\/\/www.facebook.com\/vorsprungschweiz\/","https:\/\/ch.linkedin.com\/company\/interpharma","https:\/\/de.wikipedia.org\/wiki\/Interpharma"]}]}},"_links":{"self":[{"href":"https:\/\/dev.interpharma.animalwelfare.bertastrasse1.ch\/fr\/wp-json\/wp\/v2\/pages\/9205"}],"collection":[{"href":"https:\/\/dev.interpharma.animalwelfare.bertastrasse1.ch\/fr\/wp-json\/wp\/v2\/pages"}],"about":[{"href":"https:\/\/dev.interpharma.animalwelfare.bertastrasse1.ch\/fr\/wp-json\/wp\/v2\/types\/page"}],"author":[{"embeddable":true,"href":"https:\/\/dev.interpharma.animalwelfare.bertastrasse1.ch\/fr\/wp-json\/wp\/v2\/users\/1"}],"replies":[{"embeddable":true,"href":"https:\/\/dev.interpharma.animalwelfare.bertastrasse1.ch\/fr\/wp-json\/wp\/v2\/comments?post=9205"}],"version-history":[{"count":12,"href":"https:\/\/dev.interpharma.animalwelfare.bertastrasse1.ch\/fr\/wp-json\/wp\/v2\/pages\/9205\/revisions"}],"predecessor-version":[{"id":10377,"href":"https:\/\/dev.interpharma.animalwelfare.bertastrasse1.ch\/fr\/wp-json\/wp\/v2\/pages\/9205\/revisions\/10377"}],"up":[{"embeddable":true,"href":"https:\/\/dev.interpharma.animalwelfare.bertastrasse1.ch\/fr\/wp-json\/wp\/v2\/pages\/9188"}],"wp:attachment":[{"href":"https:\/\/dev.interpharma.animalwelfare.bertastrasse1.ch\/fr\/wp-json\/wp\/v2\/media?parent=9205"}],"curies":[{"name":"wp","href":"https:\/\/api.w.org\/{rel}","templated":true}]}}