{"id":8888,"date":"2023-09-15T09:41:54","date_gmt":"2023-09-15T09:41:54","guid":{"rendered":"https:\/\/dev.interpharma.animalwelfare.bertastrasse1.ch\/sujets\/le-long-chemin-vers-un-medicament-2\/3-reconnaissance-internationale\/"},"modified":"2023-09-15T09:43:24","modified_gmt":"2023-09-15T09:43:24","slug":"3-quatre-degres-de-gravite","status":"publish","type":"page","link":"https:\/\/dev.interpharma.animalwelfare.bertastrasse1.ch\/fr\/sujets\/lexperimentation-animale-en-suisse\/3-quatre-degres-de-gravite\/","title":{"rendered":"3. Quatre degr\u00e9s de gravit\u00e9"},"content":{"rendered":"\n<p>En Suisse, les exp\u00e9riences sur animaux sont class\u00e9es dans quatrecat\u00e9gories de contraintes, ce que l\u2019on appelle les degr\u00e9s de gravit\u00e9.Le degr\u00e9 de gravit\u00e9 0 signifie que l\u2019animal n\u2019est soumis \u00e0 aucunecontrainte, comme c\u2019est le cas par exemple dans une \u00e9tuded\u2019observation. Le degr\u00e9 de gravit\u00e9 0 concerne pr\u00e8s de la moiti\u00e9 desanimaux utilis\u00e9s en Suisse pour des exp\u00e9riences. Le degr\u00e9 de gravit\u00e91 correspond \u00e0 de l\u00e9g\u00e8res contraintes (p. ex. prise de sang). Ledegr\u00e9 de gravit\u00e9 2 signifie contrainte moyenne (p. ex. interventionchirurgicale sous anesth\u00e9sie g\u00e9n\u00e9rale). Les exp\u00e9riences fortementcontraignantes (degr\u00e9 de gravit\u00e9 3) ne sont utilis\u00e9es que pour larecherche sur des maladies graves comme la scl\u00e9rose en plaquesou la polyarthrite rhumato\u00efde. Ces exp\u00e9riences sont r\u00e9duites austrict minimum et ne sont r\u00e9alis\u00e9es et autoris\u00e9es que s\u2019il n\u2019y a pasd\u2019alternative. En Suisse, en 2018, moins de 3% de l\u2019ensemble desexp\u00e9riences sur animaux ont \u00e9t\u00e9 class\u00e9es dans le degr\u00e9 de gravit\u00e93. 95% des animaux utilis\u00e9s dans ces exp\u00e9riences \u00e9taient dessouris et des rats.Le classement dans un degr\u00e9 de gravit\u00e9 est toujours effectu\u00e9 avantle d\u00e9but de l\u2019exp\u00e9rience (classement prospectif). Les chercheursdoivent indiquer le degr\u00e9 de gravit\u00e9 maximal anticip\u00e9 au cours del\u2019exp\u00e9rience. Une fois finie, celle-ci est \u00e9valu\u00e9e et chaque animalest class\u00e9 dans le degr\u00e9 de gravit\u00e9 qu\u2019il a effectivement subi aucours de l\u2019exp\u00e9rience (classement r\u00e9trospectif). En automne 2018,l\u2019Office f\u00e9d\u00e9ral de la s\u00e9curit\u00e9 alimentaire et des affaires v\u00e9t\u00e9rinaires(OSAV) a publi\u00e9 une nouvelle directive de classement prospectif.Le degr\u00e9 de gravit\u00e9 des exp\u00e9riences du domaine de la recherchec\u00e9r\u00e9brale (maladies neurod\u00e9g\u00e9n\u00e9ratives, p. ex. maladie de Parkinson)a par exemple \u00e9t\u00e9 relev\u00e9 \u00e0 3 au lieu de 2.<\/p>\n","protected":false},"excerpt":{"rendered":"<p>En Suisse, les exp\u00e9riences sur animaux sont class\u00e9es dans quatrecat\u00e9gories de contraintes, ce que l\u2019on appelle les degr\u00e9s de gravit\u00e9.Le degr\u00e9 de gravit\u00e9 0 signifie que l\u2019animal n\u2019est soumis \u00e0 aucunecontrainte, comme c\u2019est le cas par exemple dans une \u00e9tuded\u2019observation. Le degr\u00e9 de gravit\u00e9 0 concerne pr\u00e8s de la moiti\u00e9 desanimaux utilis\u00e9s en Suisse pour [&hellip;]<\/p>\n","protected":false},"author":3,"featured_media":0,"parent":8882,"menu_order":2,"comment_status":"closed","ping_status":"closed","template":"page-templates\/themen-under-seite.php","meta":{"footnotes":""},"acf":[],"yoast_head":"<!-- This site is optimized with the Yoast SEO plugin v21.5 - https:\/\/yoast.com\/wordpress\/plugins\/seo\/ -->\n<title>3. Quatre degr\u00e9s de gravit\u00e9 - Centre didactique en biotechnologie<\/title>\n<meta name=\"robots\" content=\"noindex, follow, max-snippet:-1, max-image-preview:large, max-video-preview:-1\" \/>\n<meta property=\"og:locale\" content=\"fr_FR\" \/>\n<meta property=\"og:type\" content=\"article\" \/>\n<meta property=\"og:title\" content=\"3. Quatre degr\u00e9s de gravit\u00e9 - Centre didactique en biotechnologie\" \/>\n<meta property=\"og:description\" content=\"En Suisse, les exp\u00e9riences sur animaux sont class\u00e9es dans quatrecat\u00e9gories de contraintes, ce que l\u2019on appelle les degr\u00e9s de gravit\u00e9.Le degr\u00e9 de gravit\u00e9 0 signifie que l\u2019animal n\u2019est soumis \u00e0 aucunecontrainte, comme c\u2019est le cas par exemple dans une \u00e9tuded\u2019observation. Le degr\u00e9 de gravit\u00e9 0 concerne pr\u00e8s de la moiti\u00e9 desanimaux utilis\u00e9s en Suisse pour [&hellip;]\" \/>\n<meta property=\"og:url\" content=\"https:\/\/dev.interpharma.animalwelfare.bertastrasse1.ch\/fr\/sujets\/lexperimentation-animale-en-suisse\/3-quatre-degres-de-gravite\/\" \/>\n<meta property=\"og:site_name\" content=\"Centre didactique en biotechnologie\" \/>\n<meta property=\"article:publisher\" content=\"https:\/\/www.facebook.com\/vorsprungschweiz\/\" \/>\n<meta property=\"article:modified_time\" content=\"2023-09-15T09:43:24+00:00\" \/>\n<meta name=\"twitter:card\" content=\"summary_large_image\" \/>\n<meta name=\"twitter:label1\" content=\"Est. reading time\" \/>\n\t<meta name=\"twitter:data1\" content=\"2 minutes\" \/>\n<script type=\"application\/ld+json\" class=\"yoast-schema-graph\">{\"@context\":\"https:\/\/schema.org\",\"@graph\":[{\"@type\":\"WebPage\",\"@id\":\"https:\/\/dev.interpharma.animalwelfare.bertastrasse1.ch\/fr\/sujets\/lexperimentation-animale-en-suisse\/3-quatre-degres-de-gravite\/\",\"url\":\"https:\/\/dev.interpharma.animalwelfare.bertastrasse1.ch\/fr\/sujets\/lexperimentation-animale-en-suisse\/3-quatre-degres-de-gravite\/\",\"name\":\"3. Quatre degr\u00e9s de gravit\u00e9 - Centre didactique en biotechnologie\",\"isPartOf\":{\"@id\":\"https:\/\/dev.interpharma.animalwelfare.bertastrasse1.ch\/fr\/#website\"},\"datePublished\":\"2023-09-15T09:41:54+00:00\",\"dateModified\":\"2023-09-15T09:43:24+00:00\",\"breadcrumb\":{\"@id\":\"https:\/\/dev.interpharma.animalwelfare.bertastrasse1.ch\/fr\/sujets\/lexperimentation-animale-en-suisse\/3-quatre-degres-de-gravite\/#breadcrumb\"},\"inLanguage\":\"fr-FR\",\"potentialAction\":[{\"@type\":\"ReadAction\",\"target\":[\"https:\/\/dev.interpharma.animalwelfare.bertastrasse1.ch\/fr\/sujets\/lexperimentation-animale-en-suisse\/3-quatre-degres-de-gravite\/\"]}]},{\"@type\":\"BreadcrumbList\",\"@id\":\"https:\/\/dev.interpharma.animalwelfare.bertastrasse1.ch\/fr\/sujets\/lexperimentation-animale-en-suisse\/3-quatre-degres-de-gravite\/#breadcrumb\",\"itemListElement\":[{\"@type\":\"ListItem\",\"position\":1,\"name\":\"Interpharma\",\"item\":\"https:\/\/dev.interpharma.animalwelfare.bertastrasse1.ch\/fr\/\"},{\"@type\":\"ListItem\",\"position\":2,\"name\":\"Sujets\",\"item\":\"https:\/\/dev.interpharma.animalwelfare.bertastrasse1.ch\/fr\/sujets\/\"},{\"@type\":\"ListItem\",\"position\":3,\"name\":\"L\u2019exp\u00e9rimentation animale en Suisse\",\"item\":\"https:\/\/dev.interpharma.animalwelfare.bertastrasse1.ch\/fr\/sujets\/lexperimentation-animale-en-suisse\/\"},{\"@type\":\"ListItem\",\"position\":4,\"name\":\"3. Quatre degr\u00e9s de gravit\u00e9\"}]},{\"@type\":\"WebSite\",\"@id\":\"https:\/\/dev.interpharma.animalwelfare.bertastrasse1.ch\/fr\/#website\",\"url\":\"https:\/\/dev.interpharma.animalwelfare.bertastrasse1.ch\/fr\/\",\"name\":\"Centre didactique en biotechnologie\",\"description\":\"Interpharma Biotech Learning CenterMat\u00e9riel d'information issu de la recherche biologique et m\u00e9dicale moderne\",\"publisher\":{\"@id\":\"https:\/\/dev.interpharma.animalwelfare.bertastrasse1.ch\/fr\/#organization\"},\"potentialAction\":[{\"@type\":\"SearchAction\",\"target\":{\"@type\":\"EntryPoint\",\"urlTemplate\":\"https:\/\/dev.interpharma.animalwelfare.bertastrasse1.ch\/fr\/?s={search_term_string}\"},\"query-input\":\"required name=search_term_string\"}],\"inLanguage\":\"fr-FR\"},{\"@type\":\"Organization\",\"@id\":\"https:\/\/dev.interpharma.animalwelfare.bertastrasse1.ch\/fr\/#organization\",\"name\":\"Interpharma\",\"url\":\"https:\/\/dev.interpharma.animalwelfare.bertastrasse1.ch\/fr\/\",\"logo\":{\"@type\":\"ImageObject\",\"inLanguage\":\"fr-FR\",\"@id\":\"https:\/\/dev.interpharma.animalwelfare.bertastrasse1.ch\/fr\/#\/schema\/logo\/image\/\",\"url\":\"https:\/\/dev.interpharma.animalwelfare.bertastrasse1.ch\/wp-content\/uploads\/2019\/11\/logo_header.png\",\"contentUrl\":\"https:\/\/dev.interpharma.animalwelfare.bertastrasse1.ch\/wp-content\/uploads\/2019\/11\/logo_header.png\",\"width\":370,\"height\":56,\"caption\":\"Interpharma\"},\"image\":{\"@id\":\"https:\/\/dev.interpharma.animalwelfare.bertastrasse1.ch\/fr\/#\/schema\/logo\/image\/\"},\"sameAs\":[\"https:\/\/www.facebook.com\/vorsprungschweiz\/\",\"https:\/\/ch.linkedin.com\/company\/interpharma\",\"https:\/\/de.wikipedia.org\/wiki\/Interpharma\"]}]}<\/script>\n<!-- \/ Yoast SEO plugin. -->","yoast_head_json":{"title":"3. Quatre degr\u00e9s de gravit\u00e9 - Centre didactique en biotechnologie","robots":{"index":"noindex","follow":"follow","max-snippet":"max-snippet:-1","max-image-preview":"max-image-preview:large","max-video-preview":"max-video-preview:-1"},"og_locale":"fr_FR","og_type":"article","og_title":"3. Quatre degr\u00e9s de gravit\u00e9 - Centre didactique en biotechnologie","og_description":"En Suisse, les exp\u00e9riences sur animaux sont class\u00e9es dans quatrecat\u00e9gories de contraintes, ce que l\u2019on appelle les degr\u00e9s de gravit\u00e9.Le degr\u00e9 de gravit\u00e9 0 signifie que l\u2019animal n\u2019est soumis \u00e0 aucunecontrainte, comme c\u2019est le cas par exemple dans une \u00e9tuded\u2019observation. Le degr\u00e9 de gravit\u00e9 0 concerne pr\u00e8s de la moiti\u00e9 desanimaux utilis\u00e9s en Suisse pour [&hellip;]","og_url":"https:\/\/dev.interpharma.animalwelfare.bertastrasse1.ch\/fr\/sujets\/lexperimentation-animale-en-suisse\/3-quatre-degres-de-gravite\/","og_site_name":"Centre didactique en biotechnologie","article_publisher":"https:\/\/www.facebook.com\/vorsprungschweiz\/","article_modified_time":"2023-09-15T09:43:24+00:00","twitter_card":"summary_large_image","twitter_misc":{"Est. reading time":"2 minutes"},"schema":{"@context":"https:\/\/schema.org","@graph":[{"@type":"WebPage","@id":"https:\/\/dev.interpharma.animalwelfare.bertastrasse1.ch\/fr\/sujets\/lexperimentation-animale-en-suisse\/3-quatre-degres-de-gravite\/","url":"https:\/\/dev.interpharma.animalwelfare.bertastrasse1.ch\/fr\/sujets\/lexperimentation-animale-en-suisse\/3-quatre-degres-de-gravite\/","name":"3. Quatre degr\u00e9s de gravit\u00e9 - Centre didactique en biotechnologie","isPartOf":{"@id":"https:\/\/dev.interpharma.animalwelfare.bertastrasse1.ch\/fr\/#website"},"datePublished":"2023-09-15T09:41:54+00:00","dateModified":"2023-09-15T09:43:24+00:00","breadcrumb":{"@id":"https:\/\/dev.interpharma.animalwelfare.bertastrasse1.ch\/fr\/sujets\/lexperimentation-animale-en-suisse\/3-quatre-degres-de-gravite\/#breadcrumb"},"inLanguage":"fr-FR","potentialAction":[{"@type":"ReadAction","target":["https:\/\/dev.interpharma.animalwelfare.bertastrasse1.ch\/fr\/sujets\/lexperimentation-animale-en-suisse\/3-quatre-degres-de-gravite\/"]}]},{"@type":"BreadcrumbList","@id":"https:\/\/dev.interpharma.animalwelfare.bertastrasse1.ch\/fr\/sujets\/lexperimentation-animale-en-suisse\/3-quatre-degres-de-gravite\/#breadcrumb","itemListElement":[{"@type":"ListItem","position":1,"name":"Interpharma","item":"https:\/\/dev.interpharma.animalwelfare.bertastrasse1.ch\/fr\/"},{"@type":"ListItem","position":2,"name":"Sujets","item":"https:\/\/dev.interpharma.animalwelfare.bertastrasse1.ch\/fr\/sujets\/"},{"@type":"ListItem","position":3,"name":"L\u2019exp\u00e9rimentation animale en Suisse","item":"https:\/\/dev.interpharma.animalwelfare.bertastrasse1.ch\/fr\/sujets\/lexperimentation-animale-en-suisse\/"},{"@type":"ListItem","position":4,"name":"3. Quatre degr\u00e9s de gravit\u00e9"}]},{"@type":"WebSite","@id":"https:\/\/dev.interpharma.animalwelfare.bertastrasse1.ch\/fr\/#website","url":"https:\/\/dev.interpharma.animalwelfare.bertastrasse1.ch\/fr\/","name":"Centre didactique en biotechnologie","description":"Interpharma Biotech Learning CenterMat\u00e9riel d'information issu de la recherche biologique et m\u00e9dicale moderne","publisher":{"@id":"https:\/\/dev.interpharma.animalwelfare.bertastrasse1.ch\/fr\/#organization"},"potentialAction":[{"@type":"SearchAction","target":{"@type":"EntryPoint","urlTemplate":"https:\/\/dev.interpharma.animalwelfare.bertastrasse1.ch\/fr\/?s={search_term_string}"},"query-input":"required name=search_term_string"}],"inLanguage":"fr-FR"},{"@type":"Organization","@id":"https:\/\/dev.interpharma.animalwelfare.bertastrasse1.ch\/fr\/#organization","name":"Interpharma","url":"https:\/\/dev.interpharma.animalwelfare.bertastrasse1.ch\/fr\/","logo":{"@type":"ImageObject","inLanguage":"fr-FR","@id":"https:\/\/dev.interpharma.animalwelfare.bertastrasse1.ch\/fr\/#\/schema\/logo\/image\/","url":"https:\/\/dev.interpharma.animalwelfare.bertastrasse1.ch\/wp-content\/uploads\/2019\/11\/logo_header.png","contentUrl":"https:\/\/dev.interpharma.animalwelfare.bertastrasse1.ch\/wp-content\/uploads\/2019\/11\/logo_header.png","width":370,"height":56,"caption":"Interpharma"},"image":{"@id":"https:\/\/dev.interpharma.animalwelfare.bertastrasse1.ch\/fr\/#\/schema\/logo\/image\/"},"sameAs":["https:\/\/www.facebook.com\/vorsprungschweiz\/","https:\/\/ch.linkedin.com\/company\/interpharma","https:\/\/de.wikipedia.org\/wiki\/Interpharma"]}]}},"_links":{"self":[{"href":"https:\/\/dev.interpharma.animalwelfare.bertastrasse1.ch\/fr\/wp-json\/wp\/v2\/pages\/8888"}],"collection":[{"href":"https:\/\/dev.interpharma.animalwelfare.bertastrasse1.ch\/fr\/wp-json\/wp\/v2\/pages"}],"about":[{"href":"https:\/\/dev.interpharma.animalwelfare.bertastrasse1.ch\/fr\/wp-json\/wp\/v2\/types\/page"}],"author":[{"embeddable":true,"href":"https:\/\/dev.interpharma.animalwelfare.bertastrasse1.ch\/fr\/wp-json\/wp\/v2\/users\/3"}],"replies":[{"embeddable":true,"href":"https:\/\/dev.interpharma.animalwelfare.bertastrasse1.ch\/fr\/wp-json\/wp\/v2\/comments?post=8888"}],"version-history":[{"count":1,"href":"https:\/\/dev.interpharma.animalwelfare.bertastrasse1.ch\/fr\/wp-json\/wp\/v2\/pages\/8888\/revisions"}],"predecessor-version":[{"id":8895,"href":"https:\/\/dev.interpharma.animalwelfare.bertastrasse1.ch\/fr\/wp-json\/wp\/v2\/pages\/8888\/revisions\/8895"}],"up":[{"embeddable":true,"href":"https:\/\/dev.interpharma.animalwelfare.bertastrasse1.ch\/fr\/wp-json\/wp\/v2\/pages\/8882"}],"wp:attachment":[{"href":"https:\/\/dev.interpharma.animalwelfare.bertastrasse1.ch\/fr\/wp-json\/wp\/v2\/media?parent=8888"}],"curies":[{"name":"wp","href":"https:\/\/api.w.org\/{rel}","templated":true}]}}