{"id":8863,"date":"2023-09-15T09:37:11","date_gmt":"2023-09-15T09:37:11","guid":{"rendered":"https:\/\/dev.interpharma.animalwelfare.bertastrasse1.ch\/sujets\/experiences-du-degre-de-gravite-3-2\/4-quatre-degres-de-gravite\/"},"modified":"2023-09-19T13:55:30","modified_gmt":"2023-09-19T13:55:30","slug":"3-tests-precliniques-dans-lorganisme-vivant","status":"publish","type":"page","link":"https:\/\/dev.interpharma.animalwelfare.bertastrasse1.ch\/fr\/sujets\/le-long-chemin-vers-un-medicament\/3-tests-precliniques-dans-lorganisme-vivant\/","title":{"rendered":"3. Tests pr\u00e9cliniques dans l\u2019organisme vivant"},"content":{"rendered":"\n<p>Au bout de la cha\u00eene, on trouve des substances susceptiblesde servir de m\u00e9dicaments. Ces substances actives candidatesfont l\u2019objet d\u2019essais pr\u00e9cliniques pour en tester l\u2019efficacit\u00e9 et latol\u00e9rance. Des toxicologues et autres sp\u00e9cialistes analysent leurtoxicit\u00e9 pour s\u2019assurer qu\u2019elles ne risquent pas de d\u00e9clencherdes maladies comme le cancer ou de porter atteinte au patrimoineg\u00e9n\u00e9tique. Pour ces examens, on utilise des simulationsinformatiques, des bact\u00e9ries, des cultures cellulaires ettissulaires, ainsi que des organes isol\u00e9s. Des exp\u00e9riences surle rat et la souris ou, plus rarement, sur des animaux autres quedes rongeurs, sont n\u00e9cessaires pour \u00e9tudier les interactions desubstances actives prometteuses avec les cellules et organesde l\u2019organisme vivant. Ces exp\u00e9riences sont par exemple indispensablespour d\u00e9terminer si une substance reste suffisammentlongtemps dans l\u2019organisme pour d\u00e9ployer l\u2019effet m\u00e9dicalsouhait\u00e9. Pour certaines questions, des essais sur au moinsdeux esp\u00e8ces animales (p. ex. rat et chien) sont prescrites parla loi. Toutes ces exp\u00e9riences sont toujours r\u00e9alis\u00e9es conform\u00e9mentaux normes internationales reconnues.<\/p>\n","protected":false},"excerpt":{"rendered":"<p>Au bout de la cha\u00eene, on trouve des substances susceptiblesde servir de m\u00e9dicaments. Ces substances actives candidatesfont l\u2019objet d\u2019essais pr\u00e9cliniques pour en tester l\u2019efficacit\u00e9 et latol\u00e9rance. Des toxicologues et autres sp\u00e9cialistes analysent leurtoxicit\u00e9 pour s\u2019assurer qu\u2019elles ne risquent pas de d\u00e9clencherdes maladies comme le cancer ou de porter atteinte au patrimoineg\u00e9n\u00e9tique. Pour ces examens, on [&hellip;]<\/p>\n","protected":false},"author":1,"featured_media":0,"parent":8860,"menu_order":2,"comment_status":"closed","ping_status":"closed","template":"page-templates\/themen-under-seite.php","meta":{"footnotes":""},"acf":[],"yoast_head":"<!-- This site is optimized with the Yoast SEO plugin v21.5 - https:\/\/yoast.com\/wordpress\/plugins\/seo\/ -->\n<title>3. Tests pr\u00e9cliniques dans l\u2019organisme vivant - Centre didactique en biotechnologie<\/title>\n<meta name=\"robots\" content=\"noindex, follow, max-snippet:-1, max-image-preview:large, max-video-preview:-1\" \/>\n<meta property=\"og:locale\" content=\"fr_FR\" \/>\n<meta property=\"og:type\" content=\"article\" \/>\n<meta property=\"og:title\" content=\"3. Tests pr\u00e9cliniques dans l\u2019organisme vivant - Centre didactique en biotechnologie\" \/>\n<meta property=\"og:description\" content=\"Au bout de la cha\u00eene, on trouve des substances susceptiblesde servir de m\u00e9dicaments. Ces substances actives candidatesfont l\u2019objet d\u2019essais pr\u00e9cliniques pour en tester l\u2019efficacit\u00e9 et latol\u00e9rance. Des toxicologues et autres sp\u00e9cialistes analysent leurtoxicit\u00e9 pour s\u2019assurer qu\u2019elles ne risquent pas de d\u00e9clencherdes maladies comme le cancer ou de porter atteinte au patrimoineg\u00e9n\u00e9tique. Pour ces examens, on [&hellip;]\" \/>\n<meta property=\"og:url\" content=\"https:\/\/dev.interpharma.animalwelfare.bertastrasse1.ch\/fr\/sujets\/le-long-chemin-vers-un-medicament\/3-tests-precliniques-dans-lorganisme-vivant\/\" \/>\n<meta property=\"og:site_name\" content=\"Centre didactique en biotechnologie\" \/>\n<meta property=\"article:publisher\" content=\"https:\/\/www.facebook.com\/vorsprungschweiz\/\" \/>\n<meta property=\"article:modified_time\" content=\"2023-09-19T13:55:30+00:00\" \/>\n<meta name=\"twitter:card\" content=\"summary_large_image\" \/>\n<meta name=\"twitter:label1\" content=\"Est. reading time\" \/>\n\t<meta name=\"twitter:data1\" content=\"1 minute\" \/>\n<script type=\"application\/ld+json\" class=\"yoast-schema-graph\">{\"@context\":\"https:\/\/schema.org\",\"@graph\":[{\"@type\":\"WebPage\",\"@id\":\"https:\/\/dev.interpharma.animalwelfare.bertastrasse1.ch\/fr\/sujets\/le-long-chemin-vers-un-medicament\/3-tests-precliniques-dans-lorganisme-vivant\/\",\"url\":\"https:\/\/dev.interpharma.animalwelfare.bertastrasse1.ch\/fr\/sujets\/le-long-chemin-vers-un-medicament\/3-tests-precliniques-dans-lorganisme-vivant\/\",\"name\":\"3. Tests pr\u00e9cliniques dans l\u2019organisme vivant - Centre didactique en biotechnologie\",\"isPartOf\":{\"@id\":\"https:\/\/dev.interpharma.animalwelfare.bertastrasse1.ch\/fr\/#website\"},\"datePublished\":\"2023-09-15T09:37:11+00:00\",\"dateModified\":\"2023-09-19T13:55:30+00:00\",\"breadcrumb\":{\"@id\":\"https:\/\/dev.interpharma.animalwelfare.bertastrasse1.ch\/fr\/sujets\/le-long-chemin-vers-un-medicament\/3-tests-precliniques-dans-lorganisme-vivant\/#breadcrumb\"},\"inLanguage\":\"fr-FR\",\"potentialAction\":[{\"@type\":\"ReadAction\",\"target\":[\"https:\/\/dev.interpharma.animalwelfare.bertastrasse1.ch\/fr\/sujets\/le-long-chemin-vers-un-medicament\/3-tests-precliniques-dans-lorganisme-vivant\/\"]}]},{\"@type\":\"BreadcrumbList\",\"@id\":\"https:\/\/dev.interpharma.animalwelfare.bertastrasse1.ch\/fr\/sujets\/le-long-chemin-vers-un-medicament\/3-tests-precliniques-dans-lorganisme-vivant\/#breadcrumb\",\"itemListElement\":[{\"@type\":\"ListItem\",\"position\":1,\"name\":\"Interpharma\",\"item\":\"https:\/\/dev.interpharma.animalwelfare.bertastrasse1.ch\/fr\/\"},{\"@type\":\"ListItem\",\"position\":2,\"name\":\"Sujets\",\"item\":\"https:\/\/dev.interpharma.animalwelfare.bertastrasse1.ch\/fr\/sujets\/\"},{\"@type\":\"ListItem\",\"position\":3,\"name\":\"Le long chemin vers un medicament\",\"item\":\"https:\/\/dev.interpharma.animalwelfare.bertastrasse1.ch\/fr\/sujets\/le-long-chemin-vers-un-medicament\/\"},{\"@type\":\"ListItem\",\"position\":4,\"name\":\"3. Tests pr\u00e9cliniques dans l\u2019organisme vivant\"}]},{\"@type\":\"WebSite\",\"@id\":\"https:\/\/dev.interpharma.animalwelfare.bertastrasse1.ch\/fr\/#website\",\"url\":\"https:\/\/dev.interpharma.animalwelfare.bertastrasse1.ch\/fr\/\",\"name\":\"Centre didactique en biotechnologie\",\"description\":\"Interpharma Biotech Learning CenterMat\u00e9riel d'information issu de la recherche biologique et m\u00e9dicale moderne\",\"publisher\":{\"@id\":\"https:\/\/dev.interpharma.animalwelfare.bertastrasse1.ch\/fr\/#organization\"},\"potentialAction\":[{\"@type\":\"SearchAction\",\"target\":{\"@type\":\"EntryPoint\",\"urlTemplate\":\"https:\/\/dev.interpharma.animalwelfare.bertastrasse1.ch\/fr\/?s={search_term_string}\"},\"query-input\":\"required name=search_term_string\"}],\"inLanguage\":\"fr-FR\"},{\"@type\":\"Organization\",\"@id\":\"https:\/\/dev.interpharma.animalwelfare.bertastrasse1.ch\/fr\/#organization\",\"name\":\"Interpharma\",\"url\":\"https:\/\/dev.interpharma.animalwelfare.bertastrasse1.ch\/fr\/\",\"logo\":{\"@type\":\"ImageObject\",\"inLanguage\":\"fr-FR\",\"@id\":\"https:\/\/dev.interpharma.animalwelfare.bertastrasse1.ch\/fr\/#\/schema\/logo\/image\/\",\"url\":\"https:\/\/dev.interpharma.animalwelfare.bertastrasse1.ch\/wp-content\/uploads\/2019\/11\/logo_header.png\",\"contentUrl\":\"https:\/\/dev.interpharma.animalwelfare.bertastrasse1.ch\/wp-content\/uploads\/2019\/11\/logo_header.png\",\"width\":370,\"height\":56,\"caption\":\"Interpharma\"},\"image\":{\"@id\":\"https:\/\/dev.interpharma.animalwelfare.bertastrasse1.ch\/fr\/#\/schema\/logo\/image\/\"},\"sameAs\":[\"https:\/\/www.facebook.com\/vorsprungschweiz\/\",\"https:\/\/ch.linkedin.com\/company\/interpharma\",\"https:\/\/de.wikipedia.org\/wiki\/Interpharma\"]}]}<\/script>\n<!-- \/ Yoast SEO plugin. -->","yoast_head_json":{"title":"3. Tests pr\u00e9cliniques dans l\u2019organisme vivant - Centre didactique en biotechnologie","robots":{"index":"noindex","follow":"follow","max-snippet":"max-snippet:-1","max-image-preview":"max-image-preview:large","max-video-preview":"max-video-preview:-1"},"og_locale":"fr_FR","og_type":"article","og_title":"3. Tests pr\u00e9cliniques dans l\u2019organisme vivant - Centre didactique en biotechnologie","og_description":"Au bout de la cha\u00eene, on trouve des substances susceptiblesde servir de m\u00e9dicaments. Ces substances actives candidatesfont l\u2019objet d\u2019essais pr\u00e9cliniques pour en tester l\u2019efficacit\u00e9 et latol\u00e9rance. Des toxicologues et autres sp\u00e9cialistes analysent leurtoxicit\u00e9 pour s\u2019assurer qu\u2019elles ne risquent pas de d\u00e9clencherdes maladies comme le cancer ou de porter atteinte au patrimoineg\u00e9n\u00e9tique. Pour ces examens, on [&hellip;]","og_url":"https:\/\/dev.interpharma.animalwelfare.bertastrasse1.ch\/fr\/sujets\/le-long-chemin-vers-un-medicament\/3-tests-precliniques-dans-lorganisme-vivant\/","og_site_name":"Centre didactique en biotechnologie","article_publisher":"https:\/\/www.facebook.com\/vorsprungschweiz\/","article_modified_time":"2023-09-19T13:55:30+00:00","twitter_card":"summary_large_image","twitter_misc":{"Est. reading time":"1 minute"},"schema":{"@context":"https:\/\/schema.org","@graph":[{"@type":"WebPage","@id":"https:\/\/dev.interpharma.animalwelfare.bertastrasse1.ch\/fr\/sujets\/le-long-chemin-vers-un-medicament\/3-tests-precliniques-dans-lorganisme-vivant\/","url":"https:\/\/dev.interpharma.animalwelfare.bertastrasse1.ch\/fr\/sujets\/le-long-chemin-vers-un-medicament\/3-tests-precliniques-dans-lorganisme-vivant\/","name":"3. Tests pr\u00e9cliniques dans l\u2019organisme vivant - Centre didactique en biotechnologie","isPartOf":{"@id":"https:\/\/dev.interpharma.animalwelfare.bertastrasse1.ch\/fr\/#website"},"datePublished":"2023-09-15T09:37:11+00:00","dateModified":"2023-09-19T13:55:30+00:00","breadcrumb":{"@id":"https:\/\/dev.interpharma.animalwelfare.bertastrasse1.ch\/fr\/sujets\/le-long-chemin-vers-un-medicament\/3-tests-precliniques-dans-lorganisme-vivant\/#breadcrumb"},"inLanguage":"fr-FR","potentialAction":[{"@type":"ReadAction","target":["https:\/\/dev.interpharma.animalwelfare.bertastrasse1.ch\/fr\/sujets\/le-long-chemin-vers-un-medicament\/3-tests-precliniques-dans-lorganisme-vivant\/"]}]},{"@type":"BreadcrumbList","@id":"https:\/\/dev.interpharma.animalwelfare.bertastrasse1.ch\/fr\/sujets\/le-long-chemin-vers-un-medicament\/3-tests-precliniques-dans-lorganisme-vivant\/#breadcrumb","itemListElement":[{"@type":"ListItem","position":1,"name":"Interpharma","item":"https:\/\/dev.interpharma.animalwelfare.bertastrasse1.ch\/fr\/"},{"@type":"ListItem","position":2,"name":"Sujets","item":"https:\/\/dev.interpharma.animalwelfare.bertastrasse1.ch\/fr\/sujets\/"},{"@type":"ListItem","position":3,"name":"Le long chemin vers un medicament","item":"https:\/\/dev.interpharma.animalwelfare.bertastrasse1.ch\/fr\/sujets\/le-long-chemin-vers-un-medicament\/"},{"@type":"ListItem","position":4,"name":"3. Tests pr\u00e9cliniques dans l\u2019organisme vivant"}]},{"@type":"WebSite","@id":"https:\/\/dev.interpharma.animalwelfare.bertastrasse1.ch\/fr\/#website","url":"https:\/\/dev.interpharma.animalwelfare.bertastrasse1.ch\/fr\/","name":"Centre didactique en biotechnologie","description":"Interpharma Biotech Learning CenterMat\u00e9riel d'information issu de la recherche biologique et m\u00e9dicale moderne","publisher":{"@id":"https:\/\/dev.interpharma.animalwelfare.bertastrasse1.ch\/fr\/#organization"},"potentialAction":[{"@type":"SearchAction","target":{"@type":"EntryPoint","urlTemplate":"https:\/\/dev.interpharma.animalwelfare.bertastrasse1.ch\/fr\/?s={search_term_string}"},"query-input":"required name=search_term_string"}],"inLanguage":"fr-FR"},{"@type":"Organization","@id":"https:\/\/dev.interpharma.animalwelfare.bertastrasse1.ch\/fr\/#organization","name":"Interpharma","url":"https:\/\/dev.interpharma.animalwelfare.bertastrasse1.ch\/fr\/","logo":{"@type":"ImageObject","inLanguage":"fr-FR","@id":"https:\/\/dev.interpharma.animalwelfare.bertastrasse1.ch\/fr\/#\/schema\/logo\/image\/","url":"https:\/\/dev.interpharma.animalwelfare.bertastrasse1.ch\/wp-content\/uploads\/2019\/11\/logo_header.png","contentUrl":"https:\/\/dev.interpharma.animalwelfare.bertastrasse1.ch\/wp-content\/uploads\/2019\/11\/logo_header.png","width":370,"height":56,"caption":"Interpharma"},"image":{"@id":"https:\/\/dev.interpharma.animalwelfare.bertastrasse1.ch\/fr\/#\/schema\/logo\/image\/"},"sameAs":["https:\/\/www.facebook.com\/vorsprungschweiz\/","https:\/\/ch.linkedin.com\/company\/interpharma","https:\/\/de.wikipedia.org\/wiki\/Interpharma"]}]}},"_links":{"self":[{"href":"https:\/\/dev.interpharma.animalwelfare.bertastrasse1.ch\/fr\/wp-json\/wp\/v2\/pages\/8863"}],"collection":[{"href":"https:\/\/dev.interpharma.animalwelfare.bertastrasse1.ch\/fr\/wp-json\/wp\/v2\/pages"}],"about":[{"href":"https:\/\/dev.interpharma.animalwelfare.bertastrasse1.ch\/fr\/wp-json\/wp\/v2\/types\/page"}],"author":[{"embeddable":true,"href":"https:\/\/dev.interpharma.animalwelfare.bertastrasse1.ch\/fr\/wp-json\/wp\/v2\/users\/1"}],"replies":[{"embeddable":true,"href":"https:\/\/dev.interpharma.animalwelfare.bertastrasse1.ch\/fr\/wp-json\/wp\/v2\/comments?post=8863"}],"version-history":[{"count":2,"href":"https:\/\/dev.interpharma.animalwelfare.bertastrasse1.ch\/fr\/wp-json\/wp\/v2\/pages\/8863\/revisions"}],"predecessor-version":[{"id":8969,"href":"https:\/\/dev.interpharma.animalwelfare.bertastrasse1.ch\/fr\/wp-json\/wp\/v2\/pages\/8863\/revisions\/8969"}],"up":[{"embeddable":true,"href":"https:\/\/dev.interpharma.animalwelfare.bertastrasse1.ch\/fr\/wp-json\/wp\/v2\/pages\/8860"}],"wp:attachment":[{"href":"https:\/\/dev.interpharma.animalwelfare.bertastrasse1.ch\/fr\/wp-json\/wp\/v2\/media?parent=8863"}],"curies":[{"name":"wp","href":"https:\/\/api.w.org\/{rel}","templated":true}]}}