{"id":8846,"date":"2023-09-15T09:33:03","date_gmt":"2023-09-15T09:33:03","guid":{"rendered":"https:\/\/dev.interpharma.animalwelfare.bertastrasse1.ch\/sujets\/la-charte-pour-la-protection-des-animaux-a-dix-ans-2\/6-alternatives-prometteuses\/"},"modified":"2023-09-15T09:35:27","modified_gmt":"2023-09-15T09:35:27","slug":"6-definition-de-criteres-dinterruption","status":"publish","type":"page","link":"https:\/\/dev.interpharma.animalwelfare.bertastrasse1.ch\/fr\/sujets\/experiences-du-degre-de-gravite-3\/6-definition-de-criteres-dinterruption\/","title":{"rendered":"6. D\u00e9finition de crit\u00e8res d\u2019interruption"},"content":{"rendered":"\n<p>En outre, la loi requiert de d\u00e9finir des crit\u00e8res d\u2019interruptionappropri\u00e9s d\u00e8s la demande d\u2019autorisation de l\u2019exp\u00e9rience.Ces crit\u00e8res d\u2019interruption peuvent \u00eatre l\u00e9g\u00e8rement modifi\u00e9sde mani\u00e8re \u00e0 faire entrer imm\u00e9diatement de nouvelles connaissancesdans les exp\u00e9riences en cours. Cela permet d\u2019\u00e9viteraux animaux des contraintes inutiles. En automne 2018, l\u2019Officef\u00e9d\u00e9ral de la s\u00e9curit\u00e9 alimentaire et des affaires v\u00e9t\u00e9rinaires aen outre publi\u00e9 une nouvelle directive de classement prospectif.Le degr\u00e9 de gravit\u00e9 des exp\u00e9riences du domaine de la recherchec\u00e9r\u00e9brale (maladies neurod\u00e9g\u00e9n\u00e9ratives, p. ex. maladiede Parkinson) a par exemple \u00e9t\u00e9 relev\u00e9 \u00e0 3 au lieu de 2.<\/p>\n","protected":false},"excerpt":{"rendered":"<p>En outre, la loi requiert de d\u00e9finir des crit\u00e8res d\u2019interruptionappropri\u00e9s d\u00e8s la demande d\u2019autorisation de l\u2019exp\u00e9rience.Ces crit\u00e8res d\u2019interruption peuvent \u00eatre l\u00e9g\u00e8rement modifi\u00e9sde mani\u00e8re \u00e0 faire entrer imm\u00e9diatement de nouvelles connaissancesdans les exp\u00e9riences en cours. Cela permet d\u2019\u00e9viteraux animaux des contraintes inutiles. En automne 2018, l\u2019Officef\u00e9d\u00e9ral de la s\u00e9curit\u00e9 alimentaire et des affaires v\u00e9t\u00e9rinaires aen outre [&hellip;]<\/p>\n","protected":false},"author":1,"featured_media":0,"parent":8839,"menu_order":5,"comment_status":"closed","ping_status":"closed","template":"page-templates\/themen-under-seite.php","meta":{"footnotes":""},"acf":[],"yoast_head":"<!-- This site is optimized with the Yoast SEO plugin v21.5 - https:\/\/yoast.com\/wordpress\/plugins\/seo\/ -->\n<title>6. D\u00e9finition de crit\u00e8res d\u2019interruption - Centre didactique en biotechnologie<\/title>\n<meta name=\"robots\" content=\"noindex, follow, max-snippet:-1, max-image-preview:large, max-video-preview:-1\" \/>\n<meta property=\"og:locale\" content=\"fr_FR\" \/>\n<meta property=\"og:type\" content=\"article\" \/>\n<meta property=\"og:title\" content=\"6. D\u00e9finition de crit\u00e8res d\u2019interruption - Centre didactique en biotechnologie\" \/>\n<meta property=\"og:description\" content=\"En outre, la loi requiert de d\u00e9finir des crit\u00e8res d\u2019interruptionappropri\u00e9s d\u00e8s la demande d\u2019autorisation de l\u2019exp\u00e9rience.Ces crit\u00e8res d\u2019interruption peuvent \u00eatre l\u00e9g\u00e8rement modifi\u00e9sde mani\u00e8re \u00e0 faire entrer imm\u00e9diatement de nouvelles connaissancesdans les exp\u00e9riences en cours. Cela permet d\u2019\u00e9viteraux animaux des contraintes inutiles. En automne 2018, l\u2019Officef\u00e9d\u00e9ral de la s\u00e9curit\u00e9 alimentaire et des affaires v\u00e9t\u00e9rinaires aen outre [&hellip;]\" \/>\n<meta property=\"og:url\" content=\"https:\/\/dev.interpharma.animalwelfare.bertastrasse1.ch\/fr\/sujets\/experiences-du-degre-de-gravite-3\/6-definition-de-criteres-dinterruption\/\" \/>\n<meta property=\"og:site_name\" content=\"Centre didactique en biotechnologie\" \/>\n<meta property=\"article:publisher\" content=\"https:\/\/www.facebook.com\/vorsprungschweiz\/\" \/>\n<meta property=\"article:modified_time\" content=\"2023-09-15T09:35:27+00:00\" \/>\n<meta name=\"twitter:card\" content=\"summary_large_image\" \/>\n<meta name=\"twitter:label1\" content=\"Est. reading time\" \/>\n\t<meta name=\"twitter:data1\" content=\"1 minute\" \/>\n<script type=\"application\/ld+json\" class=\"yoast-schema-graph\">{\"@context\":\"https:\/\/schema.org\",\"@graph\":[{\"@type\":\"WebPage\",\"@id\":\"https:\/\/dev.interpharma.animalwelfare.bertastrasse1.ch\/fr\/sujets\/experiences-du-degre-de-gravite-3\/6-definition-de-criteres-dinterruption\/\",\"url\":\"https:\/\/dev.interpharma.animalwelfare.bertastrasse1.ch\/fr\/sujets\/experiences-du-degre-de-gravite-3\/6-definition-de-criteres-dinterruption\/\",\"name\":\"6. D\u00e9finition de crit\u00e8res d\u2019interruption - Centre didactique en biotechnologie\",\"isPartOf\":{\"@id\":\"https:\/\/dev.interpharma.animalwelfare.bertastrasse1.ch\/fr\/#website\"},\"datePublished\":\"2023-09-15T09:33:03+00:00\",\"dateModified\":\"2023-09-15T09:35:27+00:00\",\"breadcrumb\":{\"@id\":\"https:\/\/dev.interpharma.animalwelfare.bertastrasse1.ch\/fr\/sujets\/experiences-du-degre-de-gravite-3\/6-definition-de-criteres-dinterruption\/#breadcrumb\"},\"inLanguage\":\"fr-FR\",\"potentialAction\":[{\"@type\":\"ReadAction\",\"target\":[\"https:\/\/dev.interpharma.animalwelfare.bertastrasse1.ch\/fr\/sujets\/experiences-du-degre-de-gravite-3\/6-definition-de-criteres-dinterruption\/\"]}]},{\"@type\":\"BreadcrumbList\",\"@id\":\"https:\/\/dev.interpharma.animalwelfare.bertastrasse1.ch\/fr\/sujets\/experiences-du-degre-de-gravite-3\/6-definition-de-criteres-dinterruption\/#breadcrumb\",\"itemListElement\":[{\"@type\":\"ListItem\",\"position\":1,\"name\":\"Interpharma\",\"item\":\"https:\/\/dev.interpharma.animalwelfare.bertastrasse1.ch\/fr\/\"},{\"@type\":\"ListItem\",\"position\":2,\"name\":\"Sujets\",\"item\":\"https:\/\/dev.interpharma.animalwelfare.bertastrasse1.ch\/fr\/sujets\/\"},{\"@type\":\"ListItem\",\"position\":3,\"name\":\"Exp\u00e9riences du degr\u00e9 de gravit\u00e9 3\",\"item\":\"https:\/\/dev.interpharma.animalwelfare.bertastrasse1.ch\/fr\/sujets\/experiences-du-degre-de-gravite-3\/\"},{\"@type\":\"ListItem\",\"position\":4,\"name\":\"6. D\u00e9finition de crit\u00e8res d\u2019interruption\"}]},{\"@type\":\"WebSite\",\"@id\":\"https:\/\/dev.interpharma.animalwelfare.bertastrasse1.ch\/fr\/#website\",\"url\":\"https:\/\/dev.interpharma.animalwelfare.bertastrasse1.ch\/fr\/\",\"name\":\"Centre didactique en biotechnologie\",\"description\":\"Interpharma Biotech Learning CenterMat\u00e9riel d'information issu de la recherche biologique et m\u00e9dicale moderne\",\"publisher\":{\"@id\":\"https:\/\/dev.interpharma.animalwelfare.bertastrasse1.ch\/fr\/#organization\"},\"potentialAction\":[{\"@type\":\"SearchAction\",\"target\":{\"@type\":\"EntryPoint\",\"urlTemplate\":\"https:\/\/dev.interpharma.animalwelfare.bertastrasse1.ch\/fr\/?s={search_term_string}\"},\"query-input\":\"required name=search_term_string\"}],\"inLanguage\":\"fr-FR\"},{\"@type\":\"Organization\",\"@id\":\"https:\/\/dev.interpharma.animalwelfare.bertastrasse1.ch\/fr\/#organization\",\"name\":\"Interpharma\",\"url\":\"https:\/\/dev.interpharma.animalwelfare.bertastrasse1.ch\/fr\/\",\"logo\":{\"@type\":\"ImageObject\",\"inLanguage\":\"fr-FR\",\"@id\":\"https:\/\/dev.interpharma.animalwelfare.bertastrasse1.ch\/fr\/#\/schema\/logo\/image\/\",\"url\":\"https:\/\/dev.interpharma.animalwelfare.bertastrasse1.ch\/wp-content\/uploads\/2019\/11\/logo_header.png\",\"contentUrl\":\"https:\/\/dev.interpharma.animalwelfare.bertastrasse1.ch\/wp-content\/uploads\/2019\/11\/logo_header.png\",\"width\":370,\"height\":56,\"caption\":\"Interpharma\"},\"image\":{\"@id\":\"https:\/\/dev.interpharma.animalwelfare.bertastrasse1.ch\/fr\/#\/schema\/logo\/image\/\"},\"sameAs\":[\"https:\/\/www.facebook.com\/vorsprungschweiz\/\",\"https:\/\/ch.linkedin.com\/company\/interpharma\",\"https:\/\/de.wikipedia.org\/wiki\/Interpharma\"]}]}<\/script>\n<!-- \/ Yoast SEO plugin. -->","yoast_head_json":{"title":"6. D\u00e9finition de crit\u00e8res d\u2019interruption - Centre didactique en biotechnologie","robots":{"index":"noindex","follow":"follow","max-snippet":"max-snippet:-1","max-image-preview":"max-image-preview:large","max-video-preview":"max-video-preview:-1"},"og_locale":"fr_FR","og_type":"article","og_title":"6. D\u00e9finition de crit\u00e8res d\u2019interruption - Centre didactique en biotechnologie","og_description":"En outre, la loi requiert de d\u00e9finir des crit\u00e8res d\u2019interruptionappropri\u00e9s d\u00e8s la demande d\u2019autorisation de l\u2019exp\u00e9rience.Ces crit\u00e8res d\u2019interruption peuvent \u00eatre l\u00e9g\u00e8rement modifi\u00e9sde mani\u00e8re \u00e0 faire entrer imm\u00e9diatement de nouvelles connaissancesdans les exp\u00e9riences en cours. Cela permet d\u2019\u00e9viteraux animaux des contraintes inutiles. En automne 2018, l\u2019Officef\u00e9d\u00e9ral de la s\u00e9curit\u00e9 alimentaire et des affaires v\u00e9t\u00e9rinaires aen outre [&hellip;]","og_url":"https:\/\/dev.interpharma.animalwelfare.bertastrasse1.ch\/fr\/sujets\/experiences-du-degre-de-gravite-3\/6-definition-de-criteres-dinterruption\/","og_site_name":"Centre didactique en biotechnologie","article_publisher":"https:\/\/www.facebook.com\/vorsprungschweiz\/","article_modified_time":"2023-09-15T09:35:27+00:00","twitter_card":"summary_large_image","twitter_misc":{"Est. reading time":"1 minute"},"schema":{"@context":"https:\/\/schema.org","@graph":[{"@type":"WebPage","@id":"https:\/\/dev.interpharma.animalwelfare.bertastrasse1.ch\/fr\/sujets\/experiences-du-degre-de-gravite-3\/6-definition-de-criteres-dinterruption\/","url":"https:\/\/dev.interpharma.animalwelfare.bertastrasse1.ch\/fr\/sujets\/experiences-du-degre-de-gravite-3\/6-definition-de-criteres-dinterruption\/","name":"6. D\u00e9finition de crit\u00e8res d\u2019interruption - Centre didactique en biotechnologie","isPartOf":{"@id":"https:\/\/dev.interpharma.animalwelfare.bertastrasse1.ch\/fr\/#website"},"datePublished":"2023-09-15T09:33:03+00:00","dateModified":"2023-09-15T09:35:27+00:00","breadcrumb":{"@id":"https:\/\/dev.interpharma.animalwelfare.bertastrasse1.ch\/fr\/sujets\/experiences-du-degre-de-gravite-3\/6-definition-de-criteres-dinterruption\/#breadcrumb"},"inLanguage":"fr-FR","potentialAction":[{"@type":"ReadAction","target":["https:\/\/dev.interpharma.animalwelfare.bertastrasse1.ch\/fr\/sujets\/experiences-du-degre-de-gravite-3\/6-definition-de-criteres-dinterruption\/"]}]},{"@type":"BreadcrumbList","@id":"https:\/\/dev.interpharma.animalwelfare.bertastrasse1.ch\/fr\/sujets\/experiences-du-degre-de-gravite-3\/6-definition-de-criteres-dinterruption\/#breadcrumb","itemListElement":[{"@type":"ListItem","position":1,"name":"Interpharma","item":"https:\/\/dev.interpharma.animalwelfare.bertastrasse1.ch\/fr\/"},{"@type":"ListItem","position":2,"name":"Sujets","item":"https:\/\/dev.interpharma.animalwelfare.bertastrasse1.ch\/fr\/sujets\/"},{"@type":"ListItem","position":3,"name":"Exp\u00e9riences du degr\u00e9 de gravit\u00e9 3","item":"https:\/\/dev.interpharma.animalwelfare.bertastrasse1.ch\/fr\/sujets\/experiences-du-degre-de-gravite-3\/"},{"@type":"ListItem","position":4,"name":"6. D\u00e9finition de crit\u00e8res d\u2019interruption"}]},{"@type":"WebSite","@id":"https:\/\/dev.interpharma.animalwelfare.bertastrasse1.ch\/fr\/#website","url":"https:\/\/dev.interpharma.animalwelfare.bertastrasse1.ch\/fr\/","name":"Centre didactique en biotechnologie","description":"Interpharma Biotech Learning CenterMat\u00e9riel d'information issu de la recherche biologique et m\u00e9dicale moderne","publisher":{"@id":"https:\/\/dev.interpharma.animalwelfare.bertastrasse1.ch\/fr\/#organization"},"potentialAction":[{"@type":"SearchAction","target":{"@type":"EntryPoint","urlTemplate":"https:\/\/dev.interpharma.animalwelfare.bertastrasse1.ch\/fr\/?s={search_term_string}"},"query-input":"required name=search_term_string"}],"inLanguage":"fr-FR"},{"@type":"Organization","@id":"https:\/\/dev.interpharma.animalwelfare.bertastrasse1.ch\/fr\/#organization","name":"Interpharma","url":"https:\/\/dev.interpharma.animalwelfare.bertastrasse1.ch\/fr\/","logo":{"@type":"ImageObject","inLanguage":"fr-FR","@id":"https:\/\/dev.interpharma.animalwelfare.bertastrasse1.ch\/fr\/#\/schema\/logo\/image\/","url":"https:\/\/dev.interpharma.animalwelfare.bertastrasse1.ch\/wp-content\/uploads\/2019\/11\/logo_header.png","contentUrl":"https:\/\/dev.interpharma.animalwelfare.bertastrasse1.ch\/wp-content\/uploads\/2019\/11\/logo_header.png","width":370,"height":56,"caption":"Interpharma"},"image":{"@id":"https:\/\/dev.interpharma.animalwelfare.bertastrasse1.ch\/fr\/#\/schema\/logo\/image\/"},"sameAs":["https:\/\/www.facebook.com\/vorsprungschweiz\/","https:\/\/ch.linkedin.com\/company\/interpharma","https:\/\/de.wikipedia.org\/wiki\/Interpharma"]}]}},"_links":{"self":[{"href":"https:\/\/dev.interpharma.animalwelfare.bertastrasse1.ch\/fr\/wp-json\/wp\/v2\/pages\/8846"}],"collection":[{"href":"https:\/\/dev.interpharma.animalwelfare.bertastrasse1.ch\/fr\/wp-json\/wp\/v2\/pages"}],"about":[{"href":"https:\/\/dev.interpharma.animalwelfare.bertastrasse1.ch\/fr\/wp-json\/wp\/v2\/types\/page"}],"author":[{"embeddable":true,"href":"https:\/\/dev.interpharma.animalwelfare.bertastrasse1.ch\/fr\/wp-json\/wp\/v2\/users\/1"}],"replies":[{"embeddable":true,"href":"https:\/\/dev.interpharma.animalwelfare.bertastrasse1.ch\/fr\/wp-json\/wp\/v2\/comments?post=8846"}],"version-history":[{"count":1,"href":"https:\/\/dev.interpharma.animalwelfare.bertastrasse1.ch\/fr\/wp-json\/wp\/v2\/pages\/8846\/revisions"}],"predecessor-version":[{"id":8856,"href":"https:\/\/dev.interpharma.animalwelfare.bertastrasse1.ch\/fr\/wp-json\/wp\/v2\/pages\/8846\/revisions\/8856"}],"up":[{"embeddable":true,"href":"https:\/\/dev.interpharma.animalwelfare.bertastrasse1.ch\/fr\/wp-json\/wp\/v2\/pages\/8839"}],"wp:attachment":[{"href":"https:\/\/dev.interpharma.animalwelfare.bertastrasse1.ch\/fr\/wp-json\/wp\/v2\/media?parent=8846"}],"curies":[{"name":"wp","href":"https:\/\/api.w.org\/{rel}","templated":true}]}}