{"id":8844,"date":"2023-09-15T09:33:03","date_gmt":"2023-09-15T09:33:03","guid":{"rendered":"https:\/\/dev.interpharma.animalwelfare.bertastrasse1.ch\/sujets\/la-charte-pour-la-protection-des-animaux-a-dix-ans-2\/3-de-la-fondation-recherches-3r-au-centre-de-competence-3r\/"},"modified":"2023-09-15T09:34:39","modified_gmt":"2023-09-15T09:34:39","slug":"3-une-legislation-severe-protege-la-dignite-animale","status":"publish","type":"page","link":"https:\/\/dev.interpharma.animalwelfare.bertastrasse1.ch\/fr\/sujets\/experiences-du-degre-de-gravite-3\/3-une-legislation-severe-protege-la-dignite-animale\/","title":{"rendered":"3. Une l\u00e9gislation s\u00e9v\u00e8re prot\u00e8ge la dignit\u00e9 animale"},"content":{"rendered":"\n<p>La Suisse dispose de l\u2019une des lois sur la protection des animauxles plus s\u00e9v\u00e8res au monde. Une exp\u00e9rience sur animauxn\u2019est autoris\u00e9e que s\u2019il n\u2019y a pas d\u2019alternative reconnue. Lapes\u00e9e \u00e9thique des int\u00e9r\u00eats est obligatoire et doit pencher duc\u00f4t\u00e9 du b\u00e9n\u00e9fice attendu par rapport aux contraintes impos\u00e9esaux animaux. Dans le cas contraire, l\u2019exp\u00e9rience n\u2019estpas autoris\u00e9e. La loi prot\u00e8ge ainsi le bien-\u00eatre et la dignit\u00e9 del\u2019animal. La plupart des questions peuvent \u00eatre trait\u00e9es \u00e0l\u2019aide d\u2019exp\u00e9riences sur la souris ou le rat. En 2019, ils repr\u00e9sentaientenviron 80% de l\u2019ensemble des animaux de laboratoireen Suisse (cf. graphique \u00e0 la page suivante). Pour unepetite partie des exp\u00e9riences et en fonction de la questionpos\u00e9e, on utilise aussi des moutons, des porcs, des volailles,des poissons, des chiens ou des primates non hominid\u00e9s.Les \u00e9tudes sur des primates non hominid\u00e9s ne sont autoris\u00e9esque si les connaissances attendues ne peuvent pas \u00eatreobtenues par des m\u00e9thodes de substitution n\u2019utilisant pasd\u2019animaux ou avec d\u2019autres esp\u00e8ces animales.<\/p>\n","protected":false},"excerpt":{"rendered":"<p>La Suisse dispose de l\u2019une des lois sur la protection des animauxles plus s\u00e9v\u00e8res au monde. Une exp\u00e9rience sur animauxn\u2019est autoris\u00e9e que s\u2019il n\u2019y a pas d\u2019alternative reconnue. Lapes\u00e9e \u00e9thique des int\u00e9r\u00eats est obligatoire et doit pencher duc\u00f4t\u00e9 du b\u00e9n\u00e9fice attendu par rapport aux contraintes impos\u00e9esaux animaux. Dans le cas contraire, l\u2019exp\u00e9rience n\u2019estpas autoris\u00e9e. La [&hellip;]<\/p>\n","protected":false},"author":1,"featured_media":0,"parent":8839,"menu_order":2,"comment_status":"closed","ping_status":"closed","template":"page-templates\/themen-under-seite.php","meta":{"footnotes":""},"acf":[],"yoast_head":"<!-- This site is optimized with the Yoast SEO plugin v21.5 - https:\/\/yoast.com\/wordpress\/plugins\/seo\/ -->\n<title>3. Une l\u00e9gislation s\u00e9v\u00e8re prot\u00e8ge la dignit\u00e9 animale - Centre didactique en biotechnologie<\/title>\n<meta name=\"robots\" content=\"noindex, follow, max-snippet:-1, max-image-preview:large, max-video-preview:-1\" \/>\n<meta property=\"og:locale\" content=\"fr_FR\" \/>\n<meta property=\"og:type\" content=\"article\" \/>\n<meta property=\"og:title\" content=\"3. Une l\u00e9gislation s\u00e9v\u00e8re prot\u00e8ge la dignit\u00e9 animale - Centre didactique en biotechnologie\" \/>\n<meta property=\"og:description\" content=\"La Suisse dispose de l\u2019une des lois sur la protection des animauxles plus s\u00e9v\u00e8res au monde. Une exp\u00e9rience sur animauxn\u2019est autoris\u00e9e que s\u2019il n\u2019y a pas d\u2019alternative reconnue. Lapes\u00e9e \u00e9thique des int\u00e9r\u00eats est obligatoire et doit pencher duc\u00f4t\u00e9 du b\u00e9n\u00e9fice attendu par rapport aux contraintes impos\u00e9esaux animaux. Dans le cas contraire, l\u2019exp\u00e9rience n\u2019estpas autoris\u00e9e. La [&hellip;]\" \/>\n<meta property=\"og:url\" content=\"https:\/\/dev.interpharma.animalwelfare.bertastrasse1.ch\/fr\/sujets\/experiences-du-degre-de-gravite-3\/3-une-legislation-severe-protege-la-dignite-animale\/\" \/>\n<meta property=\"og:site_name\" content=\"Centre didactique en biotechnologie\" \/>\n<meta property=\"article:publisher\" content=\"https:\/\/www.facebook.com\/vorsprungschweiz\/\" \/>\n<meta property=\"article:modified_time\" content=\"2023-09-15T09:34:39+00:00\" \/>\n<meta name=\"twitter:card\" content=\"summary_large_image\" \/>\n<meta name=\"twitter:label1\" content=\"Est. reading time\" \/>\n\t<meta name=\"twitter:data1\" content=\"1 minute\" \/>\n<script type=\"application\/ld+json\" class=\"yoast-schema-graph\">{\"@context\":\"https:\/\/schema.org\",\"@graph\":[{\"@type\":\"WebPage\",\"@id\":\"https:\/\/dev.interpharma.animalwelfare.bertastrasse1.ch\/fr\/sujets\/experiences-du-degre-de-gravite-3\/3-une-legislation-severe-protege-la-dignite-animale\/\",\"url\":\"https:\/\/dev.interpharma.animalwelfare.bertastrasse1.ch\/fr\/sujets\/experiences-du-degre-de-gravite-3\/3-une-legislation-severe-protege-la-dignite-animale\/\",\"name\":\"3. Une l\u00e9gislation s\u00e9v\u00e8re prot\u00e8ge la dignit\u00e9 animale - Centre didactique en biotechnologie\",\"isPartOf\":{\"@id\":\"https:\/\/dev.interpharma.animalwelfare.bertastrasse1.ch\/fr\/#website\"},\"datePublished\":\"2023-09-15T09:33:03+00:00\",\"dateModified\":\"2023-09-15T09:34:39+00:00\",\"breadcrumb\":{\"@id\":\"https:\/\/dev.interpharma.animalwelfare.bertastrasse1.ch\/fr\/sujets\/experiences-du-degre-de-gravite-3\/3-une-legislation-severe-protege-la-dignite-animale\/#breadcrumb\"},\"inLanguage\":\"fr-FR\",\"potentialAction\":[{\"@type\":\"ReadAction\",\"target\":[\"https:\/\/dev.interpharma.animalwelfare.bertastrasse1.ch\/fr\/sujets\/experiences-du-degre-de-gravite-3\/3-une-legislation-severe-protege-la-dignite-animale\/\"]}]},{\"@type\":\"BreadcrumbList\",\"@id\":\"https:\/\/dev.interpharma.animalwelfare.bertastrasse1.ch\/fr\/sujets\/experiences-du-degre-de-gravite-3\/3-une-legislation-severe-protege-la-dignite-animale\/#breadcrumb\",\"itemListElement\":[{\"@type\":\"ListItem\",\"position\":1,\"name\":\"Interpharma\",\"item\":\"https:\/\/dev.interpharma.animalwelfare.bertastrasse1.ch\/fr\/\"},{\"@type\":\"ListItem\",\"position\":2,\"name\":\"Sujets\",\"item\":\"https:\/\/dev.interpharma.animalwelfare.bertastrasse1.ch\/fr\/sujets\/\"},{\"@type\":\"ListItem\",\"position\":3,\"name\":\"Exp\u00e9riences du degr\u00e9 de gravit\u00e9 3\",\"item\":\"https:\/\/dev.interpharma.animalwelfare.bertastrasse1.ch\/fr\/sujets\/experiences-du-degre-de-gravite-3\/\"},{\"@type\":\"ListItem\",\"position\":4,\"name\":\"3. Une l\u00e9gislation s\u00e9v\u00e8re prot\u00e8ge la dignit\u00e9 animale\"}]},{\"@type\":\"WebSite\",\"@id\":\"https:\/\/dev.interpharma.animalwelfare.bertastrasse1.ch\/fr\/#website\",\"url\":\"https:\/\/dev.interpharma.animalwelfare.bertastrasse1.ch\/fr\/\",\"name\":\"Centre didactique en biotechnologie\",\"description\":\"Interpharma Biotech Learning CenterMat\u00e9riel d'information issu de la recherche biologique et m\u00e9dicale moderne\",\"publisher\":{\"@id\":\"https:\/\/dev.interpharma.animalwelfare.bertastrasse1.ch\/fr\/#organization\"},\"potentialAction\":[{\"@type\":\"SearchAction\",\"target\":{\"@type\":\"EntryPoint\",\"urlTemplate\":\"https:\/\/dev.interpharma.animalwelfare.bertastrasse1.ch\/fr\/?s={search_term_string}\"},\"query-input\":\"required name=search_term_string\"}],\"inLanguage\":\"fr-FR\"},{\"@type\":\"Organization\",\"@id\":\"https:\/\/dev.interpharma.animalwelfare.bertastrasse1.ch\/fr\/#organization\",\"name\":\"Interpharma\",\"url\":\"https:\/\/dev.interpharma.animalwelfare.bertastrasse1.ch\/fr\/\",\"logo\":{\"@type\":\"ImageObject\",\"inLanguage\":\"fr-FR\",\"@id\":\"https:\/\/dev.interpharma.animalwelfare.bertastrasse1.ch\/fr\/#\/schema\/logo\/image\/\",\"url\":\"https:\/\/dev.interpharma.animalwelfare.bertastrasse1.ch\/wp-content\/uploads\/2019\/11\/logo_header.png\",\"contentUrl\":\"https:\/\/dev.interpharma.animalwelfare.bertastrasse1.ch\/wp-content\/uploads\/2019\/11\/logo_header.png\",\"width\":370,\"height\":56,\"caption\":\"Interpharma\"},\"image\":{\"@id\":\"https:\/\/dev.interpharma.animalwelfare.bertastrasse1.ch\/fr\/#\/schema\/logo\/image\/\"},\"sameAs\":[\"https:\/\/www.facebook.com\/vorsprungschweiz\/\",\"https:\/\/ch.linkedin.com\/company\/interpharma\",\"https:\/\/de.wikipedia.org\/wiki\/Interpharma\"]}]}<\/script>\n<!-- \/ Yoast SEO plugin. -->","yoast_head_json":{"title":"3. Une l\u00e9gislation s\u00e9v\u00e8re prot\u00e8ge la dignit\u00e9 animale - Centre didactique en biotechnologie","robots":{"index":"noindex","follow":"follow","max-snippet":"max-snippet:-1","max-image-preview":"max-image-preview:large","max-video-preview":"max-video-preview:-1"},"og_locale":"fr_FR","og_type":"article","og_title":"3. Une l\u00e9gislation s\u00e9v\u00e8re prot\u00e8ge la dignit\u00e9 animale - Centre didactique en biotechnologie","og_description":"La Suisse dispose de l\u2019une des lois sur la protection des animauxles plus s\u00e9v\u00e8res au monde. Une exp\u00e9rience sur animauxn\u2019est autoris\u00e9e que s\u2019il n\u2019y a pas d\u2019alternative reconnue. Lapes\u00e9e \u00e9thique des int\u00e9r\u00eats est obligatoire et doit pencher duc\u00f4t\u00e9 du b\u00e9n\u00e9fice attendu par rapport aux contraintes impos\u00e9esaux animaux. Dans le cas contraire, l\u2019exp\u00e9rience n\u2019estpas autoris\u00e9e. La [&hellip;]","og_url":"https:\/\/dev.interpharma.animalwelfare.bertastrasse1.ch\/fr\/sujets\/experiences-du-degre-de-gravite-3\/3-une-legislation-severe-protege-la-dignite-animale\/","og_site_name":"Centre didactique en biotechnologie","article_publisher":"https:\/\/www.facebook.com\/vorsprungschweiz\/","article_modified_time":"2023-09-15T09:34:39+00:00","twitter_card":"summary_large_image","twitter_misc":{"Est. reading time":"1 minute"},"schema":{"@context":"https:\/\/schema.org","@graph":[{"@type":"WebPage","@id":"https:\/\/dev.interpharma.animalwelfare.bertastrasse1.ch\/fr\/sujets\/experiences-du-degre-de-gravite-3\/3-une-legislation-severe-protege-la-dignite-animale\/","url":"https:\/\/dev.interpharma.animalwelfare.bertastrasse1.ch\/fr\/sujets\/experiences-du-degre-de-gravite-3\/3-une-legislation-severe-protege-la-dignite-animale\/","name":"3. Une l\u00e9gislation s\u00e9v\u00e8re prot\u00e8ge la dignit\u00e9 animale - Centre didactique en biotechnologie","isPartOf":{"@id":"https:\/\/dev.interpharma.animalwelfare.bertastrasse1.ch\/fr\/#website"},"datePublished":"2023-09-15T09:33:03+00:00","dateModified":"2023-09-15T09:34:39+00:00","breadcrumb":{"@id":"https:\/\/dev.interpharma.animalwelfare.bertastrasse1.ch\/fr\/sujets\/experiences-du-degre-de-gravite-3\/3-une-legislation-severe-protege-la-dignite-animale\/#breadcrumb"},"inLanguage":"fr-FR","potentialAction":[{"@type":"ReadAction","target":["https:\/\/dev.interpharma.animalwelfare.bertastrasse1.ch\/fr\/sujets\/experiences-du-degre-de-gravite-3\/3-une-legislation-severe-protege-la-dignite-animale\/"]}]},{"@type":"BreadcrumbList","@id":"https:\/\/dev.interpharma.animalwelfare.bertastrasse1.ch\/fr\/sujets\/experiences-du-degre-de-gravite-3\/3-une-legislation-severe-protege-la-dignite-animale\/#breadcrumb","itemListElement":[{"@type":"ListItem","position":1,"name":"Interpharma","item":"https:\/\/dev.interpharma.animalwelfare.bertastrasse1.ch\/fr\/"},{"@type":"ListItem","position":2,"name":"Sujets","item":"https:\/\/dev.interpharma.animalwelfare.bertastrasse1.ch\/fr\/sujets\/"},{"@type":"ListItem","position":3,"name":"Exp\u00e9riences du degr\u00e9 de gravit\u00e9 3","item":"https:\/\/dev.interpharma.animalwelfare.bertastrasse1.ch\/fr\/sujets\/experiences-du-degre-de-gravite-3\/"},{"@type":"ListItem","position":4,"name":"3. Une l\u00e9gislation s\u00e9v\u00e8re prot\u00e8ge la dignit\u00e9 animale"}]},{"@type":"WebSite","@id":"https:\/\/dev.interpharma.animalwelfare.bertastrasse1.ch\/fr\/#website","url":"https:\/\/dev.interpharma.animalwelfare.bertastrasse1.ch\/fr\/","name":"Centre didactique en biotechnologie","description":"Interpharma Biotech Learning CenterMat\u00e9riel d'information issu de la recherche biologique et m\u00e9dicale moderne","publisher":{"@id":"https:\/\/dev.interpharma.animalwelfare.bertastrasse1.ch\/fr\/#organization"},"potentialAction":[{"@type":"SearchAction","target":{"@type":"EntryPoint","urlTemplate":"https:\/\/dev.interpharma.animalwelfare.bertastrasse1.ch\/fr\/?s={search_term_string}"},"query-input":"required name=search_term_string"}],"inLanguage":"fr-FR"},{"@type":"Organization","@id":"https:\/\/dev.interpharma.animalwelfare.bertastrasse1.ch\/fr\/#organization","name":"Interpharma","url":"https:\/\/dev.interpharma.animalwelfare.bertastrasse1.ch\/fr\/","logo":{"@type":"ImageObject","inLanguage":"fr-FR","@id":"https:\/\/dev.interpharma.animalwelfare.bertastrasse1.ch\/fr\/#\/schema\/logo\/image\/","url":"https:\/\/dev.interpharma.animalwelfare.bertastrasse1.ch\/wp-content\/uploads\/2019\/11\/logo_header.png","contentUrl":"https:\/\/dev.interpharma.animalwelfare.bertastrasse1.ch\/wp-content\/uploads\/2019\/11\/logo_header.png","width":370,"height":56,"caption":"Interpharma"},"image":{"@id":"https:\/\/dev.interpharma.animalwelfare.bertastrasse1.ch\/fr\/#\/schema\/logo\/image\/"},"sameAs":["https:\/\/www.facebook.com\/vorsprungschweiz\/","https:\/\/ch.linkedin.com\/company\/interpharma","https:\/\/de.wikipedia.org\/wiki\/Interpharma"]}]}},"_links":{"self":[{"href":"https:\/\/dev.interpharma.animalwelfare.bertastrasse1.ch\/fr\/wp-json\/wp\/v2\/pages\/8844"}],"collection":[{"href":"https:\/\/dev.interpharma.animalwelfare.bertastrasse1.ch\/fr\/wp-json\/wp\/v2\/pages"}],"about":[{"href":"https:\/\/dev.interpharma.animalwelfare.bertastrasse1.ch\/fr\/wp-json\/wp\/v2\/types\/page"}],"author":[{"embeddable":true,"href":"https:\/\/dev.interpharma.animalwelfare.bertastrasse1.ch\/fr\/wp-json\/wp\/v2\/users\/1"}],"replies":[{"embeddable":true,"href":"https:\/\/dev.interpharma.animalwelfare.bertastrasse1.ch\/fr\/wp-json\/wp\/v2\/comments?post=8844"}],"version-history":[{"count":1,"href":"https:\/\/dev.interpharma.animalwelfare.bertastrasse1.ch\/fr\/wp-json\/wp\/v2\/pages\/8844\/revisions"}],"predecessor-version":[{"id":8853,"href":"https:\/\/dev.interpharma.animalwelfare.bertastrasse1.ch\/fr\/wp-json\/wp\/v2\/pages\/8844\/revisions\/8853"}],"up":[{"embeddable":true,"href":"https:\/\/dev.interpharma.animalwelfare.bertastrasse1.ch\/fr\/wp-json\/wp\/v2\/pages\/8839"}],"wp:attachment":[{"href":"https:\/\/dev.interpharma.animalwelfare.bertastrasse1.ch\/fr\/wp-json\/wp\/v2\/media?parent=8844"}],"curies":[{"name":"wp","href":"https:\/\/api.w.org\/{rel}","templated":true}]}}