{"id":8818,"date":"2023-09-15T09:26:33","date_gmt":"2023-09-15T09:26:33","guid":{"rendered":"https:\/\/dev.interpharma.animalwelfare.bertastrasse1.ch\/sujets\/ensemble-contre-la-covid-19-2\/4-developpement-dun-vaccin-en-un-temps-record\/"},"modified":"2023-09-15T09:29:36","modified_gmt":"2023-09-15T09:29:36","slug":"4-implication-des-universitaires-agir-ensemble-a-lechelon-international","status":"publish","type":"page","link":"https:\/\/dev.interpharma.animalwelfare.bertastrasse1.ch\/fr\/sujets\/la-charte-pour-la-protection-des-animaux-a-dix-ans\/4-implication-des-universitaires-agir-ensemble-a-lechelon-international\/","title":{"rendered":"4. Implication des universitaires: agir ensemble \u00e0 l\u2019\u00e9chelon international"},"content":{"rendered":"\n<p>La Charte pour la protection des animaux de l\u2019industrie pharmaceutique a repr\u00e9sent\u00e9 un jalon, \u00e9galement reconnu comme r\u00e9f\u00e9rence par les milieux de la recherche universitaire. La charte a profond\u00e9ment influenc\u00e9 la formulation des principes et objectifs de la D\u00e9claration de B\u00e2le, un appel des milieux universitaires \u00e0 plus de confiance, de transparence et de communication dans la recherche utilisant des animaux. La D\u00e9claration de B\u00e2le a \u00e9t\u00e9 adopt\u00e9e le 29 novembre 2010 dans le cadre de la premi\u00e8re conf\u00e9rence de B\u00e2le \u00abResearch at a crossroads\u00bb. De m\u00eame que la D\u00e9claration d\u2019Helsinki formule les principes \u00e9thiques de la recherche clinique sur l\u2019\u00eatre humain, la \u00abBasel Declaration Society\u00bb entend contribuer \u00e0 faire appliquer dans le monde entier les principes \u00e9thiques tels que ceux des 3R dans la recherche impliquant des exp\u00e9riences sur animaux. Les premiers signataires de la d\u00e9claration \u00e9taient plus de 60 chercheuses et chercheurs de hautes \u00e9coles suisses, britanniques, fran\u00e7aises et su\u00e9doises. Entre-temps, plus de 4 700 repr\u00e9sentant-e-s de la recherche universitaire de 65 pays ont sign\u00e9 la D\u00e9claration de B\u00e2le. Ensemble, la Charte pour la protection des animaux et la D\u00e9claration de B\u00e2le ont un symbole important pour la promotion du bien-\u00eatre des animaux de laboratoire dans la recherche biom\u00e9dicale industrielle et universitaire. La diffusion internationale de cet engagement volontaire des milieux industriels et universitaires est tr\u00e8s importante car, contrairement \u00e0 la Suisse et \u00e0 l\u2019Europe, nombre d\u2019autres pays n\u2019ont pas de l\u00e9gislation, ou une l\u00e9gislation insuffisante sur la recherche utilisant des animaux.<\/p>\n","protected":false},"excerpt":{"rendered":"<p>La Charte pour la protection des animaux de l\u2019industrie pharmaceutique a repr\u00e9sent\u00e9 un jalon, \u00e9galement reconnu comme r\u00e9f\u00e9rence par les milieux de la recherche universitaire. La charte a profond\u00e9ment influenc\u00e9 la formulation des principes et objectifs de la D\u00e9claration de B\u00e2le, un appel des milieux universitaires \u00e0 plus de confiance, de transparence et de communication [&hellip;]<\/p>\n","protected":false},"author":1,"featured_media":0,"parent":8814,"menu_order":3,"comment_status":"closed","ping_status":"closed","template":"page-templates\/themen-under-seite.php","meta":{"footnotes":""},"acf":[],"yoast_head":"<!-- This site is optimized with the Yoast SEO plugin v21.5 - https:\/\/yoast.com\/wordpress\/plugins\/seo\/ -->\n<title>4. Implication des universitaires: agir ensemble \u00e0 l\u2019\u00e9chelon international - Centre didactique en biotechnologie<\/title>\n<meta name=\"robots\" content=\"noindex, follow, max-snippet:-1, max-image-preview:large, max-video-preview:-1\" \/>\n<meta property=\"og:locale\" content=\"fr_FR\" \/>\n<meta property=\"og:type\" content=\"article\" \/>\n<meta property=\"og:title\" content=\"4. Implication des universitaires: agir ensemble \u00e0 l\u2019\u00e9chelon international - Centre didactique en biotechnologie\" \/>\n<meta property=\"og:description\" content=\"La Charte pour la protection des animaux de l\u2019industrie pharmaceutique a repr\u00e9sent\u00e9 un jalon, \u00e9galement reconnu comme r\u00e9f\u00e9rence par les milieux de la recherche universitaire. La charte a profond\u00e9ment influenc\u00e9 la formulation des principes et objectifs de la D\u00e9claration de B\u00e2le, un appel des milieux universitaires \u00e0 plus de confiance, de transparence et de communication [&hellip;]\" \/>\n<meta property=\"og:url\" content=\"https:\/\/dev.interpharma.animalwelfare.bertastrasse1.ch\/fr\/sujets\/la-charte-pour-la-protection-des-animaux-a-dix-ans\/4-implication-des-universitaires-agir-ensemble-a-lechelon-international\/\" \/>\n<meta property=\"og:site_name\" content=\"Centre didactique en biotechnologie\" \/>\n<meta property=\"article:publisher\" content=\"https:\/\/www.facebook.com\/vorsprungschweiz\/\" \/>\n<meta property=\"article:modified_time\" content=\"2023-09-15T09:29:36+00:00\" \/>\n<meta name=\"twitter:card\" content=\"summary_large_image\" \/>\n<meta name=\"twitter:label1\" content=\"Est. reading time\" \/>\n\t<meta name=\"twitter:data1\" content=\"2 minutes\" \/>\n<script type=\"application\/ld+json\" class=\"yoast-schema-graph\">{\"@context\":\"https:\/\/schema.org\",\"@graph\":[{\"@type\":\"WebPage\",\"@id\":\"https:\/\/dev.interpharma.animalwelfare.bertastrasse1.ch\/fr\/sujets\/la-charte-pour-la-protection-des-animaux-a-dix-ans\/4-implication-des-universitaires-agir-ensemble-a-lechelon-international\/\",\"url\":\"https:\/\/dev.interpharma.animalwelfare.bertastrasse1.ch\/fr\/sujets\/la-charte-pour-la-protection-des-animaux-a-dix-ans\/4-implication-des-universitaires-agir-ensemble-a-lechelon-international\/\",\"name\":\"4. Implication des universitaires: agir ensemble \u00e0 l\u2019\u00e9chelon international - Centre didactique en biotechnologie\",\"isPartOf\":{\"@id\":\"https:\/\/dev.interpharma.animalwelfare.bertastrasse1.ch\/fr\/#website\"},\"datePublished\":\"2023-09-15T09:26:33+00:00\",\"dateModified\":\"2023-09-15T09:29:36+00:00\",\"breadcrumb\":{\"@id\":\"https:\/\/dev.interpharma.animalwelfare.bertastrasse1.ch\/fr\/sujets\/la-charte-pour-la-protection-des-animaux-a-dix-ans\/4-implication-des-universitaires-agir-ensemble-a-lechelon-international\/#breadcrumb\"},\"inLanguage\":\"fr-FR\",\"potentialAction\":[{\"@type\":\"ReadAction\",\"target\":[\"https:\/\/dev.interpharma.animalwelfare.bertastrasse1.ch\/fr\/sujets\/la-charte-pour-la-protection-des-animaux-a-dix-ans\/4-implication-des-universitaires-agir-ensemble-a-lechelon-international\/\"]}]},{\"@type\":\"BreadcrumbList\",\"@id\":\"https:\/\/dev.interpharma.animalwelfare.bertastrasse1.ch\/fr\/sujets\/la-charte-pour-la-protection-des-animaux-a-dix-ans\/4-implication-des-universitaires-agir-ensemble-a-lechelon-international\/#breadcrumb\",\"itemListElement\":[{\"@type\":\"ListItem\",\"position\":1,\"name\":\"Interpharma\",\"item\":\"https:\/\/dev.interpharma.animalwelfare.bertastrasse1.ch\/fr\/\"},{\"@type\":\"ListItem\",\"position\":2,\"name\":\"Sujets\",\"item\":\"https:\/\/dev.interpharma.animalwelfare.bertastrasse1.ch\/fr\/sujets\/\"},{\"@type\":\"ListItem\",\"position\":3,\"name\":\"La Charte pour la protection des animaux a dix ans\",\"item\":\"https:\/\/dev.interpharma.animalwelfare.bertastrasse1.ch\/fr\/sujets\/la-charte-pour-la-protection-des-animaux-a-dix-ans\/\"},{\"@type\":\"ListItem\",\"position\":4,\"name\":\"4. Implication des universitaires: agir ensemble \u00e0 l\u2019\u00e9chelon international\"}]},{\"@type\":\"WebSite\",\"@id\":\"https:\/\/dev.interpharma.animalwelfare.bertastrasse1.ch\/fr\/#website\",\"url\":\"https:\/\/dev.interpharma.animalwelfare.bertastrasse1.ch\/fr\/\",\"name\":\"Centre didactique en biotechnologie\",\"description\":\"Interpharma Biotech Learning CenterMat\u00e9riel d'information issu de la recherche biologique et m\u00e9dicale moderne\",\"publisher\":{\"@id\":\"https:\/\/dev.interpharma.animalwelfare.bertastrasse1.ch\/fr\/#organization\"},\"potentialAction\":[{\"@type\":\"SearchAction\",\"target\":{\"@type\":\"EntryPoint\",\"urlTemplate\":\"https:\/\/dev.interpharma.animalwelfare.bertastrasse1.ch\/fr\/?s={search_term_string}\"},\"query-input\":\"required name=search_term_string\"}],\"inLanguage\":\"fr-FR\"},{\"@type\":\"Organization\",\"@id\":\"https:\/\/dev.interpharma.animalwelfare.bertastrasse1.ch\/fr\/#organization\",\"name\":\"Interpharma\",\"url\":\"https:\/\/dev.interpharma.animalwelfare.bertastrasse1.ch\/fr\/\",\"logo\":{\"@type\":\"ImageObject\",\"inLanguage\":\"fr-FR\",\"@id\":\"https:\/\/dev.interpharma.animalwelfare.bertastrasse1.ch\/fr\/#\/schema\/logo\/image\/\",\"url\":\"https:\/\/dev.interpharma.animalwelfare.bertastrasse1.ch\/wp-content\/uploads\/2019\/11\/logo_header.png\",\"contentUrl\":\"https:\/\/dev.interpharma.animalwelfare.bertastrasse1.ch\/wp-content\/uploads\/2019\/11\/logo_header.png\",\"width\":370,\"height\":56,\"caption\":\"Interpharma\"},\"image\":{\"@id\":\"https:\/\/dev.interpharma.animalwelfare.bertastrasse1.ch\/fr\/#\/schema\/logo\/image\/\"},\"sameAs\":[\"https:\/\/www.facebook.com\/vorsprungschweiz\/\",\"https:\/\/ch.linkedin.com\/company\/interpharma\",\"https:\/\/de.wikipedia.org\/wiki\/Interpharma\"]}]}<\/script>\n<!-- \/ Yoast SEO plugin. -->","yoast_head_json":{"title":"4. Implication des universitaires: agir ensemble \u00e0 l\u2019\u00e9chelon international - Centre didactique en biotechnologie","robots":{"index":"noindex","follow":"follow","max-snippet":"max-snippet:-1","max-image-preview":"max-image-preview:large","max-video-preview":"max-video-preview:-1"},"og_locale":"fr_FR","og_type":"article","og_title":"4. Implication des universitaires: agir ensemble \u00e0 l\u2019\u00e9chelon international - Centre didactique en biotechnologie","og_description":"La Charte pour la protection des animaux de l\u2019industrie pharmaceutique a repr\u00e9sent\u00e9 un jalon, \u00e9galement reconnu comme r\u00e9f\u00e9rence par les milieux de la recherche universitaire. La charte a profond\u00e9ment influenc\u00e9 la formulation des principes et objectifs de la D\u00e9claration de B\u00e2le, un appel des milieux universitaires \u00e0 plus de confiance, de transparence et de communication [&hellip;]","og_url":"https:\/\/dev.interpharma.animalwelfare.bertastrasse1.ch\/fr\/sujets\/la-charte-pour-la-protection-des-animaux-a-dix-ans\/4-implication-des-universitaires-agir-ensemble-a-lechelon-international\/","og_site_name":"Centre didactique en biotechnologie","article_publisher":"https:\/\/www.facebook.com\/vorsprungschweiz\/","article_modified_time":"2023-09-15T09:29:36+00:00","twitter_card":"summary_large_image","twitter_misc":{"Est. reading time":"2 minutes"},"schema":{"@context":"https:\/\/schema.org","@graph":[{"@type":"WebPage","@id":"https:\/\/dev.interpharma.animalwelfare.bertastrasse1.ch\/fr\/sujets\/la-charte-pour-la-protection-des-animaux-a-dix-ans\/4-implication-des-universitaires-agir-ensemble-a-lechelon-international\/","url":"https:\/\/dev.interpharma.animalwelfare.bertastrasse1.ch\/fr\/sujets\/la-charte-pour-la-protection-des-animaux-a-dix-ans\/4-implication-des-universitaires-agir-ensemble-a-lechelon-international\/","name":"4. Implication des universitaires: agir ensemble \u00e0 l\u2019\u00e9chelon international - Centre didactique en biotechnologie","isPartOf":{"@id":"https:\/\/dev.interpharma.animalwelfare.bertastrasse1.ch\/fr\/#website"},"datePublished":"2023-09-15T09:26:33+00:00","dateModified":"2023-09-15T09:29:36+00:00","breadcrumb":{"@id":"https:\/\/dev.interpharma.animalwelfare.bertastrasse1.ch\/fr\/sujets\/la-charte-pour-la-protection-des-animaux-a-dix-ans\/4-implication-des-universitaires-agir-ensemble-a-lechelon-international\/#breadcrumb"},"inLanguage":"fr-FR","potentialAction":[{"@type":"ReadAction","target":["https:\/\/dev.interpharma.animalwelfare.bertastrasse1.ch\/fr\/sujets\/la-charte-pour-la-protection-des-animaux-a-dix-ans\/4-implication-des-universitaires-agir-ensemble-a-lechelon-international\/"]}]},{"@type":"BreadcrumbList","@id":"https:\/\/dev.interpharma.animalwelfare.bertastrasse1.ch\/fr\/sujets\/la-charte-pour-la-protection-des-animaux-a-dix-ans\/4-implication-des-universitaires-agir-ensemble-a-lechelon-international\/#breadcrumb","itemListElement":[{"@type":"ListItem","position":1,"name":"Interpharma","item":"https:\/\/dev.interpharma.animalwelfare.bertastrasse1.ch\/fr\/"},{"@type":"ListItem","position":2,"name":"Sujets","item":"https:\/\/dev.interpharma.animalwelfare.bertastrasse1.ch\/fr\/sujets\/"},{"@type":"ListItem","position":3,"name":"La Charte pour la protection des animaux a dix ans","item":"https:\/\/dev.interpharma.animalwelfare.bertastrasse1.ch\/fr\/sujets\/la-charte-pour-la-protection-des-animaux-a-dix-ans\/"},{"@type":"ListItem","position":4,"name":"4. Implication des universitaires: agir ensemble \u00e0 l\u2019\u00e9chelon international"}]},{"@type":"WebSite","@id":"https:\/\/dev.interpharma.animalwelfare.bertastrasse1.ch\/fr\/#website","url":"https:\/\/dev.interpharma.animalwelfare.bertastrasse1.ch\/fr\/","name":"Centre didactique en biotechnologie","description":"Interpharma Biotech Learning CenterMat\u00e9riel d'information issu de la recherche biologique et m\u00e9dicale moderne","publisher":{"@id":"https:\/\/dev.interpharma.animalwelfare.bertastrasse1.ch\/fr\/#organization"},"potentialAction":[{"@type":"SearchAction","target":{"@type":"EntryPoint","urlTemplate":"https:\/\/dev.interpharma.animalwelfare.bertastrasse1.ch\/fr\/?s={search_term_string}"},"query-input":"required name=search_term_string"}],"inLanguage":"fr-FR"},{"@type":"Organization","@id":"https:\/\/dev.interpharma.animalwelfare.bertastrasse1.ch\/fr\/#organization","name":"Interpharma","url":"https:\/\/dev.interpharma.animalwelfare.bertastrasse1.ch\/fr\/","logo":{"@type":"ImageObject","inLanguage":"fr-FR","@id":"https:\/\/dev.interpharma.animalwelfare.bertastrasse1.ch\/fr\/#\/schema\/logo\/image\/","url":"https:\/\/dev.interpharma.animalwelfare.bertastrasse1.ch\/wp-content\/uploads\/2019\/11\/logo_header.png","contentUrl":"https:\/\/dev.interpharma.animalwelfare.bertastrasse1.ch\/wp-content\/uploads\/2019\/11\/logo_header.png","width":370,"height":56,"caption":"Interpharma"},"image":{"@id":"https:\/\/dev.interpharma.animalwelfare.bertastrasse1.ch\/fr\/#\/schema\/logo\/image\/"},"sameAs":["https:\/\/www.facebook.com\/vorsprungschweiz\/","https:\/\/ch.linkedin.com\/company\/interpharma","https:\/\/de.wikipedia.org\/wiki\/Interpharma"]}]}},"_links":{"self":[{"href":"https:\/\/dev.interpharma.animalwelfare.bertastrasse1.ch\/fr\/wp-json\/wp\/v2\/pages\/8818"}],"collection":[{"href":"https:\/\/dev.interpharma.animalwelfare.bertastrasse1.ch\/fr\/wp-json\/wp\/v2\/pages"}],"about":[{"href":"https:\/\/dev.interpharma.animalwelfare.bertastrasse1.ch\/fr\/wp-json\/wp\/v2\/types\/page"}],"author":[{"embeddable":true,"href":"https:\/\/dev.interpharma.animalwelfare.bertastrasse1.ch\/fr\/wp-json\/wp\/v2\/users\/1"}],"replies":[{"embeddable":true,"href":"https:\/\/dev.interpharma.animalwelfare.bertastrasse1.ch\/fr\/wp-json\/wp\/v2\/comments?post=8818"}],"version-history":[{"count":1,"href":"https:\/\/dev.interpharma.animalwelfare.bertastrasse1.ch\/fr\/wp-json\/wp\/v2\/pages\/8818\/revisions"}],"predecessor-version":[{"id":8831,"href":"https:\/\/dev.interpharma.animalwelfare.bertastrasse1.ch\/fr\/wp-json\/wp\/v2\/pages\/8818\/revisions\/8831"}],"up":[{"embeddable":true,"href":"https:\/\/dev.interpharma.animalwelfare.bertastrasse1.ch\/fr\/wp-json\/wp\/v2\/pages\/8814"}],"wp:attachment":[{"href":"https:\/\/dev.interpharma.animalwelfare.bertastrasse1.ch\/fr\/wp-json\/wp\/v2\/media?parent=8818"}],"curies":[{"name":"wp","href":"https:\/\/api.w.org\/{rel}","templated":true}]}}