{"id":8810,"date":"2023-09-15T09:24:14","date_gmt":"2023-09-15T09:24:14","guid":{"rendered":"https:\/\/dev.interpharma.animalwelfare.bertastrasse1.ch\/sujets\/ensemble-contre-la-covid-19\/6-assurer-la-securite-dapprovisionnement-2\/"},"modified":"2023-09-15T09:30:45","modified_gmt":"2023-09-15T09:30:45","slug":"6-alternatives-prometteuses","status":"publish","type":"page","link":"https:\/\/dev.interpharma.animalwelfare.bertastrasse1.ch\/fr\/sujets\/la-charte-pour-la-protection-des-animaux-a-dix-ans\/6-alternatives-prometteuses\/","title":{"rendered":"6. Alternatives prometteuses"},"content":{"rendered":"\n<p>Que pouvons-nous attendre de la Charte pour la protection des animaux dans les dix ann\u00e9es \u00e0 venir? De nouvelles technologies num\u00e9riques renferment un potentiel consid\u00e9rable pour poursuivre la r\u00e9duction, l\u2019am\u00e9lioration et le remplacement des exp\u00e9riences sur animaux. D\u00e8s aujourd\u2019hui, des mod\u00e8les informatiques de simulation permettent de r\u00e9pondre \u00e0 de nombreuses questions sur les nouvelles substances actives. Les m\u00e9thodes in vitro, comme, par exemple, la technologie \u00aborgans on a chip\u00bb, sont \u00e9galement prometteuses: il s\u2019agit de fabriquer des organes miniatures artificiels \u00e0 partir de cellules souches et de les placer sur de petites plaques \u00e9lectroniques, les puces, pour imiter l\u2019int\u00e9rieur du corps humain. Ces puces permettent de contr\u00f4ler \u00e0 un stade pr\u00e9coce l\u2019efficacit\u00e9 et la toxicit\u00e9 de substances actives candidates. Cette technologie en est encore \u00e0 ses d\u00e9buts, on ne peut actuellement relier sur la puce que quatre ou cinq organes, c\u2019est-\u00e0-dire un nombre infime par rapport \u00e0 un organisme humain complet. Il faut donc que les technologies num\u00e9riques fassent encore des progr\u00e8s avant de pouvoir \u00eatre de v\u00e9ritables alternatives pour le d\u00e9veloppement de m\u00e9dicaments. Mais elles suscitent beaucoup d\u2019int\u00e9r\u00eat. La recherche de m\u00e9thodes de substitution est avantageuse pour les animaux, mais aussi pour les entreprises, car elles sont en g\u00e9n\u00e9ral moins on\u00e9reuses et plus faciles \u00e0 standardiser que les mod\u00e8les animaux. De m\u00eame, dans l\u2019h\u00e9bergement des animaux de laboratoire, on emploie de plus en plus souvent des syst\u00e8mes \u00e9lectroniques innovants qui am\u00e9liorent le bien-\u00eatre des animaux et fournissent en m\u00eame temps des donn\u00e9es plus compl\u00e8tes et plus pertinentes pour les chercheuses et chercheurs. M\u00eame si on ne peut pas s\u2019attendre \u00e0 ce qu\u2019ils remplacent l\u2019exp\u00e9rimentation animale dans un avenir proche, ils repr\u00e9sentent une perspective positive pour le bien-\u00eatre animal et le progr\u00e8s scientifique.<\/p>\n","protected":false},"excerpt":{"rendered":"<p>Que pouvons-nous attendre de la Charte pour la protection des animaux dans les dix ann\u00e9es \u00e0 venir? De nouvelles technologies num\u00e9riques renferment un potentiel consid\u00e9rable pour poursuivre la r\u00e9duction, l\u2019am\u00e9lioration et le remplacement des exp\u00e9riences sur animaux. D\u00e8s aujourd\u2019hui, des mod\u00e8les informatiques de simulation permettent de r\u00e9pondre \u00e0 de nombreuses questions sur les nouvelles substances [&hellip;]<\/p>\n","protected":false},"author":1,"featured_media":0,"parent":8814,"menu_order":5,"comment_status":"closed","ping_status":"closed","template":"page-templates\/themen-under-seite.php","meta":{"footnotes":""},"acf":[],"yoast_head":"<!-- This site is optimized with the Yoast SEO plugin v21.5 - https:\/\/yoast.com\/wordpress\/plugins\/seo\/ -->\n<title>6. Alternatives prometteuses - Centre didactique en biotechnologie<\/title>\n<meta name=\"robots\" content=\"noindex, follow, max-snippet:-1, max-image-preview:large, max-video-preview:-1\" \/>\n<meta property=\"og:locale\" content=\"fr_FR\" \/>\n<meta property=\"og:type\" content=\"article\" \/>\n<meta property=\"og:title\" content=\"6. Alternatives prometteuses - Centre didactique en biotechnologie\" \/>\n<meta property=\"og:description\" content=\"Que pouvons-nous attendre de la Charte pour la protection des animaux dans les dix ann\u00e9es \u00e0 venir? De nouvelles technologies num\u00e9riques renferment un potentiel consid\u00e9rable pour poursuivre la r\u00e9duction, l\u2019am\u00e9lioration et le remplacement des exp\u00e9riences sur animaux. D\u00e8s aujourd\u2019hui, des mod\u00e8les informatiques de simulation permettent de r\u00e9pondre \u00e0 de nombreuses questions sur les nouvelles substances [&hellip;]\" \/>\n<meta property=\"og:url\" content=\"https:\/\/dev.interpharma.animalwelfare.bertastrasse1.ch\/fr\/sujets\/la-charte-pour-la-protection-des-animaux-a-dix-ans\/6-alternatives-prometteuses\/\" \/>\n<meta property=\"og:site_name\" content=\"Centre didactique en biotechnologie\" \/>\n<meta property=\"article:publisher\" content=\"https:\/\/www.facebook.com\/vorsprungschweiz\/\" \/>\n<meta property=\"article:modified_time\" content=\"2023-09-15T09:30:45+00:00\" \/>\n<meta name=\"twitter:card\" content=\"summary_large_image\" \/>\n<meta name=\"twitter:label1\" content=\"Est. reading time\" \/>\n\t<meta name=\"twitter:data1\" content=\"2 minutes\" \/>\n<script type=\"application\/ld+json\" class=\"yoast-schema-graph\">{\"@context\":\"https:\/\/schema.org\",\"@graph\":[{\"@type\":\"WebPage\",\"@id\":\"https:\/\/dev.interpharma.animalwelfare.bertastrasse1.ch\/fr\/sujets\/la-charte-pour-la-protection-des-animaux-a-dix-ans\/6-alternatives-prometteuses\/\",\"url\":\"https:\/\/dev.interpharma.animalwelfare.bertastrasse1.ch\/fr\/sujets\/la-charte-pour-la-protection-des-animaux-a-dix-ans\/6-alternatives-prometteuses\/\",\"name\":\"6. Alternatives prometteuses - Centre didactique en biotechnologie\",\"isPartOf\":{\"@id\":\"https:\/\/dev.interpharma.animalwelfare.bertastrasse1.ch\/fr\/#website\"},\"datePublished\":\"2023-09-15T09:24:14+00:00\",\"dateModified\":\"2023-09-15T09:30:45+00:00\",\"breadcrumb\":{\"@id\":\"https:\/\/dev.interpharma.animalwelfare.bertastrasse1.ch\/fr\/sujets\/la-charte-pour-la-protection-des-animaux-a-dix-ans\/6-alternatives-prometteuses\/#breadcrumb\"},\"inLanguage\":\"fr-FR\",\"potentialAction\":[{\"@type\":\"ReadAction\",\"target\":[\"https:\/\/dev.interpharma.animalwelfare.bertastrasse1.ch\/fr\/sujets\/la-charte-pour-la-protection-des-animaux-a-dix-ans\/6-alternatives-prometteuses\/\"]}]},{\"@type\":\"BreadcrumbList\",\"@id\":\"https:\/\/dev.interpharma.animalwelfare.bertastrasse1.ch\/fr\/sujets\/la-charte-pour-la-protection-des-animaux-a-dix-ans\/6-alternatives-prometteuses\/#breadcrumb\",\"itemListElement\":[{\"@type\":\"ListItem\",\"position\":1,\"name\":\"Interpharma\",\"item\":\"https:\/\/dev.interpharma.animalwelfare.bertastrasse1.ch\/fr\/\"},{\"@type\":\"ListItem\",\"position\":2,\"name\":\"Sujets\",\"item\":\"https:\/\/dev.interpharma.animalwelfare.bertastrasse1.ch\/fr\/sujets\/\"},{\"@type\":\"ListItem\",\"position\":3,\"name\":\"Ensemble contre la COVID-19\",\"item\":\"https:\/\/dev.interpharma.animalwelfare.bertastrasse1.ch\/fr\/sujets\/ensemble-contre-la-covid-19\/\"},{\"@type\":\"ListItem\",\"position\":4,\"name\":\"6. Alternatives prometteuses\"}]},{\"@type\":\"WebSite\",\"@id\":\"https:\/\/dev.interpharma.animalwelfare.bertastrasse1.ch\/fr\/#website\",\"url\":\"https:\/\/dev.interpharma.animalwelfare.bertastrasse1.ch\/fr\/\",\"name\":\"Centre didactique en biotechnologie\",\"description\":\"Interpharma Biotech Learning CenterMat\u00e9riel d'information issu de la recherche biologique et m\u00e9dicale moderne\",\"publisher\":{\"@id\":\"https:\/\/dev.interpharma.animalwelfare.bertastrasse1.ch\/fr\/#organization\"},\"potentialAction\":[{\"@type\":\"SearchAction\",\"target\":{\"@type\":\"EntryPoint\",\"urlTemplate\":\"https:\/\/dev.interpharma.animalwelfare.bertastrasse1.ch\/fr\/?s={search_term_string}\"},\"query-input\":\"required name=search_term_string\"}],\"inLanguage\":\"fr-FR\"},{\"@type\":\"Organization\",\"@id\":\"https:\/\/dev.interpharma.animalwelfare.bertastrasse1.ch\/fr\/#organization\",\"name\":\"Interpharma\",\"url\":\"https:\/\/dev.interpharma.animalwelfare.bertastrasse1.ch\/fr\/\",\"logo\":{\"@type\":\"ImageObject\",\"inLanguage\":\"fr-FR\",\"@id\":\"https:\/\/dev.interpharma.animalwelfare.bertastrasse1.ch\/fr\/#\/schema\/logo\/image\/\",\"url\":\"https:\/\/dev.interpharma.animalwelfare.bertastrasse1.ch\/wp-content\/uploads\/2019\/11\/logo_header.png\",\"contentUrl\":\"https:\/\/dev.interpharma.animalwelfare.bertastrasse1.ch\/wp-content\/uploads\/2019\/11\/logo_header.png\",\"width\":370,\"height\":56,\"caption\":\"Interpharma\"},\"image\":{\"@id\":\"https:\/\/dev.interpharma.animalwelfare.bertastrasse1.ch\/fr\/#\/schema\/logo\/image\/\"},\"sameAs\":[\"https:\/\/www.facebook.com\/vorsprungschweiz\/\",\"https:\/\/ch.linkedin.com\/company\/interpharma\",\"https:\/\/de.wikipedia.org\/wiki\/Interpharma\"]}]}<\/script>\n<!-- \/ Yoast SEO plugin. -->","yoast_head_json":{"title":"6. Alternatives prometteuses - Centre didactique en biotechnologie","robots":{"index":"noindex","follow":"follow","max-snippet":"max-snippet:-1","max-image-preview":"max-image-preview:large","max-video-preview":"max-video-preview:-1"},"og_locale":"fr_FR","og_type":"article","og_title":"6. Alternatives prometteuses - Centre didactique en biotechnologie","og_description":"Que pouvons-nous attendre de la Charte pour la protection des animaux dans les dix ann\u00e9es \u00e0 venir? De nouvelles technologies num\u00e9riques renferment un potentiel consid\u00e9rable pour poursuivre la r\u00e9duction, l\u2019am\u00e9lioration et le remplacement des exp\u00e9riences sur animaux. D\u00e8s aujourd\u2019hui, des mod\u00e8les informatiques de simulation permettent de r\u00e9pondre \u00e0 de nombreuses questions sur les nouvelles substances [&hellip;]","og_url":"https:\/\/dev.interpharma.animalwelfare.bertastrasse1.ch\/fr\/sujets\/la-charte-pour-la-protection-des-animaux-a-dix-ans\/6-alternatives-prometteuses\/","og_site_name":"Centre didactique en biotechnologie","article_publisher":"https:\/\/www.facebook.com\/vorsprungschweiz\/","article_modified_time":"2023-09-15T09:30:45+00:00","twitter_card":"summary_large_image","twitter_misc":{"Est. reading time":"2 minutes"},"schema":{"@context":"https:\/\/schema.org","@graph":[{"@type":"WebPage","@id":"https:\/\/dev.interpharma.animalwelfare.bertastrasse1.ch\/fr\/sujets\/la-charte-pour-la-protection-des-animaux-a-dix-ans\/6-alternatives-prometteuses\/","url":"https:\/\/dev.interpharma.animalwelfare.bertastrasse1.ch\/fr\/sujets\/la-charte-pour-la-protection-des-animaux-a-dix-ans\/6-alternatives-prometteuses\/","name":"6. Alternatives prometteuses - Centre didactique en biotechnologie","isPartOf":{"@id":"https:\/\/dev.interpharma.animalwelfare.bertastrasse1.ch\/fr\/#website"},"datePublished":"2023-09-15T09:24:14+00:00","dateModified":"2023-09-15T09:30:45+00:00","breadcrumb":{"@id":"https:\/\/dev.interpharma.animalwelfare.bertastrasse1.ch\/fr\/sujets\/la-charte-pour-la-protection-des-animaux-a-dix-ans\/6-alternatives-prometteuses\/#breadcrumb"},"inLanguage":"fr-FR","potentialAction":[{"@type":"ReadAction","target":["https:\/\/dev.interpharma.animalwelfare.bertastrasse1.ch\/fr\/sujets\/la-charte-pour-la-protection-des-animaux-a-dix-ans\/6-alternatives-prometteuses\/"]}]},{"@type":"BreadcrumbList","@id":"https:\/\/dev.interpharma.animalwelfare.bertastrasse1.ch\/fr\/sujets\/la-charte-pour-la-protection-des-animaux-a-dix-ans\/6-alternatives-prometteuses\/#breadcrumb","itemListElement":[{"@type":"ListItem","position":1,"name":"Interpharma","item":"https:\/\/dev.interpharma.animalwelfare.bertastrasse1.ch\/fr\/"},{"@type":"ListItem","position":2,"name":"Sujets","item":"https:\/\/dev.interpharma.animalwelfare.bertastrasse1.ch\/fr\/sujets\/"},{"@type":"ListItem","position":3,"name":"Ensemble contre la COVID-19","item":"https:\/\/dev.interpharma.animalwelfare.bertastrasse1.ch\/fr\/sujets\/ensemble-contre-la-covid-19\/"},{"@type":"ListItem","position":4,"name":"6. Alternatives prometteuses"}]},{"@type":"WebSite","@id":"https:\/\/dev.interpharma.animalwelfare.bertastrasse1.ch\/fr\/#website","url":"https:\/\/dev.interpharma.animalwelfare.bertastrasse1.ch\/fr\/","name":"Centre didactique en biotechnologie","description":"Interpharma Biotech Learning CenterMat\u00e9riel d'information issu de la recherche biologique et m\u00e9dicale moderne","publisher":{"@id":"https:\/\/dev.interpharma.animalwelfare.bertastrasse1.ch\/fr\/#organization"},"potentialAction":[{"@type":"SearchAction","target":{"@type":"EntryPoint","urlTemplate":"https:\/\/dev.interpharma.animalwelfare.bertastrasse1.ch\/fr\/?s={search_term_string}"},"query-input":"required name=search_term_string"}],"inLanguage":"fr-FR"},{"@type":"Organization","@id":"https:\/\/dev.interpharma.animalwelfare.bertastrasse1.ch\/fr\/#organization","name":"Interpharma","url":"https:\/\/dev.interpharma.animalwelfare.bertastrasse1.ch\/fr\/","logo":{"@type":"ImageObject","inLanguage":"fr-FR","@id":"https:\/\/dev.interpharma.animalwelfare.bertastrasse1.ch\/fr\/#\/schema\/logo\/image\/","url":"https:\/\/dev.interpharma.animalwelfare.bertastrasse1.ch\/wp-content\/uploads\/2019\/11\/logo_header.png","contentUrl":"https:\/\/dev.interpharma.animalwelfare.bertastrasse1.ch\/wp-content\/uploads\/2019\/11\/logo_header.png","width":370,"height":56,"caption":"Interpharma"},"image":{"@id":"https:\/\/dev.interpharma.animalwelfare.bertastrasse1.ch\/fr\/#\/schema\/logo\/image\/"},"sameAs":["https:\/\/www.facebook.com\/vorsprungschweiz\/","https:\/\/ch.linkedin.com\/company\/interpharma","https:\/\/de.wikipedia.org\/wiki\/Interpharma"]}]}},"_links":{"self":[{"href":"https:\/\/dev.interpharma.animalwelfare.bertastrasse1.ch\/fr\/wp-json\/wp\/v2\/pages\/8810"}],"collection":[{"href":"https:\/\/dev.interpharma.animalwelfare.bertastrasse1.ch\/fr\/wp-json\/wp\/v2\/pages"}],"about":[{"href":"https:\/\/dev.interpharma.animalwelfare.bertastrasse1.ch\/fr\/wp-json\/wp\/v2\/types\/page"}],"author":[{"embeddable":true,"href":"https:\/\/dev.interpharma.animalwelfare.bertastrasse1.ch\/fr\/wp-json\/wp\/v2\/users\/1"}],"replies":[{"embeddable":true,"href":"https:\/\/dev.interpharma.animalwelfare.bertastrasse1.ch\/fr\/wp-json\/wp\/v2\/comments?post=8810"}],"version-history":[{"count":2,"href":"https:\/\/dev.interpharma.animalwelfare.bertastrasse1.ch\/fr\/wp-json\/wp\/v2\/pages\/8810\/revisions"}],"predecessor-version":[{"id":8834,"href":"https:\/\/dev.interpharma.animalwelfare.bertastrasse1.ch\/fr\/wp-json\/wp\/v2\/pages\/8810\/revisions\/8834"}],"up":[{"embeddable":true,"href":"https:\/\/dev.interpharma.animalwelfare.bertastrasse1.ch\/fr\/wp-json\/wp\/v2\/pages\/8814"}],"wp:attachment":[{"href":"https:\/\/dev.interpharma.animalwelfare.bertastrasse1.ch\/fr\/wp-json\/wp\/v2\/media?parent=8810"}],"curies":[{"name":"wp","href":"https:\/\/api.w.org\/{rel}","templated":true}]}}