{"id":8798,"date":"2023-09-15T09:20:18","date_gmt":"2023-09-15T09:20:18","guid":{"rendered":"https:\/\/dev.interpharma.animalwelfare.bertastrasse1.ch\/sujets\/interdiction-de-lexperimentation-animale-aux-pays-bas-2\/6-la-strategie-des-3r-montre-la-voie\/"},"modified":"2023-09-15T09:23:32","modified_gmt":"2023-09-15T09:23:32","slug":"6-assurer-la-securite-dapprovisionnement","status":"publish","type":"page","link":"https:\/\/dev.interpharma.animalwelfare.bertastrasse1.ch\/fr\/sujets\/ensemble-contre-la-covid-19\/6-assurer-la-securite-dapprovisionnement\/","title":{"rendered":"6. Assurer la s\u00e9curit\u00e9 d\u2019approvisionnement"},"content":{"rendered":"\n<p>Sans exp\u00e9riences sur animaux, le d\u00e9veloppement de nouveaux m\u00e9dicaments et vaccins serait tout simplement impossible et on ne pourrait donc pas ma\u00eetriser la pand\u00e9mie de COVID-19. L\u2019initiative \u00abOui \u00e0 l\u2019interdiction de l\u2019exp\u00e9rimentation animale et humaine\u00bb (cf. digression en p. 7) met donc non seulement en danger la Suisse en tant que place de recherche, mais aussi la s\u00e9curit\u00e9 des patient-e-s et leur acc\u00e8s aux vaccins et m\u00e9dicaments. Pour que l\u2019industrie pharmaceutique suisse pratiquant la recherche puisse participer \u00e0 des coop\u00e9rations de recherche internationales et d\u00e9velopper des m\u00e9dicaments et vaccins efficaces contre le virus SARS-CoV-2, des conditions cadres ouvertes sont indispensables. Il en va de m\u00eame de l\u2019approvisionnement en m\u00e9dicaments et produits diagnostiques contre d\u2019autres maladies potentiellement mortelles dont de nombreuses personnes ont besoin en Suisse, y compris pendant la crise actuelle. Il ne peut \u00eatre assur\u00e9 que si les cha\u00eenes de livraison mondiales sont maintenues. Pour les membres d\u2019Interpharma, la s\u00e9curit\u00e9 d\u2019approvisionnement est une priorit\u00e9 majeure.<\/p>\n","protected":false},"excerpt":{"rendered":"<p>Sans exp\u00e9riences sur animaux, le d\u00e9veloppement de nouveaux m\u00e9dicaments et vaccins serait tout simplement impossible et on ne pourrait donc pas ma\u00eetriser la pand\u00e9mie de COVID-19. L\u2019initiative \u00abOui \u00e0 l\u2019interdiction de l\u2019exp\u00e9rimentation animale et humaine\u00bb (cf. digression en p. 7) met donc non seulement en danger la Suisse en tant que place de recherche, mais [&hellip;]<\/p>\n","protected":false},"author":21,"featured_media":0,"parent":8793,"menu_order":5,"comment_status":"closed","ping_status":"closed","template":"page-templates\/themen-under-seite.php","meta":{"footnotes":""},"acf":[],"yoast_head":"<!-- This site is optimized with the Yoast SEO plugin v21.5 - https:\/\/yoast.com\/wordpress\/plugins\/seo\/ -->\n<title>6. Assurer la s\u00e9curit\u00e9 d\u2019approvisionnement - Centre didactique en biotechnologie<\/title>\n<meta name=\"robots\" content=\"noindex, follow, max-snippet:-1, max-image-preview:large, max-video-preview:-1\" \/>\n<meta property=\"og:locale\" content=\"fr_FR\" \/>\n<meta property=\"og:type\" content=\"article\" \/>\n<meta property=\"og:title\" content=\"6. Assurer la s\u00e9curit\u00e9 d\u2019approvisionnement - Centre didactique en biotechnologie\" \/>\n<meta property=\"og:description\" content=\"Sans exp\u00e9riences sur animaux, le d\u00e9veloppement de nouveaux m\u00e9dicaments et vaccins serait tout simplement impossible et on ne pourrait donc pas ma\u00eetriser la pand\u00e9mie de COVID-19. L\u2019initiative \u00abOui \u00e0 l\u2019interdiction de l\u2019exp\u00e9rimentation animale et humaine\u00bb (cf. digression en p. 7) met donc non seulement en danger la Suisse en tant que place de recherche, mais [&hellip;]\" \/>\n<meta property=\"og:url\" content=\"https:\/\/dev.interpharma.animalwelfare.bertastrasse1.ch\/fr\/sujets\/ensemble-contre-la-covid-19\/6-assurer-la-securite-dapprovisionnement\/\" \/>\n<meta property=\"og:site_name\" content=\"Centre didactique en biotechnologie\" \/>\n<meta property=\"article:publisher\" content=\"https:\/\/www.facebook.com\/vorsprungschweiz\/\" \/>\n<meta property=\"article:modified_time\" content=\"2023-09-15T09:23:32+00:00\" \/>\n<meta name=\"twitter:card\" content=\"summary_large_image\" \/>\n<meta name=\"twitter:label1\" content=\"Est. reading time\" \/>\n\t<meta name=\"twitter:data1\" content=\"1 minute\" \/>\n<script type=\"application\/ld+json\" class=\"yoast-schema-graph\">{\"@context\":\"https:\/\/schema.org\",\"@graph\":[{\"@type\":\"WebPage\",\"@id\":\"https:\/\/dev.interpharma.animalwelfare.bertastrasse1.ch\/fr\/sujets\/ensemble-contre-la-covid-19\/6-assurer-la-securite-dapprovisionnement\/\",\"url\":\"https:\/\/dev.interpharma.animalwelfare.bertastrasse1.ch\/fr\/sujets\/ensemble-contre-la-covid-19\/6-assurer-la-securite-dapprovisionnement\/\",\"name\":\"6. Assurer la s\u00e9curit\u00e9 d\u2019approvisionnement - Centre didactique en biotechnologie\",\"isPartOf\":{\"@id\":\"https:\/\/dev.interpharma.animalwelfare.bertastrasse1.ch\/fr\/#website\"},\"datePublished\":\"2023-09-15T09:20:18+00:00\",\"dateModified\":\"2023-09-15T09:23:32+00:00\",\"breadcrumb\":{\"@id\":\"https:\/\/dev.interpharma.animalwelfare.bertastrasse1.ch\/fr\/sujets\/ensemble-contre-la-covid-19\/6-assurer-la-securite-dapprovisionnement\/#breadcrumb\"},\"inLanguage\":\"fr-FR\",\"potentialAction\":[{\"@type\":\"ReadAction\",\"target\":[\"https:\/\/dev.interpharma.animalwelfare.bertastrasse1.ch\/fr\/sujets\/ensemble-contre-la-covid-19\/6-assurer-la-securite-dapprovisionnement\/\"]}]},{\"@type\":\"BreadcrumbList\",\"@id\":\"https:\/\/dev.interpharma.animalwelfare.bertastrasse1.ch\/fr\/sujets\/ensemble-contre-la-covid-19\/6-assurer-la-securite-dapprovisionnement\/#breadcrumb\",\"itemListElement\":[{\"@type\":\"ListItem\",\"position\":1,\"name\":\"Interpharma\",\"item\":\"https:\/\/dev.interpharma.animalwelfare.bertastrasse1.ch\/fr\/\"},{\"@type\":\"ListItem\",\"position\":2,\"name\":\"Sujets\",\"item\":\"https:\/\/dev.interpharma.animalwelfare.bertastrasse1.ch\/fr\/sujets\/\"},{\"@type\":\"ListItem\",\"position\":3,\"name\":\"Ensemble contre la COVID-19\",\"item\":\"https:\/\/dev.interpharma.animalwelfare.bertastrasse1.ch\/fr\/sujets\/ensemble-contre-la-covid-19\/\"},{\"@type\":\"ListItem\",\"position\":4,\"name\":\"6. Assurer la s\u00e9curit\u00e9 d\u2019approvisionnement\"}]},{\"@type\":\"WebSite\",\"@id\":\"https:\/\/dev.interpharma.animalwelfare.bertastrasse1.ch\/fr\/#website\",\"url\":\"https:\/\/dev.interpharma.animalwelfare.bertastrasse1.ch\/fr\/\",\"name\":\"Centre didactique en biotechnologie\",\"description\":\"Interpharma Biotech Learning CenterMat\u00e9riel d'information issu de la recherche biologique et m\u00e9dicale moderne\",\"publisher\":{\"@id\":\"https:\/\/dev.interpharma.animalwelfare.bertastrasse1.ch\/fr\/#organization\"},\"potentialAction\":[{\"@type\":\"SearchAction\",\"target\":{\"@type\":\"EntryPoint\",\"urlTemplate\":\"https:\/\/dev.interpharma.animalwelfare.bertastrasse1.ch\/fr\/?s={search_term_string}\"},\"query-input\":\"required name=search_term_string\"}],\"inLanguage\":\"fr-FR\"},{\"@type\":\"Organization\",\"@id\":\"https:\/\/dev.interpharma.animalwelfare.bertastrasse1.ch\/fr\/#organization\",\"name\":\"Interpharma\",\"url\":\"https:\/\/dev.interpharma.animalwelfare.bertastrasse1.ch\/fr\/\",\"logo\":{\"@type\":\"ImageObject\",\"inLanguage\":\"fr-FR\",\"@id\":\"https:\/\/dev.interpharma.animalwelfare.bertastrasse1.ch\/fr\/#\/schema\/logo\/image\/\",\"url\":\"https:\/\/dev.interpharma.animalwelfare.bertastrasse1.ch\/wp-content\/uploads\/2019\/11\/logo_header.png\",\"contentUrl\":\"https:\/\/dev.interpharma.animalwelfare.bertastrasse1.ch\/wp-content\/uploads\/2019\/11\/logo_header.png\",\"width\":370,\"height\":56,\"caption\":\"Interpharma\"},\"image\":{\"@id\":\"https:\/\/dev.interpharma.animalwelfare.bertastrasse1.ch\/fr\/#\/schema\/logo\/image\/\"},\"sameAs\":[\"https:\/\/www.facebook.com\/vorsprungschweiz\/\",\"https:\/\/ch.linkedin.com\/company\/interpharma\",\"https:\/\/de.wikipedia.org\/wiki\/Interpharma\"]}]}<\/script>\n<!-- \/ Yoast SEO plugin. -->","yoast_head_json":{"title":"6. Assurer la s\u00e9curit\u00e9 d\u2019approvisionnement - Centre didactique en biotechnologie","robots":{"index":"noindex","follow":"follow","max-snippet":"max-snippet:-1","max-image-preview":"max-image-preview:large","max-video-preview":"max-video-preview:-1"},"og_locale":"fr_FR","og_type":"article","og_title":"6. Assurer la s\u00e9curit\u00e9 d\u2019approvisionnement - Centre didactique en biotechnologie","og_description":"Sans exp\u00e9riences sur animaux, le d\u00e9veloppement de nouveaux m\u00e9dicaments et vaccins serait tout simplement impossible et on ne pourrait donc pas ma\u00eetriser la pand\u00e9mie de COVID-19. L\u2019initiative \u00abOui \u00e0 l\u2019interdiction de l\u2019exp\u00e9rimentation animale et humaine\u00bb (cf. digression en p. 7) met donc non seulement en danger la Suisse en tant que place de recherche, mais [&hellip;]","og_url":"https:\/\/dev.interpharma.animalwelfare.bertastrasse1.ch\/fr\/sujets\/ensemble-contre-la-covid-19\/6-assurer-la-securite-dapprovisionnement\/","og_site_name":"Centre didactique en biotechnologie","article_publisher":"https:\/\/www.facebook.com\/vorsprungschweiz\/","article_modified_time":"2023-09-15T09:23:32+00:00","twitter_card":"summary_large_image","twitter_misc":{"Est. reading time":"1 minute"},"schema":{"@context":"https:\/\/schema.org","@graph":[{"@type":"WebPage","@id":"https:\/\/dev.interpharma.animalwelfare.bertastrasse1.ch\/fr\/sujets\/ensemble-contre-la-covid-19\/6-assurer-la-securite-dapprovisionnement\/","url":"https:\/\/dev.interpharma.animalwelfare.bertastrasse1.ch\/fr\/sujets\/ensemble-contre-la-covid-19\/6-assurer-la-securite-dapprovisionnement\/","name":"6. Assurer la s\u00e9curit\u00e9 d\u2019approvisionnement - Centre didactique en biotechnologie","isPartOf":{"@id":"https:\/\/dev.interpharma.animalwelfare.bertastrasse1.ch\/fr\/#website"},"datePublished":"2023-09-15T09:20:18+00:00","dateModified":"2023-09-15T09:23:32+00:00","breadcrumb":{"@id":"https:\/\/dev.interpharma.animalwelfare.bertastrasse1.ch\/fr\/sujets\/ensemble-contre-la-covid-19\/6-assurer-la-securite-dapprovisionnement\/#breadcrumb"},"inLanguage":"fr-FR","potentialAction":[{"@type":"ReadAction","target":["https:\/\/dev.interpharma.animalwelfare.bertastrasse1.ch\/fr\/sujets\/ensemble-contre-la-covid-19\/6-assurer-la-securite-dapprovisionnement\/"]}]},{"@type":"BreadcrumbList","@id":"https:\/\/dev.interpharma.animalwelfare.bertastrasse1.ch\/fr\/sujets\/ensemble-contre-la-covid-19\/6-assurer-la-securite-dapprovisionnement\/#breadcrumb","itemListElement":[{"@type":"ListItem","position":1,"name":"Interpharma","item":"https:\/\/dev.interpharma.animalwelfare.bertastrasse1.ch\/fr\/"},{"@type":"ListItem","position":2,"name":"Sujets","item":"https:\/\/dev.interpharma.animalwelfare.bertastrasse1.ch\/fr\/sujets\/"},{"@type":"ListItem","position":3,"name":"Ensemble contre la COVID-19","item":"https:\/\/dev.interpharma.animalwelfare.bertastrasse1.ch\/fr\/sujets\/ensemble-contre-la-covid-19\/"},{"@type":"ListItem","position":4,"name":"6. Assurer la s\u00e9curit\u00e9 d\u2019approvisionnement"}]},{"@type":"WebSite","@id":"https:\/\/dev.interpharma.animalwelfare.bertastrasse1.ch\/fr\/#website","url":"https:\/\/dev.interpharma.animalwelfare.bertastrasse1.ch\/fr\/","name":"Centre didactique en biotechnologie","description":"Interpharma Biotech Learning CenterMat\u00e9riel d'information issu de la recherche biologique et m\u00e9dicale moderne","publisher":{"@id":"https:\/\/dev.interpharma.animalwelfare.bertastrasse1.ch\/fr\/#organization"},"potentialAction":[{"@type":"SearchAction","target":{"@type":"EntryPoint","urlTemplate":"https:\/\/dev.interpharma.animalwelfare.bertastrasse1.ch\/fr\/?s={search_term_string}"},"query-input":"required name=search_term_string"}],"inLanguage":"fr-FR"},{"@type":"Organization","@id":"https:\/\/dev.interpharma.animalwelfare.bertastrasse1.ch\/fr\/#organization","name":"Interpharma","url":"https:\/\/dev.interpharma.animalwelfare.bertastrasse1.ch\/fr\/","logo":{"@type":"ImageObject","inLanguage":"fr-FR","@id":"https:\/\/dev.interpharma.animalwelfare.bertastrasse1.ch\/fr\/#\/schema\/logo\/image\/","url":"https:\/\/dev.interpharma.animalwelfare.bertastrasse1.ch\/wp-content\/uploads\/2019\/11\/logo_header.png","contentUrl":"https:\/\/dev.interpharma.animalwelfare.bertastrasse1.ch\/wp-content\/uploads\/2019\/11\/logo_header.png","width":370,"height":56,"caption":"Interpharma"},"image":{"@id":"https:\/\/dev.interpharma.animalwelfare.bertastrasse1.ch\/fr\/#\/schema\/logo\/image\/"},"sameAs":["https:\/\/www.facebook.com\/vorsprungschweiz\/","https:\/\/ch.linkedin.com\/company\/interpharma","https:\/\/de.wikipedia.org\/wiki\/Interpharma"]}]}},"_links":{"self":[{"href":"https:\/\/dev.interpharma.animalwelfare.bertastrasse1.ch\/fr\/wp-json\/wp\/v2\/pages\/8798"}],"collection":[{"href":"https:\/\/dev.interpharma.animalwelfare.bertastrasse1.ch\/fr\/wp-json\/wp\/v2\/pages"}],"about":[{"href":"https:\/\/dev.interpharma.animalwelfare.bertastrasse1.ch\/fr\/wp-json\/wp\/v2\/types\/page"}],"author":[{"embeddable":true,"href":"https:\/\/dev.interpharma.animalwelfare.bertastrasse1.ch\/fr\/wp-json\/wp\/v2\/users\/21"}],"replies":[{"embeddable":true,"href":"https:\/\/dev.interpharma.animalwelfare.bertastrasse1.ch\/fr\/wp-json\/wp\/v2\/comments?post=8798"}],"version-history":[{"count":1,"href":"https:\/\/dev.interpharma.animalwelfare.bertastrasse1.ch\/fr\/wp-json\/wp\/v2\/pages\/8798\/revisions"}],"predecessor-version":[{"id":8809,"href":"https:\/\/dev.interpharma.animalwelfare.bertastrasse1.ch\/fr\/wp-json\/wp\/v2\/pages\/8798\/revisions\/8809"}],"up":[{"embeddable":true,"href":"https:\/\/dev.interpharma.animalwelfare.bertastrasse1.ch\/fr\/wp-json\/wp\/v2\/pages\/8793"}],"wp:attachment":[{"href":"https:\/\/dev.interpharma.animalwelfare.bertastrasse1.ch\/fr\/wp-json\/wp\/v2\/media?parent=8798"}],"curies":[{"name":"wp","href":"https:\/\/api.w.org\/{rel}","templated":true}]}}