{"id":8797,"date":"2023-09-15T09:20:18","date_gmt":"2023-09-15T09:20:18","guid":{"rendered":"https:\/\/dev.interpharma.animalwelfare.bertastrasse1.ch\/sujets\/interdiction-de-lexperimentation-animale-aux-pays-bas-2\/4-lhistoire-des-3r\/"},"modified":"2023-09-15T09:22:58","modified_gmt":"2023-09-15T09:22:58","slug":"4-developpement-dun-vaccin-en-un-temps-record","status":"publish","type":"page","link":"https:\/\/dev.interpharma.animalwelfare.bertastrasse1.ch\/fr\/sujets\/ensemble-contre-la-covid-19\/4-developpement-dun-vaccin-en-un-temps-record\/","title":{"rendered":"4. D\u00e9veloppement d\u2019un vaccin en un temps record"},"content":{"rendered":"\n<p>Normalement, il faut compter 6 \u00e0 15 ans avant qu\u2019un nouveauvaccin soit pr\u00eat \u00e0 \u00eatre mis sur le march\u00e9. Le d\u00e9veloppementd\u2019un vaccin est un processus extr\u00eamement complexe (cf.illustration en p. 4-5). Mais dans la lutte contre la COVID-19,de l\u2019avis d\u2019experts, ce d\u00e9lai pourrait \u00eatre r\u00e9duit \u00e0 entre 12et 18 mois. Comment est-il possible de d\u00e9velopper un vaccinaussi rapidement? L\u2019\u00e9l\u00e9ment d\u00e9cisif est l\u2019\u00e9change sanspr\u00e9c\u00e9dent entre l\u2019industrie pharmaceutique et des partenairesuniversitaires dans le cadre d\u2019alliances mondiales et de projetsenglobant diff\u00e9rentes entreprises. Ensemble, les entreprisesont pu mobiliser rapidement des capacit\u00e9s de recherche etde production suppl\u00e9mentaires et sont en mesure de combinerplusieurs phases d\u2019essais cliniques. C\u2019est ainsi que, fin juillet,l\u2019Organisation mondiale de la Sant\u00e9 d\u00e9nombrait d\u00e9j\u00e0165 candidats vaccins (139 en phase pr\u00e9clinique et 26 enphase clinique). Plusieurs projets de membres d\u2019Interpharmaen font partie: Johnson &amp; Johnson a d\u00e9marr\u00e9 enjuillet un essai de phase 1 avec son entreprise Janssenet le site de vaccins de celle-ci \u00e0 Berne.<\/p>\n\n\n\n<p>D\u2019autres entreprises qui travaillent sur des candidats vaccins prometteurs sont par exemple AstraZeneca en coop\u00e9ration avec l\u2019Universit\u00e9 d\u2019Oxford, Sanofi et GSK, Merck &amp; Co., ainsi que Pfizer en coop\u00e9ration avec l\u2019entreprise biotechnologique allemande BioNTech. Un autre point important dans ce processus sont les interactions avec les gouvernements et les autorit\u00e9s. Une autorisation de mise sur le march\u00e9 acc\u00e9l\u00e9r\u00e9e permettra de gagner encore du temps dans la lutte contre la COVID-19.<\/p>\n","protected":false},"excerpt":{"rendered":"<p>Normalement, il faut compter 6 \u00e0 15 ans avant qu\u2019un nouveauvaccin soit pr\u00eat \u00e0 \u00eatre mis sur le march\u00e9. Le d\u00e9veloppementd\u2019un vaccin est un processus extr\u00eamement complexe (cf.illustration en p. 4-5). Mais dans la lutte contre la COVID-19,de l\u2019avis d\u2019experts, ce d\u00e9lai pourrait \u00eatre r\u00e9duit \u00e0 entre 12et 18 mois. Comment est-il possible de d\u00e9velopper [&hellip;]<\/p>\n","protected":false},"author":21,"featured_media":0,"parent":8793,"menu_order":3,"comment_status":"closed","ping_status":"closed","template":"page-templates\/themen-under-seite.php","meta":{"footnotes":""},"acf":[],"yoast_head":"<!-- This site is optimized with the Yoast SEO plugin v21.5 - https:\/\/yoast.com\/wordpress\/plugins\/seo\/ -->\n<title>4. D\u00e9veloppement d\u2019un vaccin en un temps record - Centre didactique en biotechnologie<\/title>\n<meta name=\"robots\" content=\"noindex, follow, max-snippet:-1, max-image-preview:large, max-video-preview:-1\" \/>\n<meta property=\"og:locale\" content=\"fr_FR\" \/>\n<meta property=\"og:type\" content=\"article\" \/>\n<meta property=\"og:title\" content=\"4. D\u00e9veloppement d\u2019un vaccin en un temps record - Centre didactique en biotechnologie\" \/>\n<meta property=\"og:description\" content=\"Normalement, il faut compter 6 \u00e0 15 ans avant qu\u2019un nouveauvaccin soit pr\u00eat \u00e0 \u00eatre mis sur le march\u00e9. Le d\u00e9veloppementd\u2019un vaccin est un processus extr\u00eamement complexe (cf.illustration en p. 4-5). Mais dans la lutte contre la COVID-19,de l\u2019avis d\u2019experts, ce d\u00e9lai pourrait \u00eatre r\u00e9duit \u00e0 entre 12et 18 mois. Comment est-il possible de d\u00e9velopper [&hellip;]\" \/>\n<meta property=\"og:url\" content=\"https:\/\/dev.interpharma.animalwelfare.bertastrasse1.ch\/fr\/sujets\/ensemble-contre-la-covid-19\/4-developpement-dun-vaccin-en-un-temps-record\/\" \/>\n<meta property=\"og:site_name\" content=\"Centre didactique en biotechnologie\" \/>\n<meta property=\"article:publisher\" content=\"https:\/\/www.facebook.com\/vorsprungschweiz\/\" \/>\n<meta property=\"article:modified_time\" content=\"2023-09-15T09:22:58+00:00\" \/>\n<meta name=\"twitter:card\" content=\"summary_large_image\" \/>\n<meta name=\"twitter:label1\" content=\"Est. reading time\" \/>\n\t<meta name=\"twitter:data1\" content=\"2 minutes\" \/>\n<script type=\"application\/ld+json\" class=\"yoast-schema-graph\">{\"@context\":\"https:\/\/schema.org\",\"@graph\":[{\"@type\":\"WebPage\",\"@id\":\"https:\/\/dev.interpharma.animalwelfare.bertastrasse1.ch\/fr\/sujets\/ensemble-contre-la-covid-19\/4-developpement-dun-vaccin-en-un-temps-record\/\",\"url\":\"https:\/\/dev.interpharma.animalwelfare.bertastrasse1.ch\/fr\/sujets\/ensemble-contre-la-covid-19\/4-developpement-dun-vaccin-en-un-temps-record\/\",\"name\":\"4. D\u00e9veloppement d\u2019un vaccin en un temps record - Centre didactique en biotechnologie\",\"isPartOf\":{\"@id\":\"https:\/\/dev.interpharma.animalwelfare.bertastrasse1.ch\/fr\/#website\"},\"datePublished\":\"2023-09-15T09:20:18+00:00\",\"dateModified\":\"2023-09-15T09:22:58+00:00\",\"breadcrumb\":{\"@id\":\"https:\/\/dev.interpharma.animalwelfare.bertastrasse1.ch\/fr\/sujets\/ensemble-contre-la-covid-19\/4-developpement-dun-vaccin-en-un-temps-record\/#breadcrumb\"},\"inLanguage\":\"fr-FR\",\"potentialAction\":[{\"@type\":\"ReadAction\",\"target\":[\"https:\/\/dev.interpharma.animalwelfare.bertastrasse1.ch\/fr\/sujets\/ensemble-contre-la-covid-19\/4-developpement-dun-vaccin-en-un-temps-record\/\"]}]},{\"@type\":\"BreadcrumbList\",\"@id\":\"https:\/\/dev.interpharma.animalwelfare.bertastrasse1.ch\/fr\/sujets\/ensemble-contre-la-covid-19\/4-developpement-dun-vaccin-en-un-temps-record\/#breadcrumb\",\"itemListElement\":[{\"@type\":\"ListItem\",\"position\":1,\"name\":\"Interpharma\",\"item\":\"https:\/\/dev.interpharma.animalwelfare.bertastrasse1.ch\/fr\/\"},{\"@type\":\"ListItem\",\"position\":2,\"name\":\"Sujets\",\"item\":\"https:\/\/dev.interpharma.animalwelfare.bertastrasse1.ch\/fr\/sujets\/\"},{\"@type\":\"ListItem\",\"position\":3,\"name\":\"Ensemble contre la COVID-19\",\"item\":\"https:\/\/dev.interpharma.animalwelfare.bertastrasse1.ch\/fr\/sujets\/ensemble-contre-la-covid-19\/\"},{\"@type\":\"ListItem\",\"position\":4,\"name\":\"4. D\u00e9veloppement d\u2019un vaccin en un temps record\"}]},{\"@type\":\"WebSite\",\"@id\":\"https:\/\/dev.interpharma.animalwelfare.bertastrasse1.ch\/fr\/#website\",\"url\":\"https:\/\/dev.interpharma.animalwelfare.bertastrasse1.ch\/fr\/\",\"name\":\"Centre didactique en biotechnologie\",\"description\":\"Interpharma Biotech Learning CenterMat\u00e9riel d'information issu de la recherche biologique et m\u00e9dicale moderne\",\"publisher\":{\"@id\":\"https:\/\/dev.interpharma.animalwelfare.bertastrasse1.ch\/fr\/#organization\"},\"potentialAction\":[{\"@type\":\"SearchAction\",\"target\":{\"@type\":\"EntryPoint\",\"urlTemplate\":\"https:\/\/dev.interpharma.animalwelfare.bertastrasse1.ch\/fr\/?s={search_term_string}\"},\"query-input\":\"required name=search_term_string\"}],\"inLanguage\":\"fr-FR\"},{\"@type\":\"Organization\",\"@id\":\"https:\/\/dev.interpharma.animalwelfare.bertastrasse1.ch\/fr\/#organization\",\"name\":\"Interpharma\",\"url\":\"https:\/\/dev.interpharma.animalwelfare.bertastrasse1.ch\/fr\/\",\"logo\":{\"@type\":\"ImageObject\",\"inLanguage\":\"fr-FR\",\"@id\":\"https:\/\/dev.interpharma.animalwelfare.bertastrasse1.ch\/fr\/#\/schema\/logo\/image\/\",\"url\":\"https:\/\/dev.interpharma.animalwelfare.bertastrasse1.ch\/wp-content\/uploads\/2019\/11\/logo_header.png\",\"contentUrl\":\"https:\/\/dev.interpharma.animalwelfare.bertastrasse1.ch\/wp-content\/uploads\/2019\/11\/logo_header.png\",\"width\":370,\"height\":56,\"caption\":\"Interpharma\"},\"image\":{\"@id\":\"https:\/\/dev.interpharma.animalwelfare.bertastrasse1.ch\/fr\/#\/schema\/logo\/image\/\"},\"sameAs\":[\"https:\/\/www.facebook.com\/vorsprungschweiz\/\",\"https:\/\/ch.linkedin.com\/company\/interpharma\",\"https:\/\/de.wikipedia.org\/wiki\/Interpharma\"]}]}<\/script>\n<!-- \/ Yoast SEO plugin. -->","yoast_head_json":{"title":"4. D\u00e9veloppement d\u2019un vaccin en un temps record - Centre didactique en biotechnologie","robots":{"index":"noindex","follow":"follow","max-snippet":"max-snippet:-1","max-image-preview":"max-image-preview:large","max-video-preview":"max-video-preview:-1"},"og_locale":"fr_FR","og_type":"article","og_title":"4. D\u00e9veloppement d\u2019un vaccin en un temps record - Centre didactique en biotechnologie","og_description":"Normalement, il faut compter 6 \u00e0 15 ans avant qu\u2019un nouveauvaccin soit pr\u00eat \u00e0 \u00eatre mis sur le march\u00e9. Le d\u00e9veloppementd\u2019un vaccin est un processus extr\u00eamement complexe (cf.illustration en p. 4-5). Mais dans la lutte contre la COVID-19,de l\u2019avis d\u2019experts, ce d\u00e9lai pourrait \u00eatre r\u00e9duit \u00e0 entre 12et 18 mois. Comment est-il possible de d\u00e9velopper [&hellip;]","og_url":"https:\/\/dev.interpharma.animalwelfare.bertastrasse1.ch\/fr\/sujets\/ensemble-contre-la-covid-19\/4-developpement-dun-vaccin-en-un-temps-record\/","og_site_name":"Centre didactique en biotechnologie","article_publisher":"https:\/\/www.facebook.com\/vorsprungschweiz\/","article_modified_time":"2023-09-15T09:22:58+00:00","twitter_card":"summary_large_image","twitter_misc":{"Est. reading time":"2 minutes"},"schema":{"@context":"https:\/\/schema.org","@graph":[{"@type":"WebPage","@id":"https:\/\/dev.interpharma.animalwelfare.bertastrasse1.ch\/fr\/sujets\/ensemble-contre-la-covid-19\/4-developpement-dun-vaccin-en-un-temps-record\/","url":"https:\/\/dev.interpharma.animalwelfare.bertastrasse1.ch\/fr\/sujets\/ensemble-contre-la-covid-19\/4-developpement-dun-vaccin-en-un-temps-record\/","name":"4. D\u00e9veloppement d\u2019un vaccin en un temps record - Centre didactique en biotechnologie","isPartOf":{"@id":"https:\/\/dev.interpharma.animalwelfare.bertastrasse1.ch\/fr\/#website"},"datePublished":"2023-09-15T09:20:18+00:00","dateModified":"2023-09-15T09:22:58+00:00","breadcrumb":{"@id":"https:\/\/dev.interpharma.animalwelfare.bertastrasse1.ch\/fr\/sujets\/ensemble-contre-la-covid-19\/4-developpement-dun-vaccin-en-un-temps-record\/#breadcrumb"},"inLanguage":"fr-FR","potentialAction":[{"@type":"ReadAction","target":["https:\/\/dev.interpharma.animalwelfare.bertastrasse1.ch\/fr\/sujets\/ensemble-contre-la-covid-19\/4-developpement-dun-vaccin-en-un-temps-record\/"]}]},{"@type":"BreadcrumbList","@id":"https:\/\/dev.interpharma.animalwelfare.bertastrasse1.ch\/fr\/sujets\/ensemble-contre-la-covid-19\/4-developpement-dun-vaccin-en-un-temps-record\/#breadcrumb","itemListElement":[{"@type":"ListItem","position":1,"name":"Interpharma","item":"https:\/\/dev.interpharma.animalwelfare.bertastrasse1.ch\/fr\/"},{"@type":"ListItem","position":2,"name":"Sujets","item":"https:\/\/dev.interpharma.animalwelfare.bertastrasse1.ch\/fr\/sujets\/"},{"@type":"ListItem","position":3,"name":"Ensemble contre la COVID-19","item":"https:\/\/dev.interpharma.animalwelfare.bertastrasse1.ch\/fr\/sujets\/ensemble-contre-la-covid-19\/"},{"@type":"ListItem","position":4,"name":"4. D\u00e9veloppement d\u2019un vaccin en un temps record"}]},{"@type":"WebSite","@id":"https:\/\/dev.interpharma.animalwelfare.bertastrasse1.ch\/fr\/#website","url":"https:\/\/dev.interpharma.animalwelfare.bertastrasse1.ch\/fr\/","name":"Centre didactique en biotechnologie","description":"Interpharma Biotech Learning CenterMat\u00e9riel d'information issu de la recherche biologique et m\u00e9dicale moderne","publisher":{"@id":"https:\/\/dev.interpharma.animalwelfare.bertastrasse1.ch\/fr\/#organization"},"potentialAction":[{"@type":"SearchAction","target":{"@type":"EntryPoint","urlTemplate":"https:\/\/dev.interpharma.animalwelfare.bertastrasse1.ch\/fr\/?s={search_term_string}"},"query-input":"required name=search_term_string"}],"inLanguage":"fr-FR"},{"@type":"Organization","@id":"https:\/\/dev.interpharma.animalwelfare.bertastrasse1.ch\/fr\/#organization","name":"Interpharma","url":"https:\/\/dev.interpharma.animalwelfare.bertastrasse1.ch\/fr\/","logo":{"@type":"ImageObject","inLanguage":"fr-FR","@id":"https:\/\/dev.interpharma.animalwelfare.bertastrasse1.ch\/fr\/#\/schema\/logo\/image\/","url":"https:\/\/dev.interpharma.animalwelfare.bertastrasse1.ch\/wp-content\/uploads\/2019\/11\/logo_header.png","contentUrl":"https:\/\/dev.interpharma.animalwelfare.bertastrasse1.ch\/wp-content\/uploads\/2019\/11\/logo_header.png","width":370,"height":56,"caption":"Interpharma"},"image":{"@id":"https:\/\/dev.interpharma.animalwelfare.bertastrasse1.ch\/fr\/#\/schema\/logo\/image\/"},"sameAs":["https:\/\/www.facebook.com\/vorsprungschweiz\/","https:\/\/ch.linkedin.com\/company\/interpharma","https:\/\/de.wikipedia.org\/wiki\/Interpharma"]}]}},"_links":{"self":[{"href":"https:\/\/dev.interpharma.animalwelfare.bertastrasse1.ch\/fr\/wp-json\/wp\/v2\/pages\/8797"}],"collection":[{"href":"https:\/\/dev.interpharma.animalwelfare.bertastrasse1.ch\/fr\/wp-json\/wp\/v2\/pages"}],"about":[{"href":"https:\/\/dev.interpharma.animalwelfare.bertastrasse1.ch\/fr\/wp-json\/wp\/v2\/types\/page"}],"author":[{"embeddable":true,"href":"https:\/\/dev.interpharma.animalwelfare.bertastrasse1.ch\/fr\/wp-json\/wp\/v2\/users\/21"}],"replies":[{"embeddable":true,"href":"https:\/\/dev.interpharma.animalwelfare.bertastrasse1.ch\/fr\/wp-json\/wp\/v2\/comments?post=8797"}],"version-history":[{"count":1,"href":"https:\/\/dev.interpharma.animalwelfare.bertastrasse1.ch\/fr\/wp-json\/wp\/v2\/pages\/8797\/revisions"}],"predecessor-version":[{"id":8806,"href":"https:\/\/dev.interpharma.animalwelfare.bertastrasse1.ch\/fr\/wp-json\/wp\/v2\/pages\/8797\/revisions\/8806"}],"up":[{"embeddable":true,"href":"https:\/\/dev.interpharma.animalwelfare.bertastrasse1.ch\/fr\/wp-json\/wp\/v2\/pages\/8793"}],"wp:attachment":[{"href":"https:\/\/dev.interpharma.animalwelfare.bertastrasse1.ch\/fr\/wp-json\/wp\/v2\/media?parent=8797"}],"curies":[{"name":"wp","href":"https:\/\/api.w.org\/{rel}","templated":true}]}}