{"id":8178,"date":"2019-10-06T16:21:32","date_gmt":"2023-09-13T09:47:47","guid":{"rendered":"https:\/\/dev.interpharma.animalwelfare.bertastrasse1.ch\/sujets\/de-lelevage-au-laboratoire-le-bien-etre-animal-est-au-premier-plan-2-6\/1-introduciton-9-8-2-2-7-5-5\/"},"modified":"2023-09-19T14:13:06","modified_gmt":"2023-09-19T14:13:06","slug":"5-la-strategie-des-3r-montre-la-voie","status":"publish","type":"page","link":"https:\/\/dev.interpharma.animalwelfare.bertastrasse1.ch\/fr\/sujets\/interdiction-de-lexperimentation-animale-aux-pays-bas\/5-la-strategie-des-3r-montre-la-voie\/","title":{"rendered":"5. La strat\u00e9gie des 3R montre la voie"},"content":{"rendered":"\n<p>La revendication d\u2019interdire l\u2019exp\u00e9rimentation animale n\u2019est pasnouvelle. M\u00eame au plus fort de la pand\u00e9mie de COVID-19 enmars-avril 2020, des p\u00e9titions demandant l\u2019interdiction compl\u00e8tede l\u2019exp\u00e9rimentation animale ont \u00e9t\u00e9 d\u00e9pos\u00e9es aupr\u00e8sde la Commission europ\u00e9enne. Les initiants ont entre autresjustifi\u00e9 leur initiative par le fait que les Pays-Bas avaient soidisantd\u00e9j\u00e0 un calendrier d\u2019\u00e9limination de l\u2019exp\u00e9rimentation animale.Mais ce dont la communaut\u00e9 scientifique se doutaitd\u00e8s la formulation du plan de d\u00e9sengagement a \u00e9t\u00e9 confirm\u00e9plus tard par la politique: aujourd\u2019hui, les Pays-Bas n\u2019ont plusde plan concret d\u2019\u00e9limination des exp\u00e9riences sur animaux.Comme l\u2019a montr\u00e9 entre autres la pand\u00e9mie de SARS-CoV-2,l\u2019exp\u00e9rimentation animale est essentielle pour rechercher destraitements vitaux et des vaccins. De m\u00eame, s\u2019agissant descontr\u00f4les de qualit\u00e9 r\u00e9glementaires, on ne peut renoncer auxexp\u00e9riences sur animaux que s\u2019il existe des alternatives valid\u00e9es,reconnues \u00e0 l\u2019\u00e9chelon international. Un plan d\u2019abandonde l\u2019exp\u00e9rimentation animale contraignant est irr\u00e9aliste \u00e0 br\u00e8ve\u00e9ch\u00e9ance, car les alternatives, et non la volont\u00e9 de la communaut\u00e9scientifique, font d\u00e9faut. Pour finir, notons que l\u2019encouragementet la mise en oeuvre syst\u00e9matiques des principes des3R (reduce, replace, refine) sont la voie qui m\u00e8ne au but d\u2019am\u00e9liorerla qualit\u00e9 de la recherche et le bien-\u00eatre des animaux.<\/p>\n","protected":false},"excerpt":{"rendered":"<p>La revendication d\u2019interdire l\u2019exp\u00e9rimentation animale n\u2019est pasnouvelle. M\u00eame au plus fort de la pand\u00e9mie de COVID-19 enmars-avril 2020, des p\u00e9titions demandant l\u2019interdiction compl\u00e8tede l\u2019exp\u00e9rimentation animale ont \u00e9t\u00e9 d\u00e9pos\u00e9es aupr\u00e8sde la Commission europ\u00e9enne. Les initiants ont entre autresjustifi\u00e9 leur initiative par le fait que les Pays-Bas avaient soidisantd\u00e9j\u00e0 un calendrier d\u2019\u00e9limination de l\u2019exp\u00e9rimentation animale.Mais ce dont [&hellip;]<\/p>\n","protected":false},"author":1,"featured_media":0,"parent":8070,"menu_order":4,"comment_status":"closed","ping_status":"closed","template":"page-templates\/themen-under-seite.php","meta":{"footnotes":""},"acf":[],"yoast_head":"<!-- This site is optimized with the Yoast SEO plugin v21.5 - https:\/\/yoast.com\/wordpress\/plugins\/seo\/ -->\n<title>5. La strat\u00e9gie des 3R montre la voie - Centre didactique en biotechnologie<\/title>\n<meta name=\"robots\" content=\"noindex, follow, max-snippet:-1, max-image-preview:large, max-video-preview:-1\" \/>\n<meta property=\"og:locale\" content=\"fr_FR\" \/>\n<meta property=\"og:type\" content=\"article\" \/>\n<meta property=\"og:title\" content=\"5. La strat\u00e9gie des 3R montre la voie - Centre didactique en biotechnologie\" \/>\n<meta property=\"og:description\" content=\"La revendication d\u2019interdire l\u2019exp\u00e9rimentation animale n\u2019est pasnouvelle. M\u00eame au plus fort de la pand\u00e9mie de COVID-19 enmars-avril 2020, des p\u00e9titions demandant l\u2019interdiction compl\u00e8tede l\u2019exp\u00e9rimentation animale ont \u00e9t\u00e9 d\u00e9pos\u00e9es aupr\u00e8sde la Commission europ\u00e9enne. Les initiants ont entre autresjustifi\u00e9 leur initiative par le fait que les Pays-Bas avaient soidisantd\u00e9j\u00e0 un calendrier d\u2019\u00e9limination de l\u2019exp\u00e9rimentation animale.Mais ce dont [&hellip;]\" \/>\n<meta property=\"og:url\" content=\"https:\/\/dev.interpharma.animalwelfare.bertastrasse1.ch\/fr\/sujets\/interdiction-de-lexperimentation-animale-aux-pays-bas\/5-la-strategie-des-3r-montre-la-voie\/\" \/>\n<meta property=\"og:site_name\" content=\"Centre didactique en biotechnologie\" \/>\n<meta property=\"article:publisher\" content=\"https:\/\/www.facebook.com\/vorsprungschweiz\/\" \/>\n<meta property=\"article:modified_time\" content=\"2023-09-19T14:13:06+00:00\" \/>\n<meta name=\"twitter:card\" content=\"summary_large_image\" \/>\n<meta name=\"twitter:label1\" content=\"Est. reading time\" \/>\n\t<meta name=\"twitter:data1\" content=\"2 minutes\" \/>\n<script type=\"application\/ld+json\" class=\"yoast-schema-graph\">{\"@context\":\"https:\/\/schema.org\",\"@graph\":[{\"@type\":\"WebPage\",\"@id\":\"https:\/\/dev.interpharma.animalwelfare.bertastrasse1.ch\/fr\/sujets\/interdiction-de-lexperimentation-animale-aux-pays-bas\/5-la-strategie-des-3r-montre-la-voie\/\",\"url\":\"https:\/\/dev.interpharma.animalwelfare.bertastrasse1.ch\/fr\/sujets\/interdiction-de-lexperimentation-animale-aux-pays-bas\/5-la-strategie-des-3r-montre-la-voie\/\",\"name\":\"5. La strat\u00e9gie des 3R montre la voie - Centre didactique en biotechnologie\",\"isPartOf\":{\"@id\":\"https:\/\/dev.interpharma.animalwelfare.bertastrasse1.ch\/fr\/#website\"},\"datePublished\":\"2023-09-13T09:47:47+00:00\",\"dateModified\":\"2023-09-19T14:13:06+00:00\",\"breadcrumb\":{\"@id\":\"https:\/\/dev.interpharma.animalwelfare.bertastrasse1.ch\/fr\/sujets\/interdiction-de-lexperimentation-animale-aux-pays-bas\/5-la-strategie-des-3r-montre-la-voie\/#breadcrumb\"},\"inLanguage\":\"fr-FR\",\"potentialAction\":[{\"@type\":\"ReadAction\",\"target\":[\"https:\/\/dev.interpharma.animalwelfare.bertastrasse1.ch\/fr\/sujets\/interdiction-de-lexperimentation-animale-aux-pays-bas\/5-la-strategie-des-3r-montre-la-voie\/\"]}]},{\"@type\":\"BreadcrumbList\",\"@id\":\"https:\/\/dev.interpharma.animalwelfare.bertastrasse1.ch\/fr\/sujets\/interdiction-de-lexperimentation-animale-aux-pays-bas\/5-la-strategie-des-3r-montre-la-voie\/#breadcrumb\",\"itemListElement\":[{\"@type\":\"ListItem\",\"position\":1,\"name\":\"Interpharma\",\"item\":\"https:\/\/dev.interpharma.animalwelfare.bertastrasse1.ch\/fr\/\"},{\"@type\":\"ListItem\",\"position\":2,\"name\":\"Sujets\",\"item\":\"https:\/\/dev.interpharma.animalwelfare.bertastrasse1.ch\/fr\/sujets\/\"},{\"@type\":\"ListItem\",\"position\":3,\"name\":\"Interdiction de l\u2019exp\u00e9rimentation animale aux Pays-Bas\",\"item\":\"https:\/\/dev.interpharma.animalwelfare.bertastrasse1.ch\/fr\/sujets\/interdiction-de-lexperimentation-animale-aux-pays-bas\/\"},{\"@type\":\"ListItem\",\"position\":4,\"name\":\"5. La strat\u00e9gie des 3R montre la voie\"}]},{\"@type\":\"WebSite\",\"@id\":\"https:\/\/dev.interpharma.animalwelfare.bertastrasse1.ch\/fr\/#website\",\"url\":\"https:\/\/dev.interpharma.animalwelfare.bertastrasse1.ch\/fr\/\",\"name\":\"Centre didactique en biotechnologie\",\"description\":\"Interpharma Biotech Learning CenterMat\u00e9riel d'information issu de la recherche biologique et m\u00e9dicale moderne\",\"publisher\":{\"@id\":\"https:\/\/dev.interpharma.animalwelfare.bertastrasse1.ch\/fr\/#organization\"},\"potentialAction\":[{\"@type\":\"SearchAction\",\"target\":{\"@type\":\"EntryPoint\",\"urlTemplate\":\"https:\/\/dev.interpharma.animalwelfare.bertastrasse1.ch\/fr\/?s={search_term_string}\"},\"query-input\":\"required name=search_term_string\"}],\"inLanguage\":\"fr-FR\"},{\"@type\":\"Organization\",\"@id\":\"https:\/\/dev.interpharma.animalwelfare.bertastrasse1.ch\/fr\/#organization\",\"name\":\"Interpharma\",\"url\":\"https:\/\/dev.interpharma.animalwelfare.bertastrasse1.ch\/fr\/\",\"logo\":{\"@type\":\"ImageObject\",\"inLanguage\":\"fr-FR\",\"@id\":\"https:\/\/dev.interpharma.animalwelfare.bertastrasse1.ch\/fr\/#\/schema\/logo\/image\/\",\"url\":\"https:\/\/dev.interpharma.animalwelfare.bertastrasse1.ch\/wp-content\/uploads\/2019\/11\/logo_header.png\",\"contentUrl\":\"https:\/\/dev.interpharma.animalwelfare.bertastrasse1.ch\/wp-content\/uploads\/2019\/11\/logo_header.png\",\"width\":370,\"height\":56,\"caption\":\"Interpharma\"},\"image\":{\"@id\":\"https:\/\/dev.interpharma.animalwelfare.bertastrasse1.ch\/fr\/#\/schema\/logo\/image\/\"},\"sameAs\":[\"https:\/\/www.facebook.com\/vorsprungschweiz\/\",\"https:\/\/ch.linkedin.com\/company\/interpharma\",\"https:\/\/de.wikipedia.org\/wiki\/Interpharma\"]}]}<\/script>\n<!-- \/ Yoast SEO plugin. -->","yoast_head_json":{"title":"5. La strat\u00e9gie des 3R montre la voie - Centre didactique en biotechnologie","robots":{"index":"noindex","follow":"follow","max-snippet":"max-snippet:-1","max-image-preview":"max-image-preview:large","max-video-preview":"max-video-preview:-1"},"og_locale":"fr_FR","og_type":"article","og_title":"5. La strat\u00e9gie des 3R montre la voie - Centre didactique en biotechnologie","og_description":"La revendication d\u2019interdire l\u2019exp\u00e9rimentation animale n\u2019est pasnouvelle. M\u00eame au plus fort de la pand\u00e9mie de COVID-19 enmars-avril 2020, des p\u00e9titions demandant l\u2019interdiction compl\u00e8tede l\u2019exp\u00e9rimentation animale ont \u00e9t\u00e9 d\u00e9pos\u00e9es aupr\u00e8sde la Commission europ\u00e9enne. Les initiants ont entre autresjustifi\u00e9 leur initiative par le fait que les Pays-Bas avaient soidisantd\u00e9j\u00e0 un calendrier d\u2019\u00e9limination de l\u2019exp\u00e9rimentation animale.Mais ce dont [&hellip;]","og_url":"https:\/\/dev.interpharma.animalwelfare.bertastrasse1.ch\/fr\/sujets\/interdiction-de-lexperimentation-animale-aux-pays-bas\/5-la-strategie-des-3r-montre-la-voie\/","og_site_name":"Centre didactique en biotechnologie","article_publisher":"https:\/\/www.facebook.com\/vorsprungschweiz\/","article_modified_time":"2023-09-19T14:13:06+00:00","twitter_card":"summary_large_image","twitter_misc":{"Est. reading time":"2 minutes"},"schema":{"@context":"https:\/\/schema.org","@graph":[{"@type":"WebPage","@id":"https:\/\/dev.interpharma.animalwelfare.bertastrasse1.ch\/fr\/sujets\/interdiction-de-lexperimentation-animale-aux-pays-bas\/5-la-strategie-des-3r-montre-la-voie\/","url":"https:\/\/dev.interpharma.animalwelfare.bertastrasse1.ch\/fr\/sujets\/interdiction-de-lexperimentation-animale-aux-pays-bas\/5-la-strategie-des-3r-montre-la-voie\/","name":"5. La strat\u00e9gie des 3R montre la voie - Centre didactique en biotechnologie","isPartOf":{"@id":"https:\/\/dev.interpharma.animalwelfare.bertastrasse1.ch\/fr\/#website"},"datePublished":"2023-09-13T09:47:47+00:00","dateModified":"2023-09-19T14:13:06+00:00","breadcrumb":{"@id":"https:\/\/dev.interpharma.animalwelfare.bertastrasse1.ch\/fr\/sujets\/interdiction-de-lexperimentation-animale-aux-pays-bas\/5-la-strategie-des-3r-montre-la-voie\/#breadcrumb"},"inLanguage":"fr-FR","potentialAction":[{"@type":"ReadAction","target":["https:\/\/dev.interpharma.animalwelfare.bertastrasse1.ch\/fr\/sujets\/interdiction-de-lexperimentation-animale-aux-pays-bas\/5-la-strategie-des-3r-montre-la-voie\/"]}]},{"@type":"BreadcrumbList","@id":"https:\/\/dev.interpharma.animalwelfare.bertastrasse1.ch\/fr\/sujets\/interdiction-de-lexperimentation-animale-aux-pays-bas\/5-la-strategie-des-3r-montre-la-voie\/#breadcrumb","itemListElement":[{"@type":"ListItem","position":1,"name":"Interpharma","item":"https:\/\/dev.interpharma.animalwelfare.bertastrasse1.ch\/fr\/"},{"@type":"ListItem","position":2,"name":"Sujets","item":"https:\/\/dev.interpharma.animalwelfare.bertastrasse1.ch\/fr\/sujets\/"},{"@type":"ListItem","position":3,"name":"Interdiction de l\u2019exp\u00e9rimentation animale aux Pays-Bas","item":"https:\/\/dev.interpharma.animalwelfare.bertastrasse1.ch\/fr\/sujets\/interdiction-de-lexperimentation-animale-aux-pays-bas\/"},{"@type":"ListItem","position":4,"name":"5. La strat\u00e9gie des 3R montre la voie"}]},{"@type":"WebSite","@id":"https:\/\/dev.interpharma.animalwelfare.bertastrasse1.ch\/fr\/#website","url":"https:\/\/dev.interpharma.animalwelfare.bertastrasse1.ch\/fr\/","name":"Centre didactique en biotechnologie","description":"Interpharma Biotech Learning CenterMat\u00e9riel d'information issu de la recherche biologique et m\u00e9dicale moderne","publisher":{"@id":"https:\/\/dev.interpharma.animalwelfare.bertastrasse1.ch\/fr\/#organization"},"potentialAction":[{"@type":"SearchAction","target":{"@type":"EntryPoint","urlTemplate":"https:\/\/dev.interpharma.animalwelfare.bertastrasse1.ch\/fr\/?s={search_term_string}"},"query-input":"required name=search_term_string"}],"inLanguage":"fr-FR"},{"@type":"Organization","@id":"https:\/\/dev.interpharma.animalwelfare.bertastrasse1.ch\/fr\/#organization","name":"Interpharma","url":"https:\/\/dev.interpharma.animalwelfare.bertastrasse1.ch\/fr\/","logo":{"@type":"ImageObject","inLanguage":"fr-FR","@id":"https:\/\/dev.interpharma.animalwelfare.bertastrasse1.ch\/fr\/#\/schema\/logo\/image\/","url":"https:\/\/dev.interpharma.animalwelfare.bertastrasse1.ch\/wp-content\/uploads\/2019\/11\/logo_header.png","contentUrl":"https:\/\/dev.interpharma.animalwelfare.bertastrasse1.ch\/wp-content\/uploads\/2019\/11\/logo_header.png","width":370,"height":56,"caption":"Interpharma"},"image":{"@id":"https:\/\/dev.interpharma.animalwelfare.bertastrasse1.ch\/fr\/#\/schema\/logo\/image\/"},"sameAs":["https:\/\/www.facebook.com\/vorsprungschweiz\/","https:\/\/ch.linkedin.com\/company\/interpharma","https:\/\/de.wikipedia.org\/wiki\/Interpharma"]}]}},"_links":{"self":[{"href":"https:\/\/dev.interpharma.animalwelfare.bertastrasse1.ch\/fr\/wp-json\/wp\/v2\/pages\/8178"}],"collection":[{"href":"https:\/\/dev.interpharma.animalwelfare.bertastrasse1.ch\/fr\/wp-json\/wp\/v2\/pages"}],"about":[{"href":"https:\/\/dev.interpharma.animalwelfare.bertastrasse1.ch\/fr\/wp-json\/wp\/v2\/types\/page"}],"author":[{"embeddable":true,"href":"https:\/\/dev.interpharma.animalwelfare.bertastrasse1.ch\/fr\/wp-json\/wp\/v2\/users\/1"}],"replies":[{"embeddable":true,"href":"https:\/\/dev.interpharma.animalwelfare.bertastrasse1.ch\/fr\/wp-json\/wp\/v2\/comments?post=8178"}],"version-history":[{"count":2,"href":"https:\/\/dev.interpharma.animalwelfare.bertastrasse1.ch\/fr\/wp-json\/wp\/v2\/pages\/8178\/revisions"}],"predecessor-version":[{"id":8988,"href":"https:\/\/dev.interpharma.animalwelfare.bertastrasse1.ch\/fr\/wp-json\/wp\/v2\/pages\/8178\/revisions\/8988"}],"up":[{"embeddable":true,"href":"https:\/\/dev.interpharma.animalwelfare.bertastrasse1.ch\/fr\/wp-json\/wp\/v2\/pages\/8070"}],"wp:attachment":[{"href":"https:\/\/dev.interpharma.animalwelfare.bertastrasse1.ch\/fr\/wp-json\/wp\/v2\/media?parent=8178"}],"curies":[{"name":"wp","href":"https:\/\/api.w.org\/{rel}","templated":true}]}}