{"id":8099,"date":"2019-10-06T16:21:32","date_gmt":"2023-09-13T07:44:12","guid":{"rendered":"https:\/\/dev.interpharma.animalwelfare.bertastrasse1.ch\/sujets\/de-lelevage-au-laboratoire-le-bien-etre-animal-est-au-premier-plan-2-2\/1-introduciton-9-7\/"},"modified":"2023-09-14T15:04:03","modified_gmt":"2023-09-14T15:04:03","slug":"7-essais-precliniques-de-securite-et-defficacite","status":"publish","type":"page","link":"https:\/\/dev.interpharma.animalwelfare.bertastrasse1.ch\/fr\/sujets\/developpement-de-vaccins-et-de-tests-pour-le-sars-cov-2\/7-essais-precliniques-de-securite-et-defficacite\/","title":{"rendered":"7. Essais pr\u00e9cliniques de s\u00e9curit\u00e9 et d\u2019efficacit\u00e9"},"content":{"rendered":"\n<p>La recherche r\u00e9duit essentiellement le nombre de substancessur la base de deux crit\u00e8res fondamentaux: l\u2019efficacit\u00e9 et las\u00e9curit\u00e9. Les mesurer est complexe: les m\u00e9thodes vont de lasimulation informatique aux organes isol\u00e9s en passant parles bact\u00e9ries et les cultures cellulaires et tissulaires. Lorsquetoutes les autres m\u00e9thodes d\u2019examen sont \u00e9puis\u00e9es, on passe\u00e0 l\u2019exp\u00e9rimentation animale. Toute exp\u00e9rience impliquant desanimaux doit \u00eatre autoris\u00e9e par l\u2019office v\u00e9t\u00e9rinaire cantonal,lequel se base sur les recommandations de la commission cantonaleind\u00e9pendante pour les exp\u00e9riences sur animaux pourd\u00e9cider s\u2019il accorde l\u2019autorisation, souvent assortie de conditionset de charges, ou non. Pour prot\u00e9ger les patient-e-s d\u2019effetssecondaires graves, l\u2019exp\u00e9rimentation animale est m\u00eame prescritepar la loi avant de r\u00e9aliser des essais cliniques. Cesexp\u00e9riences r\u00e9glementaires sur animaux permettent aux chercheuseset chercheurs d\u2019\u00e9tudier si une substance est toxiqueet combien de temps elle agit avec quelle intensit\u00e9. Une substancetoxique peut causer des maladies ou endommager lepatrimoine g\u00e9n\u00e9tique. Du point de vue \u00e9thique, il est inadmissiblede prendre un tel risque lors du traitement d\u2019\u00eatres humains.L\u2019efficacit\u00e9 des vaccins est test\u00e9e sur la base des anticorpsproduits par l\u2019organisme. \u00c9tant donn\u00e9 que les technologiesactuelles ne permettent pas de simuler cette r\u00e9ponse immunitairein vitro, c\u2019est-\u00e0-dire \u00e0 l\u2019ext\u00e9rieur de l\u2019organisme, dans untube \u00e0 essai, la recherche est contrainte de r\u00e9aliser des exp\u00e9riencessur animaux. Celles-ci permettent en effet d\u2019\u00e9tudierles interactions d\u2019une substance active dans l\u2019organisme vivant.<\/p>\n","protected":false},"excerpt":{"rendered":"<p>La recherche r\u00e9duit essentiellement le nombre de substancessur la base de deux crit\u00e8res fondamentaux: l\u2019efficacit\u00e9 et las\u00e9curit\u00e9. Les mesurer est complexe: les m\u00e9thodes vont de lasimulation informatique aux organes isol\u00e9s en passant parles bact\u00e9ries et les cultures cellulaires et tissulaires. Lorsquetoutes les autres m\u00e9thodes d\u2019examen sont \u00e9puis\u00e9es, on passe\u00e0 l\u2019exp\u00e9rimentation animale. Toute exp\u00e9rience impliquant desanimaux [&hellip;]<\/p>\n","protected":false},"author":1,"featured_media":0,"parent":8066,"menu_order":6,"comment_status":"closed","ping_status":"closed","template":"page-templates\/themen-under-seite.php","meta":{"footnotes":""},"acf":[],"yoast_head":"<!-- This site is optimized with the Yoast SEO plugin v21.5 - https:\/\/yoast.com\/wordpress\/plugins\/seo\/ -->\n<title>7. Essais pr\u00e9cliniques de s\u00e9curit\u00e9 et d\u2019efficacit\u00e9 - Centre didactique en biotechnologie<\/title>\n<meta name=\"robots\" content=\"noindex, follow, max-snippet:-1, max-image-preview:large, max-video-preview:-1\" \/>\n<meta property=\"og:locale\" content=\"fr_FR\" \/>\n<meta property=\"og:type\" content=\"article\" \/>\n<meta property=\"og:title\" content=\"7. Essais pr\u00e9cliniques de s\u00e9curit\u00e9 et d\u2019efficacit\u00e9 - Centre didactique en biotechnologie\" \/>\n<meta property=\"og:description\" content=\"La recherche r\u00e9duit essentiellement le nombre de substancessur la base de deux crit\u00e8res fondamentaux: l\u2019efficacit\u00e9 et las\u00e9curit\u00e9. Les mesurer est complexe: les m\u00e9thodes vont de lasimulation informatique aux organes isol\u00e9s en passant parles bact\u00e9ries et les cultures cellulaires et tissulaires. Lorsquetoutes les autres m\u00e9thodes d\u2019examen sont \u00e9puis\u00e9es, on passe\u00e0 l\u2019exp\u00e9rimentation animale. Toute exp\u00e9rience impliquant desanimaux [&hellip;]\" \/>\n<meta property=\"og:url\" content=\"https:\/\/dev.interpharma.animalwelfare.bertastrasse1.ch\/fr\/sujets\/developpement-de-vaccins-et-de-tests-pour-le-sars-cov-2\/7-essais-precliniques-de-securite-et-defficacite\/\" \/>\n<meta property=\"og:site_name\" content=\"Centre didactique en biotechnologie\" \/>\n<meta property=\"article:publisher\" content=\"https:\/\/www.facebook.com\/vorsprungschweiz\/\" \/>\n<meta property=\"article:modified_time\" content=\"2023-09-14T15:04:03+00:00\" \/>\n<meta name=\"twitter:card\" content=\"summary_large_image\" \/>\n<meta name=\"twitter:label1\" content=\"Est. reading time\" \/>\n\t<meta name=\"twitter:data1\" content=\"2 minutes\" \/>\n<script type=\"application\/ld+json\" class=\"yoast-schema-graph\">{\"@context\":\"https:\/\/schema.org\",\"@graph\":[{\"@type\":\"WebPage\",\"@id\":\"https:\/\/dev.interpharma.animalwelfare.bertastrasse1.ch\/fr\/sujets\/developpement-de-vaccins-et-de-tests-pour-le-sars-cov-2\/7-essais-precliniques-de-securite-et-defficacite\/\",\"url\":\"https:\/\/dev.interpharma.animalwelfare.bertastrasse1.ch\/fr\/sujets\/developpement-de-vaccins-et-de-tests-pour-le-sars-cov-2\/7-essais-precliniques-de-securite-et-defficacite\/\",\"name\":\"7. Essais pr\u00e9cliniques de s\u00e9curit\u00e9 et d\u2019efficacit\u00e9 - Centre didactique en biotechnologie\",\"isPartOf\":{\"@id\":\"https:\/\/dev.interpharma.animalwelfare.bertastrasse1.ch\/fr\/#website\"},\"datePublished\":\"2023-09-13T07:44:12+00:00\",\"dateModified\":\"2023-09-14T15:04:03+00:00\",\"breadcrumb\":{\"@id\":\"https:\/\/dev.interpharma.animalwelfare.bertastrasse1.ch\/fr\/sujets\/developpement-de-vaccins-et-de-tests-pour-le-sars-cov-2\/7-essais-precliniques-de-securite-et-defficacite\/#breadcrumb\"},\"inLanguage\":\"fr-FR\",\"potentialAction\":[{\"@type\":\"ReadAction\",\"target\":[\"https:\/\/dev.interpharma.animalwelfare.bertastrasse1.ch\/fr\/sujets\/developpement-de-vaccins-et-de-tests-pour-le-sars-cov-2\/7-essais-precliniques-de-securite-et-defficacite\/\"]}]},{\"@type\":\"BreadcrumbList\",\"@id\":\"https:\/\/dev.interpharma.animalwelfare.bertastrasse1.ch\/fr\/sujets\/developpement-de-vaccins-et-de-tests-pour-le-sars-cov-2\/7-essais-precliniques-de-securite-et-defficacite\/#breadcrumb\",\"itemListElement\":[{\"@type\":\"ListItem\",\"position\":1,\"name\":\"Interpharma\",\"item\":\"https:\/\/dev.interpharma.animalwelfare.bertastrasse1.ch\/fr\/\"},{\"@type\":\"ListItem\",\"position\":2,\"name\":\"Sujets\",\"item\":\"https:\/\/dev.interpharma.animalwelfare.bertastrasse1.ch\/fr\/sujets\/\"},{\"@type\":\"ListItem\",\"position\":3,\"name\":\"D\u00e9veloppement de vaccins et de tests pour le SARS-CoV-2\",\"item\":\"https:\/\/dev.interpharma.animalwelfare.bertastrasse1.ch\/fr\/sujets\/developpement-de-vaccins-et-de-tests-pour-le-sars-cov-2\/\"},{\"@type\":\"ListItem\",\"position\":4,\"name\":\"7. Essais pr\u00e9cliniques de s\u00e9curit\u00e9 et d\u2019efficacit\u00e9\"}]},{\"@type\":\"WebSite\",\"@id\":\"https:\/\/dev.interpharma.animalwelfare.bertastrasse1.ch\/fr\/#website\",\"url\":\"https:\/\/dev.interpharma.animalwelfare.bertastrasse1.ch\/fr\/\",\"name\":\"Centre didactique en biotechnologie\",\"description\":\"Interpharma Biotech Learning CenterMat\u00e9riel d'information issu de la recherche biologique et m\u00e9dicale moderne\",\"publisher\":{\"@id\":\"https:\/\/dev.interpharma.animalwelfare.bertastrasse1.ch\/fr\/#organization\"},\"potentialAction\":[{\"@type\":\"SearchAction\",\"target\":{\"@type\":\"EntryPoint\",\"urlTemplate\":\"https:\/\/dev.interpharma.animalwelfare.bertastrasse1.ch\/fr\/?s={search_term_string}\"},\"query-input\":\"required name=search_term_string\"}],\"inLanguage\":\"fr-FR\"},{\"@type\":\"Organization\",\"@id\":\"https:\/\/dev.interpharma.animalwelfare.bertastrasse1.ch\/fr\/#organization\",\"name\":\"Interpharma\",\"url\":\"https:\/\/dev.interpharma.animalwelfare.bertastrasse1.ch\/fr\/\",\"logo\":{\"@type\":\"ImageObject\",\"inLanguage\":\"fr-FR\",\"@id\":\"https:\/\/dev.interpharma.animalwelfare.bertastrasse1.ch\/fr\/#\/schema\/logo\/image\/\",\"url\":\"https:\/\/dev.interpharma.animalwelfare.bertastrasse1.ch\/wp-content\/uploads\/2019\/11\/logo_header.png\",\"contentUrl\":\"https:\/\/dev.interpharma.animalwelfare.bertastrasse1.ch\/wp-content\/uploads\/2019\/11\/logo_header.png\",\"width\":370,\"height\":56,\"caption\":\"Interpharma\"},\"image\":{\"@id\":\"https:\/\/dev.interpharma.animalwelfare.bertastrasse1.ch\/fr\/#\/schema\/logo\/image\/\"},\"sameAs\":[\"https:\/\/www.facebook.com\/vorsprungschweiz\/\",\"https:\/\/ch.linkedin.com\/company\/interpharma\",\"https:\/\/de.wikipedia.org\/wiki\/Interpharma\"]}]}<\/script>\n<!-- \/ Yoast SEO plugin. -->","yoast_head_json":{"title":"7. Essais pr\u00e9cliniques de s\u00e9curit\u00e9 et d\u2019efficacit\u00e9 - Centre didactique en biotechnologie","robots":{"index":"noindex","follow":"follow","max-snippet":"max-snippet:-1","max-image-preview":"max-image-preview:large","max-video-preview":"max-video-preview:-1"},"og_locale":"fr_FR","og_type":"article","og_title":"7. Essais pr\u00e9cliniques de s\u00e9curit\u00e9 et d\u2019efficacit\u00e9 - Centre didactique en biotechnologie","og_description":"La recherche r\u00e9duit essentiellement le nombre de substancessur la base de deux crit\u00e8res fondamentaux: l\u2019efficacit\u00e9 et las\u00e9curit\u00e9. Les mesurer est complexe: les m\u00e9thodes vont de lasimulation informatique aux organes isol\u00e9s en passant parles bact\u00e9ries et les cultures cellulaires et tissulaires. Lorsquetoutes les autres m\u00e9thodes d\u2019examen sont \u00e9puis\u00e9es, on passe\u00e0 l\u2019exp\u00e9rimentation animale. Toute exp\u00e9rience impliquant desanimaux [&hellip;]","og_url":"https:\/\/dev.interpharma.animalwelfare.bertastrasse1.ch\/fr\/sujets\/developpement-de-vaccins-et-de-tests-pour-le-sars-cov-2\/7-essais-precliniques-de-securite-et-defficacite\/","og_site_name":"Centre didactique en biotechnologie","article_publisher":"https:\/\/www.facebook.com\/vorsprungschweiz\/","article_modified_time":"2023-09-14T15:04:03+00:00","twitter_card":"summary_large_image","twitter_misc":{"Est. reading time":"2 minutes"},"schema":{"@context":"https:\/\/schema.org","@graph":[{"@type":"WebPage","@id":"https:\/\/dev.interpharma.animalwelfare.bertastrasse1.ch\/fr\/sujets\/developpement-de-vaccins-et-de-tests-pour-le-sars-cov-2\/7-essais-precliniques-de-securite-et-defficacite\/","url":"https:\/\/dev.interpharma.animalwelfare.bertastrasse1.ch\/fr\/sujets\/developpement-de-vaccins-et-de-tests-pour-le-sars-cov-2\/7-essais-precliniques-de-securite-et-defficacite\/","name":"7. Essais pr\u00e9cliniques de s\u00e9curit\u00e9 et d\u2019efficacit\u00e9 - Centre didactique en biotechnologie","isPartOf":{"@id":"https:\/\/dev.interpharma.animalwelfare.bertastrasse1.ch\/fr\/#website"},"datePublished":"2023-09-13T07:44:12+00:00","dateModified":"2023-09-14T15:04:03+00:00","breadcrumb":{"@id":"https:\/\/dev.interpharma.animalwelfare.bertastrasse1.ch\/fr\/sujets\/developpement-de-vaccins-et-de-tests-pour-le-sars-cov-2\/7-essais-precliniques-de-securite-et-defficacite\/#breadcrumb"},"inLanguage":"fr-FR","potentialAction":[{"@type":"ReadAction","target":["https:\/\/dev.interpharma.animalwelfare.bertastrasse1.ch\/fr\/sujets\/developpement-de-vaccins-et-de-tests-pour-le-sars-cov-2\/7-essais-precliniques-de-securite-et-defficacite\/"]}]},{"@type":"BreadcrumbList","@id":"https:\/\/dev.interpharma.animalwelfare.bertastrasse1.ch\/fr\/sujets\/developpement-de-vaccins-et-de-tests-pour-le-sars-cov-2\/7-essais-precliniques-de-securite-et-defficacite\/#breadcrumb","itemListElement":[{"@type":"ListItem","position":1,"name":"Interpharma","item":"https:\/\/dev.interpharma.animalwelfare.bertastrasse1.ch\/fr\/"},{"@type":"ListItem","position":2,"name":"Sujets","item":"https:\/\/dev.interpharma.animalwelfare.bertastrasse1.ch\/fr\/sujets\/"},{"@type":"ListItem","position":3,"name":"D\u00e9veloppement de vaccins et de tests pour le SARS-CoV-2","item":"https:\/\/dev.interpharma.animalwelfare.bertastrasse1.ch\/fr\/sujets\/developpement-de-vaccins-et-de-tests-pour-le-sars-cov-2\/"},{"@type":"ListItem","position":4,"name":"7. Essais pr\u00e9cliniques de s\u00e9curit\u00e9 et d\u2019efficacit\u00e9"}]},{"@type":"WebSite","@id":"https:\/\/dev.interpharma.animalwelfare.bertastrasse1.ch\/fr\/#website","url":"https:\/\/dev.interpharma.animalwelfare.bertastrasse1.ch\/fr\/","name":"Centre didactique en biotechnologie","description":"Interpharma Biotech Learning CenterMat\u00e9riel d'information issu de la recherche biologique et m\u00e9dicale moderne","publisher":{"@id":"https:\/\/dev.interpharma.animalwelfare.bertastrasse1.ch\/fr\/#organization"},"potentialAction":[{"@type":"SearchAction","target":{"@type":"EntryPoint","urlTemplate":"https:\/\/dev.interpharma.animalwelfare.bertastrasse1.ch\/fr\/?s={search_term_string}"},"query-input":"required name=search_term_string"}],"inLanguage":"fr-FR"},{"@type":"Organization","@id":"https:\/\/dev.interpharma.animalwelfare.bertastrasse1.ch\/fr\/#organization","name":"Interpharma","url":"https:\/\/dev.interpharma.animalwelfare.bertastrasse1.ch\/fr\/","logo":{"@type":"ImageObject","inLanguage":"fr-FR","@id":"https:\/\/dev.interpharma.animalwelfare.bertastrasse1.ch\/fr\/#\/schema\/logo\/image\/","url":"https:\/\/dev.interpharma.animalwelfare.bertastrasse1.ch\/wp-content\/uploads\/2019\/11\/logo_header.png","contentUrl":"https:\/\/dev.interpharma.animalwelfare.bertastrasse1.ch\/wp-content\/uploads\/2019\/11\/logo_header.png","width":370,"height":56,"caption":"Interpharma"},"image":{"@id":"https:\/\/dev.interpharma.animalwelfare.bertastrasse1.ch\/fr\/#\/schema\/logo\/image\/"},"sameAs":["https:\/\/www.facebook.com\/vorsprungschweiz\/","https:\/\/ch.linkedin.com\/company\/interpharma","https:\/\/de.wikipedia.org\/wiki\/Interpharma"]}]}},"_links":{"self":[{"href":"https:\/\/dev.interpharma.animalwelfare.bertastrasse1.ch\/fr\/wp-json\/wp\/v2\/pages\/8099"}],"collection":[{"href":"https:\/\/dev.interpharma.animalwelfare.bertastrasse1.ch\/fr\/wp-json\/wp\/v2\/pages"}],"about":[{"href":"https:\/\/dev.interpharma.animalwelfare.bertastrasse1.ch\/fr\/wp-json\/wp\/v2\/types\/page"}],"author":[{"embeddable":true,"href":"https:\/\/dev.interpharma.animalwelfare.bertastrasse1.ch\/fr\/wp-json\/wp\/v2\/users\/1"}],"replies":[{"embeddable":true,"href":"https:\/\/dev.interpharma.animalwelfare.bertastrasse1.ch\/fr\/wp-json\/wp\/v2\/comments?post=8099"}],"version-history":[{"count":1,"href":"https:\/\/dev.interpharma.animalwelfare.bertastrasse1.ch\/fr\/wp-json\/wp\/v2\/pages\/8099\/revisions"}],"predecessor-version":[{"id":8115,"href":"https:\/\/dev.interpharma.animalwelfare.bertastrasse1.ch\/fr\/wp-json\/wp\/v2\/pages\/8099\/revisions\/8115"}],"up":[{"embeddable":true,"href":"https:\/\/dev.interpharma.animalwelfare.bertastrasse1.ch\/fr\/wp-json\/wp\/v2\/pages\/8066"}],"wp:attachment":[{"href":"https:\/\/dev.interpharma.animalwelfare.bertastrasse1.ch\/fr\/wp-json\/wp\/v2\/media?parent=8099"}],"curies":[{"name":"wp","href":"https:\/\/api.w.org\/{rel}","templated":true}]}}