{"id":8098,"date":"2019-10-06T16:21:32","date_gmt":"2023-09-13T07:44:12","guid":{"rendered":"https:\/\/dev.interpharma.animalwelfare.bertastrasse1.ch\/sujets\/de-lelevage-au-laboratoire-le-bien-etre-animal-est-au-premier-plan-2-2\/1-introduciton-9-6\/"},"modified":"2023-09-14T15:03:22","modified_gmt":"2023-09-14T15:03:22","slug":"6-la-recherche-fondamentale-est-a-la-base-de-toute-recherche-medicale","status":"publish","type":"page","link":"https:\/\/dev.interpharma.animalwelfare.bertastrasse1.ch\/fr\/sujets\/developpement-de-vaccins-et-de-tests-pour-le-sars-cov-2\/6-la-recherche-fondamentale-est-a-la-base-de-toute-recherche-medicale\/","title":{"rendered":"6. La recherche fondamentale est \u00e0 la base de toute recherche m\u00e9dicale"},"content":{"rendered":"\n<p>Fabriquer des vaccins en un laps de temps aussi bref impliquedes connaissances pr\u00e9existantes approfondies sur d\u2019innombrablesmol\u00e9cules et substances, connaissances issues de larecherche fondamentale. Celle-ci ne vise pas le d\u00e9veloppementd\u2019un produit \u00e0 mettre sur le march\u00e9, elle travaille sansparti pris. Les chercheuses et chercheurs ne sont pas \u00e0 larecherche d\u2019une caract\u00e9ristique concr\u00e8te, tous les effets potentielsles int\u00e9ressent. Les substances \u00e9tudi\u00e9es sont \u00e0 la basede la recherche m\u00e9dicale. Sur les innombrables substancesissues de la recherche fondamentale, tr\u00e8s peu passent dansles essais pr\u00e9cliniques et cliniques. On peut donc dire que larecherche sur les vaccins contre le SARS-CoV-2 a commenc\u00e9longtemps avant l\u2019apparition du virus. \u00c0 la recherche d\u2019unesubstance active contre le coronavirus, les \u00e9quipes de rechercheont puis\u00e9 dans les substances \u00e9tudi\u00e9es dans le cadre de larecherche fondamentale. Chaque vaccin repose sur des testseffectu\u00e9s sur des milliers de substances, dont seules quelquesdouzaines passent la premi\u00e8re \u00e9tape de s\u00e9lection. Ce processusfait partie des essais pr\u00e9cliniques.<\/p>\n","protected":false},"excerpt":{"rendered":"<p>Fabriquer des vaccins en un laps de temps aussi bref impliquedes connaissances pr\u00e9existantes approfondies sur d\u2019innombrablesmol\u00e9cules et substances, connaissances issues de larecherche fondamentale. Celle-ci ne vise pas le d\u00e9veloppementd\u2019un produit \u00e0 mettre sur le march\u00e9, elle travaille sansparti pris. Les chercheuses et chercheurs ne sont pas \u00e0 larecherche d\u2019une caract\u00e9ristique concr\u00e8te, tous les effets potentielsles [&hellip;]<\/p>\n","protected":false},"author":1,"featured_media":0,"parent":8066,"menu_order":5,"comment_status":"closed","ping_status":"closed","template":"page-templates\/themen-under-seite.php","meta":{"footnotes":""},"acf":[],"yoast_head":"<!-- This site is optimized with the Yoast SEO plugin v21.5 - https:\/\/yoast.com\/wordpress\/plugins\/seo\/ -->\n<title>6. La recherche fondamentale est \u00e0 la base de toute recherche m\u00e9dicale - Centre didactique en biotechnologie<\/title>\n<meta name=\"robots\" content=\"noindex, follow, max-snippet:-1, max-image-preview:large, max-video-preview:-1\" \/>\n<meta property=\"og:locale\" content=\"fr_FR\" \/>\n<meta property=\"og:type\" content=\"article\" \/>\n<meta property=\"og:title\" content=\"6. La recherche fondamentale est \u00e0 la base de toute recherche m\u00e9dicale - Centre didactique en biotechnologie\" \/>\n<meta property=\"og:description\" content=\"Fabriquer des vaccins en un laps de temps aussi bref impliquedes connaissances pr\u00e9existantes approfondies sur d\u2019innombrablesmol\u00e9cules et substances, connaissances issues de larecherche fondamentale. Celle-ci ne vise pas le d\u00e9veloppementd\u2019un produit \u00e0 mettre sur le march\u00e9, elle travaille sansparti pris. Les chercheuses et chercheurs ne sont pas \u00e0 larecherche d\u2019une caract\u00e9ristique concr\u00e8te, tous les effets potentielsles [&hellip;]\" \/>\n<meta property=\"og:url\" content=\"https:\/\/dev.interpharma.animalwelfare.bertastrasse1.ch\/fr\/sujets\/developpement-de-vaccins-et-de-tests-pour-le-sars-cov-2\/6-la-recherche-fondamentale-est-a-la-base-de-toute-recherche-medicale\/\" \/>\n<meta property=\"og:site_name\" content=\"Centre didactique en biotechnologie\" \/>\n<meta property=\"article:publisher\" content=\"https:\/\/www.facebook.com\/vorsprungschweiz\/\" \/>\n<meta property=\"article:modified_time\" content=\"2023-09-14T15:03:22+00:00\" \/>\n<meta name=\"twitter:card\" content=\"summary_large_image\" \/>\n<meta name=\"twitter:label1\" content=\"Est. reading time\" \/>\n\t<meta name=\"twitter:data1\" content=\"1 minute\" \/>\n<script type=\"application\/ld+json\" class=\"yoast-schema-graph\">{\"@context\":\"https:\/\/schema.org\",\"@graph\":[{\"@type\":\"WebPage\",\"@id\":\"https:\/\/dev.interpharma.animalwelfare.bertastrasse1.ch\/fr\/sujets\/developpement-de-vaccins-et-de-tests-pour-le-sars-cov-2\/6-la-recherche-fondamentale-est-a-la-base-de-toute-recherche-medicale\/\",\"url\":\"https:\/\/dev.interpharma.animalwelfare.bertastrasse1.ch\/fr\/sujets\/developpement-de-vaccins-et-de-tests-pour-le-sars-cov-2\/6-la-recherche-fondamentale-est-a-la-base-de-toute-recherche-medicale\/\",\"name\":\"6. La recherche fondamentale est \u00e0 la base de toute recherche m\u00e9dicale - Centre didactique en biotechnologie\",\"isPartOf\":{\"@id\":\"https:\/\/dev.interpharma.animalwelfare.bertastrasse1.ch\/fr\/#website\"},\"datePublished\":\"2023-09-13T07:44:12+00:00\",\"dateModified\":\"2023-09-14T15:03:22+00:00\",\"breadcrumb\":{\"@id\":\"https:\/\/dev.interpharma.animalwelfare.bertastrasse1.ch\/fr\/sujets\/developpement-de-vaccins-et-de-tests-pour-le-sars-cov-2\/6-la-recherche-fondamentale-est-a-la-base-de-toute-recherche-medicale\/#breadcrumb\"},\"inLanguage\":\"fr-FR\",\"potentialAction\":[{\"@type\":\"ReadAction\",\"target\":[\"https:\/\/dev.interpharma.animalwelfare.bertastrasse1.ch\/fr\/sujets\/developpement-de-vaccins-et-de-tests-pour-le-sars-cov-2\/6-la-recherche-fondamentale-est-a-la-base-de-toute-recherche-medicale\/\"]}]},{\"@type\":\"BreadcrumbList\",\"@id\":\"https:\/\/dev.interpharma.animalwelfare.bertastrasse1.ch\/fr\/sujets\/developpement-de-vaccins-et-de-tests-pour-le-sars-cov-2\/6-la-recherche-fondamentale-est-a-la-base-de-toute-recherche-medicale\/#breadcrumb\",\"itemListElement\":[{\"@type\":\"ListItem\",\"position\":1,\"name\":\"Interpharma\",\"item\":\"https:\/\/dev.interpharma.animalwelfare.bertastrasse1.ch\/fr\/\"},{\"@type\":\"ListItem\",\"position\":2,\"name\":\"Sujets\",\"item\":\"https:\/\/dev.interpharma.animalwelfare.bertastrasse1.ch\/fr\/sujets\/\"},{\"@type\":\"ListItem\",\"position\":3,\"name\":\"D\u00e9veloppement de vaccins et de tests pour le SARS-CoV-2\",\"item\":\"https:\/\/dev.interpharma.animalwelfare.bertastrasse1.ch\/fr\/sujets\/developpement-de-vaccins-et-de-tests-pour-le-sars-cov-2\/\"},{\"@type\":\"ListItem\",\"position\":4,\"name\":\"6. La recherche fondamentale est \u00e0 la base de toute recherche m\u00e9dicale\"}]},{\"@type\":\"WebSite\",\"@id\":\"https:\/\/dev.interpharma.animalwelfare.bertastrasse1.ch\/fr\/#website\",\"url\":\"https:\/\/dev.interpharma.animalwelfare.bertastrasse1.ch\/fr\/\",\"name\":\"Centre didactique en biotechnologie\",\"description\":\"Interpharma Biotech Learning CenterMat\u00e9riel d'information issu de la recherche biologique et m\u00e9dicale moderne\",\"publisher\":{\"@id\":\"https:\/\/dev.interpharma.animalwelfare.bertastrasse1.ch\/fr\/#organization\"},\"potentialAction\":[{\"@type\":\"SearchAction\",\"target\":{\"@type\":\"EntryPoint\",\"urlTemplate\":\"https:\/\/dev.interpharma.animalwelfare.bertastrasse1.ch\/fr\/?s={search_term_string}\"},\"query-input\":\"required name=search_term_string\"}],\"inLanguage\":\"fr-FR\"},{\"@type\":\"Organization\",\"@id\":\"https:\/\/dev.interpharma.animalwelfare.bertastrasse1.ch\/fr\/#organization\",\"name\":\"Interpharma\",\"url\":\"https:\/\/dev.interpharma.animalwelfare.bertastrasse1.ch\/fr\/\",\"logo\":{\"@type\":\"ImageObject\",\"inLanguage\":\"fr-FR\",\"@id\":\"https:\/\/dev.interpharma.animalwelfare.bertastrasse1.ch\/fr\/#\/schema\/logo\/image\/\",\"url\":\"https:\/\/dev.interpharma.animalwelfare.bertastrasse1.ch\/wp-content\/uploads\/2019\/11\/logo_header.png\",\"contentUrl\":\"https:\/\/dev.interpharma.animalwelfare.bertastrasse1.ch\/wp-content\/uploads\/2019\/11\/logo_header.png\",\"width\":370,\"height\":56,\"caption\":\"Interpharma\"},\"image\":{\"@id\":\"https:\/\/dev.interpharma.animalwelfare.bertastrasse1.ch\/fr\/#\/schema\/logo\/image\/\"},\"sameAs\":[\"https:\/\/www.facebook.com\/vorsprungschweiz\/\",\"https:\/\/ch.linkedin.com\/company\/interpharma\",\"https:\/\/de.wikipedia.org\/wiki\/Interpharma\"]}]}<\/script>\n<!-- \/ Yoast SEO plugin. -->","yoast_head_json":{"title":"6. La recherche fondamentale est \u00e0 la base de toute recherche m\u00e9dicale - Centre didactique en biotechnologie","robots":{"index":"noindex","follow":"follow","max-snippet":"max-snippet:-1","max-image-preview":"max-image-preview:large","max-video-preview":"max-video-preview:-1"},"og_locale":"fr_FR","og_type":"article","og_title":"6. La recherche fondamentale est \u00e0 la base de toute recherche m\u00e9dicale - Centre didactique en biotechnologie","og_description":"Fabriquer des vaccins en un laps de temps aussi bref impliquedes connaissances pr\u00e9existantes approfondies sur d\u2019innombrablesmol\u00e9cules et substances, connaissances issues de larecherche fondamentale. Celle-ci ne vise pas le d\u00e9veloppementd\u2019un produit \u00e0 mettre sur le march\u00e9, elle travaille sansparti pris. Les chercheuses et chercheurs ne sont pas \u00e0 larecherche d\u2019une caract\u00e9ristique concr\u00e8te, tous les effets potentielsles [&hellip;]","og_url":"https:\/\/dev.interpharma.animalwelfare.bertastrasse1.ch\/fr\/sujets\/developpement-de-vaccins-et-de-tests-pour-le-sars-cov-2\/6-la-recherche-fondamentale-est-a-la-base-de-toute-recherche-medicale\/","og_site_name":"Centre didactique en biotechnologie","article_publisher":"https:\/\/www.facebook.com\/vorsprungschweiz\/","article_modified_time":"2023-09-14T15:03:22+00:00","twitter_card":"summary_large_image","twitter_misc":{"Est. reading time":"1 minute"},"schema":{"@context":"https:\/\/schema.org","@graph":[{"@type":"WebPage","@id":"https:\/\/dev.interpharma.animalwelfare.bertastrasse1.ch\/fr\/sujets\/developpement-de-vaccins-et-de-tests-pour-le-sars-cov-2\/6-la-recherche-fondamentale-est-a-la-base-de-toute-recherche-medicale\/","url":"https:\/\/dev.interpharma.animalwelfare.bertastrasse1.ch\/fr\/sujets\/developpement-de-vaccins-et-de-tests-pour-le-sars-cov-2\/6-la-recherche-fondamentale-est-a-la-base-de-toute-recherche-medicale\/","name":"6. La recherche fondamentale est \u00e0 la base de toute recherche m\u00e9dicale - Centre didactique en biotechnologie","isPartOf":{"@id":"https:\/\/dev.interpharma.animalwelfare.bertastrasse1.ch\/fr\/#website"},"datePublished":"2023-09-13T07:44:12+00:00","dateModified":"2023-09-14T15:03:22+00:00","breadcrumb":{"@id":"https:\/\/dev.interpharma.animalwelfare.bertastrasse1.ch\/fr\/sujets\/developpement-de-vaccins-et-de-tests-pour-le-sars-cov-2\/6-la-recherche-fondamentale-est-a-la-base-de-toute-recherche-medicale\/#breadcrumb"},"inLanguage":"fr-FR","potentialAction":[{"@type":"ReadAction","target":["https:\/\/dev.interpharma.animalwelfare.bertastrasse1.ch\/fr\/sujets\/developpement-de-vaccins-et-de-tests-pour-le-sars-cov-2\/6-la-recherche-fondamentale-est-a-la-base-de-toute-recherche-medicale\/"]}]},{"@type":"BreadcrumbList","@id":"https:\/\/dev.interpharma.animalwelfare.bertastrasse1.ch\/fr\/sujets\/developpement-de-vaccins-et-de-tests-pour-le-sars-cov-2\/6-la-recherche-fondamentale-est-a-la-base-de-toute-recherche-medicale\/#breadcrumb","itemListElement":[{"@type":"ListItem","position":1,"name":"Interpharma","item":"https:\/\/dev.interpharma.animalwelfare.bertastrasse1.ch\/fr\/"},{"@type":"ListItem","position":2,"name":"Sujets","item":"https:\/\/dev.interpharma.animalwelfare.bertastrasse1.ch\/fr\/sujets\/"},{"@type":"ListItem","position":3,"name":"D\u00e9veloppement de vaccins et de tests pour le SARS-CoV-2","item":"https:\/\/dev.interpharma.animalwelfare.bertastrasse1.ch\/fr\/sujets\/developpement-de-vaccins-et-de-tests-pour-le-sars-cov-2\/"},{"@type":"ListItem","position":4,"name":"6. La recherche fondamentale est \u00e0 la base de toute recherche m\u00e9dicale"}]},{"@type":"WebSite","@id":"https:\/\/dev.interpharma.animalwelfare.bertastrasse1.ch\/fr\/#website","url":"https:\/\/dev.interpharma.animalwelfare.bertastrasse1.ch\/fr\/","name":"Centre didactique en biotechnologie","description":"Interpharma Biotech Learning CenterMat\u00e9riel d'information issu de la recherche biologique et m\u00e9dicale moderne","publisher":{"@id":"https:\/\/dev.interpharma.animalwelfare.bertastrasse1.ch\/fr\/#organization"},"potentialAction":[{"@type":"SearchAction","target":{"@type":"EntryPoint","urlTemplate":"https:\/\/dev.interpharma.animalwelfare.bertastrasse1.ch\/fr\/?s={search_term_string}"},"query-input":"required name=search_term_string"}],"inLanguage":"fr-FR"},{"@type":"Organization","@id":"https:\/\/dev.interpharma.animalwelfare.bertastrasse1.ch\/fr\/#organization","name":"Interpharma","url":"https:\/\/dev.interpharma.animalwelfare.bertastrasse1.ch\/fr\/","logo":{"@type":"ImageObject","inLanguage":"fr-FR","@id":"https:\/\/dev.interpharma.animalwelfare.bertastrasse1.ch\/fr\/#\/schema\/logo\/image\/","url":"https:\/\/dev.interpharma.animalwelfare.bertastrasse1.ch\/wp-content\/uploads\/2019\/11\/logo_header.png","contentUrl":"https:\/\/dev.interpharma.animalwelfare.bertastrasse1.ch\/wp-content\/uploads\/2019\/11\/logo_header.png","width":370,"height":56,"caption":"Interpharma"},"image":{"@id":"https:\/\/dev.interpharma.animalwelfare.bertastrasse1.ch\/fr\/#\/schema\/logo\/image\/"},"sameAs":["https:\/\/www.facebook.com\/vorsprungschweiz\/","https:\/\/ch.linkedin.com\/company\/interpharma","https:\/\/de.wikipedia.org\/wiki\/Interpharma"]}]}},"_links":{"self":[{"href":"https:\/\/dev.interpharma.animalwelfare.bertastrasse1.ch\/fr\/wp-json\/wp\/v2\/pages\/8098"}],"collection":[{"href":"https:\/\/dev.interpharma.animalwelfare.bertastrasse1.ch\/fr\/wp-json\/wp\/v2\/pages"}],"about":[{"href":"https:\/\/dev.interpharma.animalwelfare.bertastrasse1.ch\/fr\/wp-json\/wp\/v2\/types\/page"}],"author":[{"embeddable":true,"href":"https:\/\/dev.interpharma.animalwelfare.bertastrasse1.ch\/fr\/wp-json\/wp\/v2\/users\/1"}],"replies":[{"embeddable":true,"href":"https:\/\/dev.interpharma.animalwelfare.bertastrasse1.ch\/fr\/wp-json\/wp\/v2\/comments?post=8098"}],"version-history":[{"count":1,"href":"https:\/\/dev.interpharma.animalwelfare.bertastrasse1.ch\/fr\/wp-json\/wp\/v2\/pages\/8098\/revisions"}],"predecessor-version":[{"id":8114,"href":"https:\/\/dev.interpharma.animalwelfare.bertastrasse1.ch\/fr\/wp-json\/wp\/v2\/pages\/8098\/revisions\/8114"}],"up":[{"embeddable":true,"href":"https:\/\/dev.interpharma.animalwelfare.bertastrasse1.ch\/fr\/wp-json\/wp\/v2\/pages\/8066"}],"wp:attachment":[{"href":"https:\/\/dev.interpharma.animalwelfare.bertastrasse1.ch\/fr\/wp-json\/wp\/v2\/media?parent=8098"}],"curies":[{"name":"wp","href":"https:\/\/api.w.org\/{rel}","templated":true}]}}