{"id":7565,"date":"2019-10-06T16:21:32","date_gmt":"2023-09-12T09:58:58","guid":{"rendered":"https:\/\/dev.interpharma.animalwelfare.bertastrasse1.ch\/?page_id=7565"},"modified":"2023-09-14T14:59:30","modified_gmt":"2023-09-14T14:59:30","slug":"8-un-processus-complexe-requiert-une-planification-precise","status":"publish","type":"page","link":"https:\/\/dev.interpharma.animalwelfare.bertastrasse1.ch\/fr\/sujets\/de-lelevage-au-laboratoire-le-bien-etre-animal-est-au-premier-plan\/8-un-processus-complexe-requiert-une-planification-precise\/","title":{"rendered":"8. Un processus complexe requiert une planification pr\u00e9cise"},"content":{"rendered":"\n<p>Le processus de sp\u00e9cification des animaux de laboratoire requispour un objectif de recherche pr\u00e9cis, de commande desanimaux aupr\u00e8s de l\u2019\u00e9leveur, de transport jusqu\u2019\u00e0 l\u2019arriv\u00e9e et\u00e0 l\u2019acclimatation des animaux \u00e0 destination, est exigeant. Ilfaut pour cela des expert-e-s, des responsabilit\u00e9s claires etune bonne coop\u00e9ration entre le point de contact de l\u2019entreprisepharmaceutique, les chercheurs\/-euses et les \u00e9leveurs.Une planification pr\u00e9voyante et exacte de quelles cohortessont n\u00e9cessaires pendant quelle p\u00e9riode pour une exp\u00e9riencesp\u00e9cifique permet d\u2019am\u00e9liorer r\u00e9guli\u00e8rement la qualit\u00e9 de larecherche biom\u00e9dicale impliquant des animaux et de r\u00e9duirele nombre d\u2019animaux n\u00e9cessaires. Il s\u2019agit l\u00e0 d\u2019une contributionactive aux 3R: \u00abrefinement\u00bb pour ce qui est des animaux choisiset de la mani\u00e8re dont ils sont planifi\u00e9s, \u00abreduction\u00bb pour cequi est de l\u2019optimisation de la planification de l\u2019\u00e9levage.Toutes les entreprises membres d\u2019Interpharma travaillent\u00e0 des m\u00e9thodes de substitution \u00e0 l\u2019exp\u00e9rimentation animale.Mais \u00e0 l\u2019heure actuelle, on a encore besoin de la recherche invivo pour d\u00e9velopper de nouveaux traitements contre des maladiesgraves. Il est donc important que ce type de recherchereste possible, avec des r\u00e8gles strictes, en Suisse et dans toutl\u2019espace europ\u00e9en.<\/p>\n","protected":false},"excerpt":{"rendered":"<p>Le processus de sp\u00e9cification des animaux de laboratoire requispour un objectif de recherche pr\u00e9cis, de commande desanimaux aupr\u00e8s de l\u2019\u00e9leveur, de transport jusqu\u2019\u00e0 l\u2019arriv\u00e9e et\u00e0 l\u2019acclimatation des animaux \u00e0 destination, est exigeant. Ilfaut pour cela des expert-e-s, des responsabilit\u00e9s claires etune bonne coop\u00e9ration entre le point de contact de l\u2019entreprisepharmaceutique, les chercheurs\/-euses et les \u00e9leveurs.Une [&hellip;]<\/p>\n","protected":false},"author":1,"featured_media":0,"parent":7551,"menu_order":7,"comment_status":"closed","ping_status":"closed","template":"page-templates\/themen-under-seite.php","meta":{"footnotes":""},"acf":[],"yoast_head":"<!-- This site is optimized with the Yoast SEO plugin v21.5 - https:\/\/yoast.com\/wordpress\/plugins\/seo\/ -->\n<title>8. Un processus complexe requiert une planification pr\u00e9cise - Centre didactique en biotechnologie<\/title>\n<meta name=\"robots\" content=\"noindex, follow, max-snippet:-1, max-image-preview:large, max-video-preview:-1\" \/>\n<meta property=\"og:locale\" content=\"fr_FR\" \/>\n<meta property=\"og:type\" content=\"article\" \/>\n<meta property=\"og:title\" content=\"8. Un processus complexe requiert une planification pr\u00e9cise - Centre didactique en biotechnologie\" \/>\n<meta property=\"og:description\" content=\"Le processus de sp\u00e9cification des animaux de laboratoire requispour un objectif de recherche pr\u00e9cis, de commande desanimaux aupr\u00e8s de l\u2019\u00e9leveur, de transport jusqu\u2019\u00e0 l\u2019arriv\u00e9e et\u00e0 l\u2019acclimatation des animaux \u00e0 destination, est exigeant. Ilfaut pour cela des expert-e-s, des responsabilit\u00e9s claires etune bonne coop\u00e9ration entre le point de contact de l\u2019entreprisepharmaceutique, les chercheurs\/-euses et les \u00e9leveurs.Une [&hellip;]\" \/>\n<meta property=\"og:url\" content=\"https:\/\/dev.interpharma.animalwelfare.bertastrasse1.ch\/fr\/sujets\/de-lelevage-au-laboratoire-le-bien-etre-animal-est-au-premier-plan\/8-un-processus-complexe-requiert-une-planification-precise\/\" \/>\n<meta property=\"og:site_name\" content=\"Centre didactique en biotechnologie\" \/>\n<meta property=\"article:publisher\" content=\"https:\/\/www.facebook.com\/vorsprungschweiz\/\" \/>\n<meta property=\"article:modified_time\" content=\"2023-09-14T14:59:30+00:00\" \/>\n<meta name=\"twitter:card\" content=\"summary_large_image\" \/>\n<meta name=\"twitter:label1\" content=\"Est. reading time\" \/>\n\t<meta name=\"twitter:data1\" content=\"1 minute\" \/>\n<script type=\"application\/ld+json\" class=\"yoast-schema-graph\">{\"@context\":\"https:\/\/schema.org\",\"@graph\":[{\"@type\":\"WebPage\",\"@id\":\"https:\/\/dev.interpharma.animalwelfare.bertastrasse1.ch\/fr\/sujets\/de-lelevage-au-laboratoire-le-bien-etre-animal-est-au-premier-plan\/8-un-processus-complexe-requiert-une-planification-precise\/\",\"url\":\"https:\/\/dev.interpharma.animalwelfare.bertastrasse1.ch\/fr\/sujets\/de-lelevage-au-laboratoire-le-bien-etre-animal-est-au-premier-plan\/8-un-processus-complexe-requiert-une-planification-precise\/\",\"name\":\"8. Un processus complexe requiert une planification pr\u00e9cise - Centre didactique en biotechnologie\",\"isPartOf\":{\"@id\":\"https:\/\/dev.interpharma.animalwelfare.bertastrasse1.ch\/fr\/#website\"},\"datePublished\":\"2023-09-12T09:58:58+00:00\",\"dateModified\":\"2023-09-14T14:59:30+00:00\",\"breadcrumb\":{\"@id\":\"https:\/\/dev.interpharma.animalwelfare.bertastrasse1.ch\/fr\/sujets\/de-lelevage-au-laboratoire-le-bien-etre-animal-est-au-premier-plan\/8-un-processus-complexe-requiert-une-planification-precise\/#breadcrumb\"},\"inLanguage\":\"fr-FR\",\"potentialAction\":[{\"@type\":\"ReadAction\",\"target\":[\"https:\/\/dev.interpharma.animalwelfare.bertastrasse1.ch\/fr\/sujets\/de-lelevage-au-laboratoire-le-bien-etre-animal-est-au-premier-plan\/8-un-processus-complexe-requiert-une-planification-precise\/\"]}]},{\"@type\":\"BreadcrumbList\",\"@id\":\"https:\/\/dev.interpharma.animalwelfare.bertastrasse1.ch\/fr\/sujets\/de-lelevage-au-laboratoire-le-bien-etre-animal-est-au-premier-plan\/8-un-processus-complexe-requiert-une-planification-precise\/#breadcrumb\",\"itemListElement\":[{\"@type\":\"ListItem\",\"position\":1,\"name\":\"Interpharma\",\"item\":\"https:\/\/dev.interpharma.animalwelfare.bertastrasse1.ch\/fr\/\"},{\"@type\":\"ListItem\",\"position\":2,\"name\":\"Sujets\",\"item\":\"https:\/\/dev.interpharma.animalwelfare.bertastrasse1.ch\/fr\/sujets\/\"},{\"@type\":\"ListItem\",\"position\":3,\"name\":\"De l\u2019\u00e9levage au laboratoire, le bien-\u00eatre animal est au premier plan\",\"item\":\"https:\/\/dev.interpharma.animalwelfare.bertastrasse1.ch\/fr\/sujets\/de-lelevage-au-laboratoire-le-bien-etre-animal-est-au-premier-plan\/\"},{\"@type\":\"ListItem\",\"position\":4,\"name\":\"8. Un processus complexe requiert une planification pr\u00e9cise\"}]},{\"@type\":\"WebSite\",\"@id\":\"https:\/\/dev.interpharma.animalwelfare.bertastrasse1.ch\/fr\/#website\",\"url\":\"https:\/\/dev.interpharma.animalwelfare.bertastrasse1.ch\/fr\/\",\"name\":\"Centre didactique en biotechnologie\",\"description\":\"Interpharma Biotech Learning CenterMat\u00e9riel d'information issu de la recherche biologique et m\u00e9dicale moderne\",\"publisher\":{\"@id\":\"https:\/\/dev.interpharma.animalwelfare.bertastrasse1.ch\/fr\/#organization\"},\"potentialAction\":[{\"@type\":\"SearchAction\",\"target\":{\"@type\":\"EntryPoint\",\"urlTemplate\":\"https:\/\/dev.interpharma.animalwelfare.bertastrasse1.ch\/fr\/?s={search_term_string}\"},\"query-input\":\"required name=search_term_string\"}],\"inLanguage\":\"fr-FR\"},{\"@type\":\"Organization\",\"@id\":\"https:\/\/dev.interpharma.animalwelfare.bertastrasse1.ch\/fr\/#organization\",\"name\":\"Interpharma\",\"url\":\"https:\/\/dev.interpharma.animalwelfare.bertastrasse1.ch\/fr\/\",\"logo\":{\"@type\":\"ImageObject\",\"inLanguage\":\"fr-FR\",\"@id\":\"https:\/\/dev.interpharma.animalwelfare.bertastrasse1.ch\/fr\/#\/schema\/logo\/image\/\",\"url\":\"https:\/\/dev.interpharma.animalwelfare.bertastrasse1.ch\/wp-content\/uploads\/2019\/11\/logo_header.png\",\"contentUrl\":\"https:\/\/dev.interpharma.animalwelfare.bertastrasse1.ch\/wp-content\/uploads\/2019\/11\/logo_header.png\",\"width\":370,\"height\":56,\"caption\":\"Interpharma\"},\"image\":{\"@id\":\"https:\/\/dev.interpharma.animalwelfare.bertastrasse1.ch\/fr\/#\/schema\/logo\/image\/\"},\"sameAs\":[\"https:\/\/www.facebook.com\/vorsprungschweiz\/\",\"https:\/\/ch.linkedin.com\/company\/interpharma\",\"https:\/\/de.wikipedia.org\/wiki\/Interpharma\"]}]}<\/script>\n<!-- \/ Yoast SEO plugin. -->","yoast_head_json":{"title":"8. Un processus complexe requiert une planification pr\u00e9cise - Centre didactique en biotechnologie","robots":{"index":"noindex","follow":"follow","max-snippet":"max-snippet:-1","max-image-preview":"max-image-preview:large","max-video-preview":"max-video-preview:-1"},"og_locale":"fr_FR","og_type":"article","og_title":"8. Un processus complexe requiert une planification pr\u00e9cise - Centre didactique en biotechnologie","og_description":"Le processus de sp\u00e9cification des animaux de laboratoire requispour un objectif de recherche pr\u00e9cis, de commande desanimaux aupr\u00e8s de l\u2019\u00e9leveur, de transport jusqu\u2019\u00e0 l\u2019arriv\u00e9e et\u00e0 l\u2019acclimatation des animaux \u00e0 destination, est exigeant. Ilfaut pour cela des expert-e-s, des responsabilit\u00e9s claires etune bonne coop\u00e9ration entre le point de contact de l\u2019entreprisepharmaceutique, les chercheurs\/-euses et les \u00e9leveurs.Une [&hellip;]","og_url":"https:\/\/dev.interpharma.animalwelfare.bertastrasse1.ch\/fr\/sujets\/de-lelevage-au-laboratoire-le-bien-etre-animal-est-au-premier-plan\/8-un-processus-complexe-requiert-une-planification-precise\/","og_site_name":"Centre didactique en biotechnologie","article_publisher":"https:\/\/www.facebook.com\/vorsprungschweiz\/","article_modified_time":"2023-09-14T14:59:30+00:00","twitter_card":"summary_large_image","twitter_misc":{"Est. reading time":"1 minute"},"schema":{"@context":"https:\/\/schema.org","@graph":[{"@type":"WebPage","@id":"https:\/\/dev.interpharma.animalwelfare.bertastrasse1.ch\/fr\/sujets\/de-lelevage-au-laboratoire-le-bien-etre-animal-est-au-premier-plan\/8-un-processus-complexe-requiert-une-planification-precise\/","url":"https:\/\/dev.interpharma.animalwelfare.bertastrasse1.ch\/fr\/sujets\/de-lelevage-au-laboratoire-le-bien-etre-animal-est-au-premier-plan\/8-un-processus-complexe-requiert-une-planification-precise\/","name":"8. Un processus complexe requiert une planification pr\u00e9cise - Centre didactique en biotechnologie","isPartOf":{"@id":"https:\/\/dev.interpharma.animalwelfare.bertastrasse1.ch\/fr\/#website"},"datePublished":"2023-09-12T09:58:58+00:00","dateModified":"2023-09-14T14:59:30+00:00","breadcrumb":{"@id":"https:\/\/dev.interpharma.animalwelfare.bertastrasse1.ch\/fr\/sujets\/de-lelevage-au-laboratoire-le-bien-etre-animal-est-au-premier-plan\/8-un-processus-complexe-requiert-une-planification-precise\/#breadcrumb"},"inLanguage":"fr-FR","potentialAction":[{"@type":"ReadAction","target":["https:\/\/dev.interpharma.animalwelfare.bertastrasse1.ch\/fr\/sujets\/de-lelevage-au-laboratoire-le-bien-etre-animal-est-au-premier-plan\/8-un-processus-complexe-requiert-une-planification-precise\/"]}]},{"@type":"BreadcrumbList","@id":"https:\/\/dev.interpharma.animalwelfare.bertastrasse1.ch\/fr\/sujets\/de-lelevage-au-laboratoire-le-bien-etre-animal-est-au-premier-plan\/8-un-processus-complexe-requiert-une-planification-precise\/#breadcrumb","itemListElement":[{"@type":"ListItem","position":1,"name":"Interpharma","item":"https:\/\/dev.interpharma.animalwelfare.bertastrasse1.ch\/fr\/"},{"@type":"ListItem","position":2,"name":"Sujets","item":"https:\/\/dev.interpharma.animalwelfare.bertastrasse1.ch\/fr\/sujets\/"},{"@type":"ListItem","position":3,"name":"De l\u2019\u00e9levage au laboratoire, le bien-\u00eatre animal est au premier plan","item":"https:\/\/dev.interpharma.animalwelfare.bertastrasse1.ch\/fr\/sujets\/de-lelevage-au-laboratoire-le-bien-etre-animal-est-au-premier-plan\/"},{"@type":"ListItem","position":4,"name":"8. Un processus complexe requiert une planification pr\u00e9cise"}]},{"@type":"WebSite","@id":"https:\/\/dev.interpharma.animalwelfare.bertastrasse1.ch\/fr\/#website","url":"https:\/\/dev.interpharma.animalwelfare.bertastrasse1.ch\/fr\/","name":"Centre didactique en biotechnologie","description":"Interpharma Biotech Learning CenterMat\u00e9riel d'information issu de la recherche biologique et m\u00e9dicale moderne","publisher":{"@id":"https:\/\/dev.interpharma.animalwelfare.bertastrasse1.ch\/fr\/#organization"},"potentialAction":[{"@type":"SearchAction","target":{"@type":"EntryPoint","urlTemplate":"https:\/\/dev.interpharma.animalwelfare.bertastrasse1.ch\/fr\/?s={search_term_string}"},"query-input":"required name=search_term_string"}],"inLanguage":"fr-FR"},{"@type":"Organization","@id":"https:\/\/dev.interpharma.animalwelfare.bertastrasse1.ch\/fr\/#organization","name":"Interpharma","url":"https:\/\/dev.interpharma.animalwelfare.bertastrasse1.ch\/fr\/","logo":{"@type":"ImageObject","inLanguage":"fr-FR","@id":"https:\/\/dev.interpharma.animalwelfare.bertastrasse1.ch\/fr\/#\/schema\/logo\/image\/","url":"https:\/\/dev.interpharma.animalwelfare.bertastrasse1.ch\/wp-content\/uploads\/2019\/11\/logo_header.png","contentUrl":"https:\/\/dev.interpharma.animalwelfare.bertastrasse1.ch\/wp-content\/uploads\/2019\/11\/logo_header.png","width":370,"height":56,"caption":"Interpharma"},"image":{"@id":"https:\/\/dev.interpharma.animalwelfare.bertastrasse1.ch\/fr\/#\/schema\/logo\/image\/"},"sameAs":["https:\/\/www.facebook.com\/vorsprungschweiz\/","https:\/\/ch.linkedin.com\/company\/interpharma","https:\/\/de.wikipedia.org\/wiki\/Interpharma"]}]}},"_links":{"self":[{"href":"https:\/\/dev.interpharma.animalwelfare.bertastrasse1.ch\/fr\/wp-json\/wp\/v2\/pages\/7565"}],"collection":[{"href":"https:\/\/dev.interpharma.animalwelfare.bertastrasse1.ch\/fr\/wp-json\/wp\/v2\/pages"}],"about":[{"href":"https:\/\/dev.interpharma.animalwelfare.bertastrasse1.ch\/fr\/wp-json\/wp\/v2\/types\/page"}],"author":[{"embeddable":true,"href":"https:\/\/dev.interpharma.animalwelfare.bertastrasse1.ch\/fr\/wp-json\/wp\/v2\/users\/1"}],"replies":[{"embeddable":true,"href":"https:\/\/dev.interpharma.animalwelfare.bertastrasse1.ch\/fr\/wp-json\/wp\/v2\/comments?post=7565"}],"version-history":[{"count":1,"href":"https:\/\/dev.interpharma.animalwelfare.bertastrasse1.ch\/fr\/wp-json\/wp\/v2\/pages\/7565\/revisions"}],"predecessor-version":[{"id":7619,"href":"https:\/\/dev.interpharma.animalwelfare.bertastrasse1.ch\/fr\/wp-json\/wp\/v2\/pages\/7565\/revisions\/7619"}],"up":[{"embeddable":true,"href":"https:\/\/dev.interpharma.animalwelfare.bertastrasse1.ch\/fr\/wp-json\/wp\/v2\/pages\/7551"}],"wp:attachment":[{"href":"https:\/\/dev.interpharma.animalwelfare.bertastrasse1.ch\/fr\/wp-json\/wp\/v2\/media?parent=7565"}],"curies":[{"name":"wp","href":"https:\/\/api.w.org\/{rel}","templated":true}]}}