{"id":7563,"date":"2023-09-12T09:52:13","date_gmt":"2023-09-12T09:52:13","guid":{"rendered":"https:\/\/dev.interpharma.animalwelfare.bertastrasse1.ch\/?page_id=7563"},"modified":"2023-09-12T09:52:17","modified_gmt":"2023-09-12T09:52:17","slug":"1-introduciton-6","status":"publish","type":"page","link":"https:\/\/dev.interpharma.animalwelfare.bertastrasse1.ch\/fr\/sujets\/de-lelevage-au-laboratoire-le-bien-etre-animal-est-au-premier-plan\/1-introduciton-6\/","title":{"rendered":"6. R\u00e8glementation stricte et plans d\u2019urgence"},"content":{"rendered":"\n<p>L\u2019ordonnance suisse sur la protection des animaux r\u00e8gle s\u00e9v\u00e8rementle transport d\u2019animaux. Elle pr\u00e9cise les responsabilit\u00e9sde l\u2019exp\u00e9diteur, du transporteur et du destinataire. Les personnesqui effectuent le transport doivent \u00eatre comp\u00e9tenteset avoir re\u00e7u des instructions sur les conditions de transportd\u2019animaux de laboratoire. Pour que tout fonctionne sans accrocs\u00e0 la douane, des soci\u00e9t\u00e9s sp\u00e9cialis\u00e9es de \u00abcourtiers endouane\u00bb travaillent de concert avec les transporteurs. En casde transport complexe, il est aussi possible d\u2019informer et impliquer\u00e0 l\u2019avance le v\u00e9t\u00e9rinaire de fronti\u00e8re. Pour les incidentstels qu\u2019embouteillage, accident, temp\u00eate, incendie ou tremblementde terre, mais aussi pour les situations qui peuventse pr\u00e9senter en cas de pand\u00e9mie, les transporteurs doiventdisposer d\u2019un \u00abplan catastrophe\u00bb qui d\u00e9crit ce qu\u2019il faut fairedans chaque sc\u00e9nario.<\/p>\n","protected":false},"excerpt":{"rendered":"<p>L\u2019ordonnance suisse sur la protection des animaux r\u00e8gle s\u00e9v\u00e8rementle transport d\u2019animaux. Elle pr\u00e9cise les responsabilit\u00e9sde l\u2019exp\u00e9diteur, du transporteur et du destinataire. Les personnesqui effectuent le transport doivent \u00eatre comp\u00e9tenteset avoir re\u00e7u des instructions sur les conditions de transportd\u2019animaux de laboratoire. Pour que tout fonctionne sans accrocs\u00e0 la douane, des soci\u00e9t\u00e9s sp\u00e9cialis\u00e9es de \u00abcourtiers endouane\u00bb travaillent [&hellip;]<\/p>\n","protected":false},"author":1,"featured_media":0,"parent":7551,"menu_order":5,"comment_status":"closed","ping_status":"closed","template":"page-templates\/themen-under-seite.php","meta":{"footnotes":""},"acf":[],"yoast_head":"<!-- This site is optimized with the Yoast SEO plugin v21.5 - https:\/\/yoast.com\/wordpress\/plugins\/seo\/ -->\n<title>6. R\u00e8glementation stricte et plans d\u2019urgence - Centre didactique en biotechnologie<\/title>\n<meta name=\"robots\" content=\"noindex, follow, max-snippet:-1, max-image-preview:large, max-video-preview:-1\" \/>\n<meta property=\"og:locale\" content=\"fr_FR\" \/>\n<meta property=\"og:type\" content=\"article\" \/>\n<meta property=\"og:title\" content=\"6. R\u00e8glementation stricte et plans d\u2019urgence - Centre didactique en biotechnologie\" \/>\n<meta property=\"og:description\" content=\"L\u2019ordonnance suisse sur la protection des animaux r\u00e8gle s\u00e9v\u00e8rementle transport d\u2019animaux. Elle pr\u00e9cise les responsabilit\u00e9sde l\u2019exp\u00e9diteur, du transporteur et du destinataire. Les personnesqui effectuent le transport doivent \u00eatre comp\u00e9tenteset avoir re\u00e7u des instructions sur les conditions de transportd\u2019animaux de laboratoire. Pour que tout fonctionne sans accrocs\u00e0 la douane, des soci\u00e9t\u00e9s sp\u00e9cialis\u00e9es de \u00abcourtiers endouane\u00bb travaillent [&hellip;]\" \/>\n<meta property=\"og:url\" content=\"https:\/\/dev.interpharma.animalwelfare.bertastrasse1.ch\/fr\/sujets\/de-lelevage-au-laboratoire-le-bien-etre-animal-est-au-premier-plan\/1-introduciton-6\/\" \/>\n<meta property=\"og:site_name\" content=\"Centre didactique en biotechnologie\" \/>\n<meta property=\"article:publisher\" content=\"https:\/\/www.facebook.com\/vorsprungschweiz\/\" \/>\n<meta property=\"article:modified_time\" content=\"2023-09-12T09:52:17+00:00\" \/>\n<meta name=\"twitter:card\" content=\"summary_large_image\" \/>\n<meta name=\"twitter:label1\" content=\"Est. reading time\" \/>\n\t<meta name=\"twitter:data1\" content=\"1 minute\" \/>\n<script type=\"application\/ld+json\" class=\"yoast-schema-graph\">{\"@context\":\"https:\/\/schema.org\",\"@graph\":[{\"@type\":\"WebPage\",\"@id\":\"https:\/\/dev.interpharma.animalwelfare.bertastrasse1.ch\/fr\/sujets\/de-lelevage-au-laboratoire-le-bien-etre-animal-est-au-premier-plan\/1-introduciton-6\/\",\"url\":\"https:\/\/dev.interpharma.animalwelfare.bertastrasse1.ch\/fr\/sujets\/de-lelevage-au-laboratoire-le-bien-etre-animal-est-au-premier-plan\/1-introduciton-6\/\",\"name\":\"6. R\u00e8glementation stricte et plans d\u2019urgence - Centre didactique en biotechnologie\",\"isPartOf\":{\"@id\":\"https:\/\/dev.interpharma.animalwelfare.bertastrasse1.ch\/fr\/#website\"},\"datePublished\":\"2023-09-12T09:52:13+00:00\",\"dateModified\":\"2023-09-12T09:52:17+00:00\",\"breadcrumb\":{\"@id\":\"https:\/\/dev.interpharma.animalwelfare.bertastrasse1.ch\/fr\/sujets\/de-lelevage-au-laboratoire-le-bien-etre-animal-est-au-premier-plan\/1-introduciton-6\/#breadcrumb\"},\"inLanguage\":\"fr-FR\",\"potentialAction\":[{\"@type\":\"ReadAction\",\"target\":[\"https:\/\/dev.interpharma.animalwelfare.bertastrasse1.ch\/fr\/sujets\/de-lelevage-au-laboratoire-le-bien-etre-animal-est-au-premier-plan\/1-introduciton-6\/\"]}]},{\"@type\":\"BreadcrumbList\",\"@id\":\"https:\/\/dev.interpharma.animalwelfare.bertastrasse1.ch\/fr\/sujets\/de-lelevage-au-laboratoire-le-bien-etre-animal-est-au-premier-plan\/1-introduciton-6\/#breadcrumb\",\"itemListElement\":[{\"@type\":\"ListItem\",\"position\":1,\"name\":\"Interpharma\",\"item\":\"https:\/\/dev.interpharma.animalwelfare.bertastrasse1.ch\/fr\/\"},{\"@type\":\"ListItem\",\"position\":2,\"name\":\"Sujets\",\"item\":\"https:\/\/dev.interpharma.animalwelfare.bertastrasse1.ch\/fr\/sujets\/\"},{\"@type\":\"ListItem\",\"position\":3,\"name\":\"De l\u2019\u00e9levage au laboratoire, le bien-\u00eatre animal est au premier plan\",\"item\":\"https:\/\/dev.interpharma.animalwelfare.bertastrasse1.ch\/fr\/sujets\/de-lelevage-au-laboratoire-le-bien-etre-animal-est-au-premier-plan\/\"},{\"@type\":\"ListItem\",\"position\":4,\"name\":\"6. R\u00e8glementation stricte et plans d\u2019urgence\"}]},{\"@type\":\"WebSite\",\"@id\":\"https:\/\/dev.interpharma.animalwelfare.bertastrasse1.ch\/fr\/#website\",\"url\":\"https:\/\/dev.interpharma.animalwelfare.bertastrasse1.ch\/fr\/\",\"name\":\"Centre didactique en biotechnologie\",\"description\":\"Interpharma Biotech Learning CenterMat\u00e9riel d'information issu de la recherche biologique et m\u00e9dicale moderne\",\"publisher\":{\"@id\":\"https:\/\/dev.interpharma.animalwelfare.bertastrasse1.ch\/fr\/#organization\"},\"potentialAction\":[{\"@type\":\"SearchAction\",\"target\":{\"@type\":\"EntryPoint\",\"urlTemplate\":\"https:\/\/dev.interpharma.animalwelfare.bertastrasse1.ch\/fr\/?s={search_term_string}\"},\"query-input\":\"required name=search_term_string\"}],\"inLanguage\":\"fr-FR\"},{\"@type\":\"Organization\",\"@id\":\"https:\/\/dev.interpharma.animalwelfare.bertastrasse1.ch\/fr\/#organization\",\"name\":\"Interpharma\",\"url\":\"https:\/\/dev.interpharma.animalwelfare.bertastrasse1.ch\/fr\/\",\"logo\":{\"@type\":\"ImageObject\",\"inLanguage\":\"fr-FR\",\"@id\":\"https:\/\/dev.interpharma.animalwelfare.bertastrasse1.ch\/fr\/#\/schema\/logo\/image\/\",\"url\":\"https:\/\/dev.interpharma.animalwelfare.bertastrasse1.ch\/wp-content\/uploads\/2019\/11\/logo_header.png\",\"contentUrl\":\"https:\/\/dev.interpharma.animalwelfare.bertastrasse1.ch\/wp-content\/uploads\/2019\/11\/logo_header.png\",\"width\":370,\"height\":56,\"caption\":\"Interpharma\"},\"image\":{\"@id\":\"https:\/\/dev.interpharma.animalwelfare.bertastrasse1.ch\/fr\/#\/schema\/logo\/image\/\"},\"sameAs\":[\"https:\/\/www.facebook.com\/vorsprungschweiz\/\",\"https:\/\/ch.linkedin.com\/company\/interpharma\",\"https:\/\/de.wikipedia.org\/wiki\/Interpharma\"]}]}<\/script>\n<!-- \/ Yoast SEO plugin. -->","yoast_head_json":{"title":"6. R\u00e8glementation stricte et plans d\u2019urgence - Centre didactique en biotechnologie","robots":{"index":"noindex","follow":"follow","max-snippet":"max-snippet:-1","max-image-preview":"max-image-preview:large","max-video-preview":"max-video-preview:-1"},"og_locale":"fr_FR","og_type":"article","og_title":"6. R\u00e8glementation stricte et plans d\u2019urgence - Centre didactique en biotechnologie","og_description":"L\u2019ordonnance suisse sur la protection des animaux r\u00e8gle s\u00e9v\u00e8rementle transport d\u2019animaux. Elle pr\u00e9cise les responsabilit\u00e9sde l\u2019exp\u00e9diteur, du transporteur et du destinataire. Les personnesqui effectuent le transport doivent \u00eatre comp\u00e9tenteset avoir re\u00e7u des instructions sur les conditions de transportd\u2019animaux de laboratoire. Pour que tout fonctionne sans accrocs\u00e0 la douane, des soci\u00e9t\u00e9s sp\u00e9cialis\u00e9es de \u00abcourtiers endouane\u00bb travaillent [&hellip;]","og_url":"https:\/\/dev.interpharma.animalwelfare.bertastrasse1.ch\/fr\/sujets\/de-lelevage-au-laboratoire-le-bien-etre-animal-est-au-premier-plan\/1-introduciton-6\/","og_site_name":"Centre didactique en biotechnologie","article_publisher":"https:\/\/www.facebook.com\/vorsprungschweiz\/","article_modified_time":"2023-09-12T09:52:17+00:00","twitter_card":"summary_large_image","twitter_misc":{"Est. reading time":"1 minute"},"schema":{"@context":"https:\/\/schema.org","@graph":[{"@type":"WebPage","@id":"https:\/\/dev.interpharma.animalwelfare.bertastrasse1.ch\/fr\/sujets\/de-lelevage-au-laboratoire-le-bien-etre-animal-est-au-premier-plan\/1-introduciton-6\/","url":"https:\/\/dev.interpharma.animalwelfare.bertastrasse1.ch\/fr\/sujets\/de-lelevage-au-laboratoire-le-bien-etre-animal-est-au-premier-plan\/1-introduciton-6\/","name":"6. R\u00e8glementation stricte et plans d\u2019urgence - Centre didactique en biotechnologie","isPartOf":{"@id":"https:\/\/dev.interpharma.animalwelfare.bertastrasse1.ch\/fr\/#website"},"datePublished":"2023-09-12T09:52:13+00:00","dateModified":"2023-09-12T09:52:17+00:00","breadcrumb":{"@id":"https:\/\/dev.interpharma.animalwelfare.bertastrasse1.ch\/fr\/sujets\/de-lelevage-au-laboratoire-le-bien-etre-animal-est-au-premier-plan\/1-introduciton-6\/#breadcrumb"},"inLanguage":"fr-FR","potentialAction":[{"@type":"ReadAction","target":["https:\/\/dev.interpharma.animalwelfare.bertastrasse1.ch\/fr\/sujets\/de-lelevage-au-laboratoire-le-bien-etre-animal-est-au-premier-plan\/1-introduciton-6\/"]}]},{"@type":"BreadcrumbList","@id":"https:\/\/dev.interpharma.animalwelfare.bertastrasse1.ch\/fr\/sujets\/de-lelevage-au-laboratoire-le-bien-etre-animal-est-au-premier-plan\/1-introduciton-6\/#breadcrumb","itemListElement":[{"@type":"ListItem","position":1,"name":"Interpharma","item":"https:\/\/dev.interpharma.animalwelfare.bertastrasse1.ch\/fr\/"},{"@type":"ListItem","position":2,"name":"Sujets","item":"https:\/\/dev.interpharma.animalwelfare.bertastrasse1.ch\/fr\/sujets\/"},{"@type":"ListItem","position":3,"name":"De l\u2019\u00e9levage au laboratoire, le bien-\u00eatre animal est au premier plan","item":"https:\/\/dev.interpharma.animalwelfare.bertastrasse1.ch\/fr\/sujets\/de-lelevage-au-laboratoire-le-bien-etre-animal-est-au-premier-plan\/"},{"@type":"ListItem","position":4,"name":"6. R\u00e8glementation stricte et plans d\u2019urgence"}]},{"@type":"WebSite","@id":"https:\/\/dev.interpharma.animalwelfare.bertastrasse1.ch\/fr\/#website","url":"https:\/\/dev.interpharma.animalwelfare.bertastrasse1.ch\/fr\/","name":"Centre didactique en biotechnologie","description":"Interpharma Biotech Learning CenterMat\u00e9riel d'information issu de la recherche biologique et m\u00e9dicale moderne","publisher":{"@id":"https:\/\/dev.interpharma.animalwelfare.bertastrasse1.ch\/fr\/#organization"},"potentialAction":[{"@type":"SearchAction","target":{"@type":"EntryPoint","urlTemplate":"https:\/\/dev.interpharma.animalwelfare.bertastrasse1.ch\/fr\/?s={search_term_string}"},"query-input":"required name=search_term_string"}],"inLanguage":"fr-FR"},{"@type":"Organization","@id":"https:\/\/dev.interpharma.animalwelfare.bertastrasse1.ch\/fr\/#organization","name":"Interpharma","url":"https:\/\/dev.interpharma.animalwelfare.bertastrasse1.ch\/fr\/","logo":{"@type":"ImageObject","inLanguage":"fr-FR","@id":"https:\/\/dev.interpharma.animalwelfare.bertastrasse1.ch\/fr\/#\/schema\/logo\/image\/","url":"https:\/\/dev.interpharma.animalwelfare.bertastrasse1.ch\/wp-content\/uploads\/2019\/11\/logo_header.png","contentUrl":"https:\/\/dev.interpharma.animalwelfare.bertastrasse1.ch\/wp-content\/uploads\/2019\/11\/logo_header.png","width":370,"height":56,"caption":"Interpharma"},"image":{"@id":"https:\/\/dev.interpharma.animalwelfare.bertastrasse1.ch\/fr\/#\/schema\/logo\/image\/"},"sameAs":["https:\/\/www.facebook.com\/vorsprungschweiz\/","https:\/\/ch.linkedin.com\/company\/interpharma","https:\/\/de.wikipedia.org\/wiki\/Interpharma"]}]}},"_links":{"self":[{"href":"https:\/\/dev.interpharma.animalwelfare.bertastrasse1.ch\/fr\/wp-json\/wp\/v2\/pages\/7563"}],"collection":[{"href":"https:\/\/dev.interpharma.animalwelfare.bertastrasse1.ch\/fr\/wp-json\/wp\/v2\/pages"}],"about":[{"href":"https:\/\/dev.interpharma.animalwelfare.bertastrasse1.ch\/fr\/wp-json\/wp\/v2\/types\/page"}],"author":[{"embeddable":true,"href":"https:\/\/dev.interpharma.animalwelfare.bertastrasse1.ch\/fr\/wp-json\/wp\/v2\/users\/1"}],"replies":[{"embeddable":true,"href":"https:\/\/dev.interpharma.animalwelfare.bertastrasse1.ch\/fr\/wp-json\/wp\/v2\/comments?post=7563"}],"version-history":[{"count":1,"href":"https:\/\/dev.interpharma.animalwelfare.bertastrasse1.ch\/fr\/wp-json\/wp\/v2\/pages\/7563\/revisions"}],"predecessor-version":[{"id":7584,"href":"https:\/\/dev.interpharma.animalwelfare.bertastrasse1.ch\/fr\/wp-json\/wp\/v2\/pages\/7563\/revisions\/7584"}],"up":[{"embeddable":true,"href":"https:\/\/dev.interpharma.animalwelfare.bertastrasse1.ch\/fr\/wp-json\/wp\/v2\/pages\/7551"}],"wp:attachment":[{"href":"https:\/\/dev.interpharma.animalwelfare.bertastrasse1.ch\/fr\/wp-json\/wp\/v2\/media?parent=7563"}],"curies":[{"name":"wp","href":"https:\/\/api.w.org\/{rel}","templated":true}]}}