{"id":7561,"date":"2019-10-06T16:21:32","date_gmt":"2023-09-12T09:50:27","guid":{"rendered":"https:\/\/dev.interpharma.animalwelfare.bertastrasse1.ch\/?page_id=7561"},"modified":"2023-09-14T14:59:10","modified_gmt":"2023-09-14T14:59:10","slug":"4-le-transport-doit-etre-le-plus-court-et-le-moins-penible-possible","status":"publish","type":"page","link":"https:\/\/dev.interpharma.animalwelfare.bertastrasse1.ch\/fr\/sujets\/de-lelevage-au-laboratoire-le-bien-etre-animal-est-au-premier-plan\/4-le-transport-doit-etre-le-plus-court-et-le-moins-penible-possible\/","title":{"rendered":"4. Le transport doit \u00eatre le plus court et le moins p\u00e9nible possible"},"content":{"rendered":"\n<p>En raison des r\u00e8gles strictes en vigueur dans toute l\u2019Europe,les entreprises d\u2019\u00e9levage sont de plus en plus grandes. \u00c9tantdonn\u00e9 qu\u2019il n\u2019existe plus d\u2019entreprise de ce type en Suisse, lesanimaux de laboratoire sont en majeure partie import\u00e9s deFrance, d\u2019Allemagne, du Danemark et en partie d\u2019Italie. Plusrarement, des animaux de laboratoire viennent des \u00c9tats-Unisou d\u2019Asie. Un avantage de l\u2019Europe est que les trajets sontplus courts, ce qui r\u00e9duit le risque de retards et autres incidents.Pour \u00e9viter le stress et l\u2019\u00e9puisement chez les animaux, ilfaut toujours choisir le trajet le plus court et le moins p\u00e9nible.Dans la plupart des cas, les animaux sont donc transport\u00e9sdans des v\u00e9hicules climatis\u00e9s, donc sur la route. C\u2019est plusagr\u00e9able pour les animaux qu\u2019un transport par voie a\u00e9rienne.Si un transport intercontinental a lieu (outremer), il est toujoursr\u00e9alis\u00e9 en avion, dans la mesure du possible par vol direct sansescale.<\/p>\n","protected":false},"excerpt":{"rendered":"<p>En raison des r\u00e8gles strictes en vigueur dans toute l\u2019Europe,les entreprises d\u2019\u00e9levage sont de plus en plus grandes. \u00c9tantdonn\u00e9 qu\u2019il n\u2019existe plus d\u2019entreprise de ce type en Suisse, lesanimaux de laboratoire sont en majeure partie import\u00e9s deFrance, d\u2019Allemagne, du Danemark et en partie d\u2019Italie. Plusrarement, des animaux de laboratoire viennent des \u00c9tats-Unisou d\u2019Asie. Un avantage [&hellip;]<\/p>\n","protected":false},"author":1,"featured_media":0,"parent":7551,"menu_order":3,"comment_status":"closed","ping_status":"closed","template":"page-templates\/themen-under-seite.php","meta":{"footnotes":""},"acf":[],"yoast_head":"<!-- This site is optimized with the Yoast SEO plugin v21.5 - https:\/\/yoast.com\/wordpress\/plugins\/seo\/ -->\n<title>4. Le transport doit \u00eatre le plus court et le moins p\u00e9nible possible - Centre didactique en biotechnologie<\/title>\n<meta name=\"robots\" content=\"noindex, follow, max-snippet:-1, max-image-preview:large, max-video-preview:-1\" \/>\n<meta property=\"og:locale\" content=\"fr_FR\" \/>\n<meta property=\"og:type\" content=\"article\" \/>\n<meta property=\"og:title\" content=\"4. Le transport doit \u00eatre le plus court et le moins p\u00e9nible possible - Centre didactique en biotechnologie\" \/>\n<meta property=\"og:description\" content=\"En raison des r\u00e8gles strictes en vigueur dans toute l\u2019Europe,les entreprises d\u2019\u00e9levage sont de plus en plus grandes. \u00c9tantdonn\u00e9 qu\u2019il n\u2019existe plus d\u2019entreprise de ce type en Suisse, lesanimaux de laboratoire sont en majeure partie import\u00e9s deFrance, d\u2019Allemagne, du Danemark et en partie d\u2019Italie. Plusrarement, des animaux de laboratoire viennent des \u00c9tats-Unisou d\u2019Asie. Un avantage [&hellip;]\" \/>\n<meta property=\"og:url\" content=\"https:\/\/dev.interpharma.animalwelfare.bertastrasse1.ch\/fr\/sujets\/de-lelevage-au-laboratoire-le-bien-etre-animal-est-au-premier-plan\/4-le-transport-doit-etre-le-plus-court-et-le-moins-penible-possible\/\" \/>\n<meta property=\"og:site_name\" content=\"Centre didactique en biotechnologie\" \/>\n<meta property=\"article:publisher\" content=\"https:\/\/www.facebook.com\/vorsprungschweiz\/\" \/>\n<meta property=\"article:modified_time\" content=\"2023-09-14T14:59:10+00:00\" \/>\n<meta name=\"twitter:card\" content=\"summary_large_image\" \/>\n<meta name=\"twitter:label1\" content=\"Est. reading time\" \/>\n\t<meta name=\"twitter:data1\" content=\"1 minute\" \/>\n<script type=\"application\/ld+json\" class=\"yoast-schema-graph\">{\"@context\":\"https:\/\/schema.org\",\"@graph\":[{\"@type\":\"WebPage\",\"@id\":\"https:\/\/dev.interpharma.animalwelfare.bertastrasse1.ch\/fr\/sujets\/de-lelevage-au-laboratoire-le-bien-etre-animal-est-au-premier-plan\/4-le-transport-doit-etre-le-plus-court-et-le-moins-penible-possible\/\",\"url\":\"https:\/\/dev.interpharma.animalwelfare.bertastrasse1.ch\/fr\/sujets\/de-lelevage-au-laboratoire-le-bien-etre-animal-est-au-premier-plan\/4-le-transport-doit-etre-le-plus-court-et-le-moins-penible-possible\/\",\"name\":\"4. Le transport doit \u00eatre le plus court et le moins p\u00e9nible possible - Centre didactique en biotechnologie\",\"isPartOf\":{\"@id\":\"https:\/\/dev.interpharma.animalwelfare.bertastrasse1.ch\/fr\/#website\"},\"datePublished\":\"2023-09-12T09:50:27+00:00\",\"dateModified\":\"2023-09-14T14:59:10+00:00\",\"breadcrumb\":{\"@id\":\"https:\/\/dev.interpharma.animalwelfare.bertastrasse1.ch\/fr\/sujets\/de-lelevage-au-laboratoire-le-bien-etre-animal-est-au-premier-plan\/4-le-transport-doit-etre-le-plus-court-et-le-moins-penible-possible\/#breadcrumb\"},\"inLanguage\":\"fr-FR\",\"potentialAction\":[{\"@type\":\"ReadAction\",\"target\":[\"https:\/\/dev.interpharma.animalwelfare.bertastrasse1.ch\/fr\/sujets\/de-lelevage-au-laboratoire-le-bien-etre-animal-est-au-premier-plan\/4-le-transport-doit-etre-le-plus-court-et-le-moins-penible-possible\/\"]}]},{\"@type\":\"BreadcrumbList\",\"@id\":\"https:\/\/dev.interpharma.animalwelfare.bertastrasse1.ch\/fr\/sujets\/de-lelevage-au-laboratoire-le-bien-etre-animal-est-au-premier-plan\/4-le-transport-doit-etre-le-plus-court-et-le-moins-penible-possible\/#breadcrumb\",\"itemListElement\":[{\"@type\":\"ListItem\",\"position\":1,\"name\":\"Interpharma\",\"item\":\"https:\/\/dev.interpharma.animalwelfare.bertastrasse1.ch\/fr\/\"},{\"@type\":\"ListItem\",\"position\":2,\"name\":\"Sujets\",\"item\":\"https:\/\/dev.interpharma.animalwelfare.bertastrasse1.ch\/fr\/sujets\/\"},{\"@type\":\"ListItem\",\"position\":3,\"name\":\"De l\u2019\u00e9levage au laboratoire, le bien-\u00eatre animal est au premier plan\",\"item\":\"https:\/\/dev.interpharma.animalwelfare.bertastrasse1.ch\/fr\/sujets\/de-lelevage-au-laboratoire-le-bien-etre-animal-est-au-premier-plan\/\"},{\"@type\":\"ListItem\",\"position\":4,\"name\":\"4. Le transport doit \u00eatre le plus court et le moins p\u00e9nible possible\"}]},{\"@type\":\"WebSite\",\"@id\":\"https:\/\/dev.interpharma.animalwelfare.bertastrasse1.ch\/fr\/#website\",\"url\":\"https:\/\/dev.interpharma.animalwelfare.bertastrasse1.ch\/fr\/\",\"name\":\"Centre didactique en biotechnologie\",\"description\":\"Interpharma Biotech Learning CenterMat\u00e9riel d'information issu de la recherche biologique et m\u00e9dicale moderne\",\"publisher\":{\"@id\":\"https:\/\/dev.interpharma.animalwelfare.bertastrasse1.ch\/fr\/#organization\"},\"potentialAction\":[{\"@type\":\"SearchAction\",\"target\":{\"@type\":\"EntryPoint\",\"urlTemplate\":\"https:\/\/dev.interpharma.animalwelfare.bertastrasse1.ch\/fr\/?s={search_term_string}\"},\"query-input\":\"required name=search_term_string\"}],\"inLanguage\":\"fr-FR\"},{\"@type\":\"Organization\",\"@id\":\"https:\/\/dev.interpharma.animalwelfare.bertastrasse1.ch\/fr\/#organization\",\"name\":\"Interpharma\",\"url\":\"https:\/\/dev.interpharma.animalwelfare.bertastrasse1.ch\/fr\/\",\"logo\":{\"@type\":\"ImageObject\",\"inLanguage\":\"fr-FR\",\"@id\":\"https:\/\/dev.interpharma.animalwelfare.bertastrasse1.ch\/fr\/#\/schema\/logo\/image\/\",\"url\":\"https:\/\/dev.interpharma.animalwelfare.bertastrasse1.ch\/wp-content\/uploads\/2019\/11\/logo_header.png\",\"contentUrl\":\"https:\/\/dev.interpharma.animalwelfare.bertastrasse1.ch\/wp-content\/uploads\/2019\/11\/logo_header.png\",\"width\":370,\"height\":56,\"caption\":\"Interpharma\"},\"image\":{\"@id\":\"https:\/\/dev.interpharma.animalwelfare.bertastrasse1.ch\/fr\/#\/schema\/logo\/image\/\"},\"sameAs\":[\"https:\/\/www.facebook.com\/vorsprungschweiz\/\",\"https:\/\/ch.linkedin.com\/company\/interpharma\",\"https:\/\/de.wikipedia.org\/wiki\/Interpharma\"]}]}<\/script>\n<!-- \/ Yoast SEO plugin. -->","yoast_head_json":{"title":"4. Le transport doit \u00eatre le plus court et le moins p\u00e9nible possible - Centre didactique en biotechnologie","robots":{"index":"noindex","follow":"follow","max-snippet":"max-snippet:-1","max-image-preview":"max-image-preview:large","max-video-preview":"max-video-preview:-1"},"og_locale":"fr_FR","og_type":"article","og_title":"4. Le transport doit \u00eatre le plus court et le moins p\u00e9nible possible - Centre didactique en biotechnologie","og_description":"En raison des r\u00e8gles strictes en vigueur dans toute l\u2019Europe,les entreprises d\u2019\u00e9levage sont de plus en plus grandes. \u00c9tantdonn\u00e9 qu\u2019il n\u2019existe plus d\u2019entreprise de ce type en Suisse, lesanimaux de laboratoire sont en majeure partie import\u00e9s deFrance, d\u2019Allemagne, du Danemark et en partie d\u2019Italie. Plusrarement, des animaux de laboratoire viennent des \u00c9tats-Unisou d\u2019Asie. Un avantage [&hellip;]","og_url":"https:\/\/dev.interpharma.animalwelfare.bertastrasse1.ch\/fr\/sujets\/de-lelevage-au-laboratoire-le-bien-etre-animal-est-au-premier-plan\/4-le-transport-doit-etre-le-plus-court-et-le-moins-penible-possible\/","og_site_name":"Centre didactique en biotechnologie","article_publisher":"https:\/\/www.facebook.com\/vorsprungschweiz\/","article_modified_time":"2023-09-14T14:59:10+00:00","twitter_card":"summary_large_image","twitter_misc":{"Est. reading time":"1 minute"},"schema":{"@context":"https:\/\/schema.org","@graph":[{"@type":"WebPage","@id":"https:\/\/dev.interpharma.animalwelfare.bertastrasse1.ch\/fr\/sujets\/de-lelevage-au-laboratoire-le-bien-etre-animal-est-au-premier-plan\/4-le-transport-doit-etre-le-plus-court-et-le-moins-penible-possible\/","url":"https:\/\/dev.interpharma.animalwelfare.bertastrasse1.ch\/fr\/sujets\/de-lelevage-au-laboratoire-le-bien-etre-animal-est-au-premier-plan\/4-le-transport-doit-etre-le-plus-court-et-le-moins-penible-possible\/","name":"4. Le transport doit \u00eatre le plus court et le moins p\u00e9nible possible - Centre didactique en biotechnologie","isPartOf":{"@id":"https:\/\/dev.interpharma.animalwelfare.bertastrasse1.ch\/fr\/#website"},"datePublished":"2023-09-12T09:50:27+00:00","dateModified":"2023-09-14T14:59:10+00:00","breadcrumb":{"@id":"https:\/\/dev.interpharma.animalwelfare.bertastrasse1.ch\/fr\/sujets\/de-lelevage-au-laboratoire-le-bien-etre-animal-est-au-premier-plan\/4-le-transport-doit-etre-le-plus-court-et-le-moins-penible-possible\/#breadcrumb"},"inLanguage":"fr-FR","potentialAction":[{"@type":"ReadAction","target":["https:\/\/dev.interpharma.animalwelfare.bertastrasse1.ch\/fr\/sujets\/de-lelevage-au-laboratoire-le-bien-etre-animal-est-au-premier-plan\/4-le-transport-doit-etre-le-plus-court-et-le-moins-penible-possible\/"]}]},{"@type":"BreadcrumbList","@id":"https:\/\/dev.interpharma.animalwelfare.bertastrasse1.ch\/fr\/sujets\/de-lelevage-au-laboratoire-le-bien-etre-animal-est-au-premier-plan\/4-le-transport-doit-etre-le-plus-court-et-le-moins-penible-possible\/#breadcrumb","itemListElement":[{"@type":"ListItem","position":1,"name":"Interpharma","item":"https:\/\/dev.interpharma.animalwelfare.bertastrasse1.ch\/fr\/"},{"@type":"ListItem","position":2,"name":"Sujets","item":"https:\/\/dev.interpharma.animalwelfare.bertastrasse1.ch\/fr\/sujets\/"},{"@type":"ListItem","position":3,"name":"De l\u2019\u00e9levage au laboratoire, le bien-\u00eatre animal est au premier plan","item":"https:\/\/dev.interpharma.animalwelfare.bertastrasse1.ch\/fr\/sujets\/de-lelevage-au-laboratoire-le-bien-etre-animal-est-au-premier-plan\/"},{"@type":"ListItem","position":4,"name":"4. Le transport doit \u00eatre le plus court et le moins p\u00e9nible possible"}]},{"@type":"WebSite","@id":"https:\/\/dev.interpharma.animalwelfare.bertastrasse1.ch\/fr\/#website","url":"https:\/\/dev.interpharma.animalwelfare.bertastrasse1.ch\/fr\/","name":"Centre didactique en biotechnologie","description":"Interpharma Biotech Learning CenterMat\u00e9riel d'information issu de la recherche biologique et m\u00e9dicale moderne","publisher":{"@id":"https:\/\/dev.interpharma.animalwelfare.bertastrasse1.ch\/fr\/#organization"},"potentialAction":[{"@type":"SearchAction","target":{"@type":"EntryPoint","urlTemplate":"https:\/\/dev.interpharma.animalwelfare.bertastrasse1.ch\/fr\/?s={search_term_string}"},"query-input":"required name=search_term_string"}],"inLanguage":"fr-FR"},{"@type":"Organization","@id":"https:\/\/dev.interpharma.animalwelfare.bertastrasse1.ch\/fr\/#organization","name":"Interpharma","url":"https:\/\/dev.interpharma.animalwelfare.bertastrasse1.ch\/fr\/","logo":{"@type":"ImageObject","inLanguage":"fr-FR","@id":"https:\/\/dev.interpharma.animalwelfare.bertastrasse1.ch\/fr\/#\/schema\/logo\/image\/","url":"https:\/\/dev.interpharma.animalwelfare.bertastrasse1.ch\/wp-content\/uploads\/2019\/11\/logo_header.png","contentUrl":"https:\/\/dev.interpharma.animalwelfare.bertastrasse1.ch\/wp-content\/uploads\/2019\/11\/logo_header.png","width":370,"height":56,"caption":"Interpharma"},"image":{"@id":"https:\/\/dev.interpharma.animalwelfare.bertastrasse1.ch\/fr\/#\/schema\/logo\/image\/"},"sameAs":["https:\/\/www.facebook.com\/vorsprungschweiz\/","https:\/\/ch.linkedin.com\/company\/interpharma","https:\/\/de.wikipedia.org\/wiki\/Interpharma"]}]}},"_links":{"self":[{"href":"https:\/\/dev.interpharma.animalwelfare.bertastrasse1.ch\/fr\/wp-json\/wp\/v2\/pages\/7561"}],"collection":[{"href":"https:\/\/dev.interpharma.animalwelfare.bertastrasse1.ch\/fr\/wp-json\/wp\/v2\/pages"}],"about":[{"href":"https:\/\/dev.interpharma.animalwelfare.bertastrasse1.ch\/fr\/wp-json\/wp\/v2\/types\/page"}],"author":[{"embeddable":true,"href":"https:\/\/dev.interpharma.animalwelfare.bertastrasse1.ch\/fr\/wp-json\/wp\/v2\/users\/1"}],"replies":[{"embeddable":true,"href":"https:\/\/dev.interpharma.animalwelfare.bertastrasse1.ch\/fr\/wp-json\/wp\/v2\/comments?post=7561"}],"version-history":[{"count":1,"href":"https:\/\/dev.interpharma.animalwelfare.bertastrasse1.ch\/fr\/wp-json\/wp\/v2\/pages\/7561\/revisions"}],"predecessor-version":[{"id":7577,"href":"https:\/\/dev.interpharma.animalwelfare.bertastrasse1.ch\/fr\/wp-json\/wp\/v2\/pages\/7561\/revisions\/7577"}],"up":[{"embeddable":true,"href":"https:\/\/dev.interpharma.animalwelfare.bertastrasse1.ch\/fr\/wp-json\/wp\/v2\/pages\/7551"}],"wp:attachment":[{"href":"https:\/\/dev.interpharma.animalwelfare.bertastrasse1.ch\/fr\/wp-json\/wp\/v2\/media?parent=7561"}],"curies":[{"name":"wp","href":"https:\/\/api.w.org\/{rel}","templated":true}]}}