{"id":7540,"date":"2023-09-11T15:12:52","date_gmt":"2023-09-11T15:12:52","guid":{"rendered":"https:\/\/dev.interpharma.animalwelfare.bertastrasse1.ch\/sujets\/necessite-de-lexperimentation-animale-et-validite-des-resultats-chez-letre-humain\/8-de-nombreux-progres-grace-a-lexperimentation-animale-2\/"},"modified":"2023-09-11T15:14:04","modified_gmt":"2023-09-11T15:14:04","slug":"9-lexperimentation-animale-reduit-lexperimentation-animale","status":"publish","type":"page","link":"https:\/\/dev.interpharma.animalwelfare.bertastrasse1.ch\/fr\/sujets\/necessite-de-lexperimentation-animale-et-validite-des-resultats-chez-letre-humain\/9-lexperimentation-animale-reduit-lexperimentation-animale\/","title":{"rendered":"9. L\u2019exp\u00e9rimentation animale r\u00e9duit l\u2019exp\u00e9rimentation animale"},"content":{"rendered":"\n<p>La recherche ne peut pas encore se passer de l\u2019exp\u00e9rimentation animale. Certes, les m\u00e9thodes utilisant des mod\u00e8les informatiques et des cultures cellulaires sont d\u00e9j\u00e0 tr\u00e8s perfectionn\u00e9es et des technologies comme les \u00aborganes sur puce\u00bbpermettent de reproduire des processus simples. Mais les m\u00e9thodes disponibles ne permettent pas (encore) de reproduire les processus complexes de l\u2019organisme. En effet, ce qui se passe dans une cellule est d\u00e9j\u00e0 si compliqu\u00e9 qu\u2019un ordinateur ne peut pas le calculer. L\u2019exp\u00e9rimentation animale reste donc pour le moment n\u00e9cessaire, \u00e9galement pour l\u2019am\u00e9liorer et la remplacer de plus en plus souvent. <\/p>\n","protected":false},"excerpt":{"rendered":"<p>La recherche ne peut pas encore se passer de l\u2019exp\u00e9rimentation animale. Certes, les m\u00e9thodes utilisant des mod\u00e8les informatiques et des cultures cellulaires sont d\u00e9j\u00e0 tr\u00e8s perfectionn\u00e9es et des technologies comme les \u00aborganes sur puce\u00bbpermettent de reproduire des processus simples. Mais les m\u00e9thodes disponibles ne permettent pas (encore) de reproduire les processus complexes de l\u2019organisme. En [&hellip;]<\/p>\n","protected":false},"author":1,"featured_media":0,"parent":7488,"menu_order":8,"comment_status":"closed","ping_status":"closed","template":"page-templates\/themen-under-seite.php","meta":{"footnotes":""},"acf":[],"yoast_head":"<!-- This site is optimized with the Yoast SEO plugin v21.5 - https:\/\/yoast.com\/wordpress\/plugins\/seo\/ -->\n<title>9. L\u2019exp\u00e9rimentation animale r\u00e9duit l\u2019exp\u00e9rimentation animale - Centre didactique en biotechnologie<\/title>\n<meta name=\"robots\" content=\"noindex, follow, max-snippet:-1, max-image-preview:large, max-video-preview:-1\" \/>\n<meta property=\"og:locale\" content=\"fr_FR\" \/>\n<meta property=\"og:type\" content=\"article\" \/>\n<meta property=\"og:title\" content=\"9. L\u2019exp\u00e9rimentation animale r\u00e9duit l\u2019exp\u00e9rimentation animale - Centre didactique en biotechnologie\" \/>\n<meta property=\"og:description\" content=\"La recherche ne peut pas encore se passer de l\u2019exp\u00e9rimentation animale. Certes, les m\u00e9thodes utilisant des mod\u00e8les informatiques et des cultures cellulaires sont d\u00e9j\u00e0 tr\u00e8s perfectionn\u00e9es et des technologies comme les \u00aborganes sur puce\u00bbpermettent de reproduire des processus simples. Mais les m\u00e9thodes disponibles ne permettent pas (encore) de reproduire les processus complexes de l\u2019organisme. En [&hellip;]\" \/>\n<meta property=\"og:url\" content=\"https:\/\/dev.interpharma.animalwelfare.bertastrasse1.ch\/fr\/sujets\/necessite-de-lexperimentation-animale-et-validite-des-resultats-chez-letre-humain\/9-lexperimentation-animale-reduit-lexperimentation-animale\/\" \/>\n<meta property=\"og:site_name\" content=\"Centre didactique en biotechnologie\" \/>\n<meta property=\"article:publisher\" content=\"https:\/\/www.facebook.com\/vorsprungschweiz\/\" \/>\n<meta property=\"article:modified_time\" content=\"2023-09-11T15:14:04+00:00\" \/>\n<meta name=\"twitter:card\" content=\"summary_large_image\" \/>\n<meta name=\"twitter:label1\" content=\"Est. reading time\" \/>\n\t<meta name=\"twitter:data1\" content=\"1 minute\" \/>\n<script type=\"application\/ld+json\" class=\"yoast-schema-graph\">{\"@context\":\"https:\/\/schema.org\",\"@graph\":[{\"@type\":\"WebPage\",\"@id\":\"https:\/\/dev.interpharma.animalwelfare.bertastrasse1.ch\/fr\/sujets\/necessite-de-lexperimentation-animale-et-validite-des-resultats-chez-letre-humain\/9-lexperimentation-animale-reduit-lexperimentation-animale\/\",\"url\":\"https:\/\/dev.interpharma.animalwelfare.bertastrasse1.ch\/fr\/sujets\/necessite-de-lexperimentation-animale-et-validite-des-resultats-chez-letre-humain\/9-lexperimentation-animale-reduit-lexperimentation-animale\/\",\"name\":\"9. L\u2019exp\u00e9rimentation animale r\u00e9duit l\u2019exp\u00e9rimentation animale - Centre didactique en biotechnologie\",\"isPartOf\":{\"@id\":\"https:\/\/dev.interpharma.animalwelfare.bertastrasse1.ch\/fr\/#website\"},\"datePublished\":\"2023-09-11T15:12:52+00:00\",\"dateModified\":\"2023-09-11T15:14:04+00:00\",\"breadcrumb\":{\"@id\":\"https:\/\/dev.interpharma.animalwelfare.bertastrasse1.ch\/fr\/sujets\/necessite-de-lexperimentation-animale-et-validite-des-resultats-chez-letre-humain\/9-lexperimentation-animale-reduit-lexperimentation-animale\/#breadcrumb\"},\"inLanguage\":\"fr-FR\",\"potentialAction\":[{\"@type\":\"ReadAction\",\"target\":[\"https:\/\/dev.interpharma.animalwelfare.bertastrasse1.ch\/fr\/sujets\/necessite-de-lexperimentation-animale-et-validite-des-resultats-chez-letre-humain\/9-lexperimentation-animale-reduit-lexperimentation-animale\/\"]}]},{\"@type\":\"BreadcrumbList\",\"@id\":\"https:\/\/dev.interpharma.animalwelfare.bertastrasse1.ch\/fr\/sujets\/necessite-de-lexperimentation-animale-et-validite-des-resultats-chez-letre-humain\/9-lexperimentation-animale-reduit-lexperimentation-animale\/#breadcrumb\",\"itemListElement\":[{\"@type\":\"ListItem\",\"position\":1,\"name\":\"Interpharma\",\"item\":\"https:\/\/dev.interpharma.animalwelfare.bertastrasse1.ch\/fr\/\"},{\"@type\":\"ListItem\",\"position\":2,\"name\":\"Sujets\",\"item\":\"https:\/\/dev.interpharma.animalwelfare.bertastrasse1.ch\/fr\/sujets\/\"},{\"@type\":\"ListItem\",\"position\":3,\"name\":\"N\u00e9cessit\u00e9 de l\u2019exp\u00e9rimentation animale et validit\u00e9 des r\u00e9sultats chez l\u2019\u00eatre humain\",\"item\":\"https:\/\/dev.interpharma.animalwelfare.bertastrasse1.ch\/fr\/sujets\/necessite-de-lexperimentation-animale-et-validite-des-resultats-chez-letre-humain\/\"},{\"@type\":\"ListItem\",\"position\":4,\"name\":\"9. L\u2019exp\u00e9rimentation animale r\u00e9duit l\u2019exp\u00e9rimentation animale\"}]},{\"@type\":\"WebSite\",\"@id\":\"https:\/\/dev.interpharma.animalwelfare.bertastrasse1.ch\/fr\/#website\",\"url\":\"https:\/\/dev.interpharma.animalwelfare.bertastrasse1.ch\/fr\/\",\"name\":\"Centre didactique en biotechnologie\",\"description\":\"Interpharma Biotech Learning CenterMat\u00e9riel d'information issu de la recherche biologique et m\u00e9dicale moderne\",\"publisher\":{\"@id\":\"https:\/\/dev.interpharma.animalwelfare.bertastrasse1.ch\/fr\/#organization\"},\"potentialAction\":[{\"@type\":\"SearchAction\",\"target\":{\"@type\":\"EntryPoint\",\"urlTemplate\":\"https:\/\/dev.interpharma.animalwelfare.bertastrasse1.ch\/fr\/?s={search_term_string}\"},\"query-input\":\"required name=search_term_string\"}],\"inLanguage\":\"fr-FR\"},{\"@type\":\"Organization\",\"@id\":\"https:\/\/dev.interpharma.animalwelfare.bertastrasse1.ch\/fr\/#organization\",\"name\":\"Interpharma\",\"url\":\"https:\/\/dev.interpharma.animalwelfare.bertastrasse1.ch\/fr\/\",\"logo\":{\"@type\":\"ImageObject\",\"inLanguage\":\"fr-FR\",\"@id\":\"https:\/\/dev.interpharma.animalwelfare.bertastrasse1.ch\/fr\/#\/schema\/logo\/image\/\",\"url\":\"https:\/\/dev.interpharma.animalwelfare.bertastrasse1.ch\/wp-content\/uploads\/2019\/11\/logo_header.png\",\"contentUrl\":\"https:\/\/dev.interpharma.animalwelfare.bertastrasse1.ch\/wp-content\/uploads\/2019\/11\/logo_header.png\",\"width\":370,\"height\":56,\"caption\":\"Interpharma\"},\"image\":{\"@id\":\"https:\/\/dev.interpharma.animalwelfare.bertastrasse1.ch\/fr\/#\/schema\/logo\/image\/\"},\"sameAs\":[\"https:\/\/www.facebook.com\/vorsprungschweiz\/\",\"https:\/\/ch.linkedin.com\/company\/interpharma\",\"https:\/\/de.wikipedia.org\/wiki\/Interpharma\"]}]}<\/script>\n<!-- \/ Yoast SEO plugin. -->","yoast_head_json":{"title":"9. L\u2019exp\u00e9rimentation animale r\u00e9duit l\u2019exp\u00e9rimentation animale - Centre didactique en biotechnologie","robots":{"index":"noindex","follow":"follow","max-snippet":"max-snippet:-1","max-image-preview":"max-image-preview:large","max-video-preview":"max-video-preview:-1"},"og_locale":"fr_FR","og_type":"article","og_title":"9. L\u2019exp\u00e9rimentation animale r\u00e9duit l\u2019exp\u00e9rimentation animale - Centre didactique en biotechnologie","og_description":"La recherche ne peut pas encore se passer de l\u2019exp\u00e9rimentation animale. Certes, les m\u00e9thodes utilisant des mod\u00e8les informatiques et des cultures cellulaires sont d\u00e9j\u00e0 tr\u00e8s perfectionn\u00e9es et des technologies comme les \u00aborganes sur puce\u00bbpermettent de reproduire des processus simples. Mais les m\u00e9thodes disponibles ne permettent pas (encore) de reproduire les processus complexes de l\u2019organisme. En [&hellip;]","og_url":"https:\/\/dev.interpharma.animalwelfare.bertastrasse1.ch\/fr\/sujets\/necessite-de-lexperimentation-animale-et-validite-des-resultats-chez-letre-humain\/9-lexperimentation-animale-reduit-lexperimentation-animale\/","og_site_name":"Centre didactique en biotechnologie","article_publisher":"https:\/\/www.facebook.com\/vorsprungschweiz\/","article_modified_time":"2023-09-11T15:14:04+00:00","twitter_card":"summary_large_image","twitter_misc":{"Est. reading time":"1 minute"},"schema":{"@context":"https:\/\/schema.org","@graph":[{"@type":"WebPage","@id":"https:\/\/dev.interpharma.animalwelfare.bertastrasse1.ch\/fr\/sujets\/necessite-de-lexperimentation-animale-et-validite-des-resultats-chez-letre-humain\/9-lexperimentation-animale-reduit-lexperimentation-animale\/","url":"https:\/\/dev.interpharma.animalwelfare.bertastrasse1.ch\/fr\/sujets\/necessite-de-lexperimentation-animale-et-validite-des-resultats-chez-letre-humain\/9-lexperimentation-animale-reduit-lexperimentation-animale\/","name":"9. L\u2019exp\u00e9rimentation animale r\u00e9duit l\u2019exp\u00e9rimentation animale - Centre didactique en biotechnologie","isPartOf":{"@id":"https:\/\/dev.interpharma.animalwelfare.bertastrasse1.ch\/fr\/#website"},"datePublished":"2023-09-11T15:12:52+00:00","dateModified":"2023-09-11T15:14:04+00:00","breadcrumb":{"@id":"https:\/\/dev.interpharma.animalwelfare.bertastrasse1.ch\/fr\/sujets\/necessite-de-lexperimentation-animale-et-validite-des-resultats-chez-letre-humain\/9-lexperimentation-animale-reduit-lexperimentation-animale\/#breadcrumb"},"inLanguage":"fr-FR","potentialAction":[{"@type":"ReadAction","target":["https:\/\/dev.interpharma.animalwelfare.bertastrasse1.ch\/fr\/sujets\/necessite-de-lexperimentation-animale-et-validite-des-resultats-chez-letre-humain\/9-lexperimentation-animale-reduit-lexperimentation-animale\/"]}]},{"@type":"BreadcrumbList","@id":"https:\/\/dev.interpharma.animalwelfare.bertastrasse1.ch\/fr\/sujets\/necessite-de-lexperimentation-animale-et-validite-des-resultats-chez-letre-humain\/9-lexperimentation-animale-reduit-lexperimentation-animale\/#breadcrumb","itemListElement":[{"@type":"ListItem","position":1,"name":"Interpharma","item":"https:\/\/dev.interpharma.animalwelfare.bertastrasse1.ch\/fr\/"},{"@type":"ListItem","position":2,"name":"Sujets","item":"https:\/\/dev.interpharma.animalwelfare.bertastrasse1.ch\/fr\/sujets\/"},{"@type":"ListItem","position":3,"name":"N\u00e9cessit\u00e9 de l\u2019exp\u00e9rimentation animale et validit\u00e9 des r\u00e9sultats chez l\u2019\u00eatre humain","item":"https:\/\/dev.interpharma.animalwelfare.bertastrasse1.ch\/fr\/sujets\/necessite-de-lexperimentation-animale-et-validite-des-resultats-chez-letre-humain\/"},{"@type":"ListItem","position":4,"name":"9. L\u2019exp\u00e9rimentation animale r\u00e9duit l\u2019exp\u00e9rimentation animale"}]},{"@type":"WebSite","@id":"https:\/\/dev.interpharma.animalwelfare.bertastrasse1.ch\/fr\/#website","url":"https:\/\/dev.interpharma.animalwelfare.bertastrasse1.ch\/fr\/","name":"Centre didactique en biotechnologie","description":"Interpharma Biotech Learning CenterMat\u00e9riel d'information issu de la recherche biologique et m\u00e9dicale moderne","publisher":{"@id":"https:\/\/dev.interpharma.animalwelfare.bertastrasse1.ch\/fr\/#organization"},"potentialAction":[{"@type":"SearchAction","target":{"@type":"EntryPoint","urlTemplate":"https:\/\/dev.interpharma.animalwelfare.bertastrasse1.ch\/fr\/?s={search_term_string}"},"query-input":"required name=search_term_string"}],"inLanguage":"fr-FR"},{"@type":"Organization","@id":"https:\/\/dev.interpharma.animalwelfare.bertastrasse1.ch\/fr\/#organization","name":"Interpharma","url":"https:\/\/dev.interpharma.animalwelfare.bertastrasse1.ch\/fr\/","logo":{"@type":"ImageObject","inLanguage":"fr-FR","@id":"https:\/\/dev.interpharma.animalwelfare.bertastrasse1.ch\/fr\/#\/schema\/logo\/image\/","url":"https:\/\/dev.interpharma.animalwelfare.bertastrasse1.ch\/wp-content\/uploads\/2019\/11\/logo_header.png","contentUrl":"https:\/\/dev.interpharma.animalwelfare.bertastrasse1.ch\/wp-content\/uploads\/2019\/11\/logo_header.png","width":370,"height":56,"caption":"Interpharma"},"image":{"@id":"https:\/\/dev.interpharma.animalwelfare.bertastrasse1.ch\/fr\/#\/schema\/logo\/image\/"},"sameAs":["https:\/\/www.facebook.com\/vorsprungschweiz\/","https:\/\/ch.linkedin.com\/company\/interpharma","https:\/\/de.wikipedia.org\/wiki\/Interpharma"]}]}},"_links":{"self":[{"href":"https:\/\/dev.interpharma.animalwelfare.bertastrasse1.ch\/fr\/wp-json\/wp\/v2\/pages\/7540"}],"collection":[{"href":"https:\/\/dev.interpharma.animalwelfare.bertastrasse1.ch\/fr\/wp-json\/wp\/v2\/pages"}],"about":[{"href":"https:\/\/dev.interpharma.animalwelfare.bertastrasse1.ch\/fr\/wp-json\/wp\/v2\/types\/page"}],"author":[{"embeddable":true,"href":"https:\/\/dev.interpharma.animalwelfare.bertastrasse1.ch\/fr\/wp-json\/wp\/v2\/users\/1"}],"replies":[{"embeddable":true,"href":"https:\/\/dev.interpharma.animalwelfare.bertastrasse1.ch\/fr\/wp-json\/wp\/v2\/comments?post=7540"}],"version-history":[{"count":1,"href":"https:\/\/dev.interpharma.animalwelfare.bertastrasse1.ch\/fr\/wp-json\/wp\/v2\/pages\/7540\/revisions"}],"predecessor-version":[{"id":7541,"href":"https:\/\/dev.interpharma.animalwelfare.bertastrasse1.ch\/fr\/wp-json\/wp\/v2\/pages\/7540\/revisions\/7541"}],"up":[{"embeddable":true,"href":"https:\/\/dev.interpharma.animalwelfare.bertastrasse1.ch\/fr\/wp-json\/wp\/v2\/pages\/7488"}],"wp:attachment":[{"href":"https:\/\/dev.interpharma.animalwelfare.bertastrasse1.ch\/fr\/wp-json\/wp\/v2\/media?parent=7540"}],"curies":[{"name":"wp","href":"https:\/\/api.w.org\/{rel}","templated":true}]}}