{"id":7518,"date":"2023-09-11T14:56:22","date_gmt":"2023-09-11T14:56:22","guid":{"rendered":"https:\/\/dev.interpharma.animalwelfare.bertastrasse1.ch\/sujets\/necessite-de-lexperimentation-animale-et-validite-des-resultats-chez-letre-humain\/2-ethique-et-securite-2\/"},"modified":"2023-09-11T14:57:57","modified_gmt":"2023-09-11T14:57:57","slug":"3-quand-on-manque-de-participants","status":"publish","type":"page","link":"https:\/\/dev.interpharma.animalwelfare.bertastrasse1.ch\/fr\/sujets\/necessite-de-lexperimentation-animale-et-validite-des-resultats-chez-letre-humain\/3-quand-on-manque-de-participants\/","title":{"rendered":"3. Quand on manque de participants"},"content":{"rendered":"\n<p>En plus des principes \u00e9thiques fondamentaux, la recherche utilise aussi l\u2019exp\u00e9rimentation animale parce que l\u2019\u00eatre humain n\u2019est pas toujours id\u00e9al pour l\u2019\u00e9tude de questions biom\u00e9dicales. En particulier lorsqu\u2019il s\u2019agit de maladies h\u00e9r\u00e9ditaires, les organismes qui se reproduisent rapidement, comme par exemple le poisson z\u00e8bre ou la souris, sont mieux adapt\u00e9s. On manque souvent du nombre n\u00e9cessaire de participants humains pour la recherche sur les causes g\u00e9n\u00e9tiques, physiologiques ou anatomiques de maladies rares. On a donc besoin de l\u2019exp\u00e9rimentation animale pour comprendre la maladie et d\u00e9velopper des substances actives contre celle-ci. Mais pourquoi les exp\u00e9riences sur animaux sont-elles une m\u00e9thode ad\u00e9quate ?<\/p>\n\n\n\n<p><\/p>\n","protected":false},"excerpt":{"rendered":"<p>En plus des principes \u00e9thiques fondamentaux, la recherche utilise aussi l\u2019exp\u00e9rimentation animale parce que l\u2019\u00eatre humain n\u2019est pas toujours id\u00e9al pour l\u2019\u00e9tude de questions biom\u00e9dicales. En particulier lorsqu\u2019il s\u2019agit de maladies h\u00e9r\u00e9ditaires, les organismes qui se reproduisent rapidement, comme par exemple le poisson z\u00e8bre ou la souris, sont mieux adapt\u00e9s. On manque souvent du nombre [&hellip;]<\/p>\n","protected":false},"author":1,"featured_media":0,"parent":7488,"menu_order":2,"comment_status":"closed","ping_status":"closed","template":"page-templates\/themen-under-seite.php","meta":{"footnotes":""},"acf":[],"yoast_head":"<!-- This site is optimized with the Yoast SEO plugin v21.5 - https:\/\/yoast.com\/wordpress\/plugins\/seo\/ -->\n<title>3. Quand on manque de participants - Centre didactique en biotechnologie<\/title>\n<meta name=\"robots\" content=\"noindex, follow, max-snippet:-1, max-image-preview:large, max-video-preview:-1\" \/>\n<meta property=\"og:locale\" content=\"fr_FR\" \/>\n<meta property=\"og:type\" content=\"article\" \/>\n<meta property=\"og:title\" content=\"3. Quand on manque de participants - Centre didactique en biotechnologie\" \/>\n<meta property=\"og:description\" content=\"En plus des principes \u00e9thiques fondamentaux, la recherche utilise aussi l\u2019exp\u00e9rimentation animale parce que l\u2019\u00eatre humain n\u2019est pas toujours id\u00e9al pour l\u2019\u00e9tude de questions biom\u00e9dicales. En particulier lorsqu\u2019il s\u2019agit de maladies h\u00e9r\u00e9ditaires, les organismes qui se reproduisent rapidement, comme par exemple le poisson z\u00e8bre ou la souris, sont mieux adapt\u00e9s. On manque souvent du nombre [&hellip;]\" \/>\n<meta property=\"og:url\" content=\"https:\/\/dev.interpharma.animalwelfare.bertastrasse1.ch\/fr\/sujets\/necessite-de-lexperimentation-animale-et-validite-des-resultats-chez-letre-humain\/3-quand-on-manque-de-participants\/\" \/>\n<meta property=\"og:site_name\" content=\"Centre didactique en biotechnologie\" \/>\n<meta property=\"article:publisher\" content=\"https:\/\/www.facebook.com\/vorsprungschweiz\/\" \/>\n<meta property=\"article:modified_time\" content=\"2023-09-11T14:57:57+00:00\" \/>\n<meta name=\"twitter:card\" content=\"summary_large_image\" \/>\n<meta name=\"twitter:label1\" content=\"Est. reading time\" \/>\n\t<meta name=\"twitter:data1\" content=\"1 minute\" \/>\n<script type=\"application\/ld+json\" class=\"yoast-schema-graph\">{\"@context\":\"https:\/\/schema.org\",\"@graph\":[{\"@type\":\"WebPage\",\"@id\":\"https:\/\/dev.interpharma.animalwelfare.bertastrasse1.ch\/fr\/sujets\/necessite-de-lexperimentation-animale-et-validite-des-resultats-chez-letre-humain\/3-quand-on-manque-de-participants\/\",\"url\":\"https:\/\/dev.interpharma.animalwelfare.bertastrasse1.ch\/fr\/sujets\/necessite-de-lexperimentation-animale-et-validite-des-resultats-chez-letre-humain\/3-quand-on-manque-de-participants\/\",\"name\":\"3. Quand on manque de participants - Centre didactique en biotechnologie\",\"isPartOf\":{\"@id\":\"https:\/\/dev.interpharma.animalwelfare.bertastrasse1.ch\/fr\/#website\"},\"datePublished\":\"2023-09-11T14:56:22+00:00\",\"dateModified\":\"2023-09-11T14:57:57+00:00\",\"breadcrumb\":{\"@id\":\"https:\/\/dev.interpharma.animalwelfare.bertastrasse1.ch\/fr\/sujets\/necessite-de-lexperimentation-animale-et-validite-des-resultats-chez-letre-humain\/3-quand-on-manque-de-participants\/#breadcrumb\"},\"inLanguage\":\"fr-FR\",\"potentialAction\":[{\"@type\":\"ReadAction\",\"target\":[\"https:\/\/dev.interpharma.animalwelfare.bertastrasse1.ch\/fr\/sujets\/necessite-de-lexperimentation-animale-et-validite-des-resultats-chez-letre-humain\/3-quand-on-manque-de-participants\/\"]}]},{\"@type\":\"BreadcrumbList\",\"@id\":\"https:\/\/dev.interpharma.animalwelfare.bertastrasse1.ch\/fr\/sujets\/necessite-de-lexperimentation-animale-et-validite-des-resultats-chez-letre-humain\/3-quand-on-manque-de-participants\/#breadcrumb\",\"itemListElement\":[{\"@type\":\"ListItem\",\"position\":1,\"name\":\"Interpharma\",\"item\":\"https:\/\/dev.interpharma.animalwelfare.bertastrasse1.ch\/fr\/\"},{\"@type\":\"ListItem\",\"position\":2,\"name\":\"Sujets\",\"item\":\"https:\/\/dev.interpharma.animalwelfare.bertastrasse1.ch\/fr\/sujets\/\"},{\"@type\":\"ListItem\",\"position\":3,\"name\":\"N\u00e9cessit\u00e9 de l\u2019exp\u00e9rimentation animale et validit\u00e9 des r\u00e9sultats chez l\u2019\u00eatre humain\",\"item\":\"https:\/\/dev.interpharma.animalwelfare.bertastrasse1.ch\/fr\/sujets\/necessite-de-lexperimentation-animale-et-validite-des-resultats-chez-letre-humain\/\"},{\"@type\":\"ListItem\",\"position\":4,\"name\":\"3. Quand on manque de participants\"}]},{\"@type\":\"WebSite\",\"@id\":\"https:\/\/dev.interpharma.animalwelfare.bertastrasse1.ch\/fr\/#website\",\"url\":\"https:\/\/dev.interpharma.animalwelfare.bertastrasse1.ch\/fr\/\",\"name\":\"Centre didactique en biotechnologie\",\"description\":\"Interpharma Biotech Learning CenterMat\u00e9riel d'information issu de la recherche biologique et m\u00e9dicale moderne\",\"publisher\":{\"@id\":\"https:\/\/dev.interpharma.animalwelfare.bertastrasse1.ch\/fr\/#organization\"},\"potentialAction\":[{\"@type\":\"SearchAction\",\"target\":{\"@type\":\"EntryPoint\",\"urlTemplate\":\"https:\/\/dev.interpharma.animalwelfare.bertastrasse1.ch\/fr\/?s={search_term_string}\"},\"query-input\":\"required name=search_term_string\"}],\"inLanguage\":\"fr-FR\"},{\"@type\":\"Organization\",\"@id\":\"https:\/\/dev.interpharma.animalwelfare.bertastrasse1.ch\/fr\/#organization\",\"name\":\"Interpharma\",\"url\":\"https:\/\/dev.interpharma.animalwelfare.bertastrasse1.ch\/fr\/\",\"logo\":{\"@type\":\"ImageObject\",\"inLanguage\":\"fr-FR\",\"@id\":\"https:\/\/dev.interpharma.animalwelfare.bertastrasse1.ch\/fr\/#\/schema\/logo\/image\/\",\"url\":\"https:\/\/dev.interpharma.animalwelfare.bertastrasse1.ch\/wp-content\/uploads\/2019\/11\/logo_header.png\",\"contentUrl\":\"https:\/\/dev.interpharma.animalwelfare.bertastrasse1.ch\/wp-content\/uploads\/2019\/11\/logo_header.png\",\"width\":370,\"height\":56,\"caption\":\"Interpharma\"},\"image\":{\"@id\":\"https:\/\/dev.interpharma.animalwelfare.bertastrasse1.ch\/fr\/#\/schema\/logo\/image\/\"},\"sameAs\":[\"https:\/\/www.facebook.com\/vorsprungschweiz\/\",\"https:\/\/ch.linkedin.com\/company\/interpharma\",\"https:\/\/de.wikipedia.org\/wiki\/Interpharma\"]}]}<\/script>\n<!-- \/ Yoast SEO plugin. -->","yoast_head_json":{"title":"3. Quand on manque de participants - Centre didactique en biotechnologie","robots":{"index":"noindex","follow":"follow","max-snippet":"max-snippet:-1","max-image-preview":"max-image-preview:large","max-video-preview":"max-video-preview:-1"},"og_locale":"fr_FR","og_type":"article","og_title":"3. Quand on manque de participants - Centre didactique en biotechnologie","og_description":"En plus des principes \u00e9thiques fondamentaux, la recherche utilise aussi l\u2019exp\u00e9rimentation animale parce que l\u2019\u00eatre humain n\u2019est pas toujours id\u00e9al pour l\u2019\u00e9tude de questions biom\u00e9dicales. En particulier lorsqu\u2019il s\u2019agit de maladies h\u00e9r\u00e9ditaires, les organismes qui se reproduisent rapidement, comme par exemple le poisson z\u00e8bre ou la souris, sont mieux adapt\u00e9s. On manque souvent du nombre [&hellip;]","og_url":"https:\/\/dev.interpharma.animalwelfare.bertastrasse1.ch\/fr\/sujets\/necessite-de-lexperimentation-animale-et-validite-des-resultats-chez-letre-humain\/3-quand-on-manque-de-participants\/","og_site_name":"Centre didactique en biotechnologie","article_publisher":"https:\/\/www.facebook.com\/vorsprungschweiz\/","article_modified_time":"2023-09-11T14:57:57+00:00","twitter_card":"summary_large_image","twitter_misc":{"Est. reading time":"1 minute"},"schema":{"@context":"https:\/\/schema.org","@graph":[{"@type":"WebPage","@id":"https:\/\/dev.interpharma.animalwelfare.bertastrasse1.ch\/fr\/sujets\/necessite-de-lexperimentation-animale-et-validite-des-resultats-chez-letre-humain\/3-quand-on-manque-de-participants\/","url":"https:\/\/dev.interpharma.animalwelfare.bertastrasse1.ch\/fr\/sujets\/necessite-de-lexperimentation-animale-et-validite-des-resultats-chez-letre-humain\/3-quand-on-manque-de-participants\/","name":"3. Quand on manque de participants - Centre didactique en biotechnologie","isPartOf":{"@id":"https:\/\/dev.interpharma.animalwelfare.bertastrasse1.ch\/fr\/#website"},"datePublished":"2023-09-11T14:56:22+00:00","dateModified":"2023-09-11T14:57:57+00:00","breadcrumb":{"@id":"https:\/\/dev.interpharma.animalwelfare.bertastrasse1.ch\/fr\/sujets\/necessite-de-lexperimentation-animale-et-validite-des-resultats-chez-letre-humain\/3-quand-on-manque-de-participants\/#breadcrumb"},"inLanguage":"fr-FR","potentialAction":[{"@type":"ReadAction","target":["https:\/\/dev.interpharma.animalwelfare.bertastrasse1.ch\/fr\/sujets\/necessite-de-lexperimentation-animale-et-validite-des-resultats-chez-letre-humain\/3-quand-on-manque-de-participants\/"]}]},{"@type":"BreadcrumbList","@id":"https:\/\/dev.interpharma.animalwelfare.bertastrasse1.ch\/fr\/sujets\/necessite-de-lexperimentation-animale-et-validite-des-resultats-chez-letre-humain\/3-quand-on-manque-de-participants\/#breadcrumb","itemListElement":[{"@type":"ListItem","position":1,"name":"Interpharma","item":"https:\/\/dev.interpharma.animalwelfare.bertastrasse1.ch\/fr\/"},{"@type":"ListItem","position":2,"name":"Sujets","item":"https:\/\/dev.interpharma.animalwelfare.bertastrasse1.ch\/fr\/sujets\/"},{"@type":"ListItem","position":3,"name":"N\u00e9cessit\u00e9 de l\u2019exp\u00e9rimentation animale et validit\u00e9 des r\u00e9sultats chez l\u2019\u00eatre humain","item":"https:\/\/dev.interpharma.animalwelfare.bertastrasse1.ch\/fr\/sujets\/necessite-de-lexperimentation-animale-et-validite-des-resultats-chez-letre-humain\/"},{"@type":"ListItem","position":4,"name":"3. Quand on manque de participants"}]},{"@type":"WebSite","@id":"https:\/\/dev.interpharma.animalwelfare.bertastrasse1.ch\/fr\/#website","url":"https:\/\/dev.interpharma.animalwelfare.bertastrasse1.ch\/fr\/","name":"Centre didactique en biotechnologie","description":"Interpharma Biotech Learning CenterMat\u00e9riel d'information issu de la recherche biologique et m\u00e9dicale moderne","publisher":{"@id":"https:\/\/dev.interpharma.animalwelfare.bertastrasse1.ch\/fr\/#organization"},"potentialAction":[{"@type":"SearchAction","target":{"@type":"EntryPoint","urlTemplate":"https:\/\/dev.interpharma.animalwelfare.bertastrasse1.ch\/fr\/?s={search_term_string}"},"query-input":"required name=search_term_string"}],"inLanguage":"fr-FR"},{"@type":"Organization","@id":"https:\/\/dev.interpharma.animalwelfare.bertastrasse1.ch\/fr\/#organization","name":"Interpharma","url":"https:\/\/dev.interpharma.animalwelfare.bertastrasse1.ch\/fr\/","logo":{"@type":"ImageObject","inLanguage":"fr-FR","@id":"https:\/\/dev.interpharma.animalwelfare.bertastrasse1.ch\/fr\/#\/schema\/logo\/image\/","url":"https:\/\/dev.interpharma.animalwelfare.bertastrasse1.ch\/wp-content\/uploads\/2019\/11\/logo_header.png","contentUrl":"https:\/\/dev.interpharma.animalwelfare.bertastrasse1.ch\/wp-content\/uploads\/2019\/11\/logo_header.png","width":370,"height":56,"caption":"Interpharma"},"image":{"@id":"https:\/\/dev.interpharma.animalwelfare.bertastrasse1.ch\/fr\/#\/schema\/logo\/image\/"},"sameAs":["https:\/\/www.facebook.com\/vorsprungschweiz\/","https:\/\/ch.linkedin.com\/company\/interpharma","https:\/\/de.wikipedia.org\/wiki\/Interpharma"]}]}},"_links":{"self":[{"href":"https:\/\/dev.interpharma.animalwelfare.bertastrasse1.ch\/fr\/wp-json\/wp\/v2\/pages\/7518"}],"collection":[{"href":"https:\/\/dev.interpharma.animalwelfare.bertastrasse1.ch\/fr\/wp-json\/wp\/v2\/pages"}],"about":[{"href":"https:\/\/dev.interpharma.animalwelfare.bertastrasse1.ch\/fr\/wp-json\/wp\/v2\/types\/page"}],"author":[{"embeddable":true,"href":"https:\/\/dev.interpharma.animalwelfare.bertastrasse1.ch\/fr\/wp-json\/wp\/v2\/users\/1"}],"replies":[{"embeddable":true,"href":"https:\/\/dev.interpharma.animalwelfare.bertastrasse1.ch\/fr\/wp-json\/wp\/v2\/comments?post=7518"}],"version-history":[{"count":1,"href":"https:\/\/dev.interpharma.animalwelfare.bertastrasse1.ch\/fr\/wp-json\/wp\/v2\/pages\/7518\/revisions"}],"predecessor-version":[{"id":7520,"href":"https:\/\/dev.interpharma.animalwelfare.bertastrasse1.ch\/fr\/wp-json\/wp\/v2\/pages\/7518\/revisions\/7520"}],"up":[{"embeddable":true,"href":"https:\/\/dev.interpharma.animalwelfare.bertastrasse1.ch\/fr\/wp-json\/wp\/v2\/pages\/7488"}],"wp:attachment":[{"href":"https:\/\/dev.interpharma.animalwelfare.bertastrasse1.ch\/fr\/wp-json\/wp\/v2\/media?parent=7518"}],"curies":[{"name":"wp","href":"https:\/\/api.w.org\/{rel}","templated":true}]}}