{"id":7488,"date":"2019-10-06T16:21:32","date_gmt":"2023-09-11T13:53:56","guid":{"rendered":"https:\/\/dev.interpharma.animalwelfare.bertastrasse1.ch\/?page_id=7488"},"modified":"2023-11-24T09:56:15","modified_gmt":"2023-11-24T09:56:15","slug":"necessite-de-lexperimentation-animale-et-validite-des-resultats-chez-letre-humain","status":"publish","type":"page","link":"https:\/\/dev.interpharma.animalwelfare.bertastrasse1.ch\/fr\/sujets\/necessite-de-lexperimentation-animale-et-validite-des-resultats-chez-letre-humain\/","title":{"rendered":"N\u00e9cessit\u00e9 de l\u2019exp\u00e9rimentation animale et validit\u00e9 des r\u00e9sultats chez l\u2019\u00eatre humain"},"content":{"rendered":"\n<p>Les perc\u00e9es r\u00e9alis\u00e9es gr\u00e2ce \u00e0 des m\u00e9dicaments et traitements innovants sont aussi le fruit d\u2019exp\u00e9riences sur des animaux. Biologiquement parlant, l\u2019\u00eatre humain et l\u2019animal ont de nombreux points communs, de sorte qu\u2019il est possible d\u2019extrapoler les r\u00e9sultats des exp\u00e9riences.<\/p>\n\n\n\n<p><\/p>\n","protected":false},"excerpt":{"rendered":"<p>Les perc\u00e9es r\u00e9alis\u00e9es gr\u00e2ce \u00e0 des m\u00e9dicaments et traitements innovants sont aussi le fruit d\u2019exp\u00e9riences sur des animaux. Biologiquement parlant, l\u2019\u00eatre humain et l\u2019animal ont de nombreux points communs, de sorte qu\u2019il est possible d\u2019extrapoler les r\u00e9sultats des exp\u00e9riences.<\/p>\n","protected":false},"author":1,"featured_media":0,"parent":3121,"menu_order":4,"comment_status":"closed","ping_status":"closed","template":"page-templates\/themen-seite.php","meta":{"footnotes":""},"acf":[],"yoast_head":"<!-- This site is optimized with the Yoast SEO plugin v21.5 - https:\/\/yoast.com\/wordpress\/plugins\/seo\/ -->\n<title>N\u00e9cessit\u00e9 de l\u2019exp\u00e9rimentation animale et validit\u00e9 des r\u00e9sultats chez l\u2019\u00eatre humain - Centre didactique en biotechnologie<\/title>\n<meta name=\"robots\" content=\"noindex, follow, max-snippet:-1, max-image-preview:large, max-video-preview:-1\" \/>\n<meta property=\"og:locale\" content=\"fr_FR\" \/>\n<meta property=\"og:type\" content=\"article\" \/>\n<meta property=\"og:title\" content=\"N\u00e9cessit\u00e9 de l\u2019exp\u00e9rimentation animale et validit\u00e9 des r\u00e9sultats chez l\u2019\u00eatre humain - Centre didactique en biotechnologie\" \/>\n<meta property=\"og:description\" content=\"Les perc\u00e9es r\u00e9alis\u00e9es gr\u00e2ce \u00e0 des m\u00e9dicaments et traitements innovants sont aussi le fruit d\u2019exp\u00e9riences sur des animaux. Biologiquement parlant, l\u2019\u00eatre humain et l\u2019animal ont de nombreux points communs, de sorte qu\u2019il est possible d\u2019extrapoler les r\u00e9sultats des exp\u00e9riences.\" \/>\n<meta property=\"og:url\" content=\"https:\/\/dev.interpharma.animalwelfare.bertastrasse1.ch\/fr\/sujets\/necessite-de-lexperimentation-animale-et-validite-des-resultats-chez-letre-humain\/\" \/>\n<meta property=\"og:site_name\" content=\"Centre didactique en biotechnologie\" \/>\n<meta property=\"article:publisher\" content=\"https:\/\/www.facebook.com\/vorsprungschweiz\/\" \/>\n<meta property=\"article:modified_time\" content=\"2023-11-24T09:56:15+00:00\" \/>\n<meta name=\"twitter:card\" content=\"summary_large_image\" \/>\n<meta name=\"twitter:label1\" content=\"Est. reading time\" \/>\n\t<meta name=\"twitter:data1\" content=\"1 minute\" \/>\n<script type=\"application\/ld+json\" class=\"yoast-schema-graph\">{\"@context\":\"https:\/\/schema.org\",\"@graph\":[{\"@type\":\"WebPage\",\"@id\":\"https:\/\/dev.interpharma.animalwelfare.bertastrasse1.ch\/fr\/sujets\/necessite-de-lexperimentation-animale-et-validite-des-resultats-chez-letre-humain\/\",\"url\":\"https:\/\/dev.interpharma.animalwelfare.bertastrasse1.ch\/fr\/sujets\/necessite-de-lexperimentation-animale-et-validite-des-resultats-chez-letre-humain\/\",\"name\":\"N\u00e9cessit\u00e9 de l\u2019exp\u00e9rimentation animale et validit\u00e9 des r\u00e9sultats chez l\u2019\u00eatre humain - Centre didactique en biotechnologie\",\"isPartOf\":{\"@id\":\"https:\/\/dev.interpharma.animalwelfare.bertastrasse1.ch\/fr\/#website\"},\"datePublished\":\"2023-09-11T13:53:56+00:00\",\"dateModified\":\"2023-11-24T09:56:15+00:00\",\"breadcrumb\":{\"@id\":\"https:\/\/dev.interpharma.animalwelfare.bertastrasse1.ch\/fr\/sujets\/necessite-de-lexperimentation-animale-et-validite-des-resultats-chez-letre-humain\/#breadcrumb\"},\"inLanguage\":\"fr-FR\",\"potentialAction\":[{\"@type\":\"ReadAction\",\"target\":[\"https:\/\/dev.interpharma.animalwelfare.bertastrasse1.ch\/fr\/sujets\/necessite-de-lexperimentation-animale-et-validite-des-resultats-chez-letre-humain\/\"]}]},{\"@type\":\"BreadcrumbList\",\"@id\":\"https:\/\/dev.interpharma.animalwelfare.bertastrasse1.ch\/fr\/sujets\/necessite-de-lexperimentation-animale-et-validite-des-resultats-chez-letre-humain\/#breadcrumb\",\"itemListElement\":[{\"@type\":\"ListItem\",\"position\":1,\"name\":\"Interpharma\",\"item\":\"https:\/\/dev.interpharma.animalwelfare.bertastrasse1.ch\/fr\/\"},{\"@type\":\"ListItem\",\"position\":2,\"name\":\"Sujets\",\"item\":\"https:\/\/dev.interpharma.animalwelfare.bertastrasse1.ch\/fr\/sujets\/\"},{\"@type\":\"ListItem\",\"position\":3,\"name\":\"N\u00e9cessit\u00e9 de l\u2019exp\u00e9rimentation animale et validit\u00e9 des r\u00e9sultats chez l\u2019\u00eatre humain\"}]},{\"@type\":\"WebSite\",\"@id\":\"https:\/\/dev.interpharma.animalwelfare.bertastrasse1.ch\/fr\/#website\",\"url\":\"https:\/\/dev.interpharma.animalwelfare.bertastrasse1.ch\/fr\/\",\"name\":\"Centre didactique en biotechnologie\",\"description\":\"Interpharma Biotech Learning CenterMat\u00e9riel d'information issu de la recherche biologique et m\u00e9dicale moderne\",\"publisher\":{\"@id\":\"https:\/\/dev.interpharma.animalwelfare.bertastrasse1.ch\/fr\/#organization\"},\"potentialAction\":[{\"@type\":\"SearchAction\",\"target\":{\"@type\":\"EntryPoint\",\"urlTemplate\":\"https:\/\/dev.interpharma.animalwelfare.bertastrasse1.ch\/fr\/?s={search_term_string}\"},\"query-input\":\"required name=search_term_string\"}],\"inLanguage\":\"fr-FR\"},{\"@type\":\"Organization\",\"@id\":\"https:\/\/dev.interpharma.animalwelfare.bertastrasse1.ch\/fr\/#organization\",\"name\":\"Interpharma\",\"url\":\"https:\/\/dev.interpharma.animalwelfare.bertastrasse1.ch\/fr\/\",\"logo\":{\"@type\":\"ImageObject\",\"inLanguage\":\"fr-FR\",\"@id\":\"https:\/\/dev.interpharma.animalwelfare.bertastrasse1.ch\/fr\/#\/schema\/logo\/image\/\",\"url\":\"https:\/\/dev.interpharma.animalwelfare.bertastrasse1.ch\/wp-content\/uploads\/2019\/11\/logo_header.png\",\"contentUrl\":\"https:\/\/dev.interpharma.animalwelfare.bertastrasse1.ch\/wp-content\/uploads\/2019\/11\/logo_header.png\",\"width\":370,\"height\":56,\"caption\":\"Interpharma\"},\"image\":{\"@id\":\"https:\/\/dev.interpharma.animalwelfare.bertastrasse1.ch\/fr\/#\/schema\/logo\/image\/\"},\"sameAs\":[\"https:\/\/www.facebook.com\/vorsprungschweiz\/\",\"https:\/\/ch.linkedin.com\/company\/interpharma\",\"https:\/\/de.wikipedia.org\/wiki\/Interpharma\"]}]}<\/script>\n<!-- \/ Yoast SEO plugin. -->","yoast_head_json":{"title":"N\u00e9cessit\u00e9 de l\u2019exp\u00e9rimentation animale et validit\u00e9 des r\u00e9sultats chez l\u2019\u00eatre humain - Centre didactique en biotechnologie","robots":{"index":"noindex","follow":"follow","max-snippet":"max-snippet:-1","max-image-preview":"max-image-preview:large","max-video-preview":"max-video-preview:-1"},"og_locale":"fr_FR","og_type":"article","og_title":"N\u00e9cessit\u00e9 de l\u2019exp\u00e9rimentation animale et validit\u00e9 des r\u00e9sultats chez l\u2019\u00eatre humain - Centre didactique en biotechnologie","og_description":"Les perc\u00e9es r\u00e9alis\u00e9es gr\u00e2ce \u00e0 des m\u00e9dicaments et traitements innovants sont aussi le fruit d\u2019exp\u00e9riences sur des animaux. Biologiquement parlant, l\u2019\u00eatre humain et l\u2019animal ont de nombreux points communs, de sorte qu\u2019il est possible d\u2019extrapoler les r\u00e9sultats des exp\u00e9riences.","og_url":"https:\/\/dev.interpharma.animalwelfare.bertastrasse1.ch\/fr\/sujets\/necessite-de-lexperimentation-animale-et-validite-des-resultats-chez-letre-humain\/","og_site_name":"Centre didactique en biotechnologie","article_publisher":"https:\/\/www.facebook.com\/vorsprungschweiz\/","article_modified_time":"2023-11-24T09:56:15+00:00","twitter_card":"summary_large_image","twitter_misc":{"Est. reading time":"1 minute"},"schema":{"@context":"https:\/\/schema.org","@graph":[{"@type":"WebPage","@id":"https:\/\/dev.interpharma.animalwelfare.bertastrasse1.ch\/fr\/sujets\/necessite-de-lexperimentation-animale-et-validite-des-resultats-chez-letre-humain\/","url":"https:\/\/dev.interpharma.animalwelfare.bertastrasse1.ch\/fr\/sujets\/necessite-de-lexperimentation-animale-et-validite-des-resultats-chez-letre-humain\/","name":"N\u00e9cessit\u00e9 de l\u2019exp\u00e9rimentation animale et validit\u00e9 des r\u00e9sultats chez l\u2019\u00eatre humain - Centre didactique en biotechnologie","isPartOf":{"@id":"https:\/\/dev.interpharma.animalwelfare.bertastrasse1.ch\/fr\/#website"},"datePublished":"2023-09-11T13:53:56+00:00","dateModified":"2023-11-24T09:56:15+00:00","breadcrumb":{"@id":"https:\/\/dev.interpharma.animalwelfare.bertastrasse1.ch\/fr\/sujets\/necessite-de-lexperimentation-animale-et-validite-des-resultats-chez-letre-humain\/#breadcrumb"},"inLanguage":"fr-FR","potentialAction":[{"@type":"ReadAction","target":["https:\/\/dev.interpharma.animalwelfare.bertastrasse1.ch\/fr\/sujets\/necessite-de-lexperimentation-animale-et-validite-des-resultats-chez-letre-humain\/"]}]},{"@type":"BreadcrumbList","@id":"https:\/\/dev.interpharma.animalwelfare.bertastrasse1.ch\/fr\/sujets\/necessite-de-lexperimentation-animale-et-validite-des-resultats-chez-letre-humain\/#breadcrumb","itemListElement":[{"@type":"ListItem","position":1,"name":"Interpharma","item":"https:\/\/dev.interpharma.animalwelfare.bertastrasse1.ch\/fr\/"},{"@type":"ListItem","position":2,"name":"Sujets","item":"https:\/\/dev.interpharma.animalwelfare.bertastrasse1.ch\/fr\/sujets\/"},{"@type":"ListItem","position":3,"name":"N\u00e9cessit\u00e9 de l\u2019exp\u00e9rimentation animale et validit\u00e9 des r\u00e9sultats chez l\u2019\u00eatre humain"}]},{"@type":"WebSite","@id":"https:\/\/dev.interpharma.animalwelfare.bertastrasse1.ch\/fr\/#website","url":"https:\/\/dev.interpharma.animalwelfare.bertastrasse1.ch\/fr\/","name":"Centre didactique en biotechnologie","description":"Interpharma Biotech Learning CenterMat\u00e9riel d'information issu de la recherche biologique et m\u00e9dicale moderne","publisher":{"@id":"https:\/\/dev.interpharma.animalwelfare.bertastrasse1.ch\/fr\/#organization"},"potentialAction":[{"@type":"SearchAction","target":{"@type":"EntryPoint","urlTemplate":"https:\/\/dev.interpharma.animalwelfare.bertastrasse1.ch\/fr\/?s={search_term_string}"},"query-input":"required name=search_term_string"}],"inLanguage":"fr-FR"},{"@type":"Organization","@id":"https:\/\/dev.interpharma.animalwelfare.bertastrasse1.ch\/fr\/#organization","name":"Interpharma","url":"https:\/\/dev.interpharma.animalwelfare.bertastrasse1.ch\/fr\/","logo":{"@type":"ImageObject","inLanguage":"fr-FR","@id":"https:\/\/dev.interpharma.animalwelfare.bertastrasse1.ch\/fr\/#\/schema\/logo\/image\/","url":"https:\/\/dev.interpharma.animalwelfare.bertastrasse1.ch\/wp-content\/uploads\/2019\/11\/logo_header.png","contentUrl":"https:\/\/dev.interpharma.animalwelfare.bertastrasse1.ch\/wp-content\/uploads\/2019\/11\/logo_header.png","width":370,"height":56,"caption":"Interpharma"},"image":{"@id":"https:\/\/dev.interpharma.animalwelfare.bertastrasse1.ch\/fr\/#\/schema\/logo\/image\/"},"sameAs":["https:\/\/www.facebook.com\/vorsprungschweiz\/","https:\/\/ch.linkedin.com\/company\/interpharma","https:\/\/de.wikipedia.org\/wiki\/Interpharma"]}]}},"_links":{"self":[{"href":"https:\/\/dev.interpharma.animalwelfare.bertastrasse1.ch\/fr\/wp-json\/wp\/v2\/pages\/7488"}],"collection":[{"href":"https:\/\/dev.interpharma.animalwelfare.bertastrasse1.ch\/fr\/wp-json\/wp\/v2\/pages"}],"about":[{"href":"https:\/\/dev.interpharma.animalwelfare.bertastrasse1.ch\/fr\/wp-json\/wp\/v2\/types\/page"}],"author":[{"embeddable":true,"href":"https:\/\/dev.interpharma.animalwelfare.bertastrasse1.ch\/fr\/wp-json\/wp\/v2\/users\/1"}],"replies":[{"embeddable":true,"href":"https:\/\/dev.interpharma.animalwelfare.bertastrasse1.ch\/fr\/wp-json\/wp\/v2\/comments?post=7488"}],"version-history":[{"count":10,"href":"https:\/\/dev.interpharma.animalwelfare.bertastrasse1.ch\/fr\/wp-json\/wp\/v2\/pages\/7488\/revisions"}],"predecessor-version":[{"id":10397,"href":"https:\/\/dev.interpharma.animalwelfare.bertastrasse1.ch\/fr\/wp-json\/wp\/v2\/pages\/7488\/revisions\/10397"}],"up":[{"embeddable":true,"href":"https:\/\/dev.interpharma.animalwelfare.bertastrasse1.ch\/fr\/wp-json\/wp\/v2\/pages\/3121"}],"wp:attachment":[{"href":"https:\/\/dev.interpharma.animalwelfare.bertastrasse1.ch\/fr\/wp-json\/wp\/v2\/media?parent=7488"}],"curies":[{"name":"wp","href":"https:\/\/api.w.org\/{rel}","templated":true}]}}