{"id":10491,"date":"2024-08-14T07:53:06","date_gmt":"2024-08-14T07:53:06","guid":{"rendered":"https:\/\/dev.interpharma.animalwelfare.bertastrasse1.ch\/themen\/gesundheit-von-mensch-und-tier-gehort-zusammen-2\/3-gesundheit-als-one-health-denken\/"},"modified":"2024-08-14T07:53:06","modified_gmt":"2024-08-14T07:53:06","slug":"3-gesundheit-als-one-health-denken","status":"publish","type":"page","link":"https:\/\/dev.interpharma.animalwelfare.bertastrasse1.ch\/fr\/themen\/gesundheit-von-mensch-und-tier-gehort-zusammen-2\/3-gesundheit-als-one-health-denken\/","title":{"rendered":"3. Gesundheit als \u00abOne Health\u00bb denken"},"content":{"rendered":"\n<p>Wissenschaftliche Auswertungen zeigen: Jedes Jahr werden beim Menschen f\u00fcnf neue Infektionskrankheiten entdeckt. Die meisten Krankheiten, die beim Menschen neu oder zum wiederholten Mal auftreten, gehen von Tieren aus. Prominente Beispiele waren 2014 bis 2016 die bisher schwerste Ebolafieber-Epidemie in Westafrika, die vor zwanzig Jahren entdeckte Lungenkrankheit SARS und der Ausbruch von BSE (\u00abRinderwahnsinn\u00bb) in den fr\u00fchen 1990er-Jahren in Grossbritannien. Vor diesem Hintergrund ist eine Zusammenarbeit von Veterin\u00e4rmedizin, Humanmedizin und Umweltwissenschaften dringend geboten.<\/p>\n\n\n\n<p>F\u00fcr diesen ganzheitlichen Zugang hat sich die Bezeichnung \u00abOne Health\u00bb etabliert. Beh\u00f6rden und Expertinnen und Experten aus der Wissenschaft arbeiten im Rahmen dieses Konzepts gemeinsam darauf hin, Zusammenh\u00e4nge aufzudecken und mit geeigneten Massnahmen die Gesundheit von Mensch und Tier in einem intakten \u00d6kosystem zu erhalten. Auf internationaler Ebene kooperieren die Weltorganisationen f\u00fcr Gesundheit (WHO), f\u00fcr Ern\u00e4hrung und Landwirtschaft (FAO) und f\u00fcr Tiergesundheit (WOAH). In der Schweiz haben vier betroffene Bundes\u00e4mter und weitere Partner 2017 die Plattform \u00abOne Health\u00bb etabliert. Ein historischer Vorl\u00e4ufer ist der US-Veterin\u00e4repidemiologe Calvin Schwabe, der 1964 mit dem Begriff \u00abOne Medicine\u00bb auf eine enge Kooperation von Tier- und Humanmedizin hinwirkte.<\/p>\n\n\n\n            <section class=\"text-list-with-bg-block text-list-with-bg-block-69e2e083c7097\">\n            <div class=\"text-list-with-bg-block-content\">\n                <div class=\"text-list-with-bg\">\n                                              <div class=\"text-list-with-bg-item\">\n                             <p>\n                                 <span>60 Prozent <\/span>\n                                 der Krankheitserreger beim Menschen stammen von Tieren.                             <\/p>\n                         <\/div>\n                                              <div class=\"text-list-with-bg-item\">\n                             <p>\n                                 <span>5 <\/span>\n                                 neu entdeckte Infektionskrankheiten beim Menschen gibt es pro Jahr.                             <\/p>\n                         <\/div>\n                                              <div class=\"text-list-with-bg-item\">\n                             <p>\n                                 <span>20 Prozent <\/span>\n                                 der Verluste der Tierproduktion entstehen weltweit durch Seuchen.                             <\/p>\n                         <\/div>\n                                     <\/div>\n\n                                    <p class=\"source_text\">Source:\n                        Europ\u00e4ische Kommission, World Organisation for Animal Health\n                                            <\/p>\n                            <\/div>\n        <\/section>\n\n        <script>\n            new ScrollMagic.Scene({\n                triggerElement: \".text-list-with-bg-block-69e2e083c7097\",\n                triggerHook: 0.9,\n                offset: 0\n            })\n                .setClassToggle(\".text-list-with-bg-block-69e2e083c7097\", \"visibleBlock\")\n                .addTo(controller);\n        <\/script>\n    \n","protected":false},"excerpt":{"rendered":"<p>Wissenschaftliche Auswertungen zeigen: Jedes Jahr werden beim Menschen f\u00fcnf neue Infektionskrankheiten entdeckt. Die meisten Krankheiten, die beim Menschen neu oder zum wiederholten Mal auftreten, gehen von Tieren aus. Prominente Beispiele waren 2014 bis 2016 die bisher schwerste Ebolafieber-Epidemie in Westafrika, die vor zwanzig Jahren entdeckte Lungenkrankheit SARS und der Ausbruch von BSE (\u00abRinderwahnsinn\u00bb) in den [&hellip;]<\/p>\n","protected":false},"author":3,"featured_media":0,"parent":10485,"menu_order":2,"comment_status":"closed","ping_status":"closed","template":"page-templates\/themen-under-seite.php","meta":{"footnotes":""},"acf":[],"yoast_head":"<!-- This site is optimized with the Yoast SEO plugin v21.5 - https:\/\/yoast.com\/wordpress\/plugins\/seo\/ -->\n<title>3. Gesundheit als \u00abOne Health\u00bb denken - Centre didactique en biotechnologie<\/title>\n<meta name=\"robots\" content=\"noindex, follow, max-snippet:-1, max-image-preview:large, max-video-preview:-1\" \/>\n<meta property=\"og:locale\" content=\"fr_FR\" \/>\n<meta property=\"og:type\" content=\"article\" \/>\n<meta property=\"og:title\" content=\"3. Gesundheit als \u00abOne Health\u00bb denken - Centre didactique en biotechnologie\" \/>\n<meta property=\"og:description\" content=\"Wissenschaftliche Auswertungen zeigen: Jedes Jahr werden beim Menschen f\u00fcnf neue Infektionskrankheiten entdeckt. Die meisten Krankheiten, die beim Menschen neu oder zum wiederholten Mal auftreten, gehen von Tieren aus. Prominente Beispiele waren 2014 bis 2016 die bisher schwerste Ebolafieber-Epidemie in Westafrika, die vor zwanzig Jahren entdeckte Lungenkrankheit SARS und der Ausbruch von BSE (\u00abRinderwahnsinn\u00bb) in den [&hellip;]\" \/>\n<meta property=\"og:url\" content=\"https:\/\/dev.interpharma.animalwelfare.bertastrasse1.ch\/fr\/themen\/gesundheit-von-mensch-und-tier-gehort-zusammen-2\/3-gesundheit-als-one-health-denken\/\" \/>\n<meta property=\"og:site_name\" content=\"Centre didactique en biotechnologie\" \/>\n<meta property=\"article:publisher\" content=\"https:\/\/www.facebook.com\/vorsprungschweiz\/\" \/>\n<meta name=\"twitter:card\" content=\"summary_large_image\" \/>\n<meta name=\"twitter:label1\" content=\"Est. reading time\" \/>\n\t<meta name=\"twitter:data1\" content=\"1 minute\" \/>\n<script type=\"application\/ld+json\" class=\"yoast-schema-graph\">{\"@context\":\"https:\/\/schema.org\",\"@graph\":[{\"@type\":\"WebPage\",\"@id\":\"https:\/\/dev.interpharma.animalwelfare.bertastrasse1.ch\/fr\/themen\/gesundheit-von-mensch-und-tier-gehort-zusammen-2\/3-gesundheit-als-one-health-denken\/\",\"url\":\"https:\/\/dev.interpharma.animalwelfare.bertastrasse1.ch\/fr\/themen\/gesundheit-von-mensch-und-tier-gehort-zusammen-2\/3-gesundheit-als-one-health-denken\/\",\"name\":\"3. Gesundheit als \u00abOne Health\u00bb denken - Centre didactique en biotechnologie\",\"isPartOf\":{\"@id\":\"https:\/\/dev.interpharma.animalwelfare.bertastrasse1.ch\/fr\/#website\"},\"datePublished\":\"2024-08-14T07:53:06+00:00\",\"dateModified\":\"2024-08-14T07:53:06+00:00\",\"breadcrumb\":{\"@id\":\"https:\/\/dev.interpharma.animalwelfare.bertastrasse1.ch\/fr\/themen\/gesundheit-von-mensch-und-tier-gehort-zusammen-2\/3-gesundheit-als-one-health-denken\/#breadcrumb\"},\"inLanguage\":\"fr-FR\",\"potentialAction\":[{\"@type\":\"ReadAction\",\"target\":[\"https:\/\/dev.interpharma.animalwelfare.bertastrasse1.ch\/fr\/themen\/gesundheit-von-mensch-und-tier-gehort-zusammen-2\/3-gesundheit-als-one-health-denken\/\"]}]},{\"@type\":\"BreadcrumbList\",\"@id\":\"https:\/\/dev.interpharma.animalwelfare.bertastrasse1.ch\/fr\/themen\/gesundheit-von-mensch-und-tier-gehort-zusammen-2\/3-gesundheit-als-one-health-denken\/#breadcrumb\",\"itemListElement\":[{\"@type\":\"ListItem\",\"position\":1,\"name\":\"Interpharma\",\"item\":\"https:\/\/dev.interpharma.animalwelfare.bertastrasse1.ch\/fr\/\"},{\"@type\":\"ListItem\",\"position\":2,\"name\":\"Themen\",\"item\":\"https:\/\/dev.interpharma.animalwelfare.bertastrasse1.ch\/fr\/themen\/\"},{\"@type\":\"ListItem\",\"position\":3,\"name\":\"Gesundheit von Mensch und Tier geh\u00f6rt zusammen\",\"item\":\"https:\/\/dev.interpharma.animalwelfare.bertastrasse1.ch\/fr\/themen\/gesundheit-von-mensch-und-tier-gehort-zusammen-2\/\"},{\"@type\":\"ListItem\",\"position\":4,\"name\":\"3. Gesundheit als \u00abOne Health\u00bb denken\"}]},{\"@type\":\"WebSite\",\"@id\":\"https:\/\/dev.interpharma.animalwelfare.bertastrasse1.ch\/fr\/#website\",\"url\":\"https:\/\/dev.interpharma.animalwelfare.bertastrasse1.ch\/fr\/\",\"name\":\"Centre didactique en biotechnologie\",\"description\":\"Interpharma Biotech Learning CenterMat\u00e9riel d'information issu de la recherche biologique et m\u00e9dicale moderne\",\"publisher\":{\"@id\":\"https:\/\/dev.interpharma.animalwelfare.bertastrasse1.ch\/fr\/#organization\"},\"potentialAction\":[{\"@type\":\"SearchAction\",\"target\":{\"@type\":\"EntryPoint\",\"urlTemplate\":\"https:\/\/dev.interpharma.animalwelfare.bertastrasse1.ch\/fr\/?s={search_term_string}\"},\"query-input\":\"required name=search_term_string\"}],\"inLanguage\":\"fr-FR\"},{\"@type\":\"Organization\",\"@id\":\"https:\/\/dev.interpharma.animalwelfare.bertastrasse1.ch\/fr\/#organization\",\"name\":\"Interpharma\",\"url\":\"https:\/\/dev.interpharma.animalwelfare.bertastrasse1.ch\/fr\/\",\"logo\":{\"@type\":\"ImageObject\",\"inLanguage\":\"fr-FR\",\"@id\":\"https:\/\/dev.interpharma.animalwelfare.bertastrasse1.ch\/fr\/#\/schema\/logo\/image\/\",\"url\":\"https:\/\/dev.interpharma.animalwelfare.bertastrasse1.ch\/wp-content\/uploads\/2019\/11\/logo_header.png\",\"contentUrl\":\"https:\/\/dev.interpharma.animalwelfare.bertastrasse1.ch\/wp-content\/uploads\/2019\/11\/logo_header.png\",\"width\":370,\"height\":56,\"caption\":\"Interpharma\"},\"image\":{\"@id\":\"https:\/\/dev.interpharma.animalwelfare.bertastrasse1.ch\/fr\/#\/schema\/logo\/image\/\"},\"sameAs\":[\"https:\/\/www.facebook.com\/vorsprungschweiz\/\",\"https:\/\/ch.linkedin.com\/company\/interpharma\",\"https:\/\/de.wikipedia.org\/wiki\/Interpharma\"]}]}<\/script>\n<!-- \/ Yoast SEO plugin. -->","yoast_head_json":{"title":"3. Gesundheit als \u00abOne Health\u00bb denken - Centre didactique en biotechnologie","robots":{"index":"noindex","follow":"follow","max-snippet":"max-snippet:-1","max-image-preview":"max-image-preview:large","max-video-preview":"max-video-preview:-1"},"og_locale":"fr_FR","og_type":"article","og_title":"3. Gesundheit als \u00abOne Health\u00bb denken - Centre didactique en biotechnologie","og_description":"Wissenschaftliche Auswertungen zeigen: Jedes Jahr werden beim Menschen f\u00fcnf neue Infektionskrankheiten entdeckt. Die meisten Krankheiten, die beim Menschen neu oder zum wiederholten Mal auftreten, gehen von Tieren aus. Prominente Beispiele waren 2014 bis 2016 die bisher schwerste Ebolafieber-Epidemie in Westafrika, die vor zwanzig Jahren entdeckte Lungenkrankheit SARS und der Ausbruch von BSE (\u00abRinderwahnsinn\u00bb) in den [&hellip;]","og_url":"https:\/\/dev.interpharma.animalwelfare.bertastrasse1.ch\/fr\/themen\/gesundheit-von-mensch-und-tier-gehort-zusammen-2\/3-gesundheit-als-one-health-denken\/","og_site_name":"Centre didactique en biotechnologie","article_publisher":"https:\/\/www.facebook.com\/vorsprungschweiz\/","twitter_card":"summary_large_image","twitter_misc":{"Est. reading time":"1 minute"},"schema":{"@context":"https:\/\/schema.org","@graph":[{"@type":"WebPage","@id":"https:\/\/dev.interpharma.animalwelfare.bertastrasse1.ch\/fr\/themen\/gesundheit-von-mensch-und-tier-gehort-zusammen-2\/3-gesundheit-als-one-health-denken\/","url":"https:\/\/dev.interpharma.animalwelfare.bertastrasse1.ch\/fr\/themen\/gesundheit-von-mensch-und-tier-gehort-zusammen-2\/3-gesundheit-als-one-health-denken\/","name":"3. Gesundheit als \u00abOne Health\u00bb denken - Centre didactique en biotechnologie","isPartOf":{"@id":"https:\/\/dev.interpharma.animalwelfare.bertastrasse1.ch\/fr\/#website"},"datePublished":"2024-08-14T07:53:06+00:00","dateModified":"2024-08-14T07:53:06+00:00","breadcrumb":{"@id":"https:\/\/dev.interpharma.animalwelfare.bertastrasse1.ch\/fr\/themen\/gesundheit-von-mensch-und-tier-gehort-zusammen-2\/3-gesundheit-als-one-health-denken\/#breadcrumb"},"inLanguage":"fr-FR","potentialAction":[{"@type":"ReadAction","target":["https:\/\/dev.interpharma.animalwelfare.bertastrasse1.ch\/fr\/themen\/gesundheit-von-mensch-und-tier-gehort-zusammen-2\/3-gesundheit-als-one-health-denken\/"]}]},{"@type":"BreadcrumbList","@id":"https:\/\/dev.interpharma.animalwelfare.bertastrasse1.ch\/fr\/themen\/gesundheit-von-mensch-und-tier-gehort-zusammen-2\/3-gesundheit-als-one-health-denken\/#breadcrumb","itemListElement":[{"@type":"ListItem","position":1,"name":"Interpharma","item":"https:\/\/dev.interpharma.animalwelfare.bertastrasse1.ch\/fr\/"},{"@type":"ListItem","position":2,"name":"Themen","item":"https:\/\/dev.interpharma.animalwelfare.bertastrasse1.ch\/fr\/themen\/"},{"@type":"ListItem","position":3,"name":"Gesundheit von Mensch und Tier geh\u00f6rt zusammen","item":"https:\/\/dev.interpharma.animalwelfare.bertastrasse1.ch\/fr\/themen\/gesundheit-von-mensch-und-tier-gehort-zusammen-2\/"},{"@type":"ListItem","position":4,"name":"3. Gesundheit als \u00abOne Health\u00bb denken"}]},{"@type":"WebSite","@id":"https:\/\/dev.interpharma.animalwelfare.bertastrasse1.ch\/fr\/#website","url":"https:\/\/dev.interpharma.animalwelfare.bertastrasse1.ch\/fr\/","name":"Centre didactique en biotechnologie","description":"Interpharma Biotech Learning CenterMat\u00e9riel d'information issu de la recherche biologique et m\u00e9dicale moderne","publisher":{"@id":"https:\/\/dev.interpharma.animalwelfare.bertastrasse1.ch\/fr\/#organization"},"potentialAction":[{"@type":"SearchAction","target":{"@type":"EntryPoint","urlTemplate":"https:\/\/dev.interpharma.animalwelfare.bertastrasse1.ch\/fr\/?s={search_term_string}"},"query-input":"required name=search_term_string"}],"inLanguage":"fr-FR"},{"@type":"Organization","@id":"https:\/\/dev.interpharma.animalwelfare.bertastrasse1.ch\/fr\/#organization","name":"Interpharma","url":"https:\/\/dev.interpharma.animalwelfare.bertastrasse1.ch\/fr\/","logo":{"@type":"ImageObject","inLanguage":"fr-FR","@id":"https:\/\/dev.interpharma.animalwelfare.bertastrasse1.ch\/fr\/#\/schema\/logo\/image\/","url":"https:\/\/dev.interpharma.animalwelfare.bertastrasse1.ch\/wp-content\/uploads\/2019\/11\/logo_header.png","contentUrl":"https:\/\/dev.interpharma.animalwelfare.bertastrasse1.ch\/wp-content\/uploads\/2019\/11\/logo_header.png","width":370,"height":56,"caption":"Interpharma"},"image":{"@id":"https:\/\/dev.interpharma.animalwelfare.bertastrasse1.ch\/fr\/#\/schema\/logo\/image\/"},"sameAs":["https:\/\/www.facebook.com\/vorsprungschweiz\/","https:\/\/ch.linkedin.com\/company\/interpharma","https:\/\/de.wikipedia.org\/wiki\/Interpharma"]}]}},"_links":{"self":[{"href":"https:\/\/dev.interpharma.animalwelfare.bertastrasse1.ch\/fr\/wp-json\/wp\/v2\/pages\/10491"}],"collection":[{"href":"https:\/\/dev.interpharma.animalwelfare.bertastrasse1.ch\/fr\/wp-json\/wp\/v2\/pages"}],"about":[{"href":"https:\/\/dev.interpharma.animalwelfare.bertastrasse1.ch\/fr\/wp-json\/wp\/v2\/types\/page"}],"author":[{"embeddable":true,"href":"https:\/\/dev.interpharma.animalwelfare.bertastrasse1.ch\/fr\/wp-json\/wp\/v2\/users\/3"}],"replies":[{"embeddable":true,"href":"https:\/\/dev.interpharma.animalwelfare.bertastrasse1.ch\/fr\/wp-json\/wp\/v2\/comments?post=10491"}],"version-history":[{"count":0,"href":"https:\/\/dev.interpharma.animalwelfare.bertastrasse1.ch\/fr\/wp-json\/wp\/v2\/pages\/10491\/revisions"}],"up":[{"embeddable":true,"href":"https:\/\/dev.interpharma.animalwelfare.bertastrasse1.ch\/fr\/wp-json\/wp\/v2\/pages\/10485"}],"wp:attachment":[{"href":"https:\/\/dev.interpharma.animalwelfare.bertastrasse1.ch\/fr\/wp-json\/wp\/v2\/media?parent=10491"}],"curies":[{"name":"wp","href":"https:\/\/api.w.org\/{rel}","templated":true}]}}