{"id":10490,"date":"2024-08-14T07:53:06","date_gmt":"2024-08-14T07:53:06","guid":{"rendered":"https:\/\/dev.interpharma.animalwelfare.bertastrasse1.ch\/themen\/gesundheit-von-mensch-und-tier-gehort-zusammen-2\/2-tierkrankheiten-bedrohen-den-menschen\/"},"modified":"2024-08-14T07:53:06","modified_gmt":"2024-08-14T07:53:06","slug":"2-tierkrankheiten-bedrohen-den-menschen","status":"publish","type":"page","link":"https:\/\/dev.interpharma.animalwelfare.bertastrasse1.ch\/fr\/themen\/gesundheit-von-mensch-und-tier-gehort-zusammen-2\/2-tierkrankheiten-bedrohen-den-menschen\/","title":{"rendered":"2. Tierkrankheiten bedrohen den Menschen"},"content":{"rendered":"\n<p>Wenn Tiere erkranken, dann sind sie zun\u00e4chst selbst bedroht. In besonderem Mass gilt das f\u00fcr hoch ansteckende Seuchen, die mitunter ganze Tierbest\u00e4nde in k\u00fcrzester Zeit dahinraffen. Rund ein F\u00fcnftel der Verluste in der Tierproduktion entstehen weltweit durch Seuchen. Eine bekannte Krankheit ist die bei Paarhufern auftretende Maul- und Klauenseuche. Sie ist eine der verheerendsten Viruserkrankungen landwirtschaftlicher Nutztiere. Die Krankheit ist hoch ansteckend und bef\u00e4llt meist alle Tiere einer Herde. Der Erreger \u2013 ein Virus der Gattung Aphthovirus \u2013 bleibt in Stallschmutz, Mist und Jauche mitunter mehrere Monate ansteckend. Ein anderes Beispiel ist die Klassische Schweinepest, die Schweine ebenso betrifft wie Wildschweine. Beide Krankheiten sind in der Schweiz verschwunden, verursachen weltweit aber erhebliche Sch\u00e4den.<\/p>\n\n\n\n<p>Tierseuchen befallen nicht nur Tiere, sie k\u00f6nnen auch f\u00fcr Menschen gef\u00e4hrlich werden. So sch\u00e4tzt die Weltgesundheitsorganisation, dass weltweit jedes Jahr 59&nbsp;000 Menschen an Tollwut sterben, die meisten in Asien und Afrika. Krankheiten, die zwischen Mensch und Tier \u00fcbertragen werden, werden unter der Bezeichnung Zoonosen zusammengefasst. Ein Beispiel ist die Vogelgrippe, unter Fachpersonen bekannt als hochpathogene avi\u00e4re Influenza (HPAI). Im Winter 2012\/2013 waren europaweit in \u00fcber 2&nbsp;400 Betrieben fast 50 Millionen Tiere betroffen und mussten get\u00f6tet werden. Immer wieder werden auch in der Schweiz infizierte Wildtiere gefunden, zum Beispiel bei Lachm\u00f6wen. Mit geeigneten Massnahmen wird eine \u00dcbertragung auf das Hausgefl\u00fcgel bzw. auf den Menschen unterbunden.<\/p>\n\n\n\n            <section class=\"text-list-with-bg-block text-list-with-bg-block-69e5e8d131793\">\n            <div class=\"text-list-with-bg-block-content\">\n                <div class=\"text-list-with-bg\">\n                                              <div class=\"text-list-with-bg-item\">\n                             <p>\n                                 <span>Aus dem Radar Bulletin zur hochpathogenen avi\u00e4ren Influenza (HPAI)<\/span>\n                                 <br>\r\n<br>\r\nNach einer kurzen Pause hat sich die HPAI-Situation in Europa wieder verschlechtert. Sporadische F\u00e4lle bei S\u00e4ugetieren, vor allem Fleischfressern, werden immer wieder gemeldet. Das Risiko f\u00fcr Gefl\u00fcgel ist f\u00fcr die n\u00e4chsten Monate schwierig vorherzusagen. Das Risiko einer \u00dcbertragung auf den Menschen sch\u00e4tzen Expertinnen und Experten immer noch als tief ein. In der Schweiz laufen bereits seit mehreren Jahren Programme zur \u00dcberwachung der Schweineinfluenza bei Mensch und Schwein (SIV-Programme) und zum Monitoring der Wildtiergesundheit (Gesundheitsmonitoring Wild).\r\n                             <\/p>\n                         <\/div>\n                                     <\/div>\n\n                                    <p class=\"source_text\">Source:\n                        \n                                                    <a href=\"https:\/\/www.blv.admin.ch\/blv\/de\/home\/tiere\/tiergesundheit\/frueherkennung\/radar.html\" target=\"_blank\" >BLV &#8211; Radar Bulletin<\/a>\n                                            <\/p>\n                            <\/div>\n        <\/section>\n\n        <script>\n            new ScrollMagic.Scene({\n                triggerElement: \".text-list-with-bg-block-69e5e8d131793\",\n                triggerHook: 0.9,\n                offset: 0\n            })\n                .setClassToggle(\".text-list-with-bg-block-69e5e8d131793\", \"visibleBlock\")\n                .addTo(controller);\n        <\/script>\n    \n","protected":false},"excerpt":{"rendered":"<p>Wenn Tiere erkranken, dann sind sie zun\u00e4chst selbst bedroht. In besonderem Mass gilt das f\u00fcr hoch ansteckende Seuchen, die mitunter ganze Tierbest\u00e4nde in k\u00fcrzester Zeit dahinraffen. Rund ein F\u00fcnftel der Verluste in der Tierproduktion entstehen weltweit durch Seuchen. Eine bekannte Krankheit ist die bei Paarhufern auftretende Maul- und Klauenseuche. Sie ist eine der verheerendsten Viruserkrankungen [&hellip;]<\/p>\n","protected":false},"author":3,"featured_media":0,"parent":10485,"menu_order":1,"comment_status":"closed","ping_status":"closed","template":"page-templates\/themen-under-seite.php","meta":{"footnotes":""},"acf":[],"yoast_head":"<!-- This site is optimized with the Yoast SEO plugin v21.5 - https:\/\/yoast.com\/wordpress\/plugins\/seo\/ -->\n<title>2. Tierkrankheiten bedrohen den Menschen - Centre didactique en biotechnologie<\/title>\n<meta name=\"robots\" content=\"noindex, follow, max-snippet:-1, max-image-preview:large, max-video-preview:-1\" \/>\n<meta property=\"og:locale\" content=\"fr_FR\" \/>\n<meta property=\"og:type\" content=\"article\" \/>\n<meta property=\"og:title\" content=\"2. Tierkrankheiten bedrohen den Menschen - Centre didactique en biotechnologie\" \/>\n<meta property=\"og:description\" content=\"Wenn Tiere erkranken, dann sind sie zun\u00e4chst selbst bedroht. In besonderem Mass gilt das f\u00fcr hoch ansteckende Seuchen, die mitunter ganze Tierbest\u00e4nde in k\u00fcrzester Zeit dahinraffen. Rund ein F\u00fcnftel der Verluste in der Tierproduktion entstehen weltweit durch Seuchen. Eine bekannte Krankheit ist die bei Paarhufern auftretende Maul- und Klauenseuche. Sie ist eine der verheerendsten Viruserkrankungen [&hellip;]\" \/>\n<meta property=\"og:url\" content=\"https:\/\/dev.interpharma.animalwelfare.bertastrasse1.ch\/fr\/themen\/gesundheit-von-mensch-und-tier-gehort-zusammen-2\/2-tierkrankheiten-bedrohen-den-menschen\/\" \/>\n<meta property=\"og:site_name\" content=\"Centre didactique en biotechnologie\" \/>\n<meta property=\"article:publisher\" content=\"https:\/\/www.facebook.com\/vorsprungschweiz\/\" \/>\n<meta name=\"twitter:card\" content=\"summary_large_image\" \/>\n<meta name=\"twitter:label1\" content=\"Est. reading time\" \/>\n\t<meta name=\"twitter:data1\" content=\"2 minutes\" \/>\n<script type=\"application\/ld+json\" class=\"yoast-schema-graph\">{\"@context\":\"https:\/\/schema.org\",\"@graph\":[{\"@type\":\"WebPage\",\"@id\":\"https:\/\/dev.interpharma.animalwelfare.bertastrasse1.ch\/fr\/themen\/gesundheit-von-mensch-und-tier-gehort-zusammen-2\/2-tierkrankheiten-bedrohen-den-menschen\/\",\"url\":\"https:\/\/dev.interpharma.animalwelfare.bertastrasse1.ch\/fr\/themen\/gesundheit-von-mensch-und-tier-gehort-zusammen-2\/2-tierkrankheiten-bedrohen-den-menschen\/\",\"name\":\"2. Tierkrankheiten bedrohen den Menschen - Centre didactique en biotechnologie\",\"isPartOf\":{\"@id\":\"https:\/\/dev.interpharma.animalwelfare.bertastrasse1.ch\/fr\/#website\"},\"datePublished\":\"2024-08-14T07:53:06+00:00\",\"dateModified\":\"2024-08-14T07:53:06+00:00\",\"breadcrumb\":{\"@id\":\"https:\/\/dev.interpharma.animalwelfare.bertastrasse1.ch\/fr\/themen\/gesundheit-von-mensch-und-tier-gehort-zusammen-2\/2-tierkrankheiten-bedrohen-den-menschen\/#breadcrumb\"},\"inLanguage\":\"fr-FR\",\"potentialAction\":[{\"@type\":\"ReadAction\",\"target\":[\"https:\/\/dev.interpharma.animalwelfare.bertastrasse1.ch\/fr\/themen\/gesundheit-von-mensch-und-tier-gehort-zusammen-2\/2-tierkrankheiten-bedrohen-den-menschen\/\"]}]},{\"@type\":\"BreadcrumbList\",\"@id\":\"https:\/\/dev.interpharma.animalwelfare.bertastrasse1.ch\/fr\/themen\/gesundheit-von-mensch-und-tier-gehort-zusammen-2\/2-tierkrankheiten-bedrohen-den-menschen\/#breadcrumb\",\"itemListElement\":[{\"@type\":\"ListItem\",\"position\":1,\"name\":\"Interpharma\",\"item\":\"https:\/\/dev.interpharma.animalwelfare.bertastrasse1.ch\/fr\/\"},{\"@type\":\"ListItem\",\"position\":2,\"name\":\"Themen\",\"item\":\"https:\/\/dev.interpharma.animalwelfare.bertastrasse1.ch\/fr\/themen\/\"},{\"@type\":\"ListItem\",\"position\":3,\"name\":\"Gesundheit von Mensch und Tier geh\u00f6rt zusammen\",\"item\":\"https:\/\/dev.interpharma.animalwelfare.bertastrasse1.ch\/fr\/themen\/gesundheit-von-mensch-und-tier-gehort-zusammen-2\/\"},{\"@type\":\"ListItem\",\"position\":4,\"name\":\"2. Tierkrankheiten bedrohen den Menschen\"}]},{\"@type\":\"WebSite\",\"@id\":\"https:\/\/dev.interpharma.animalwelfare.bertastrasse1.ch\/fr\/#website\",\"url\":\"https:\/\/dev.interpharma.animalwelfare.bertastrasse1.ch\/fr\/\",\"name\":\"Centre didactique en biotechnologie\",\"description\":\"Interpharma Biotech Learning CenterMat\u00e9riel d'information issu de la recherche biologique et m\u00e9dicale moderne\",\"publisher\":{\"@id\":\"https:\/\/dev.interpharma.animalwelfare.bertastrasse1.ch\/fr\/#organization\"},\"potentialAction\":[{\"@type\":\"SearchAction\",\"target\":{\"@type\":\"EntryPoint\",\"urlTemplate\":\"https:\/\/dev.interpharma.animalwelfare.bertastrasse1.ch\/fr\/?s={search_term_string}\"},\"query-input\":\"required name=search_term_string\"}],\"inLanguage\":\"fr-FR\"},{\"@type\":\"Organization\",\"@id\":\"https:\/\/dev.interpharma.animalwelfare.bertastrasse1.ch\/fr\/#organization\",\"name\":\"Interpharma\",\"url\":\"https:\/\/dev.interpharma.animalwelfare.bertastrasse1.ch\/fr\/\",\"logo\":{\"@type\":\"ImageObject\",\"inLanguage\":\"fr-FR\",\"@id\":\"https:\/\/dev.interpharma.animalwelfare.bertastrasse1.ch\/fr\/#\/schema\/logo\/image\/\",\"url\":\"https:\/\/dev.interpharma.animalwelfare.bertastrasse1.ch\/wp-content\/uploads\/2019\/11\/logo_header.png\",\"contentUrl\":\"https:\/\/dev.interpharma.animalwelfare.bertastrasse1.ch\/wp-content\/uploads\/2019\/11\/logo_header.png\",\"width\":370,\"height\":56,\"caption\":\"Interpharma\"},\"image\":{\"@id\":\"https:\/\/dev.interpharma.animalwelfare.bertastrasse1.ch\/fr\/#\/schema\/logo\/image\/\"},\"sameAs\":[\"https:\/\/www.facebook.com\/vorsprungschweiz\/\",\"https:\/\/ch.linkedin.com\/company\/interpharma\",\"https:\/\/de.wikipedia.org\/wiki\/Interpharma\"]}]}<\/script>\n<!-- \/ Yoast SEO plugin. -->","yoast_head_json":{"title":"2. Tierkrankheiten bedrohen den Menschen - Centre didactique en biotechnologie","robots":{"index":"noindex","follow":"follow","max-snippet":"max-snippet:-1","max-image-preview":"max-image-preview:large","max-video-preview":"max-video-preview:-1"},"og_locale":"fr_FR","og_type":"article","og_title":"2. Tierkrankheiten bedrohen den Menschen - Centre didactique en biotechnologie","og_description":"Wenn Tiere erkranken, dann sind sie zun\u00e4chst selbst bedroht. In besonderem Mass gilt das f\u00fcr hoch ansteckende Seuchen, die mitunter ganze Tierbest\u00e4nde in k\u00fcrzester Zeit dahinraffen. Rund ein F\u00fcnftel der Verluste in der Tierproduktion entstehen weltweit durch Seuchen. Eine bekannte Krankheit ist die bei Paarhufern auftretende Maul- und Klauenseuche. Sie ist eine der verheerendsten Viruserkrankungen [&hellip;]","og_url":"https:\/\/dev.interpharma.animalwelfare.bertastrasse1.ch\/fr\/themen\/gesundheit-von-mensch-und-tier-gehort-zusammen-2\/2-tierkrankheiten-bedrohen-den-menschen\/","og_site_name":"Centre didactique en biotechnologie","article_publisher":"https:\/\/www.facebook.com\/vorsprungschweiz\/","twitter_card":"summary_large_image","twitter_misc":{"Est. reading time":"2 minutes"},"schema":{"@context":"https:\/\/schema.org","@graph":[{"@type":"WebPage","@id":"https:\/\/dev.interpharma.animalwelfare.bertastrasse1.ch\/fr\/themen\/gesundheit-von-mensch-und-tier-gehort-zusammen-2\/2-tierkrankheiten-bedrohen-den-menschen\/","url":"https:\/\/dev.interpharma.animalwelfare.bertastrasse1.ch\/fr\/themen\/gesundheit-von-mensch-und-tier-gehort-zusammen-2\/2-tierkrankheiten-bedrohen-den-menschen\/","name":"2. Tierkrankheiten bedrohen den Menschen - Centre didactique en biotechnologie","isPartOf":{"@id":"https:\/\/dev.interpharma.animalwelfare.bertastrasse1.ch\/fr\/#website"},"datePublished":"2024-08-14T07:53:06+00:00","dateModified":"2024-08-14T07:53:06+00:00","breadcrumb":{"@id":"https:\/\/dev.interpharma.animalwelfare.bertastrasse1.ch\/fr\/themen\/gesundheit-von-mensch-und-tier-gehort-zusammen-2\/2-tierkrankheiten-bedrohen-den-menschen\/#breadcrumb"},"inLanguage":"fr-FR","potentialAction":[{"@type":"ReadAction","target":["https:\/\/dev.interpharma.animalwelfare.bertastrasse1.ch\/fr\/themen\/gesundheit-von-mensch-und-tier-gehort-zusammen-2\/2-tierkrankheiten-bedrohen-den-menschen\/"]}]},{"@type":"BreadcrumbList","@id":"https:\/\/dev.interpharma.animalwelfare.bertastrasse1.ch\/fr\/themen\/gesundheit-von-mensch-und-tier-gehort-zusammen-2\/2-tierkrankheiten-bedrohen-den-menschen\/#breadcrumb","itemListElement":[{"@type":"ListItem","position":1,"name":"Interpharma","item":"https:\/\/dev.interpharma.animalwelfare.bertastrasse1.ch\/fr\/"},{"@type":"ListItem","position":2,"name":"Themen","item":"https:\/\/dev.interpharma.animalwelfare.bertastrasse1.ch\/fr\/themen\/"},{"@type":"ListItem","position":3,"name":"Gesundheit von Mensch und Tier geh\u00f6rt zusammen","item":"https:\/\/dev.interpharma.animalwelfare.bertastrasse1.ch\/fr\/themen\/gesundheit-von-mensch-und-tier-gehort-zusammen-2\/"},{"@type":"ListItem","position":4,"name":"2. Tierkrankheiten bedrohen den Menschen"}]},{"@type":"WebSite","@id":"https:\/\/dev.interpharma.animalwelfare.bertastrasse1.ch\/fr\/#website","url":"https:\/\/dev.interpharma.animalwelfare.bertastrasse1.ch\/fr\/","name":"Centre didactique en biotechnologie","description":"Interpharma Biotech Learning CenterMat\u00e9riel d'information issu de la recherche biologique et m\u00e9dicale moderne","publisher":{"@id":"https:\/\/dev.interpharma.animalwelfare.bertastrasse1.ch\/fr\/#organization"},"potentialAction":[{"@type":"SearchAction","target":{"@type":"EntryPoint","urlTemplate":"https:\/\/dev.interpharma.animalwelfare.bertastrasse1.ch\/fr\/?s={search_term_string}"},"query-input":"required name=search_term_string"}],"inLanguage":"fr-FR"},{"@type":"Organization","@id":"https:\/\/dev.interpharma.animalwelfare.bertastrasse1.ch\/fr\/#organization","name":"Interpharma","url":"https:\/\/dev.interpharma.animalwelfare.bertastrasse1.ch\/fr\/","logo":{"@type":"ImageObject","inLanguage":"fr-FR","@id":"https:\/\/dev.interpharma.animalwelfare.bertastrasse1.ch\/fr\/#\/schema\/logo\/image\/","url":"https:\/\/dev.interpharma.animalwelfare.bertastrasse1.ch\/wp-content\/uploads\/2019\/11\/logo_header.png","contentUrl":"https:\/\/dev.interpharma.animalwelfare.bertastrasse1.ch\/wp-content\/uploads\/2019\/11\/logo_header.png","width":370,"height":56,"caption":"Interpharma"},"image":{"@id":"https:\/\/dev.interpharma.animalwelfare.bertastrasse1.ch\/fr\/#\/schema\/logo\/image\/"},"sameAs":["https:\/\/www.facebook.com\/vorsprungschweiz\/","https:\/\/ch.linkedin.com\/company\/interpharma","https:\/\/de.wikipedia.org\/wiki\/Interpharma"]}]}},"_links":{"self":[{"href":"https:\/\/dev.interpharma.animalwelfare.bertastrasse1.ch\/fr\/wp-json\/wp\/v2\/pages\/10490"}],"collection":[{"href":"https:\/\/dev.interpharma.animalwelfare.bertastrasse1.ch\/fr\/wp-json\/wp\/v2\/pages"}],"about":[{"href":"https:\/\/dev.interpharma.animalwelfare.bertastrasse1.ch\/fr\/wp-json\/wp\/v2\/types\/page"}],"author":[{"embeddable":true,"href":"https:\/\/dev.interpharma.animalwelfare.bertastrasse1.ch\/fr\/wp-json\/wp\/v2\/users\/3"}],"replies":[{"embeddable":true,"href":"https:\/\/dev.interpharma.animalwelfare.bertastrasse1.ch\/fr\/wp-json\/wp\/v2\/comments?post=10490"}],"version-history":[{"count":0,"href":"https:\/\/dev.interpharma.animalwelfare.bertastrasse1.ch\/fr\/wp-json\/wp\/v2\/pages\/10490\/revisions"}],"up":[{"embeddable":true,"href":"https:\/\/dev.interpharma.animalwelfare.bertastrasse1.ch\/fr\/wp-json\/wp\/v2\/pages\/10485"}],"wp:attachment":[{"href":"https:\/\/dev.interpharma.animalwelfare.bertastrasse1.ch\/fr\/wp-json\/wp\/v2\/media?parent=10490"}],"curies":[{"name":"wp","href":"https:\/\/api.w.org\/{rel}","templated":true}]}}