{"id":10489,"date":"2024-08-14T07:53:06","date_gmt":"2024-08-14T07:53:06","guid":{"rendered":"https:\/\/dev.interpharma.animalwelfare.bertastrasse1.ch\/themen\/gesundheit-von-mensch-und-tier-gehort-zusammen-2\/1-mensch-und-tier-leben-in-einer-symbiose\/"},"modified":"2024-08-14T07:53:06","modified_gmt":"2024-08-14T07:53:06","slug":"1-mensch-und-tier-leben-in-einer-symbiose","status":"publish","type":"page","link":"https:\/\/dev.interpharma.animalwelfare.bertastrasse1.ch\/fr\/themen\/gesundheit-von-mensch-und-tier-gehort-zusammen-2\/1-mensch-und-tier-leben-in-einer-symbiose\/","title":{"rendered":"1. Mensch und Tier leben in einer Symbiose"},"content":{"rendered":"\n<p>Menschen und Tiere teilen sich einen Lebensraum. Zwar sind in der Schweiz und vielen anderen hoch entwickelten Staaten die Zeiten vorbei, in denen Nutztiere fester Bestandteil von Haushalten waren und deren \u00dcberleben sicherstellten. Aber auch heute verbringen viele Menschen ihren Alltag in direktem Kontakt mit oder in der unmittelbaren N\u00e4he von Tieren. Das sind nicht nur die Landwirte, die allein in der Schweiz mehrere Millionen Rinder, Schweine, Schafe und Ziegen pflegen. Das sind auch die Menschen, die aus Leidenschaft reiten, oder all jene, die eine Katze, einen Hund oder ein anderes Haustier hegen und pflegen. Fast in jedem zweiten Schweizer Haushalt lebt mindestens ein Haustier. Von Zoos und Wildgehegen geht weiterhin eine grosse Faszination aus, f\u00fcr Kinder und Familien ganz besonders.<\/p>\n\n\n\n<p>Menschen teilen den nat\u00fcrlichen Lebensraum mit Haus-, Nutz- oder Wildtieren. Tiere sind Weggef\u00e4hrten, vielerorts werden sie als Arbeitskraft und als Lieferanten tierischer Produkte genutzt. Das Nebeneinander von Mensch und Tier hat auch seine Schattenseite: Durch engen Kontakt k\u00f6nnen Krankheiten \u00fcbertragen werden. Der Verlust nat\u00fcrlicher Lebensr\u00e4ume bzw. ungeeignete Formen der Tierhaltung beg\u00fcnstigen die Verbreitung von Krankheitserregern. Das Bundesamt f\u00fcr Lebensmittelsicherheit und Veterin\u00e4rwesen verweist zudem auf den Klimawandel. Er sorgt daf\u00fcr, dass Infektionskrankheiten, die durch M\u00fccken und Zecken \u00fcbertragen werden, immer weiter in die n\u00f6rdliche Hemisph\u00e4re vorr\u00fccken. Der Schutz der Tiergesundheit dient folglich nicht nur dem Erhalt der Tierbest\u00e4nde, sondern liegt auch im direkten Interesse der Menschen.<\/p>\n\n\n\n        <section class=\"custom-image-block\">\n        <div class=\"image-wrapper\">\n            <img decoding=\"async\" src=\"https:\/\/dev.interpharma.animalwelfare.bertastrasse1.ch\/wp-content\/uploads\/2023\/11\/20231030_iph_grafik_one_health_desktop_DE_ik03.png\" alt=\"\" class=\"block-img\" \/>\n        <\/div>\n\n        <div class=\"image-mob-wrapper\">\n            \n            <img decoding=\"async\" src=\"https:\/\/dev.interpharma.animalwelfare.bertastrasse1.ch\/wp-content\/uploads\/2023\/11\/20231009_iph_grafik_one_health_mobile_DE_ik01.png\" alt=\"\" class=\"block-img\" \/>\n        <\/div>\n    <\/section>\n\n\n\n","protected":false},"excerpt":{"rendered":"<p>Menschen und Tiere teilen sich einen Lebensraum. Zwar sind in der Schweiz und vielen anderen hoch entwickelten Staaten die Zeiten vorbei, in denen Nutztiere fester Bestandteil von Haushalten waren und deren \u00dcberleben sicherstellten. Aber auch heute verbringen viele Menschen ihren Alltag in direktem Kontakt mit oder in der unmittelbaren N\u00e4he von Tieren. Das sind nicht [&hellip;]<\/p>\n","protected":false},"author":3,"featured_media":0,"parent":10485,"menu_order":0,"comment_status":"closed","ping_status":"closed","template":"page-templates\/themen-under-seite.php","meta":{"footnotes":""},"acf":[],"yoast_head":"<!-- This site is optimized with the Yoast SEO plugin v21.5 - https:\/\/yoast.com\/wordpress\/plugins\/seo\/ -->\n<title>1. Mensch und Tier leben in einer Symbiose - Centre didactique en biotechnologie<\/title>\n<meta name=\"robots\" content=\"noindex, follow, max-snippet:-1, max-image-preview:large, max-video-preview:-1\" \/>\n<meta property=\"og:locale\" content=\"fr_FR\" \/>\n<meta property=\"og:type\" content=\"article\" \/>\n<meta property=\"og:title\" content=\"1. Mensch und Tier leben in einer Symbiose - Centre didactique en biotechnologie\" \/>\n<meta property=\"og:description\" content=\"Menschen und Tiere teilen sich einen Lebensraum. Zwar sind in der Schweiz und vielen anderen hoch entwickelten Staaten die Zeiten vorbei, in denen Nutztiere fester Bestandteil von Haushalten waren und deren \u00dcberleben sicherstellten. Aber auch heute verbringen viele Menschen ihren Alltag in direktem Kontakt mit oder in der unmittelbaren N\u00e4he von Tieren. Das sind nicht [&hellip;]\" \/>\n<meta property=\"og:url\" content=\"https:\/\/dev.interpharma.animalwelfare.bertastrasse1.ch\/fr\/themen\/gesundheit-von-mensch-und-tier-gehort-zusammen-2\/1-mensch-und-tier-leben-in-einer-symbiose\/\" \/>\n<meta property=\"og:site_name\" content=\"Centre didactique en biotechnologie\" \/>\n<meta property=\"article:publisher\" content=\"https:\/\/www.facebook.com\/vorsprungschweiz\/\" \/>\n<meta name=\"twitter:card\" content=\"summary_large_image\" \/>\n<meta name=\"twitter:label1\" content=\"Est. reading time\" \/>\n\t<meta name=\"twitter:data1\" content=\"2 minutes\" \/>\n<script type=\"application\/ld+json\" class=\"yoast-schema-graph\">{\"@context\":\"https:\/\/schema.org\",\"@graph\":[{\"@type\":\"WebPage\",\"@id\":\"https:\/\/dev.interpharma.animalwelfare.bertastrasse1.ch\/fr\/themen\/gesundheit-von-mensch-und-tier-gehort-zusammen-2\/1-mensch-und-tier-leben-in-einer-symbiose\/\",\"url\":\"https:\/\/dev.interpharma.animalwelfare.bertastrasse1.ch\/fr\/themen\/gesundheit-von-mensch-und-tier-gehort-zusammen-2\/1-mensch-und-tier-leben-in-einer-symbiose\/\",\"name\":\"1. Mensch und Tier leben in einer Symbiose - Centre didactique en biotechnologie\",\"isPartOf\":{\"@id\":\"https:\/\/dev.interpharma.animalwelfare.bertastrasse1.ch\/fr\/#website\"},\"datePublished\":\"2024-08-14T07:53:06+00:00\",\"dateModified\":\"2024-08-14T07:53:06+00:00\",\"breadcrumb\":{\"@id\":\"https:\/\/dev.interpharma.animalwelfare.bertastrasse1.ch\/fr\/themen\/gesundheit-von-mensch-und-tier-gehort-zusammen-2\/1-mensch-und-tier-leben-in-einer-symbiose\/#breadcrumb\"},\"inLanguage\":\"fr-FR\",\"potentialAction\":[{\"@type\":\"ReadAction\",\"target\":[\"https:\/\/dev.interpharma.animalwelfare.bertastrasse1.ch\/fr\/themen\/gesundheit-von-mensch-und-tier-gehort-zusammen-2\/1-mensch-und-tier-leben-in-einer-symbiose\/\"]}]},{\"@type\":\"BreadcrumbList\",\"@id\":\"https:\/\/dev.interpharma.animalwelfare.bertastrasse1.ch\/fr\/themen\/gesundheit-von-mensch-und-tier-gehort-zusammen-2\/1-mensch-und-tier-leben-in-einer-symbiose\/#breadcrumb\",\"itemListElement\":[{\"@type\":\"ListItem\",\"position\":1,\"name\":\"Interpharma\",\"item\":\"https:\/\/dev.interpharma.animalwelfare.bertastrasse1.ch\/fr\/\"},{\"@type\":\"ListItem\",\"position\":2,\"name\":\"Themen\",\"item\":\"https:\/\/dev.interpharma.animalwelfare.bertastrasse1.ch\/fr\/themen\/\"},{\"@type\":\"ListItem\",\"position\":3,\"name\":\"Gesundheit von Mensch und Tier geh\u00f6rt zusammen\",\"item\":\"https:\/\/dev.interpharma.animalwelfare.bertastrasse1.ch\/fr\/themen\/gesundheit-von-mensch-und-tier-gehort-zusammen-2\/\"},{\"@type\":\"ListItem\",\"position\":4,\"name\":\"1. Mensch und Tier leben in einer Symbiose\"}]},{\"@type\":\"WebSite\",\"@id\":\"https:\/\/dev.interpharma.animalwelfare.bertastrasse1.ch\/fr\/#website\",\"url\":\"https:\/\/dev.interpharma.animalwelfare.bertastrasse1.ch\/fr\/\",\"name\":\"Centre didactique en biotechnologie\",\"description\":\"Interpharma Biotech Learning CenterMat\u00e9riel d'information issu de la recherche biologique et m\u00e9dicale moderne\",\"publisher\":{\"@id\":\"https:\/\/dev.interpharma.animalwelfare.bertastrasse1.ch\/fr\/#organization\"},\"potentialAction\":[{\"@type\":\"SearchAction\",\"target\":{\"@type\":\"EntryPoint\",\"urlTemplate\":\"https:\/\/dev.interpharma.animalwelfare.bertastrasse1.ch\/fr\/?s={search_term_string}\"},\"query-input\":\"required name=search_term_string\"}],\"inLanguage\":\"fr-FR\"},{\"@type\":\"Organization\",\"@id\":\"https:\/\/dev.interpharma.animalwelfare.bertastrasse1.ch\/fr\/#organization\",\"name\":\"Interpharma\",\"url\":\"https:\/\/dev.interpharma.animalwelfare.bertastrasse1.ch\/fr\/\",\"logo\":{\"@type\":\"ImageObject\",\"inLanguage\":\"fr-FR\",\"@id\":\"https:\/\/dev.interpharma.animalwelfare.bertastrasse1.ch\/fr\/#\/schema\/logo\/image\/\",\"url\":\"https:\/\/dev.interpharma.animalwelfare.bertastrasse1.ch\/wp-content\/uploads\/2019\/11\/logo_header.png\",\"contentUrl\":\"https:\/\/dev.interpharma.animalwelfare.bertastrasse1.ch\/wp-content\/uploads\/2019\/11\/logo_header.png\",\"width\":370,\"height\":56,\"caption\":\"Interpharma\"},\"image\":{\"@id\":\"https:\/\/dev.interpharma.animalwelfare.bertastrasse1.ch\/fr\/#\/schema\/logo\/image\/\"},\"sameAs\":[\"https:\/\/www.facebook.com\/vorsprungschweiz\/\",\"https:\/\/ch.linkedin.com\/company\/interpharma\",\"https:\/\/de.wikipedia.org\/wiki\/Interpharma\"]}]}<\/script>\n<!-- \/ Yoast SEO plugin. -->","yoast_head_json":{"title":"1. Mensch und Tier leben in einer Symbiose - Centre didactique en biotechnologie","robots":{"index":"noindex","follow":"follow","max-snippet":"max-snippet:-1","max-image-preview":"max-image-preview:large","max-video-preview":"max-video-preview:-1"},"og_locale":"fr_FR","og_type":"article","og_title":"1. Mensch und Tier leben in einer Symbiose - Centre didactique en biotechnologie","og_description":"Menschen und Tiere teilen sich einen Lebensraum. Zwar sind in der Schweiz und vielen anderen hoch entwickelten Staaten die Zeiten vorbei, in denen Nutztiere fester Bestandteil von Haushalten waren und deren \u00dcberleben sicherstellten. Aber auch heute verbringen viele Menschen ihren Alltag in direktem Kontakt mit oder in der unmittelbaren N\u00e4he von Tieren. Das sind nicht [&hellip;]","og_url":"https:\/\/dev.interpharma.animalwelfare.bertastrasse1.ch\/fr\/themen\/gesundheit-von-mensch-und-tier-gehort-zusammen-2\/1-mensch-und-tier-leben-in-einer-symbiose\/","og_site_name":"Centre didactique en biotechnologie","article_publisher":"https:\/\/www.facebook.com\/vorsprungschweiz\/","twitter_card":"summary_large_image","twitter_misc":{"Est. reading time":"2 minutes"},"schema":{"@context":"https:\/\/schema.org","@graph":[{"@type":"WebPage","@id":"https:\/\/dev.interpharma.animalwelfare.bertastrasse1.ch\/fr\/themen\/gesundheit-von-mensch-und-tier-gehort-zusammen-2\/1-mensch-und-tier-leben-in-einer-symbiose\/","url":"https:\/\/dev.interpharma.animalwelfare.bertastrasse1.ch\/fr\/themen\/gesundheit-von-mensch-und-tier-gehort-zusammen-2\/1-mensch-und-tier-leben-in-einer-symbiose\/","name":"1. Mensch und Tier leben in einer Symbiose - Centre didactique en biotechnologie","isPartOf":{"@id":"https:\/\/dev.interpharma.animalwelfare.bertastrasse1.ch\/fr\/#website"},"datePublished":"2024-08-14T07:53:06+00:00","dateModified":"2024-08-14T07:53:06+00:00","breadcrumb":{"@id":"https:\/\/dev.interpharma.animalwelfare.bertastrasse1.ch\/fr\/themen\/gesundheit-von-mensch-und-tier-gehort-zusammen-2\/1-mensch-und-tier-leben-in-einer-symbiose\/#breadcrumb"},"inLanguage":"fr-FR","potentialAction":[{"@type":"ReadAction","target":["https:\/\/dev.interpharma.animalwelfare.bertastrasse1.ch\/fr\/themen\/gesundheit-von-mensch-und-tier-gehort-zusammen-2\/1-mensch-und-tier-leben-in-einer-symbiose\/"]}]},{"@type":"BreadcrumbList","@id":"https:\/\/dev.interpharma.animalwelfare.bertastrasse1.ch\/fr\/themen\/gesundheit-von-mensch-und-tier-gehort-zusammen-2\/1-mensch-und-tier-leben-in-einer-symbiose\/#breadcrumb","itemListElement":[{"@type":"ListItem","position":1,"name":"Interpharma","item":"https:\/\/dev.interpharma.animalwelfare.bertastrasse1.ch\/fr\/"},{"@type":"ListItem","position":2,"name":"Themen","item":"https:\/\/dev.interpharma.animalwelfare.bertastrasse1.ch\/fr\/themen\/"},{"@type":"ListItem","position":3,"name":"Gesundheit von Mensch und Tier geh\u00f6rt zusammen","item":"https:\/\/dev.interpharma.animalwelfare.bertastrasse1.ch\/fr\/themen\/gesundheit-von-mensch-und-tier-gehort-zusammen-2\/"},{"@type":"ListItem","position":4,"name":"1. Mensch und Tier leben in einer Symbiose"}]},{"@type":"WebSite","@id":"https:\/\/dev.interpharma.animalwelfare.bertastrasse1.ch\/fr\/#website","url":"https:\/\/dev.interpharma.animalwelfare.bertastrasse1.ch\/fr\/","name":"Centre didactique en biotechnologie","description":"Interpharma Biotech Learning CenterMat\u00e9riel d'information issu de la recherche biologique et m\u00e9dicale moderne","publisher":{"@id":"https:\/\/dev.interpharma.animalwelfare.bertastrasse1.ch\/fr\/#organization"},"potentialAction":[{"@type":"SearchAction","target":{"@type":"EntryPoint","urlTemplate":"https:\/\/dev.interpharma.animalwelfare.bertastrasse1.ch\/fr\/?s={search_term_string}"},"query-input":"required name=search_term_string"}],"inLanguage":"fr-FR"},{"@type":"Organization","@id":"https:\/\/dev.interpharma.animalwelfare.bertastrasse1.ch\/fr\/#organization","name":"Interpharma","url":"https:\/\/dev.interpharma.animalwelfare.bertastrasse1.ch\/fr\/","logo":{"@type":"ImageObject","inLanguage":"fr-FR","@id":"https:\/\/dev.interpharma.animalwelfare.bertastrasse1.ch\/fr\/#\/schema\/logo\/image\/","url":"https:\/\/dev.interpharma.animalwelfare.bertastrasse1.ch\/wp-content\/uploads\/2019\/11\/logo_header.png","contentUrl":"https:\/\/dev.interpharma.animalwelfare.bertastrasse1.ch\/wp-content\/uploads\/2019\/11\/logo_header.png","width":370,"height":56,"caption":"Interpharma"},"image":{"@id":"https:\/\/dev.interpharma.animalwelfare.bertastrasse1.ch\/fr\/#\/schema\/logo\/image\/"},"sameAs":["https:\/\/www.facebook.com\/vorsprungschweiz\/","https:\/\/ch.linkedin.com\/company\/interpharma","https:\/\/de.wikipedia.org\/wiki\/Interpharma"]}]}},"_links":{"self":[{"href":"https:\/\/dev.interpharma.animalwelfare.bertastrasse1.ch\/fr\/wp-json\/wp\/v2\/pages\/10489"}],"collection":[{"href":"https:\/\/dev.interpharma.animalwelfare.bertastrasse1.ch\/fr\/wp-json\/wp\/v2\/pages"}],"about":[{"href":"https:\/\/dev.interpharma.animalwelfare.bertastrasse1.ch\/fr\/wp-json\/wp\/v2\/types\/page"}],"author":[{"embeddable":true,"href":"https:\/\/dev.interpharma.animalwelfare.bertastrasse1.ch\/fr\/wp-json\/wp\/v2\/users\/3"}],"replies":[{"embeddable":true,"href":"https:\/\/dev.interpharma.animalwelfare.bertastrasse1.ch\/fr\/wp-json\/wp\/v2\/comments?post=10489"}],"version-history":[{"count":0,"href":"https:\/\/dev.interpharma.animalwelfare.bertastrasse1.ch\/fr\/wp-json\/wp\/v2\/pages\/10489\/revisions"}],"up":[{"embeddable":true,"href":"https:\/\/dev.interpharma.animalwelfare.bertastrasse1.ch\/fr\/wp-json\/wp\/v2\/pages\/10485"}],"wp:attachment":[{"href":"https:\/\/dev.interpharma.animalwelfare.bertastrasse1.ch\/fr\/wp-json\/wp\/v2\/media?parent=10489"}],"curies":[{"name":"wp","href":"https:\/\/api.w.org\/{rel}","templated":true}]}}