{"id":10488,"date":"2024-08-14T07:53:06","date_gmt":"2024-08-14T07:53:06","guid":{"rendered":"https:\/\/dev.interpharma.animalwelfare.bertastrasse1.ch\/themen\/gesundheit-von-mensch-und-tier-gehort-zusammen-2\/5-veterinarmedizin-profitiert-von-innovativen-wirkstoffen\/"},"modified":"2024-08-14T07:53:06","modified_gmt":"2024-08-14T07:53:06","slug":"5-veterinarmedizin-profitiert-von-innovativen-wirkstoffen","status":"publish","type":"page","link":"https:\/\/dev.interpharma.animalwelfare.bertastrasse1.ch\/fr\/themen\/gesundheit-von-mensch-und-tier-gehort-zusammen-2\/5-veterinarmedizin-profitiert-von-innovativen-wirkstoffen\/","title":{"rendered":"5. Veterin\u00e4rmedizin profitiert von innovativen Wirkstoffen"},"content":{"rendered":"\n<p>Um das Tierwohl zu gew\u00e4hrleisten, werden Medikamente auch speziell f\u00fcr Tiere entwickelt. Ein aktuelles Beispiel ist ein Wirkstoff zur oralen Behandlung der bei Katzen auftretenden, t\u00f6dlichen Infektionskrankheit FIP (feline infekti\u00f6se Peritonitis). So erg\u00e4nzen immer neue Medikamente die Wirkstoffpalette zur Behandlung von Tieren, und die Einsatzgebiete werden immer differenzierter. Dazu z\u00e4hlen Pr\u00e4parate, die seit einigen Jahren zur Behandlung von Allergien verf\u00fcgbar sind. Im Zuge der COVID-19-Pandemie wurden Impfstoffe f\u00fcr Tiere entwickelt. Sie wurden auf Nerzfarmen eingesetzt, um Massenkeulungen zu vermeiden, ebenso zum Schutz bedrohter Zootiere. Die Innovationen, die aus der Entwicklung neuer Medikamente resultieren, kommen somit Menschen wie Tieren zugute.<\/p>\n\n\n\n<p>Dass die Veterin\u00e4rmedizin stetig von innovativen Medikamenten profitiert, zeigt ein Blick auf die aktuellen Zulassungen durch Swissmedic: Seit dem vergangenen Jahr stehen drei Tierarzneimittel zur Verf\u00fcgung, die einen neu entwickelten Wirkstoff enthalten. Zwei der Wirkstoffe kommen bei Hunden zum Einsatz, n\u00e4mlich zur Behandlung von schmerzhaften Gelenkentz\u00fcndungen und von epileptischen Anf\u00e4llen. Der dritte Wirkstoff zielt auf die Anwendung bei Nutztieren. Es handelt sich um ein Antibiotikum f\u00fcr K\u00fche mit einer bakteriell verursachten Entz\u00fcndung der Euter. Auch Medikamente, die direkt f\u00fcr Tiere entwickelt wurden, werden vor ihrer Zulassung eingehend auf Wirksamkeit, Sicherheit und Vertr\u00e4glichkeit gepr\u00fcft. Dazu dienen unter anderem klinische Tierstudien, bei denen einer Tiergruppe der neue Wirkstoff und einer Vergleichsgruppe ein Placebo verabreicht wird. Dank der Studien k\u00f6nnen Nebenwirkungen, Wechselwirkungen mit anderen Medikamenten oder Dosierungsvorgaben ermittelt werden.<\/p>\n\n\n\n            <section class=\"text-list-with-bg-block text-list-with-bg-block-69e2f7a73f82b\">\n            <div class=\"text-list-with-bg-block-content\">\n                <div class=\"text-list-with-bg\">\n                                              <div class=\"text-list-with-bg-item\">\n                             <p>\n                                 <span>Zulassung von Medikamenten in der Human- und der Tiermedizin \u2013 Entwicklung 2012 bis 2022<\/span>\n                                 <br>\r\n<br>\r\nTierarzneimittel unterliegen einer strengen beh\u00f6rdlichen Zulassung. Gepr\u00fcft werden die Qualit\u00e4t, die Wirksamkeit und die Sicherheit. Die Sicherheitspr\u00fcfung umfasst die Sicherheit beim Zieltier, f\u00fcr den Anwender und die Umwelt. Bei Nutztieren wird dar\u00fcber hinaus auch die Sicherheit f\u00fcr die erzeugten Nahrungsmittel gepr\u00fcft.                             <\/p>\n                         <\/div>\n                                     <\/div>\n\n                            <\/div>\n        <\/section>\n\n        <script>\n            new ScrollMagic.Scene({\n                triggerElement: \".text-list-with-bg-block-69e2f7a73f82b\",\n                triggerHook: 0.9,\n                offset: 0\n            })\n                .setClassToggle(\".text-list-with-bg-block-69e2f7a73f82b\", \"visibleBlock\")\n                .addTo(controller);\n        <\/script>\n    \n\n\n\n        <section class=\"custom-image-block\">\n        <div class=\"image-wrapper\">\n            <img decoding=\"async\" src=\"https:\/\/dev.interpharma.animalwelfare.bertastrasse1.ch\/wp-content\/uploads\/2023\/11\/20231114_iph_grafik_zulassung_von_medikamenten_desktop_DE_06cu.png\" alt=\"\" class=\"block-img\" \/>\n        <\/div>\n\n        <div class=\"image-mob-wrapper\">\n            \n            <img decoding=\"async\" src=\"https:\/\/dev.interpharma.animalwelfare.bertastrasse1.ch\/wp-content\/uploads\/2023\/11\/20231017_iph_grafik_zulassung_von_medikamenten_mobile_DE_ik01.png\" alt=\"\" class=\"block-img\" \/>\n        <\/div>\n    <\/section>\n\n\n\n","protected":false},"excerpt":{"rendered":"<p>Um das Tierwohl zu gew\u00e4hrleisten, werden Medikamente auch speziell f\u00fcr Tiere entwickelt. Ein aktuelles Beispiel ist ein Wirkstoff zur oralen Behandlung der bei Katzen auftretenden, t\u00f6dlichen Infektionskrankheit FIP (feline infekti\u00f6se Peritonitis). So erg\u00e4nzen immer neue Medikamente die Wirkstoffpalette zur Behandlung von Tieren, und die Einsatzgebiete werden immer differenzierter. Dazu z\u00e4hlen Pr\u00e4parate, die seit einigen Jahren [&hellip;]<\/p>\n","protected":false},"author":3,"featured_media":0,"parent":10485,"menu_order":4,"comment_status":"closed","ping_status":"closed","template":"page-templates\/themen-under-seite.php","meta":{"footnotes":""},"acf":[],"yoast_head":"<!-- This site is optimized with the Yoast SEO plugin v21.5 - https:\/\/yoast.com\/wordpress\/plugins\/seo\/ -->\n<title>5. Veterin\u00e4rmedizin profitiert von innovativen Wirkstoffen - Centre didactique en biotechnologie<\/title>\n<meta name=\"robots\" content=\"noindex, follow, max-snippet:-1, max-image-preview:large, max-video-preview:-1\" \/>\n<meta property=\"og:locale\" content=\"fr_FR\" \/>\n<meta property=\"og:type\" content=\"article\" \/>\n<meta property=\"og:title\" content=\"5. Veterin\u00e4rmedizin profitiert von innovativen Wirkstoffen - Centre didactique en biotechnologie\" \/>\n<meta property=\"og:description\" content=\"Um das Tierwohl zu gew\u00e4hrleisten, werden Medikamente auch speziell f\u00fcr Tiere entwickelt. Ein aktuelles Beispiel ist ein Wirkstoff zur oralen Behandlung der bei Katzen auftretenden, t\u00f6dlichen Infektionskrankheit FIP (feline infekti\u00f6se Peritonitis). So erg\u00e4nzen immer neue Medikamente die Wirkstoffpalette zur Behandlung von Tieren, und die Einsatzgebiete werden immer differenzierter. Dazu z\u00e4hlen Pr\u00e4parate, die seit einigen Jahren [&hellip;]\" \/>\n<meta property=\"og:url\" content=\"https:\/\/dev.interpharma.animalwelfare.bertastrasse1.ch\/fr\/themen\/gesundheit-von-mensch-und-tier-gehort-zusammen-2\/5-veterinarmedizin-profitiert-von-innovativen-wirkstoffen\/\" \/>\n<meta property=\"og:site_name\" content=\"Centre didactique en biotechnologie\" \/>\n<meta property=\"article:publisher\" content=\"https:\/\/www.facebook.com\/vorsprungschweiz\/\" \/>\n<meta name=\"twitter:card\" content=\"summary_large_image\" \/>\n<meta name=\"twitter:label1\" content=\"Est. reading time\" \/>\n\t<meta name=\"twitter:data1\" content=\"2 minutes\" \/>\n<script type=\"application\/ld+json\" class=\"yoast-schema-graph\">{\"@context\":\"https:\/\/schema.org\",\"@graph\":[{\"@type\":\"WebPage\",\"@id\":\"https:\/\/dev.interpharma.animalwelfare.bertastrasse1.ch\/fr\/themen\/gesundheit-von-mensch-und-tier-gehort-zusammen-2\/5-veterinarmedizin-profitiert-von-innovativen-wirkstoffen\/\",\"url\":\"https:\/\/dev.interpharma.animalwelfare.bertastrasse1.ch\/fr\/themen\/gesundheit-von-mensch-und-tier-gehort-zusammen-2\/5-veterinarmedizin-profitiert-von-innovativen-wirkstoffen\/\",\"name\":\"5. Veterin\u00e4rmedizin profitiert von innovativen Wirkstoffen - Centre didactique en biotechnologie\",\"isPartOf\":{\"@id\":\"https:\/\/dev.interpharma.animalwelfare.bertastrasse1.ch\/fr\/#website\"},\"datePublished\":\"2024-08-14T07:53:06+00:00\",\"dateModified\":\"2024-08-14T07:53:06+00:00\",\"breadcrumb\":{\"@id\":\"https:\/\/dev.interpharma.animalwelfare.bertastrasse1.ch\/fr\/themen\/gesundheit-von-mensch-und-tier-gehort-zusammen-2\/5-veterinarmedizin-profitiert-von-innovativen-wirkstoffen\/#breadcrumb\"},\"inLanguage\":\"fr-FR\",\"potentialAction\":[{\"@type\":\"ReadAction\",\"target\":[\"https:\/\/dev.interpharma.animalwelfare.bertastrasse1.ch\/fr\/themen\/gesundheit-von-mensch-und-tier-gehort-zusammen-2\/5-veterinarmedizin-profitiert-von-innovativen-wirkstoffen\/\"]}]},{\"@type\":\"BreadcrumbList\",\"@id\":\"https:\/\/dev.interpharma.animalwelfare.bertastrasse1.ch\/fr\/themen\/gesundheit-von-mensch-und-tier-gehort-zusammen-2\/5-veterinarmedizin-profitiert-von-innovativen-wirkstoffen\/#breadcrumb\",\"itemListElement\":[{\"@type\":\"ListItem\",\"position\":1,\"name\":\"Interpharma\",\"item\":\"https:\/\/dev.interpharma.animalwelfare.bertastrasse1.ch\/fr\/\"},{\"@type\":\"ListItem\",\"position\":2,\"name\":\"Themen\",\"item\":\"https:\/\/dev.interpharma.animalwelfare.bertastrasse1.ch\/fr\/themen\/\"},{\"@type\":\"ListItem\",\"position\":3,\"name\":\"Gesundheit von Mensch und Tier geh\u00f6rt zusammen\",\"item\":\"https:\/\/dev.interpharma.animalwelfare.bertastrasse1.ch\/fr\/themen\/gesundheit-von-mensch-und-tier-gehort-zusammen-2\/\"},{\"@type\":\"ListItem\",\"position\":4,\"name\":\"5. Veterin\u00e4rmedizin profitiert von innovativen Wirkstoffen\"}]},{\"@type\":\"WebSite\",\"@id\":\"https:\/\/dev.interpharma.animalwelfare.bertastrasse1.ch\/fr\/#website\",\"url\":\"https:\/\/dev.interpharma.animalwelfare.bertastrasse1.ch\/fr\/\",\"name\":\"Centre didactique en biotechnologie\",\"description\":\"Interpharma Biotech Learning CenterMat\u00e9riel d'information issu de la recherche biologique et m\u00e9dicale moderne\",\"publisher\":{\"@id\":\"https:\/\/dev.interpharma.animalwelfare.bertastrasse1.ch\/fr\/#organization\"},\"potentialAction\":[{\"@type\":\"SearchAction\",\"target\":{\"@type\":\"EntryPoint\",\"urlTemplate\":\"https:\/\/dev.interpharma.animalwelfare.bertastrasse1.ch\/fr\/?s={search_term_string}\"},\"query-input\":\"required name=search_term_string\"}],\"inLanguage\":\"fr-FR\"},{\"@type\":\"Organization\",\"@id\":\"https:\/\/dev.interpharma.animalwelfare.bertastrasse1.ch\/fr\/#organization\",\"name\":\"Interpharma\",\"url\":\"https:\/\/dev.interpharma.animalwelfare.bertastrasse1.ch\/fr\/\",\"logo\":{\"@type\":\"ImageObject\",\"inLanguage\":\"fr-FR\",\"@id\":\"https:\/\/dev.interpharma.animalwelfare.bertastrasse1.ch\/fr\/#\/schema\/logo\/image\/\",\"url\":\"https:\/\/dev.interpharma.animalwelfare.bertastrasse1.ch\/wp-content\/uploads\/2019\/11\/logo_header.png\",\"contentUrl\":\"https:\/\/dev.interpharma.animalwelfare.bertastrasse1.ch\/wp-content\/uploads\/2019\/11\/logo_header.png\",\"width\":370,\"height\":56,\"caption\":\"Interpharma\"},\"image\":{\"@id\":\"https:\/\/dev.interpharma.animalwelfare.bertastrasse1.ch\/fr\/#\/schema\/logo\/image\/\"},\"sameAs\":[\"https:\/\/www.facebook.com\/vorsprungschweiz\/\",\"https:\/\/ch.linkedin.com\/company\/interpharma\",\"https:\/\/de.wikipedia.org\/wiki\/Interpharma\"]}]}<\/script>\n<!-- \/ Yoast SEO plugin. -->","yoast_head_json":{"title":"5. Veterin\u00e4rmedizin profitiert von innovativen Wirkstoffen - Centre didactique en biotechnologie","robots":{"index":"noindex","follow":"follow","max-snippet":"max-snippet:-1","max-image-preview":"max-image-preview:large","max-video-preview":"max-video-preview:-1"},"og_locale":"fr_FR","og_type":"article","og_title":"5. Veterin\u00e4rmedizin profitiert von innovativen Wirkstoffen - Centre didactique en biotechnologie","og_description":"Um das Tierwohl zu gew\u00e4hrleisten, werden Medikamente auch speziell f\u00fcr Tiere entwickelt. Ein aktuelles Beispiel ist ein Wirkstoff zur oralen Behandlung der bei Katzen auftretenden, t\u00f6dlichen Infektionskrankheit FIP (feline infekti\u00f6se Peritonitis). So erg\u00e4nzen immer neue Medikamente die Wirkstoffpalette zur Behandlung von Tieren, und die Einsatzgebiete werden immer differenzierter. Dazu z\u00e4hlen Pr\u00e4parate, die seit einigen Jahren [&hellip;]","og_url":"https:\/\/dev.interpharma.animalwelfare.bertastrasse1.ch\/fr\/themen\/gesundheit-von-mensch-und-tier-gehort-zusammen-2\/5-veterinarmedizin-profitiert-von-innovativen-wirkstoffen\/","og_site_name":"Centre didactique en biotechnologie","article_publisher":"https:\/\/www.facebook.com\/vorsprungschweiz\/","twitter_card":"summary_large_image","twitter_misc":{"Est. reading time":"2 minutes"},"schema":{"@context":"https:\/\/schema.org","@graph":[{"@type":"WebPage","@id":"https:\/\/dev.interpharma.animalwelfare.bertastrasse1.ch\/fr\/themen\/gesundheit-von-mensch-und-tier-gehort-zusammen-2\/5-veterinarmedizin-profitiert-von-innovativen-wirkstoffen\/","url":"https:\/\/dev.interpharma.animalwelfare.bertastrasse1.ch\/fr\/themen\/gesundheit-von-mensch-und-tier-gehort-zusammen-2\/5-veterinarmedizin-profitiert-von-innovativen-wirkstoffen\/","name":"5. Veterin\u00e4rmedizin profitiert von innovativen Wirkstoffen - Centre didactique en biotechnologie","isPartOf":{"@id":"https:\/\/dev.interpharma.animalwelfare.bertastrasse1.ch\/fr\/#website"},"datePublished":"2024-08-14T07:53:06+00:00","dateModified":"2024-08-14T07:53:06+00:00","breadcrumb":{"@id":"https:\/\/dev.interpharma.animalwelfare.bertastrasse1.ch\/fr\/themen\/gesundheit-von-mensch-und-tier-gehort-zusammen-2\/5-veterinarmedizin-profitiert-von-innovativen-wirkstoffen\/#breadcrumb"},"inLanguage":"fr-FR","potentialAction":[{"@type":"ReadAction","target":["https:\/\/dev.interpharma.animalwelfare.bertastrasse1.ch\/fr\/themen\/gesundheit-von-mensch-und-tier-gehort-zusammen-2\/5-veterinarmedizin-profitiert-von-innovativen-wirkstoffen\/"]}]},{"@type":"BreadcrumbList","@id":"https:\/\/dev.interpharma.animalwelfare.bertastrasse1.ch\/fr\/themen\/gesundheit-von-mensch-und-tier-gehort-zusammen-2\/5-veterinarmedizin-profitiert-von-innovativen-wirkstoffen\/#breadcrumb","itemListElement":[{"@type":"ListItem","position":1,"name":"Interpharma","item":"https:\/\/dev.interpharma.animalwelfare.bertastrasse1.ch\/fr\/"},{"@type":"ListItem","position":2,"name":"Themen","item":"https:\/\/dev.interpharma.animalwelfare.bertastrasse1.ch\/fr\/themen\/"},{"@type":"ListItem","position":3,"name":"Gesundheit von Mensch und Tier geh\u00f6rt zusammen","item":"https:\/\/dev.interpharma.animalwelfare.bertastrasse1.ch\/fr\/themen\/gesundheit-von-mensch-und-tier-gehort-zusammen-2\/"},{"@type":"ListItem","position":4,"name":"5. Veterin\u00e4rmedizin profitiert von innovativen Wirkstoffen"}]},{"@type":"WebSite","@id":"https:\/\/dev.interpharma.animalwelfare.bertastrasse1.ch\/fr\/#website","url":"https:\/\/dev.interpharma.animalwelfare.bertastrasse1.ch\/fr\/","name":"Centre didactique en biotechnologie","description":"Interpharma Biotech Learning CenterMat\u00e9riel d'information issu de la recherche biologique et m\u00e9dicale moderne","publisher":{"@id":"https:\/\/dev.interpharma.animalwelfare.bertastrasse1.ch\/fr\/#organization"},"potentialAction":[{"@type":"SearchAction","target":{"@type":"EntryPoint","urlTemplate":"https:\/\/dev.interpharma.animalwelfare.bertastrasse1.ch\/fr\/?s={search_term_string}"},"query-input":"required name=search_term_string"}],"inLanguage":"fr-FR"},{"@type":"Organization","@id":"https:\/\/dev.interpharma.animalwelfare.bertastrasse1.ch\/fr\/#organization","name":"Interpharma","url":"https:\/\/dev.interpharma.animalwelfare.bertastrasse1.ch\/fr\/","logo":{"@type":"ImageObject","inLanguage":"fr-FR","@id":"https:\/\/dev.interpharma.animalwelfare.bertastrasse1.ch\/fr\/#\/schema\/logo\/image\/","url":"https:\/\/dev.interpharma.animalwelfare.bertastrasse1.ch\/wp-content\/uploads\/2019\/11\/logo_header.png","contentUrl":"https:\/\/dev.interpharma.animalwelfare.bertastrasse1.ch\/wp-content\/uploads\/2019\/11\/logo_header.png","width":370,"height":56,"caption":"Interpharma"},"image":{"@id":"https:\/\/dev.interpharma.animalwelfare.bertastrasse1.ch\/fr\/#\/schema\/logo\/image\/"},"sameAs":["https:\/\/www.facebook.com\/vorsprungschweiz\/","https:\/\/ch.linkedin.com\/company\/interpharma","https:\/\/de.wikipedia.org\/wiki\/Interpharma"]}]}},"_links":{"self":[{"href":"https:\/\/dev.interpharma.animalwelfare.bertastrasse1.ch\/fr\/wp-json\/wp\/v2\/pages\/10488"}],"collection":[{"href":"https:\/\/dev.interpharma.animalwelfare.bertastrasse1.ch\/fr\/wp-json\/wp\/v2\/pages"}],"about":[{"href":"https:\/\/dev.interpharma.animalwelfare.bertastrasse1.ch\/fr\/wp-json\/wp\/v2\/types\/page"}],"author":[{"embeddable":true,"href":"https:\/\/dev.interpharma.animalwelfare.bertastrasse1.ch\/fr\/wp-json\/wp\/v2\/users\/3"}],"replies":[{"embeddable":true,"href":"https:\/\/dev.interpharma.animalwelfare.bertastrasse1.ch\/fr\/wp-json\/wp\/v2\/comments?post=10488"}],"version-history":[{"count":0,"href":"https:\/\/dev.interpharma.animalwelfare.bertastrasse1.ch\/fr\/wp-json\/wp\/v2\/pages\/10488\/revisions"}],"up":[{"embeddable":true,"href":"https:\/\/dev.interpharma.animalwelfare.bertastrasse1.ch\/fr\/wp-json\/wp\/v2\/pages\/10485"}],"wp:attachment":[{"href":"https:\/\/dev.interpharma.animalwelfare.bertastrasse1.ch\/fr\/wp-json\/wp\/v2\/media?parent=10488"}],"curies":[{"name":"wp","href":"https:\/\/api.w.org\/{rel}","templated":true}]}}