{"id":10486,"date":"2024-08-14T07:53:05","date_gmt":"2024-08-14T07:53:05","guid":{"rendered":"https:\/\/dev.interpharma.animalwelfare.bertastrasse1.ch\/themen\/gesundheit-von-mensch-und-tier-gehort-zusammen-2\/6-ausblick\/"},"modified":"2024-08-14T07:53:05","modified_gmt":"2024-08-14T07:53:05","slug":"6-ausblick","status":"publish","type":"page","link":"https:\/\/dev.interpharma.animalwelfare.bertastrasse1.ch\/fr\/themen\/gesundheit-von-mensch-und-tier-gehort-zusammen-2\/6-ausblick\/","title":{"rendered":"6. Ausblick"},"content":{"rendered":"\n<p>Die Medizin hat dank neuer Medikamente grosse Fortschritte f\u00fcr Mensch und Tier erzielt. So sind etliche Infektionskrankheiten dank systematischer Impfungen heute kontrollierbar oder sogar ausgerottet. Dazu z\u00e4hlen die Hundestaupe, Parvovirusinfektionen bei Hund und Katze, die Leptospirose bei Hunden, die Rinderpest und die Influenza bei Pferden. Tierkrankheiten, die fr\u00fcher t\u00f6dlich verliefen, sind heute behandelbar. Beispiele sind bei Hunden die h\u00e4ufige Hauterkrankung Demodicose oder Hundemalaria (Babesiose). Ein anderes Beispiel sind Wurmerkrankungen bei Wiederk\u00e4uern und Pferden.<\/p>\n\n\n\n<p>Die Entwicklung neuer medizinischer Wirkstoffe ist ein langj\u00e4hriger, minuti\u00f6s regulierter Prozess. In dem Prozess sind Tierversuche unverzichtbar. Sie gew\u00e4hrleisten die Entwicklung neuer Medikamente,&nbsp; die der Gesundheit der Menschen dienen, in vielen F\u00e4llen aber auch dem Wohl von Haus-, Nutz- und Wildtieren. Wer Tierversuche ablehnt, blockiert den medizinischen Fortschritt \u2013 zum Schaden von Mensch und Tier. Eine gute Tiergesundheit ist essenziell, und der Mensch profitiert davon in doppelter Hinsicht: indem weniger Krankheiten von Tieren auf den Menschen \u00fcbertragen werden, aber auch durch eine erh\u00f6hte Sicherheit tierischer Lebensmittel wie Milch, Fleisch, Eier oder Honig.<\/p>\n","protected":false},"excerpt":{"rendered":"<p>Die Medizin hat dank neuer Medikamente grosse Fortschritte f\u00fcr Mensch und Tier erzielt. So sind etliche Infektionskrankheiten dank systematischer Impfungen heute kontrollierbar oder sogar ausgerottet. Dazu z\u00e4hlen die Hundestaupe, Parvovirusinfektionen bei Hund und Katze, die Leptospirose bei Hunden, die Rinderpest und die Influenza bei Pferden. Tierkrankheiten, die fr\u00fcher t\u00f6dlich verliefen, sind heute behandelbar. Beispiele sind [&hellip;]<\/p>\n","protected":false},"author":3,"featured_media":0,"parent":10485,"menu_order":5,"comment_status":"closed","ping_status":"closed","template":"page-templates\/themen-under-seite.php","meta":{"footnotes":""},"acf":[],"yoast_head":"<!-- This site is optimized with the Yoast SEO plugin v21.5 - https:\/\/yoast.com\/wordpress\/plugins\/seo\/ -->\n<title>6. Ausblick - Centre didactique en biotechnologie<\/title>\n<meta name=\"robots\" content=\"noindex, follow, max-snippet:-1, max-image-preview:large, max-video-preview:-1\" \/>\n<meta property=\"og:locale\" content=\"fr_FR\" \/>\n<meta property=\"og:type\" content=\"article\" \/>\n<meta property=\"og:title\" content=\"6. Ausblick - Centre didactique en biotechnologie\" \/>\n<meta property=\"og:description\" content=\"Die Medizin hat dank neuer Medikamente grosse Fortschritte f\u00fcr Mensch und Tier erzielt. So sind etliche Infektionskrankheiten dank systematischer Impfungen heute kontrollierbar oder sogar ausgerottet. Dazu z\u00e4hlen die Hundestaupe, Parvovirusinfektionen bei Hund und Katze, die Leptospirose bei Hunden, die Rinderpest und die Influenza bei Pferden. Tierkrankheiten, die fr\u00fcher t\u00f6dlich verliefen, sind heute behandelbar. Beispiele sind [&hellip;]\" \/>\n<meta property=\"og:url\" content=\"https:\/\/dev.interpharma.animalwelfare.bertastrasse1.ch\/fr\/themen\/gesundheit-von-mensch-und-tier-gehort-zusammen-2\/6-ausblick\/\" \/>\n<meta property=\"og:site_name\" content=\"Centre didactique en biotechnologie\" \/>\n<meta property=\"article:publisher\" content=\"https:\/\/www.facebook.com\/vorsprungschweiz\/\" \/>\n<meta name=\"twitter:card\" content=\"summary_large_image\" \/>\n<meta name=\"twitter:label1\" content=\"Est. reading time\" \/>\n\t<meta name=\"twitter:data1\" content=\"1 minute\" \/>\n<script type=\"application\/ld+json\" class=\"yoast-schema-graph\">{\"@context\":\"https:\/\/schema.org\",\"@graph\":[{\"@type\":\"WebPage\",\"@id\":\"https:\/\/dev.interpharma.animalwelfare.bertastrasse1.ch\/fr\/themen\/gesundheit-von-mensch-und-tier-gehort-zusammen-2\/6-ausblick\/\",\"url\":\"https:\/\/dev.interpharma.animalwelfare.bertastrasse1.ch\/fr\/themen\/gesundheit-von-mensch-und-tier-gehort-zusammen-2\/6-ausblick\/\",\"name\":\"6. Ausblick - Centre didactique en biotechnologie\",\"isPartOf\":{\"@id\":\"https:\/\/dev.interpharma.animalwelfare.bertastrasse1.ch\/fr\/#website\"},\"datePublished\":\"2024-08-14T07:53:05+00:00\",\"dateModified\":\"2024-08-14T07:53:05+00:00\",\"breadcrumb\":{\"@id\":\"https:\/\/dev.interpharma.animalwelfare.bertastrasse1.ch\/fr\/themen\/gesundheit-von-mensch-und-tier-gehort-zusammen-2\/6-ausblick\/#breadcrumb\"},\"inLanguage\":\"fr-FR\",\"potentialAction\":[{\"@type\":\"ReadAction\",\"target\":[\"https:\/\/dev.interpharma.animalwelfare.bertastrasse1.ch\/fr\/themen\/gesundheit-von-mensch-und-tier-gehort-zusammen-2\/6-ausblick\/\"]}]},{\"@type\":\"BreadcrumbList\",\"@id\":\"https:\/\/dev.interpharma.animalwelfare.bertastrasse1.ch\/fr\/themen\/gesundheit-von-mensch-und-tier-gehort-zusammen-2\/6-ausblick\/#breadcrumb\",\"itemListElement\":[{\"@type\":\"ListItem\",\"position\":1,\"name\":\"Interpharma\",\"item\":\"https:\/\/dev.interpharma.animalwelfare.bertastrasse1.ch\/fr\/\"},{\"@type\":\"ListItem\",\"position\":2,\"name\":\"Themen\",\"item\":\"https:\/\/dev.interpharma.animalwelfare.bertastrasse1.ch\/fr\/themen\/\"},{\"@type\":\"ListItem\",\"position\":3,\"name\":\"Gesundheit von Mensch und Tier geh\u00f6rt zusammen\",\"item\":\"https:\/\/dev.interpharma.animalwelfare.bertastrasse1.ch\/fr\/themen\/gesundheit-von-mensch-und-tier-gehort-zusammen-2\/\"},{\"@type\":\"ListItem\",\"position\":4,\"name\":\"6. Ausblick\"}]},{\"@type\":\"WebSite\",\"@id\":\"https:\/\/dev.interpharma.animalwelfare.bertastrasse1.ch\/fr\/#website\",\"url\":\"https:\/\/dev.interpharma.animalwelfare.bertastrasse1.ch\/fr\/\",\"name\":\"Centre didactique en biotechnologie\",\"description\":\"Interpharma Biotech Learning CenterMat\u00e9riel d'information issu de la recherche biologique et m\u00e9dicale moderne\",\"publisher\":{\"@id\":\"https:\/\/dev.interpharma.animalwelfare.bertastrasse1.ch\/fr\/#organization\"},\"potentialAction\":[{\"@type\":\"SearchAction\",\"target\":{\"@type\":\"EntryPoint\",\"urlTemplate\":\"https:\/\/dev.interpharma.animalwelfare.bertastrasse1.ch\/fr\/?s={search_term_string}\"},\"query-input\":\"required name=search_term_string\"}],\"inLanguage\":\"fr-FR\"},{\"@type\":\"Organization\",\"@id\":\"https:\/\/dev.interpharma.animalwelfare.bertastrasse1.ch\/fr\/#organization\",\"name\":\"Interpharma\",\"url\":\"https:\/\/dev.interpharma.animalwelfare.bertastrasse1.ch\/fr\/\",\"logo\":{\"@type\":\"ImageObject\",\"inLanguage\":\"fr-FR\",\"@id\":\"https:\/\/dev.interpharma.animalwelfare.bertastrasse1.ch\/fr\/#\/schema\/logo\/image\/\",\"url\":\"https:\/\/dev.interpharma.animalwelfare.bertastrasse1.ch\/wp-content\/uploads\/2019\/11\/logo_header.png\",\"contentUrl\":\"https:\/\/dev.interpharma.animalwelfare.bertastrasse1.ch\/wp-content\/uploads\/2019\/11\/logo_header.png\",\"width\":370,\"height\":56,\"caption\":\"Interpharma\"},\"image\":{\"@id\":\"https:\/\/dev.interpharma.animalwelfare.bertastrasse1.ch\/fr\/#\/schema\/logo\/image\/\"},\"sameAs\":[\"https:\/\/www.facebook.com\/vorsprungschweiz\/\",\"https:\/\/ch.linkedin.com\/company\/interpharma\",\"https:\/\/de.wikipedia.org\/wiki\/Interpharma\"]}]}<\/script>\n<!-- \/ Yoast SEO plugin. -->","yoast_head_json":{"title":"6. Ausblick - Centre didactique en biotechnologie","robots":{"index":"noindex","follow":"follow","max-snippet":"max-snippet:-1","max-image-preview":"max-image-preview:large","max-video-preview":"max-video-preview:-1"},"og_locale":"fr_FR","og_type":"article","og_title":"6. Ausblick - Centre didactique en biotechnologie","og_description":"Die Medizin hat dank neuer Medikamente grosse Fortschritte f\u00fcr Mensch und Tier erzielt. So sind etliche Infektionskrankheiten dank systematischer Impfungen heute kontrollierbar oder sogar ausgerottet. Dazu z\u00e4hlen die Hundestaupe, Parvovirusinfektionen bei Hund und Katze, die Leptospirose bei Hunden, die Rinderpest und die Influenza bei Pferden. Tierkrankheiten, die fr\u00fcher t\u00f6dlich verliefen, sind heute behandelbar. Beispiele sind [&hellip;]","og_url":"https:\/\/dev.interpharma.animalwelfare.bertastrasse1.ch\/fr\/themen\/gesundheit-von-mensch-und-tier-gehort-zusammen-2\/6-ausblick\/","og_site_name":"Centre didactique en biotechnologie","article_publisher":"https:\/\/www.facebook.com\/vorsprungschweiz\/","twitter_card":"summary_large_image","twitter_misc":{"Est. reading time":"1 minute"},"schema":{"@context":"https:\/\/schema.org","@graph":[{"@type":"WebPage","@id":"https:\/\/dev.interpharma.animalwelfare.bertastrasse1.ch\/fr\/themen\/gesundheit-von-mensch-und-tier-gehort-zusammen-2\/6-ausblick\/","url":"https:\/\/dev.interpharma.animalwelfare.bertastrasse1.ch\/fr\/themen\/gesundheit-von-mensch-und-tier-gehort-zusammen-2\/6-ausblick\/","name":"6. Ausblick - Centre didactique en biotechnologie","isPartOf":{"@id":"https:\/\/dev.interpharma.animalwelfare.bertastrasse1.ch\/fr\/#website"},"datePublished":"2024-08-14T07:53:05+00:00","dateModified":"2024-08-14T07:53:05+00:00","breadcrumb":{"@id":"https:\/\/dev.interpharma.animalwelfare.bertastrasse1.ch\/fr\/themen\/gesundheit-von-mensch-und-tier-gehort-zusammen-2\/6-ausblick\/#breadcrumb"},"inLanguage":"fr-FR","potentialAction":[{"@type":"ReadAction","target":["https:\/\/dev.interpharma.animalwelfare.bertastrasse1.ch\/fr\/themen\/gesundheit-von-mensch-und-tier-gehort-zusammen-2\/6-ausblick\/"]}]},{"@type":"BreadcrumbList","@id":"https:\/\/dev.interpharma.animalwelfare.bertastrasse1.ch\/fr\/themen\/gesundheit-von-mensch-und-tier-gehort-zusammen-2\/6-ausblick\/#breadcrumb","itemListElement":[{"@type":"ListItem","position":1,"name":"Interpharma","item":"https:\/\/dev.interpharma.animalwelfare.bertastrasse1.ch\/fr\/"},{"@type":"ListItem","position":2,"name":"Themen","item":"https:\/\/dev.interpharma.animalwelfare.bertastrasse1.ch\/fr\/themen\/"},{"@type":"ListItem","position":3,"name":"Gesundheit von Mensch und Tier geh\u00f6rt zusammen","item":"https:\/\/dev.interpharma.animalwelfare.bertastrasse1.ch\/fr\/themen\/gesundheit-von-mensch-und-tier-gehort-zusammen-2\/"},{"@type":"ListItem","position":4,"name":"6. Ausblick"}]},{"@type":"WebSite","@id":"https:\/\/dev.interpharma.animalwelfare.bertastrasse1.ch\/fr\/#website","url":"https:\/\/dev.interpharma.animalwelfare.bertastrasse1.ch\/fr\/","name":"Centre didactique en biotechnologie","description":"Interpharma Biotech Learning CenterMat\u00e9riel d'information issu de la recherche biologique et m\u00e9dicale moderne","publisher":{"@id":"https:\/\/dev.interpharma.animalwelfare.bertastrasse1.ch\/fr\/#organization"},"potentialAction":[{"@type":"SearchAction","target":{"@type":"EntryPoint","urlTemplate":"https:\/\/dev.interpharma.animalwelfare.bertastrasse1.ch\/fr\/?s={search_term_string}"},"query-input":"required name=search_term_string"}],"inLanguage":"fr-FR"},{"@type":"Organization","@id":"https:\/\/dev.interpharma.animalwelfare.bertastrasse1.ch\/fr\/#organization","name":"Interpharma","url":"https:\/\/dev.interpharma.animalwelfare.bertastrasse1.ch\/fr\/","logo":{"@type":"ImageObject","inLanguage":"fr-FR","@id":"https:\/\/dev.interpharma.animalwelfare.bertastrasse1.ch\/fr\/#\/schema\/logo\/image\/","url":"https:\/\/dev.interpharma.animalwelfare.bertastrasse1.ch\/wp-content\/uploads\/2019\/11\/logo_header.png","contentUrl":"https:\/\/dev.interpharma.animalwelfare.bertastrasse1.ch\/wp-content\/uploads\/2019\/11\/logo_header.png","width":370,"height":56,"caption":"Interpharma"},"image":{"@id":"https:\/\/dev.interpharma.animalwelfare.bertastrasse1.ch\/fr\/#\/schema\/logo\/image\/"},"sameAs":["https:\/\/www.facebook.com\/vorsprungschweiz\/","https:\/\/ch.linkedin.com\/company\/interpharma","https:\/\/de.wikipedia.org\/wiki\/Interpharma"]}]}},"_links":{"self":[{"href":"https:\/\/dev.interpharma.animalwelfare.bertastrasse1.ch\/fr\/wp-json\/wp\/v2\/pages\/10486"}],"collection":[{"href":"https:\/\/dev.interpharma.animalwelfare.bertastrasse1.ch\/fr\/wp-json\/wp\/v2\/pages"}],"about":[{"href":"https:\/\/dev.interpharma.animalwelfare.bertastrasse1.ch\/fr\/wp-json\/wp\/v2\/types\/page"}],"author":[{"embeddable":true,"href":"https:\/\/dev.interpharma.animalwelfare.bertastrasse1.ch\/fr\/wp-json\/wp\/v2\/users\/3"}],"replies":[{"embeddable":true,"href":"https:\/\/dev.interpharma.animalwelfare.bertastrasse1.ch\/fr\/wp-json\/wp\/v2\/comments?post=10486"}],"version-history":[{"count":0,"href":"https:\/\/dev.interpharma.animalwelfare.bertastrasse1.ch\/fr\/wp-json\/wp\/v2\/pages\/10486\/revisions"}],"up":[{"embeddable":true,"href":"https:\/\/dev.interpharma.animalwelfare.bertastrasse1.ch\/fr\/wp-json\/wp\/v2\/pages\/10485"}],"wp:attachment":[{"href":"https:\/\/dev.interpharma.animalwelfare.bertastrasse1.ch\/fr\/wp-json\/wp\/v2\/media?parent=10486"}],"curies":[{"name":"wp","href":"https:\/\/api.w.org\/{rel}","templated":true}]}}