{"id":10247,"date":"2023-11-21T16:27:25","date_gmt":"2023-11-21T16:27:25","guid":{"rendered":"https:\/\/dev.interpharma.animalwelfare.bertastrasse1.ch\/groupes-de-travail\/gemeinsame-audits-der-interpharma-mitgliedsfirmen\/"},"modified":"2023-11-21T18:33:58","modified_gmt":"2023-11-21T18:33:58","slug":"audits-communs-des-entreprises-membres-dinterpharma","status":"publish","type":"page","link":"https:\/\/dev.interpharma.animalwelfare.bertastrasse1.ch\/fr\/groupes-de-travail\/audits-communs-des-entreprises-membres-dinterpharma\/","title":{"rendered":"Audits communs des entreprises membres d\u2019Interpharma"},"content":{"rendered":"\n<p>Les institutions de recherche et leurs entreprises partenaires et filiales r\u00e9alisant des exp\u00e9riences sur les animaux sur mandat de membres d\u2019Interpharma s\u2019engagent \u00e0 respecter des crit\u00e8res techniques et \u00e9thiques d\u2019h\u00e9bergement et de soin des animaux de laboratoire. Certaines entreprises membres d\u2019Interpharma r\u00e9alisent r\u00e9guli\u00e8rement en commun des audits planifi\u00e9s aupr\u00e8s de partenaires de recherche externes tout autour du globe. Ces audits ne sont pas seulement destin\u00e9s \u00e0 aligner les crit\u00e8res et \u00e0 assurer la protection des animaux de laboratoire, mais contribuent aussi \u00e0 accro\u00eetre le savoir-faire. L\u2019\u00e9change permet de mettre en \u0153uvre au mieux les prescriptions l\u00e9gales et simplifie en outre les efforts d\u2019aller plus loin dans la mise en \u0153uvre des 3R. Les r\u00e9sultats sont pass\u00e9s en revue en commun par les entreprises membres et trait\u00e9s confidentiellement. Chaque entreprise d\u00e9cide individuellement si elle veut travailler avec l\u2019organisation audit\u00e9e. En plus des audits communs, les entreprises membres s\u2019assurent, par des proc\u00e9dures individuelles, du respect des crit\u00e8res de qualit\u00e9 dans leurs propres institutions de recherche dans le monde entier. Tous les crit\u00e8res contr\u00f4l\u00e9s sont fix\u00e9s par \u00e9crit et appliqu\u00e9s au niveau mondial.<\/p>\n\n\n\n<p>Nom du projet: Audits d\u2019Interpharma<br>Articles de la charte: 4 \u00e0 6<\/p>\n","protected":false},"excerpt":{"rendered":"<p>Les institutions de recherche et leurs entreprises partenaires et filiales r\u00e9alisant des exp\u00e9riences sur les animaux sur mandat de membres d\u2019Interpharma s\u2019engagent \u00e0 respecter des crit\u00e8res techniques et \u00e9thiques d\u2019h\u00e9bergement et de soin des animaux de laboratoire. Certaines entreprises membres d\u2019Interpharma r\u00e9alisent r\u00e9guli\u00e8rement en commun des audits planifi\u00e9s aupr\u00e8s de partenaires de recherche externes tout [&hellip;]<\/p>\n","protected":false},"author":3,"featured_media":0,"parent":10165,"menu_order":7,"comment_status":"closed","ping_status":"closed","template":"page-templates\/themen-under-seite.php","meta":{"footnotes":""},"acf":[],"yoast_head":"<!-- This site is optimized with the Yoast SEO plugin v21.5 - https:\/\/yoast.com\/wordpress\/plugins\/seo\/ -->\n<title>Audits communs des entreprises membres d\u2019Interpharma - Centre didactique en biotechnologie<\/title>\n<meta name=\"robots\" content=\"noindex, follow, max-snippet:-1, max-image-preview:large, max-video-preview:-1\" \/>\n<meta property=\"og:locale\" content=\"fr_FR\" \/>\n<meta property=\"og:type\" content=\"article\" \/>\n<meta property=\"og:title\" content=\"Audits communs des entreprises membres d\u2019Interpharma - Centre didactique en biotechnologie\" \/>\n<meta property=\"og:description\" content=\"Les institutions de recherche et leurs entreprises partenaires et filiales r\u00e9alisant des exp\u00e9riences sur les animaux sur mandat de membres d\u2019Interpharma s\u2019engagent \u00e0 respecter des crit\u00e8res techniques et \u00e9thiques d\u2019h\u00e9bergement et de soin des animaux de laboratoire. Certaines entreprises membres d\u2019Interpharma r\u00e9alisent r\u00e9guli\u00e8rement en commun des audits planifi\u00e9s aupr\u00e8s de partenaires de recherche externes tout [&hellip;]\" \/>\n<meta property=\"og:url\" content=\"https:\/\/dev.interpharma.animalwelfare.bertastrasse1.ch\/fr\/groupes-de-travail\/audits-communs-des-entreprises-membres-dinterpharma\/\" \/>\n<meta property=\"og:site_name\" content=\"Centre didactique en biotechnologie\" \/>\n<meta property=\"article:publisher\" content=\"https:\/\/www.facebook.com\/vorsprungschweiz\/\" \/>\n<meta property=\"article:modified_time\" content=\"2023-11-21T18:33:58+00:00\" \/>\n<meta name=\"twitter:card\" content=\"summary_large_image\" \/>\n<meta name=\"twitter:label1\" content=\"Est. reading time\" \/>\n\t<meta name=\"twitter:data1\" content=\"2 minutes\" \/>\n<script type=\"application\/ld+json\" class=\"yoast-schema-graph\">{\"@context\":\"https:\/\/schema.org\",\"@graph\":[{\"@type\":\"WebPage\",\"@id\":\"https:\/\/dev.interpharma.animalwelfare.bertastrasse1.ch\/fr\/groupes-de-travail\/audits-communs-des-entreprises-membres-dinterpharma\/\",\"url\":\"https:\/\/dev.interpharma.animalwelfare.bertastrasse1.ch\/fr\/groupes-de-travail\/audits-communs-des-entreprises-membres-dinterpharma\/\",\"name\":\"Audits communs des entreprises membres d\u2019Interpharma - Centre didactique en biotechnologie\",\"isPartOf\":{\"@id\":\"https:\/\/dev.interpharma.animalwelfare.bertastrasse1.ch\/fr\/#website\"},\"datePublished\":\"2023-11-21T16:27:25+00:00\",\"dateModified\":\"2023-11-21T18:33:58+00:00\",\"breadcrumb\":{\"@id\":\"https:\/\/dev.interpharma.animalwelfare.bertastrasse1.ch\/fr\/groupes-de-travail\/audits-communs-des-entreprises-membres-dinterpharma\/#breadcrumb\"},\"inLanguage\":\"fr-FR\",\"potentialAction\":[{\"@type\":\"ReadAction\",\"target\":[\"https:\/\/dev.interpharma.animalwelfare.bertastrasse1.ch\/fr\/groupes-de-travail\/audits-communs-des-entreprises-membres-dinterpharma\/\"]}]},{\"@type\":\"BreadcrumbList\",\"@id\":\"https:\/\/dev.interpharma.animalwelfare.bertastrasse1.ch\/fr\/groupes-de-travail\/audits-communs-des-entreprises-membres-dinterpharma\/#breadcrumb\",\"itemListElement\":[{\"@type\":\"ListItem\",\"position\":1,\"name\":\"Interpharma\",\"item\":\"https:\/\/dev.interpharma.animalwelfare.bertastrasse1.ch\/fr\/\"},{\"@type\":\"ListItem\",\"position\":2,\"name\":\"Groupes de travail\",\"item\":\"https:\/\/dev.interpharma.animalwelfare.bertastrasse1.ch\/fr\/groupes-de-travail\/\"},{\"@type\":\"ListItem\",\"position\":3,\"name\":\"Audits communs des entreprises membres d\u2019Interpharma\"}]},{\"@type\":\"WebSite\",\"@id\":\"https:\/\/dev.interpharma.animalwelfare.bertastrasse1.ch\/fr\/#website\",\"url\":\"https:\/\/dev.interpharma.animalwelfare.bertastrasse1.ch\/fr\/\",\"name\":\"Centre didactique en biotechnologie\",\"description\":\"Interpharma Biotech Learning CenterMat\u00e9riel d'information issu de la recherche biologique et m\u00e9dicale moderne\",\"publisher\":{\"@id\":\"https:\/\/dev.interpharma.animalwelfare.bertastrasse1.ch\/fr\/#organization\"},\"potentialAction\":[{\"@type\":\"SearchAction\",\"target\":{\"@type\":\"EntryPoint\",\"urlTemplate\":\"https:\/\/dev.interpharma.animalwelfare.bertastrasse1.ch\/fr\/?s={search_term_string}\"},\"query-input\":\"required name=search_term_string\"}],\"inLanguage\":\"fr-FR\"},{\"@type\":\"Organization\",\"@id\":\"https:\/\/dev.interpharma.animalwelfare.bertastrasse1.ch\/fr\/#organization\",\"name\":\"Interpharma\",\"url\":\"https:\/\/dev.interpharma.animalwelfare.bertastrasse1.ch\/fr\/\",\"logo\":{\"@type\":\"ImageObject\",\"inLanguage\":\"fr-FR\",\"@id\":\"https:\/\/dev.interpharma.animalwelfare.bertastrasse1.ch\/fr\/#\/schema\/logo\/image\/\",\"url\":\"https:\/\/dev.interpharma.animalwelfare.bertastrasse1.ch\/wp-content\/uploads\/2019\/11\/logo_header.png\",\"contentUrl\":\"https:\/\/dev.interpharma.animalwelfare.bertastrasse1.ch\/wp-content\/uploads\/2019\/11\/logo_header.png\",\"width\":370,\"height\":56,\"caption\":\"Interpharma\"},\"image\":{\"@id\":\"https:\/\/dev.interpharma.animalwelfare.bertastrasse1.ch\/fr\/#\/schema\/logo\/image\/\"},\"sameAs\":[\"https:\/\/www.facebook.com\/vorsprungschweiz\/\",\"https:\/\/ch.linkedin.com\/company\/interpharma\",\"https:\/\/de.wikipedia.org\/wiki\/Interpharma\"]}]}<\/script>\n<!-- \/ Yoast SEO plugin. -->","yoast_head_json":{"title":"Audits communs des entreprises membres d\u2019Interpharma - Centre didactique en biotechnologie","robots":{"index":"noindex","follow":"follow","max-snippet":"max-snippet:-1","max-image-preview":"max-image-preview:large","max-video-preview":"max-video-preview:-1"},"og_locale":"fr_FR","og_type":"article","og_title":"Audits communs des entreprises membres d\u2019Interpharma - Centre didactique en biotechnologie","og_description":"Les institutions de recherche et leurs entreprises partenaires et filiales r\u00e9alisant des exp\u00e9riences sur les animaux sur mandat de membres d\u2019Interpharma s\u2019engagent \u00e0 respecter des crit\u00e8res techniques et \u00e9thiques d\u2019h\u00e9bergement et de soin des animaux de laboratoire. Certaines entreprises membres d\u2019Interpharma r\u00e9alisent r\u00e9guli\u00e8rement en commun des audits planifi\u00e9s aupr\u00e8s de partenaires de recherche externes tout [&hellip;]","og_url":"https:\/\/dev.interpharma.animalwelfare.bertastrasse1.ch\/fr\/groupes-de-travail\/audits-communs-des-entreprises-membres-dinterpharma\/","og_site_name":"Centre didactique en biotechnologie","article_publisher":"https:\/\/www.facebook.com\/vorsprungschweiz\/","article_modified_time":"2023-11-21T18:33:58+00:00","twitter_card":"summary_large_image","twitter_misc":{"Est. reading time":"2 minutes"},"schema":{"@context":"https:\/\/schema.org","@graph":[{"@type":"WebPage","@id":"https:\/\/dev.interpharma.animalwelfare.bertastrasse1.ch\/fr\/groupes-de-travail\/audits-communs-des-entreprises-membres-dinterpharma\/","url":"https:\/\/dev.interpharma.animalwelfare.bertastrasse1.ch\/fr\/groupes-de-travail\/audits-communs-des-entreprises-membres-dinterpharma\/","name":"Audits communs des entreprises membres d\u2019Interpharma - Centre didactique en biotechnologie","isPartOf":{"@id":"https:\/\/dev.interpharma.animalwelfare.bertastrasse1.ch\/fr\/#website"},"datePublished":"2023-11-21T16:27:25+00:00","dateModified":"2023-11-21T18:33:58+00:00","breadcrumb":{"@id":"https:\/\/dev.interpharma.animalwelfare.bertastrasse1.ch\/fr\/groupes-de-travail\/audits-communs-des-entreprises-membres-dinterpharma\/#breadcrumb"},"inLanguage":"fr-FR","potentialAction":[{"@type":"ReadAction","target":["https:\/\/dev.interpharma.animalwelfare.bertastrasse1.ch\/fr\/groupes-de-travail\/audits-communs-des-entreprises-membres-dinterpharma\/"]}]},{"@type":"BreadcrumbList","@id":"https:\/\/dev.interpharma.animalwelfare.bertastrasse1.ch\/fr\/groupes-de-travail\/audits-communs-des-entreprises-membres-dinterpharma\/#breadcrumb","itemListElement":[{"@type":"ListItem","position":1,"name":"Interpharma","item":"https:\/\/dev.interpharma.animalwelfare.bertastrasse1.ch\/fr\/"},{"@type":"ListItem","position":2,"name":"Groupes de travail","item":"https:\/\/dev.interpharma.animalwelfare.bertastrasse1.ch\/fr\/groupes-de-travail\/"},{"@type":"ListItem","position":3,"name":"Audits communs des entreprises membres d\u2019Interpharma"}]},{"@type":"WebSite","@id":"https:\/\/dev.interpharma.animalwelfare.bertastrasse1.ch\/fr\/#website","url":"https:\/\/dev.interpharma.animalwelfare.bertastrasse1.ch\/fr\/","name":"Centre didactique en biotechnologie","description":"Interpharma Biotech Learning CenterMat\u00e9riel d'information issu de la recherche biologique et m\u00e9dicale moderne","publisher":{"@id":"https:\/\/dev.interpharma.animalwelfare.bertastrasse1.ch\/fr\/#organization"},"potentialAction":[{"@type":"SearchAction","target":{"@type":"EntryPoint","urlTemplate":"https:\/\/dev.interpharma.animalwelfare.bertastrasse1.ch\/fr\/?s={search_term_string}"},"query-input":"required name=search_term_string"}],"inLanguage":"fr-FR"},{"@type":"Organization","@id":"https:\/\/dev.interpharma.animalwelfare.bertastrasse1.ch\/fr\/#organization","name":"Interpharma","url":"https:\/\/dev.interpharma.animalwelfare.bertastrasse1.ch\/fr\/","logo":{"@type":"ImageObject","inLanguage":"fr-FR","@id":"https:\/\/dev.interpharma.animalwelfare.bertastrasse1.ch\/fr\/#\/schema\/logo\/image\/","url":"https:\/\/dev.interpharma.animalwelfare.bertastrasse1.ch\/wp-content\/uploads\/2019\/11\/logo_header.png","contentUrl":"https:\/\/dev.interpharma.animalwelfare.bertastrasse1.ch\/wp-content\/uploads\/2019\/11\/logo_header.png","width":370,"height":56,"caption":"Interpharma"},"image":{"@id":"https:\/\/dev.interpharma.animalwelfare.bertastrasse1.ch\/fr\/#\/schema\/logo\/image\/"},"sameAs":["https:\/\/www.facebook.com\/vorsprungschweiz\/","https:\/\/ch.linkedin.com\/company\/interpharma","https:\/\/de.wikipedia.org\/wiki\/Interpharma"]}]}},"_links":{"self":[{"href":"https:\/\/dev.interpharma.animalwelfare.bertastrasse1.ch\/fr\/wp-json\/wp\/v2\/pages\/10247"}],"collection":[{"href":"https:\/\/dev.interpharma.animalwelfare.bertastrasse1.ch\/fr\/wp-json\/wp\/v2\/pages"}],"about":[{"href":"https:\/\/dev.interpharma.animalwelfare.bertastrasse1.ch\/fr\/wp-json\/wp\/v2\/types\/page"}],"author":[{"embeddable":true,"href":"https:\/\/dev.interpharma.animalwelfare.bertastrasse1.ch\/fr\/wp-json\/wp\/v2\/users\/3"}],"replies":[{"embeddable":true,"href":"https:\/\/dev.interpharma.animalwelfare.bertastrasse1.ch\/fr\/wp-json\/wp\/v2\/comments?post=10247"}],"version-history":[{"count":1,"href":"https:\/\/dev.interpharma.animalwelfare.bertastrasse1.ch\/fr\/wp-json\/wp\/v2\/pages\/10247\/revisions"}],"predecessor-version":[{"id":10251,"href":"https:\/\/dev.interpharma.animalwelfare.bertastrasse1.ch\/fr\/wp-json\/wp\/v2\/pages\/10247\/revisions\/10251"}],"up":[{"embeddable":true,"href":"https:\/\/dev.interpharma.animalwelfare.bertastrasse1.ch\/fr\/wp-json\/wp\/v2\/pages\/10165"}],"wp:attachment":[{"href":"https:\/\/dev.interpharma.animalwelfare.bertastrasse1.ch\/fr\/wp-json\/wp\/v2\/media?parent=10247"}],"curies":[{"name":"wp","href":"https:\/\/api.w.org\/{rel}","templated":true}]}}