{"id":10239,"date":"2023-11-21T16:27:25","date_gmt":"2023-11-21T16:27:25","guid":{"rendered":"https:\/\/dev.interpharma.animalwelfare.bertastrasse1.ch\/groupes-de-travail\/dialog-mit-dem-schweizer-tierschutz-sts\/"},"modified":"2023-11-21T18:33:25","modified_gmt":"2023-11-21T18:33:25","slug":"dialogue-avec-la-protection-suisse-des-animaux-psa","status":"publish","type":"page","link":"https:\/\/dev.interpharma.animalwelfare.bertastrasse1.ch\/fr\/groupes-de-travail\/dialogue-avec-la-protection-suisse-des-animaux-psa\/","title":{"rendered":"Dialogue avec la Protection Suisse des Animaux PSA"},"content":{"rendered":"\n<p>Depuis maintenant plus de huit ans, Interpharma a engag\u00e9 le dialogue avec la Protection Suisse des Animaux PSA. Il y a quelques ann\u00e9es, les organisations viva3R et la Soci\u00e9t\u00e9 de la protection des animaux zurichoise se sont \u00e9galement jointes \u00e0 ce dialogue. Les rencontres, qui ont lieu deux fois par an, renforcent la compr\u00e9hension mutuelle et permettent d\u2019aborder des questions relatives \u00e0 la protection des animaux et de discuter de questions sp\u00e9cifiques portant sur l\u2019exp\u00e9rimentation animale et la protection des animaux de laboratoire. En outre, un dialogue ouvert, auquel des personnalit\u00e9s politiques sont \u00e9galement convi\u00e9es, se tient pour la deuxi\u00e8me fois. Il portera cette ann\u00e9e sur les 3R.<\/p>\n\n\n\n<p>Nom du projet: Dialogue avec la PSA<br>Article de la charte: 9<\/p>\n","protected":false},"excerpt":{"rendered":"<p>Depuis maintenant plus de huit ans, Interpharma a engag\u00e9 le dialogue avec la Protection Suisse des Animaux PSA. Il y a quelques ann\u00e9es, les organisations viva3R et la Soci\u00e9t\u00e9 de la protection des animaux zurichoise se sont \u00e9galement jointes \u00e0 ce dialogue. Les rencontres, qui ont lieu deux fois par an, renforcent la compr\u00e9hension mutuelle [&hellip;]<\/p>\n","protected":false},"author":3,"featured_media":0,"parent":10165,"menu_order":8,"comment_status":"closed","ping_status":"closed","template":"page-templates\/themen-under-seite.php","meta":{"footnotes":""},"acf":[],"yoast_head":"<!-- This site is optimized with the Yoast SEO plugin v21.5 - https:\/\/yoast.com\/wordpress\/plugins\/seo\/ -->\n<title>Dialogue avec la Protection Suisse des Animaux PSA - Centre didactique en biotechnologie<\/title>\n<meta name=\"robots\" content=\"noindex, follow, max-snippet:-1, max-image-preview:large, max-video-preview:-1\" \/>\n<meta property=\"og:locale\" content=\"fr_FR\" \/>\n<meta property=\"og:type\" content=\"article\" \/>\n<meta property=\"og:title\" content=\"Dialogue avec la Protection Suisse des Animaux PSA - Centre didactique en biotechnologie\" \/>\n<meta property=\"og:description\" content=\"Depuis maintenant plus de huit ans, Interpharma a engag\u00e9 le dialogue avec la Protection Suisse des Animaux PSA. Il y a quelques ann\u00e9es, les organisations viva3R et la Soci\u00e9t\u00e9 de la protection des animaux zurichoise se sont \u00e9galement jointes \u00e0 ce dialogue. Les rencontres, qui ont lieu deux fois par an, renforcent la compr\u00e9hension mutuelle [&hellip;]\" \/>\n<meta property=\"og:url\" content=\"https:\/\/dev.interpharma.animalwelfare.bertastrasse1.ch\/fr\/groupes-de-travail\/dialogue-avec-la-protection-suisse-des-animaux-psa\/\" \/>\n<meta property=\"og:site_name\" content=\"Centre didactique en biotechnologie\" \/>\n<meta property=\"article:publisher\" content=\"https:\/\/www.facebook.com\/vorsprungschweiz\/\" \/>\n<meta property=\"article:modified_time\" content=\"2023-11-21T18:33:25+00:00\" \/>\n<meta name=\"twitter:card\" content=\"summary_large_image\" \/>\n<meta name=\"twitter:label1\" content=\"Est. reading time\" \/>\n\t<meta name=\"twitter:data1\" content=\"1 minute\" \/>\n<script type=\"application\/ld+json\" class=\"yoast-schema-graph\">{\"@context\":\"https:\/\/schema.org\",\"@graph\":[{\"@type\":\"WebPage\",\"@id\":\"https:\/\/dev.interpharma.animalwelfare.bertastrasse1.ch\/fr\/groupes-de-travail\/dialogue-avec-la-protection-suisse-des-animaux-psa\/\",\"url\":\"https:\/\/dev.interpharma.animalwelfare.bertastrasse1.ch\/fr\/groupes-de-travail\/dialogue-avec-la-protection-suisse-des-animaux-psa\/\",\"name\":\"Dialogue avec la Protection Suisse des Animaux PSA - Centre didactique en biotechnologie\",\"isPartOf\":{\"@id\":\"https:\/\/dev.interpharma.animalwelfare.bertastrasse1.ch\/fr\/#website\"},\"datePublished\":\"2023-11-21T16:27:25+00:00\",\"dateModified\":\"2023-11-21T18:33:25+00:00\",\"breadcrumb\":{\"@id\":\"https:\/\/dev.interpharma.animalwelfare.bertastrasse1.ch\/fr\/groupes-de-travail\/dialogue-avec-la-protection-suisse-des-animaux-psa\/#breadcrumb\"},\"inLanguage\":\"fr-FR\",\"potentialAction\":[{\"@type\":\"ReadAction\",\"target\":[\"https:\/\/dev.interpharma.animalwelfare.bertastrasse1.ch\/fr\/groupes-de-travail\/dialogue-avec-la-protection-suisse-des-animaux-psa\/\"]}]},{\"@type\":\"BreadcrumbList\",\"@id\":\"https:\/\/dev.interpharma.animalwelfare.bertastrasse1.ch\/fr\/groupes-de-travail\/dialogue-avec-la-protection-suisse-des-animaux-psa\/#breadcrumb\",\"itemListElement\":[{\"@type\":\"ListItem\",\"position\":1,\"name\":\"Interpharma\",\"item\":\"https:\/\/dev.interpharma.animalwelfare.bertastrasse1.ch\/fr\/\"},{\"@type\":\"ListItem\",\"position\":2,\"name\":\"Groupes de travail\",\"item\":\"https:\/\/dev.interpharma.animalwelfare.bertastrasse1.ch\/fr\/groupes-de-travail\/\"},{\"@type\":\"ListItem\",\"position\":3,\"name\":\"Dialogue avec la Protection Suisse des Animaux PSA\"}]},{\"@type\":\"WebSite\",\"@id\":\"https:\/\/dev.interpharma.animalwelfare.bertastrasse1.ch\/fr\/#website\",\"url\":\"https:\/\/dev.interpharma.animalwelfare.bertastrasse1.ch\/fr\/\",\"name\":\"Centre didactique en biotechnologie\",\"description\":\"Interpharma Biotech Learning CenterMat\u00e9riel d'information issu de la recherche biologique et m\u00e9dicale moderne\",\"publisher\":{\"@id\":\"https:\/\/dev.interpharma.animalwelfare.bertastrasse1.ch\/fr\/#organization\"},\"potentialAction\":[{\"@type\":\"SearchAction\",\"target\":{\"@type\":\"EntryPoint\",\"urlTemplate\":\"https:\/\/dev.interpharma.animalwelfare.bertastrasse1.ch\/fr\/?s={search_term_string}\"},\"query-input\":\"required name=search_term_string\"}],\"inLanguage\":\"fr-FR\"},{\"@type\":\"Organization\",\"@id\":\"https:\/\/dev.interpharma.animalwelfare.bertastrasse1.ch\/fr\/#organization\",\"name\":\"Interpharma\",\"url\":\"https:\/\/dev.interpharma.animalwelfare.bertastrasse1.ch\/fr\/\",\"logo\":{\"@type\":\"ImageObject\",\"inLanguage\":\"fr-FR\",\"@id\":\"https:\/\/dev.interpharma.animalwelfare.bertastrasse1.ch\/fr\/#\/schema\/logo\/image\/\",\"url\":\"https:\/\/dev.interpharma.animalwelfare.bertastrasse1.ch\/wp-content\/uploads\/2019\/11\/logo_header.png\",\"contentUrl\":\"https:\/\/dev.interpharma.animalwelfare.bertastrasse1.ch\/wp-content\/uploads\/2019\/11\/logo_header.png\",\"width\":370,\"height\":56,\"caption\":\"Interpharma\"},\"image\":{\"@id\":\"https:\/\/dev.interpharma.animalwelfare.bertastrasse1.ch\/fr\/#\/schema\/logo\/image\/\"},\"sameAs\":[\"https:\/\/www.facebook.com\/vorsprungschweiz\/\",\"https:\/\/ch.linkedin.com\/company\/interpharma\",\"https:\/\/de.wikipedia.org\/wiki\/Interpharma\"]}]}<\/script>\n<!-- \/ Yoast SEO plugin. -->","yoast_head_json":{"title":"Dialogue avec la Protection Suisse des Animaux PSA - Centre didactique en biotechnologie","robots":{"index":"noindex","follow":"follow","max-snippet":"max-snippet:-1","max-image-preview":"max-image-preview:large","max-video-preview":"max-video-preview:-1"},"og_locale":"fr_FR","og_type":"article","og_title":"Dialogue avec la Protection Suisse des Animaux PSA - Centre didactique en biotechnologie","og_description":"Depuis maintenant plus de huit ans, Interpharma a engag\u00e9 le dialogue avec la Protection Suisse des Animaux PSA. Il y a quelques ann\u00e9es, les organisations viva3R et la Soci\u00e9t\u00e9 de la protection des animaux zurichoise se sont \u00e9galement jointes \u00e0 ce dialogue. Les rencontres, qui ont lieu deux fois par an, renforcent la compr\u00e9hension mutuelle [&hellip;]","og_url":"https:\/\/dev.interpharma.animalwelfare.bertastrasse1.ch\/fr\/groupes-de-travail\/dialogue-avec-la-protection-suisse-des-animaux-psa\/","og_site_name":"Centre didactique en biotechnologie","article_publisher":"https:\/\/www.facebook.com\/vorsprungschweiz\/","article_modified_time":"2023-11-21T18:33:25+00:00","twitter_card":"summary_large_image","twitter_misc":{"Est. reading time":"1 minute"},"schema":{"@context":"https:\/\/schema.org","@graph":[{"@type":"WebPage","@id":"https:\/\/dev.interpharma.animalwelfare.bertastrasse1.ch\/fr\/groupes-de-travail\/dialogue-avec-la-protection-suisse-des-animaux-psa\/","url":"https:\/\/dev.interpharma.animalwelfare.bertastrasse1.ch\/fr\/groupes-de-travail\/dialogue-avec-la-protection-suisse-des-animaux-psa\/","name":"Dialogue avec la Protection Suisse des Animaux PSA - Centre didactique en biotechnologie","isPartOf":{"@id":"https:\/\/dev.interpharma.animalwelfare.bertastrasse1.ch\/fr\/#website"},"datePublished":"2023-11-21T16:27:25+00:00","dateModified":"2023-11-21T18:33:25+00:00","breadcrumb":{"@id":"https:\/\/dev.interpharma.animalwelfare.bertastrasse1.ch\/fr\/groupes-de-travail\/dialogue-avec-la-protection-suisse-des-animaux-psa\/#breadcrumb"},"inLanguage":"fr-FR","potentialAction":[{"@type":"ReadAction","target":["https:\/\/dev.interpharma.animalwelfare.bertastrasse1.ch\/fr\/groupes-de-travail\/dialogue-avec-la-protection-suisse-des-animaux-psa\/"]}]},{"@type":"BreadcrumbList","@id":"https:\/\/dev.interpharma.animalwelfare.bertastrasse1.ch\/fr\/groupes-de-travail\/dialogue-avec-la-protection-suisse-des-animaux-psa\/#breadcrumb","itemListElement":[{"@type":"ListItem","position":1,"name":"Interpharma","item":"https:\/\/dev.interpharma.animalwelfare.bertastrasse1.ch\/fr\/"},{"@type":"ListItem","position":2,"name":"Groupes de travail","item":"https:\/\/dev.interpharma.animalwelfare.bertastrasse1.ch\/fr\/groupes-de-travail\/"},{"@type":"ListItem","position":3,"name":"Dialogue avec la Protection Suisse des Animaux PSA"}]},{"@type":"WebSite","@id":"https:\/\/dev.interpharma.animalwelfare.bertastrasse1.ch\/fr\/#website","url":"https:\/\/dev.interpharma.animalwelfare.bertastrasse1.ch\/fr\/","name":"Centre didactique en biotechnologie","description":"Interpharma Biotech Learning CenterMat\u00e9riel d'information issu de la recherche biologique et m\u00e9dicale moderne","publisher":{"@id":"https:\/\/dev.interpharma.animalwelfare.bertastrasse1.ch\/fr\/#organization"},"potentialAction":[{"@type":"SearchAction","target":{"@type":"EntryPoint","urlTemplate":"https:\/\/dev.interpharma.animalwelfare.bertastrasse1.ch\/fr\/?s={search_term_string}"},"query-input":"required name=search_term_string"}],"inLanguage":"fr-FR"},{"@type":"Organization","@id":"https:\/\/dev.interpharma.animalwelfare.bertastrasse1.ch\/fr\/#organization","name":"Interpharma","url":"https:\/\/dev.interpharma.animalwelfare.bertastrasse1.ch\/fr\/","logo":{"@type":"ImageObject","inLanguage":"fr-FR","@id":"https:\/\/dev.interpharma.animalwelfare.bertastrasse1.ch\/fr\/#\/schema\/logo\/image\/","url":"https:\/\/dev.interpharma.animalwelfare.bertastrasse1.ch\/wp-content\/uploads\/2019\/11\/logo_header.png","contentUrl":"https:\/\/dev.interpharma.animalwelfare.bertastrasse1.ch\/wp-content\/uploads\/2019\/11\/logo_header.png","width":370,"height":56,"caption":"Interpharma"},"image":{"@id":"https:\/\/dev.interpharma.animalwelfare.bertastrasse1.ch\/fr\/#\/schema\/logo\/image\/"},"sameAs":["https:\/\/www.facebook.com\/vorsprungschweiz\/","https:\/\/ch.linkedin.com\/company\/interpharma","https:\/\/de.wikipedia.org\/wiki\/Interpharma"]}]}},"_links":{"self":[{"href":"https:\/\/dev.interpharma.animalwelfare.bertastrasse1.ch\/fr\/wp-json\/wp\/v2\/pages\/10239"}],"collection":[{"href":"https:\/\/dev.interpharma.animalwelfare.bertastrasse1.ch\/fr\/wp-json\/wp\/v2\/pages"}],"about":[{"href":"https:\/\/dev.interpharma.animalwelfare.bertastrasse1.ch\/fr\/wp-json\/wp\/v2\/types\/page"}],"author":[{"embeddable":true,"href":"https:\/\/dev.interpharma.animalwelfare.bertastrasse1.ch\/fr\/wp-json\/wp\/v2\/users\/3"}],"replies":[{"embeddable":true,"href":"https:\/\/dev.interpharma.animalwelfare.bertastrasse1.ch\/fr\/wp-json\/wp\/v2\/comments?post=10239"}],"version-history":[{"count":1,"href":"https:\/\/dev.interpharma.animalwelfare.bertastrasse1.ch\/fr\/wp-json\/wp\/v2\/pages\/10239\/revisions"}],"predecessor-version":[{"id":10248,"href":"https:\/\/dev.interpharma.animalwelfare.bertastrasse1.ch\/fr\/wp-json\/wp\/v2\/pages\/10239\/revisions\/10248"}],"up":[{"embeddable":true,"href":"https:\/\/dev.interpharma.animalwelfare.bertastrasse1.ch\/fr\/wp-json\/wp\/v2\/pages\/10165"}],"wp:attachment":[{"href":"https:\/\/dev.interpharma.animalwelfare.bertastrasse1.ch\/fr\/wp-json\/wp\/v2\/media?parent=10239"}],"curies":[{"name":"wp","href":"https:\/\/api.w.org\/{rel}","templated":true}]}}