{"id":10227,"date":"2023-11-21T16:21:21","date_gmt":"2023-11-21T16:21:21","guid":{"rendered":"https:\/\/dev.interpharma.animalwelfare.bertastrasse1.ch\/groupes-de-travail\/ich-international-council-for-harmonisation-of-technical-requirements-for-pharmaceuticals-for-human-use\/"},"modified":"2023-11-21T18:32:27","modified_gmt":"2023-11-21T18:32:27","slug":"ich-international-council-for-harmonisation-of-technical-requirements-for-pharmaceuticals-for-human-use","status":"publish","type":"page","link":"https:\/\/dev.interpharma.animalwelfare.bertastrasse1.ch\/fr\/groupes-de-travail\/ich-international-council-for-harmonisation-of-technical-requirements-for-pharmaceuticals-for-human-use\/","title":{"rendered":"ICH"},"content":{"rendered":"\n<p>L\u2019ICH (International Council for Harmonisation of Technical Requirements for Pharmaceuticals for Human Use) r\u00e9unit les autorit\u00e9s de r\u00e9gulation d\u2019Europe, du Japon, des \u00c9tats-Unis et l\u2019industrie pharmaceutique afin de discuter d\u2019aspects scientifiques et techniques lors de l\u2019homologation des produits pharmaceutiques. L\u2019ICH vise \u00e0 harmoniser les tests utilis\u00e9s au cours de la recherche et du d\u00e9veloppement de nouveaux m\u00e9dicaments, les directives techniques et les exigences pos\u00e9es pour l\u2019homologation des produits. Cette harmonisation doit mener \u00e0 une utilisation plus \u00e9conomique des ressources et \u00e0 \u00e9liminer les retards inutiles dans le d\u00e9veloppement global et la mise \u00e0 disposition de nouveaux m\u00e9dicaments. Le processus d\u2019harmonisation est complexe et peut s\u2019\u00e9tendre sur plusieurs ann\u00e9es. Il porte sur la qualit\u00e9, la s\u00e9curit\u00e9 (dont font partie les exp\u00e9riences sur animaux), l\u2019efficacit\u00e9 ainsi que sur des domaines multidisciplinaires.<\/p>\n\n\n\n<p>Nom du projet: ICH<br>Articles de la charte: 1, 8<\/p>\n","protected":false},"excerpt":{"rendered":"<p>L\u2019ICH (International Council for Harmonisation of Technical Requirements for Pharmaceuticals for Human Use) r\u00e9unit les autorit\u00e9s de r\u00e9gulation d\u2019Europe, du Japon, des \u00c9tats-Unis et l\u2019industrie pharmaceutique afin de discuter d\u2019aspects scientifiques et techniques lors de l\u2019homologation des produits pharmaceutiques. L\u2019ICH vise \u00e0 harmoniser les tests utilis\u00e9s au cours de la recherche et du d\u00e9veloppement de [&hellip;]<\/p>\n","protected":false},"author":3,"featured_media":0,"parent":10165,"menu_order":5,"comment_status":"closed","ping_status":"closed","template":"page-templates\/themen-under-seite.php","meta":{"footnotes":""},"acf":[],"yoast_head":"<!-- This site is optimized with the Yoast SEO plugin v21.5 - https:\/\/yoast.com\/wordpress\/plugins\/seo\/ -->\n<title>ICH - Centre didactique en biotechnologie<\/title>\n<meta name=\"robots\" content=\"noindex, follow, max-snippet:-1, max-image-preview:large, max-video-preview:-1\" \/>\n<meta property=\"og:locale\" content=\"fr_FR\" \/>\n<meta property=\"og:type\" content=\"article\" \/>\n<meta property=\"og:title\" content=\"ICH - Centre didactique en biotechnologie\" \/>\n<meta property=\"og:description\" content=\"L\u2019ICH (International Council for Harmonisation of Technical Requirements for Pharmaceuticals for Human Use) r\u00e9unit les autorit\u00e9s de r\u00e9gulation d\u2019Europe, du Japon, des \u00c9tats-Unis et l\u2019industrie pharmaceutique afin de discuter d\u2019aspects scientifiques et techniques lors de l\u2019homologation des produits pharmaceutiques. L\u2019ICH vise \u00e0 harmoniser les tests utilis\u00e9s au cours de la recherche et du d\u00e9veloppement de [&hellip;]\" \/>\n<meta property=\"og:url\" content=\"https:\/\/dev.interpharma.animalwelfare.bertastrasse1.ch\/fr\/groupes-de-travail\/ich-international-council-for-harmonisation-of-technical-requirements-for-pharmaceuticals-for-human-use\/\" \/>\n<meta property=\"og:site_name\" content=\"Centre didactique en biotechnologie\" \/>\n<meta property=\"article:publisher\" content=\"https:\/\/www.facebook.com\/vorsprungschweiz\/\" \/>\n<meta property=\"article:modified_time\" content=\"2023-11-21T18:32:27+00:00\" \/>\n<meta name=\"twitter:card\" content=\"summary_large_image\" \/>\n<meta name=\"twitter:label1\" content=\"Est. reading time\" \/>\n\t<meta name=\"twitter:data1\" content=\"1 minute\" \/>\n<script type=\"application\/ld+json\" class=\"yoast-schema-graph\">{\"@context\":\"https:\/\/schema.org\",\"@graph\":[{\"@type\":\"WebPage\",\"@id\":\"https:\/\/dev.interpharma.animalwelfare.bertastrasse1.ch\/fr\/groupes-de-travail\/ich-international-council-for-harmonisation-of-technical-requirements-for-pharmaceuticals-for-human-use\/\",\"url\":\"https:\/\/dev.interpharma.animalwelfare.bertastrasse1.ch\/fr\/groupes-de-travail\/ich-international-council-for-harmonisation-of-technical-requirements-for-pharmaceuticals-for-human-use\/\",\"name\":\"ICH - Centre didactique en biotechnologie\",\"isPartOf\":{\"@id\":\"https:\/\/dev.interpharma.animalwelfare.bertastrasse1.ch\/fr\/#website\"},\"datePublished\":\"2023-11-21T16:21:21+00:00\",\"dateModified\":\"2023-11-21T18:32:27+00:00\",\"breadcrumb\":{\"@id\":\"https:\/\/dev.interpharma.animalwelfare.bertastrasse1.ch\/fr\/groupes-de-travail\/ich-international-council-for-harmonisation-of-technical-requirements-for-pharmaceuticals-for-human-use\/#breadcrumb\"},\"inLanguage\":\"fr-FR\",\"potentialAction\":[{\"@type\":\"ReadAction\",\"target\":[\"https:\/\/dev.interpharma.animalwelfare.bertastrasse1.ch\/fr\/groupes-de-travail\/ich-international-council-for-harmonisation-of-technical-requirements-for-pharmaceuticals-for-human-use\/\"]}]},{\"@type\":\"BreadcrumbList\",\"@id\":\"https:\/\/dev.interpharma.animalwelfare.bertastrasse1.ch\/fr\/groupes-de-travail\/ich-international-council-for-harmonisation-of-technical-requirements-for-pharmaceuticals-for-human-use\/#breadcrumb\",\"itemListElement\":[{\"@type\":\"ListItem\",\"position\":1,\"name\":\"Interpharma\",\"item\":\"https:\/\/dev.interpharma.animalwelfare.bertastrasse1.ch\/fr\/\"},{\"@type\":\"ListItem\",\"position\":2,\"name\":\"Groupes de travail\",\"item\":\"https:\/\/dev.interpharma.animalwelfare.bertastrasse1.ch\/fr\/groupes-de-travail\/\"},{\"@type\":\"ListItem\",\"position\":3,\"name\":\"ICH\"}]},{\"@type\":\"WebSite\",\"@id\":\"https:\/\/dev.interpharma.animalwelfare.bertastrasse1.ch\/fr\/#website\",\"url\":\"https:\/\/dev.interpharma.animalwelfare.bertastrasse1.ch\/fr\/\",\"name\":\"Centre didactique en biotechnologie\",\"description\":\"Interpharma Biotech Learning CenterMat\u00e9riel d'information issu de la recherche biologique et m\u00e9dicale moderne\",\"publisher\":{\"@id\":\"https:\/\/dev.interpharma.animalwelfare.bertastrasse1.ch\/fr\/#organization\"},\"potentialAction\":[{\"@type\":\"SearchAction\",\"target\":{\"@type\":\"EntryPoint\",\"urlTemplate\":\"https:\/\/dev.interpharma.animalwelfare.bertastrasse1.ch\/fr\/?s={search_term_string}\"},\"query-input\":\"required name=search_term_string\"}],\"inLanguage\":\"fr-FR\"},{\"@type\":\"Organization\",\"@id\":\"https:\/\/dev.interpharma.animalwelfare.bertastrasse1.ch\/fr\/#organization\",\"name\":\"Interpharma\",\"url\":\"https:\/\/dev.interpharma.animalwelfare.bertastrasse1.ch\/fr\/\",\"logo\":{\"@type\":\"ImageObject\",\"inLanguage\":\"fr-FR\",\"@id\":\"https:\/\/dev.interpharma.animalwelfare.bertastrasse1.ch\/fr\/#\/schema\/logo\/image\/\",\"url\":\"https:\/\/dev.interpharma.animalwelfare.bertastrasse1.ch\/wp-content\/uploads\/2019\/11\/logo_header.png\",\"contentUrl\":\"https:\/\/dev.interpharma.animalwelfare.bertastrasse1.ch\/wp-content\/uploads\/2019\/11\/logo_header.png\",\"width\":370,\"height\":56,\"caption\":\"Interpharma\"},\"image\":{\"@id\":\"https:\/\/dev.interpharma.animalwelfare.bertastrasse1.ch\/fr\/#\/schema\/logo\/image\/\"},\"sameAs\":[\"https:\/\/www.facebook.com\/vorsprungschweiz\/\",\"https:\/\/ch.linkedin.com\/company\/interpharma\",\"https:\/\/de.wikipedia.org\/wiki\/Interpharma\"]}]}<\/script>\n<!-- \/ Yoast SEO plugin. -->","yoast_head_json":{"title":"ICH - Centre didactique en biotechnologie","robots":{"index":"noindex","follow":"follow","max-snippet":"max-snippet:-1","max-image-preview":"max-image-preview:large","max-video-preview":"max-video-preview:-1"},"og_locale":"fr_FR","og_type":"article","og_title":"ICH - Centre didactique en biotechnologie","og_description":"L\u2019ICH (International Council for Harmonisation of Technical Requirements for Pharmaceuticals for Human Use) r\u00e9unit les autorit\u00e9s de r\u00e9gulation d\u2019Europe, du Japon, des \u00c9tats-Unis et l\u2019industrie pharmaceutique afin de discuter d\u2019aspects scientifiques et techniques lors de l\u2019homologation des produits pharmaceutiques. L\u2019ICH vise \u00e0 harmoniser les tests utilis\u00e9s au cours de la recherche et du d\u00e9veloppement de [&hellip;]","og_url":"https:\/\/dev.interpharma.animalwelfare.bertastrasse1.ch\/fr\/groupes-de-travail\/ich-international-council-for-harmonisation-of-technical-requirements-for-pharmaceuticals-for-human-use\/","og_site_name":"Centre didactique en biotechnologie","article_publisher":"https:\/\/www.facebook.com\/vorsprungschweiz\/","article_modified_time":"2023-11-21T18:32:27+00:00","twitter_card":"summary_large_image","twitter_misc":{"Est. reading time":"1 minute"},"schema":{"@context":"https:\/\/schema.org","@graph":[{"@type":"WebPage","@id":"https:\/\/dev.interpharma.animalwelfare.bertastrasse1.ch\/fr\/groupes-de-travail\/ich-international-council-for-harmonisation-of-technical-requirements-for-pharmaceuticals-for-human-use\/","url":"https:\/\/dev.interpharma.animalwelfare.bertastrasse1.ch\/fr\/groupes-de-travail\/ich-international-council-for-harmonisation-of-technical-requirements-for-pharmaceuticals-for-human-use\/","name":"ICH - Centre didactique en biotechnologie","isPartOf":{"@id":"https:\/\/dev.interpharma.animalwelfare.bertastrasse1.ch\/fr\/#website"},"datePublished":"2023-11-21T16:21:21+00:00","dateModified":"2023-11-21T18:32:27+00:00","breadcrumb":{"@id":"https:\/\/dev.interpharma.animalwelfare.bertastrasse1.ch\/fr\/groupes-de-travail\/ich-international-council-for-harmonisation-of-technical-requirements-for-pharmaceuticals-for-human-use\/#breadcrumb"},"inLanguage":"fr-FR","potentialAction":[{"@type":"ReadAction","target":["https:\/\/dev.interpharma.animalwelfare.bertastrasse1.ch\/fr\/groupes-de-travail\/ich-international-council-for-harmonisation-of-technical-requirements-for-pharmaceuticals-for-human-use\/"]}]},{"@type":"BreadcrumbList","@id":"https:\/\/dev.interpharma.animalwelfare.bertastrasse1.ch\/fr\/groupes-de-travail\/ich-international-council-for-harmonisation-of-technical-requirements-for-pharmaceuticals-for-human-use\/#breadcrumb","itemListElement":[{"@type":"ListItem","position":1,"name":"Interpharma","item":"https:\/\/dev.interpharma.animalwelfare.bertastrasse1.ch\/fr\/"},{"@type":"ListItem","position":2,"name":"Groupes de travail","item":"https:\/\/dev.interpharma.animalwelfare.bertastrasse1.ch\/fr\/groupes-de-travail\/"},{"@type":"ListItem","position":3,"name":"ICH"}]},{"@type":"WebSite","@id":"https:\/\/dev.interpharma.animalwelfare.bertastrasse1.ch\/fr\/#website","url":"https:\/\/dev.interpharma.animalwelfare.bertastrasse1.ch\/fr\/","name":"Centre didactique en biotechnologie","description":"Interpharma Biotech Learning CenterMat\u00e9riel d'information issu de la recherche biologique et m\u00e9dicale moderne","publisher":{"@id":"https:\/\/dev.interpharma.animalwelfare.bertastrasse1.ch\/fr\/#organization"},"potentialAction":[{"@type":"SearchAction","target":{"@type":"EntryPoint","urlTemplate":"https:\/\/dev.interpharma.animalwelfare.bertastrasse1.ch\/fr\/?s={search_term_string}"},"query-input":"required name=search_term_string"}],"inLanguage":"fr-FR"},{"@type":"Organization","@id":"https:\/\/dev.interpharma.animalwelfare.bertastrasse1.ch\/fr\/#organization","name":"Interpharma","url":"https:\/\/dev.interpharma.animalwelfare.bertastrasse1.ch\/fr\/","logo":{"@type":"ImageObject","inLanguage":"fr-FR","@id":"https:\/\/dev.interpharma.animalwelfare.bertastrasse1.ch\/fr\/#\/schema\/logo\/image\/","url":"https:\/\/dev.interpharma.animalwelfare.bertastrasse1.ch\/wp-content\/uploads\/2019\/11\/logo_header.png","contentUrl":"https:\/\/dev.interpharma.animalwelfare.bertastrasse1.ch\/wp-content\/uploads\/2019\/11\/logo_header.png","width":370,"height":56,"caption":"Interpharma"},"image":{"@id":"https:\/\/dev.interpharma.animalwelfare.bertastrasse1.ch\/fr\/#\/schema\/logo\/image\/"},"sameAs":["https:\/\/www.facebook.com\/vorsprungschweiz\/","https:\/\/ch.linkedin.com\/company\/interpharma","https:\/\/de.wikipedia.org\/wiki\/Interpharma"]}]}},"_links":{"self":[{"href":"https:\/\/dev.interpharma.animalwelfare.bertastrasse1.ch\/fr\/wp-json\/wp\/v2\/pages\/10227"}],"collection":[{"href":"https:\/\/dev.interpharma.animalwelfare.bertastrasse1.ch\/fr\/wp-json\/wp\/v2\/pages"}],"about":[{"href":"https:\/\/dev.interpharma.animalwelfare.bertastrasse1.ch\/fr\/wp-json\/wp\/v2\/types\/page"}],"author":[{"embeddable":true,"href":"https:\/\/dev.interpharma.animalwelfare.bertastrasse1.ch\/fr\/wp-json\/wp\/v2\/users\/3"}],"replies":[{"embeddable":true,"href":"https:\/\/dev.interpharma.animalwelfare.bertastrasse1.ch\/fr\/wp-json\/wp\/v2\/comments?post=10227"}],"version-history":[{"count":2,"href":"https:\/\/dev.interpharma.animalwelfare.bertastrasse1.ch\/fr\/wp-json\/wp\/v2\/pages\/10227\/revisions"}],"predecessor-version":[{"id":10244,"href":"https:\/\/dev.interpharma.animalwelfare.bertastrasse1.ch\/fr\/wp-json\/wp\/v2\/pages\/10227\/revisions\/10244"}],"up":[{"embeddable":true,"href":"https:\/\/dev.interpharma.animalwelfare.bertastrasse1.ch\/fr\/wp-json\/wp\/v2\/pages\/10165"}],"wp:attachment":[{"href":"https:\/\/dev.interpharma.animalwelfare.bertastrasse1.ch\/fr\/wp-json\/wp\/v2\/media?parent=10227"}],"curies":[{"name":"wp","href":"https:\/\/api.w.org\/{rel}","templated":true}]}}