{"id":10226,"date":"2023-11-21T16:21:21","date_gmt":"2023-11-21T16:21:21","guid":{"rendered":"https:\/\/dev.interpharma.animalwelfare.bertastrasse1.ch\/groupes-de-travail\/efpia-netzwerk-fur-tierschutz\/"},"modified":"2023-11-21T18:31:18","modified_gmt":"2023-11-21T18:31:18","slug":"reseau-de-lefpia-pour-la-protection-des-animaux","status":"publish","type":"page","link":"https:\/\/dev.interpharma.animalwelfare.bertastrasse1.ch\/fr\/groupes-de-travail\/reseau-de-lefpia-pour-la-protection-des-animaux\/","title":{"rendered":"R\u00e9seau de l\u2019EFPIA pour la protection des animaux"},"content":{"rendered":"\n<p>Le r\u00e9seau de l\u2019EFPIA \u00abResearch and Animal Welfare (RAW)\u00bb permet aux entreprises membres d\u2019Interpharma de faire des suggestions pour des normes strictes de protection des animaux \u00e0 l\u2019\u00e9chelon europ\u00e9en. La participation active \u00e0 la mise en \u0153uvre de la directive 2010\/63\/UE relative \u00e0 la protection des animaux utilis\u00e9s \u00e0 des fins scientifiques dans les \u00c9tats membres de l\u2019UE constitue une t\u00e2che primordiale de ce groupe. La Commission europ\u00e9enne a v\u00e9rifi\u00e9 en 2017 la mise en \u0153uvre de cette directive et a d\u00e9clar\u00e9 qu\u2019il s\u2019agit d\u2019une base solide pour les r\u00e8glementations de protection des animaux utilis\u00e9s \u00e0 des fins scientifiques. Le groupe s\u2019investit aussi en faveur d\u2019un \u00e9change franc et d\u2019une bonne collaboration avec d\u2019autres organisations qui s\u2019engagent pour la recherche dans le domaine des 3R. L\u2019EFPIA publie en outre chaque ann\u00e9e un rapport 3R en ligne.<\/p>\n\n\n\n<p>Nom du projet: R\u00e9seau de l\u2019EFPIA pour la protection des animaux<br>Articles de la charte: 1, 2, 8, 9<\/p>\n","protected":false},"excerpt":{"rendered":"<p>Le r\u00e9seau de l\u2019EFPIA \u00abResearch and Animal Welfare (RAW)\u00bb permet aux entreprises membres d\u2019Interpharma de faire des suggestions pour des normes strictes de protection des animaux \u00e0 l\u2019\u00e9chelon europ\u00e9en. La participation active \u00e0 la mise en \u0153uvre de la directive 2010\/63\/UE relative \u00e0 la protection des animaux utilis\u00e9s \u00e0 des fins scientifiques dans les \u00c9tats [&hellip;]<\/p>\n","protected":false},"author":3,"featured_media":0,"parent":10165,"menu_order":3,"comment_status":"closed","ping_status":"closed","template":"page-templates\/themen-under-seite.php","meta":{"footnotes":""},"acf":[],"yoast_head":"<!-- This site is optimized with the Yoast SEO plugin v21.5 - https:\/\/yoast.com\/wordpress\/plugins\/seo\/ -->\n<title>R\u00e9seau de l\u2019EFPIA pour la protection des animaux - Centre didactique en biotechnologie<\/title>\n<meta name=\"robots\" content=\"noindex, follow, max-snippet:-1, max-image-preview:large, max-video-preview:-1\" \/>\n<meta property=\"og:locale\" content=\"fr_FR\" \/>\n<meta property=\"og:type\" content=\"article\" \/>\n<meta property=\"og:title\" content=\"R\u00e9seau de l\u2019EFPIA pour la protection des animaux - Centre didactique en biotechnologie\" \/>\n<meta property=\"og:description\" content=\"Le r\u00e9seau de l\u2019EFPIA \u00abResearch and Animal Welfare (RAW)\u00bb permet aux entreprises membres d\u2019Interpharma de faire des suggestions pour des normes strictes de protection des animaux \u00e0 l\u2019\u00e9chelon europ\u00e9en. La participation active \u00e0 la mise en \u0153uvre de la directive 2010\/63\/UE relative \u00e0 la protection des animaux utilis\u00e9s \u00e0 des fins scientifiques dans les \u00c9tats [&hellip;]\" \/>\n<meta property=\"og:url\" content=\"https:\/\/dev.interpharma.animalwelfare.bertastrasse1.ch\/fr\/groupes-de-travail\/reseau-de-lefpia-pour-la-protection-des-animaux\/\" \/>\n<meta property=\"og:site_name\" content=\"Centre didactique en biotechnologie\" \/>\n<meta property=\"article:publisher\" content=\"https:\/\/www.facebook.com\/vorsprungschweiz\/\" \/>\n<meta property=\"article:modified_time\" content=\"2023-11-21T18:31:18+00:00\" \/>\n<meta name=\"twitter:card\" content=\"summary_large_image\" \/>\n<meta name=\"twitter:label1\" content=\"Est. reading time\" \/>\n\t<meta name=\"twitter:data1\" content=\"1 minute\" \/>\n<script type=\"application\/ld+json\" class=\"yoast-schema-graph\">{\"@context\":\"https:\/\/schema.org\",\"@graph\":[{\"@type\":\"WebPage\",\"@id\":\"https:\/\/dev.interpharma.animalwelfare.bertastrasse1.ch\/fr\/groupes-de-travail\/reseau-de-lefpia-pour-la-protection-des-animaux\/\",\"url\":\"https:\/\/dev.interpharma.animalwelfare.bertastrasse1.ch\/fr\/groupes-de-travail\/reseau-de-lefpia-pour-la-protection-des-animaux\/\",\"name\":\"R\u00e9seau de l\u2019EFPIA pour la protection des animaux - Centre didactique en biotechnologie\",\"isPartOf\":{\"@id\":\"https:\/\/dev.interpharma.animalwelfare.bertastrasse1.ch\/fr\/#website\"},\"datePublished\":\"2023-11-21T16:21:21+00:00\",\"dateModified\":\"2023-11-21T18:31:18+00:00\",\"breadcrumb\":{\"@id\":\"https:\/\/dev.interpharma.animalwelfare.bertastrasse1.ch\/fr\/groupes-de-travail\/reseau-de-lefpia-pour-la-protection-des-animaux\/#breadcrumb\"},\"inLanguage\":\"fr-FR\",\"potentialAction\":[{\"@type\":\"ReadAction\",\"target\":[\"https:\/\/dev.interpharma.animalwelfare.bertastrasse1.ch\/fr\/groupes-de-travail\/reseau-de-lefpia-pour-la-protection-des-animaux\/\"]}]},{\"@type\":\"BreadcrumbList\",\"@id\":\"https:\/\/dev.interpharma.animalwelfare.bertastrasse1.ch\/fr\/groupes-de-travail\/reseau-de-lefpia-pour-la-protection-des-animaux\/#breadcrumb\",\"itemListElement\":[{\"@type\":\"ListItem\",\"position\":1,\"name\":\"Interpharma\",\"item\":\"https:\/\/dev.interpharma.animalwelfare.bertastrasse1.ch\/fr\/\"},{\"@type\":\"ListItem\",\"position\":2,\"name\":\"Groupes de travail\",\"item\":\"https:\/\/dev.interpharma.animalwelfare.bertastrasse1.ch\/fr\/groupes-de-travail\/\"},{\"@type\":\"ListItem\",\"position\":3,\"name\":\"R\u00e9seau de l\u2019EFPIA pour la protection des animaux\"}]},{\"@type\":\"WebSite\",\"@id\":\"https:\/\/dev.interpharma.animalwelfare.bertastrasse1.ch\/fr\/#website\",\"url\":\"https:\/\/dev.interpharma.animalwelfare.bertastrasse1.ch\/fr\/\",\"name\":\"Centre didactique en biotechnologie\",\"description\":\"Interpharma Biotech Learning CenterMat\u00e9riel d'information issu de la recherche biologique et m\u00e9dicale moderne\",\"publisher\":{\"@id\":\"https:\/\/dev.interpharma.animalwelfare.bertastrasse1.ch\/fr\/#organization\"},\"potentialAction\":[{\"@type\":\"SearchAction\",\"target\":{\"@type\":\"EntryPoint\",\"urlTemplate\":\"https:\/\/dev.interpharma.animalwelfare.bertastrasse1.ch\/fr\/?s={search_term_string}\"},\"query-input\":\"required name=search_term_string\"}],\"inLanguage\":\"fr-FR\"},{\"@type\":\"Organization\",\"@id\":\"https:\/\/dev.interpharma.animalwelfare.bertastrasse1.ch\/fr\/#organization\",\"name\":\"Interpharma\",\"url\":\"https:\/\/dev.interpharma.animalwelfare.bertastrasse1.ch\/fr\/\",\"logo\":{\"@type\":\"ImageObject\",\"inLanguage\":\"fr-FR\",\"@id\":\"https:\/\/dev.interpharma.animalwelfare.bertastrasse1.ch\/fr\/#\/schema\/logo\/image\/\",\"url\":\"https:\/\/dev.interpharma.animalwelfare.bertastrasse1.ch\/wp-content\/uploads\/2019\/11\/logo_header.png\",\"contentUrl\":\"https:\/\/dev.interpharma.animalwelfare.bertastrasse1.ch\/wp-content\/uploads\/2019\/11\/logo_header.png\",\"width\":370,\"height\":56,\"caption\":\"Interpharma\"},\"image\":{\"@id\":\"https:\/\/dev.interpharma.animalwelfare.bertastrasse1.ch\/fr\/#\/schema\/logo\/image\/\"},\"sameAs\":[\"https:\/\/www.facebook.com\/vorsprungschweiz\/\",\"https:\/\/ch.linkedin.com\/company\/interpharma\",\"https:\/\/de.wikipedia.org\/wiki\/Interpharma\"]}]}<\/script>\n<!-- \/ Yoast SEO plugin. -->","yoast_head_json":{"title":"R\u00e9seau de l\u2019EFPIA pour la protection des animaux - Centre didactique en biotechnologie","robots":{"index":"noindex","follow":"follow","max-snippet":"max-snippet:-1","max-image-preview":"max-image-preview:large","max-video-preview":"max-video-preview:-1"},"og_locale":"fr_FR","og_type":"article","og_title":"R\u00e9seau de l\u2019EFPIA pour la protection des animaux - Centre didactique en biotechnologie","og_description":"Le r\u00e9seau de l\u2019EFPIA \u00abResearch and Animal Welfare (RAW)\u00bb permet aux entreprises membres d\u2019Interpharma de faire des suggestions pour des normes strictes de protection des animaux \u00e0 l\u2019\u00e9chelon europ\u00e9en. La participation active \u00e0 la mise en \u0153uvre de la directive 2010\/63\/UE relative \u00e0 la protection des animaux utilis\u00e9s \u00e0 des fins scientifiques dans les \u00c9tats [&hellip;]","og_url":"https:\/\/dev.interpharma.animalwelfare.bertastrasse1.ch\/fr\/groupes-de-travail\/reseau-de-lefpia-pour-la-protection-des-animaux\/","og_site_name":"Centre didactique en biotechnologie","article_publisher":"https:\/\/www.facebook.com\/vorsprungschweiz\/","article_modified_time":"2023-11-21T18:31:18+00:00","twitter_card":"summary_large_image","twitter_misc":{"Est. reading time":"1 minute"},"schema":{"@context":"https:\/\/schema.org","@graph":[{"@type":"WebPage","@id":"https:\/\/dev.interpharma.animalwelfare.bertastrasse1.ch\/fr\/groupes-de-travail\/reseau-de-lefpia-pour-la-protection-des-animaux\/","url":"https:\/\/dev.interpharma.animalwelfare.bertastrasse1.ch\/fr\/groupes-de-travail\/reseau-de-lefpia-pour-la-protection-des-animaux\/","name":"R\u00e9seau de l\u2019EFPIA pour la protection des animaux - Centre didactique en biotechnologie","isPartOf":{"@id":"https:\/\/dev.interpharma.animalwelfare.bertastrasse1.ch\/fr\/#website"},"datePublished":"2023-11-21T16:21:21+00:00","dateModified":"2023-11-21T18:31:18+00:00","breadcrumb":{"@id":"https:\/\/dev.interpharma.animalwelfare.bertastrasse1.ch\/fr\/groupes-de-travail\/reseau-de-lefpia-pour-la-protection-des-animaux\/#breadcrumb"},"inLanguage":"fr-FR","potentialAction":[{"@type":"ReadAction","target":["https:\/\/dev.interpharma.animalwelfare.bertastrasse1.ch\/fr\/groupes-de-travail\/reseau-de-lefpia-pour-la-protection-des-animaux\/"]}]},{"@type":"BreadcrumbList","@id":"https:\/\/dev.interpharma.animalwelfare.bertastrasse1.ch\/fr\/groupes-de-travail\/reseau-de-lefpia-pour-la-protection-des-animaux\/#breadcrumb","itemListElement":[{"@type":"ListItem","position":1,"name":"Interpharma","item":"https:\/\/dev.interpharma.animalwelfare.bertastrasse1.ch\/fr\/"},{"@type":"ListItem","position":2,"name":"Groupes de travail","item":"https:\/\/dev.interpharma.animalwelfare.bertastrasse1.ch\/fr\/groupes-de-travail\/"},{"@type":"ListItem","position":3,"name":"R\u00e9seau de l\u2019EFPIA pour la protection des animaux"}]},{"@type":"WebSite","@id":"https:\/\/dev.interpharma.animalwelfare.bertastrasse1.ch\/fr\/#website","url":"https:\/\/dev.interpharma.animalwelfare.bertastrasse1.ch\/fr\/","name":"Centre didactique en biotechnologie","description":"Interpharma Biotech Learning CenterMat\u00e9riel d'information issu de la recherche biologique et m\u00e9dicale moderne","publisher":{"@id":"https:\/\/dev.interpharma.animalwelfare.bertastrasse1.ch\/fr\/#organization"},"potentialAction":[{"@type":"SearchAction","target":{"@type":"EntryPoint","urlTemplate":"https:\/\/dev.interpharma.animalwelfare.bertastrasse1.ch\/fr\/?s={search_term_string}"},"query-input":"required name=search_term_string"}],"inLanguage":"fr-FR"},{"@type":"Organization","@id":"https:\/\/dev.interpharma.animalwelfare.bertastrasse1.ch\/fr\/#organization","name":"Interpharma","url":"https:\/\/dev.interpharma.animalwelfare.bertastrasse1.ch\/fr\/","logo":{"@type":"ImageObject","inLanguage":"fr-FR","@id":"https:\/\/dev.interpharma.animalwelfare.bertastrasse1.ch\/fr\/#\/schema\/logo\/image\/","url":"https:\/\/dev.interpharma.animalwelfare.bertastrasse1.ch\/wp-content\/uploads\/2019\/11\/logo_header.png","contentUrl":"https:\/\/dev.interpharma.animalwelfare.bertastrasse1.ch\/wp-content\/uploads\/2019\/11\/logo_header.png","width":370,"height":56,"caption":"Interpharma"},"image":{"@id":"https:\/\/dev.interpharma.animalwelfare.bertastrasse1.ch\/fr\/#\/schema\/logo\/image\/"},"sameAs":["https:\/\/www.facebook.com\/vorsprungschweiz\/","https:\/\/ch.linkedin.com\/company\/interpharma","https:\/\/de.wikipedia.org\/wiki\/Interpharma"]}]}},"_links":{"self":[{"href":"https:\/\/dev.interpharma.animalwelfare.bertastrasse1.ch\/fr\/wp-json\/wp\/v2\/pages\/10226"}],"collection":[{"href":"https:\/\/dev.interpharma.animalwelfare.bertastrasse1.ch\/fr\/wp-json\/wp\/v2\/pages"}],"about":[{"href":"https:\/\/dev.interpharma.animalwelfare.bertastrasse1.ch\/fr\/wp-json\/wp\/v2\/types\/page"}],"author":[{"embeddable":true,"href":"https:\/\/dev.interpharma.animalwelfare.bertastrasse1.ch\/fr\/wp-json\/wp\/v2\/users\/3"}],"replies":[{"embeddable":true,"href":"https:\/\/dev.interpharma.animalwelfare.bertastrasse1.ch\/fr\/wp-json\/wp\/v2\/comments?post=10226"}],"version-history":[{"count":1,"href":"https:\/\/dev.interpharma.animalwelfare.bertastrasse1.ch\/fr\/wp-json\/wp\/v2\/pages\/10226\/revisions"}],"predecessor-version":[{"id":10238,"href":"https:\/\/dev.interpharma.animalwelfare.bertastrasse1.ch\/fr\/wp-json\/wp\/v2\/pages\/10226\/revisions\/10238"}],"up":[{"embeddable":true,"href":"https:\/\/dev.interpharma.animalwelfare.bertastrasse1.ch\/fr\/wp-json\/wp\/v2\/pages\/10165"}],"wp:attachment":[{"href":"https:\/\/dev.interpharma.animalwelfare.bertastrasse1.ch\/fr\/wp-json\/wp\/v2\/media?parent=10226"}],"curies":[{"name":"wp","href":"https:\/\/api.w.org\/{rel}","templated":true}]}}