{"id":10223,"date":"2023-11-21T16:21:20","date_gmt":"2023-11-21T16:21:20","guid":{"rendered":"https:\/\/dev.interpharma.animalwelfare.bertastrasse1.ch\/groupes-de-travail\/iq-consortium-international-consortium-for-innovation-and-quality\/"},"modified":"2023-11-21T18:29:57","modified_gmt":"2023-11-21T18:29:57","slug":"iq-consortium-international-consortium-for-innovation-and-quality","status":"publish","type":"page","link":"https:\/\/dev.interpharma.animalwelfare.bertastrasse1.ch\/fr\/groupes-de-travail\/iq-consortium-international-consortium-for-innovation-and-quality\/","title":{"rendered":"IQ Consortium"},"content":{"rendered":"\n<p>Des entreprises membres d\u2019Interpharma s\u2019engagent au sein de l\u2019IQ Consortium (International Consortium for Innovation and Quality) et contribuent au groupe dirigeant du consortium \u00ab3Rs Leadership Group\u00bb. Ce groupe a \u00e9t\u00e9 fond\u00e9 pour promouvoir le partage et l\u2019int\u00e9gration de pratiques scientifiques de haute qualit\u00e9 afin de faire progresser les principes des 3R dans l\u2019exp\u00e9rimentation animale utilis\u00e9e pour la recherche et le d\u00e9veloppement de nouveaux m\u00e9dicaments, vaccins, dispositifs m\u00e9dicaux et produits de sant\u00e9 pour les humains et les animaux. Le sous-groupe European Liaison Working Group, avec lequel Interpharma entretient des contacts officiels, favorise l\u2019\u00e9change de savoir-faire 3R et l\u2019int\u00e9r\u00eat mutuel que des buts similaires soient poursuivis aux \u00c9tats-Unis et en Europe. Un programme mondial de prix 3R ainsi que des formations 3R sont propos\u00e9s.<\/p>\n\n\n\n<p>Nom du projet: IQ Consortium<br>Articles de la charte: 1, 3, 9<\/p>\n","protected":false},"excerpt":{"rendered":"<p>Des entreprises membres d\u2019Interpharma s\u2019engagent au sein de l\u2019IQ Consortium (International Consortium for Innovation and Quality) et contribuent au groupe dirigeant du consortium \u00ab3Rs Leadership Group\u00bb. Ce groupe a \u00e9t\u00e9 fond\u00e9 pour promouvoir le partage et l\u2019int\u00e9gration de pratiques scientifiques de haute qualit\u00e9 afin de faire progresser les principes des 3R dans l\u2019exp\u00e9rimentation animale utilis\u00e9e [&hellip;]<\/p>\n","protected":false},"author":3,"featured_media":0,"parent":10165,"menu_order":1,"comment_status":"closed","ping_status":"closed","template":"page-templates\/themen-under-seite.php","meta":{"footnotes":""},"acf":[],"yoast_head":"<!-- This site is optimized with the Yoast SEO plugin v21.5 - https:\/\/yoast.com\/wordpress\/plugins\/seo\/ -->\n<title>IQ Consortium - Centre didactique en biotechnologie<\/title>\n<meta name=\"robots\" content=\"noindex, follow, max-snippet:-1, max-image-preview:large, max-video-preview:-1\" \/>\n<meta property=\"og:locale\" content=\"fr_FR\" \/>\n<meta property=\"og:type\" content=\"article\" \/>\n<meta property=\"og:title\" content=\"IQ Consortium - Centre didactique en biotechnologie\" \/>\n<meta property=\"og:description\" content=\"Des entreprises membres d\u2019Interpharma s\u2019engagent au sein de l\u2019IQ Consortium (International Consortium for Innovation and Quality) et contribuent au groupe dirigeant du consortium \u00ab3Rs Leadership Group\u00bb. Ce groupe a \u00e9t\u00e9 fond\u00e9 pour promouvoir le partage et l\u2019int\u00e9gration de pratiques scientifiques de haute qualit\u00e9 afin de faire progresser les principes des 3R dans l\u2019exp\u00e9rimentation animale utilis\u00e9e [&hellip;]\" \/>\n<meta property=\"og:url\" content=\"https:\/\/dev.interpharma.animalwelfare.bertastrasse1.ch\/fr\/groupes-de-travail\/iq-consortium-international-consortium-for-innovation-and-quality\/\" \/>\n<meta property=\"og:site_name\" content=\"Centre didactique en biotechnologie\" \/>\n<meta property=\"article:publisher\" content=\"https:\/\/www.facebook.com\/vorsprungschweiz\/\" \/>\n<meta property=\"article:modified_time\" content=\"2023-11-21T18:29:57+00:00\" \/>\n<meta name=\"twitter:card\" content=\"summary_large_image\" \/>\n<meta name=\"twitter:label1\" content=\"Est. reading time\" \/>\n\t<meta name=\"twitter:data1\" content=\"1 minute\" \/>\n<script type=\"application\/ld+json\" class=\"yoast-schema-graph\">{\"@context\":\"https:\/\/schema.org\",\"@graph\":[{\"@type\":\"WebPage\",\"@id\":\"https:\/\/dev.interpharma.animalwelfare.bertastrasse1.ch\/fr\/groupes-de-travail\/iq-consortium-international-consortium-for-innovation-and-quality\/\",\"url\":\"https:\/\/dev.interpharma.animalwelfare.bertastrasse1.ch\/fr\/groupes-de-travail\/iq-consortium-international-consortium-for-innovation-and-quality\/\",\"name\":\"IQ Consortium - Centre didactique en biotechnologie\",\"isPartOf\":{\"@id\":\"https:\/\/dev.interpharma.animalwelfare.bertastrasse1.ch\/fr\/#website\"},\"datePublished\":\"2023-11-21T16:21:20+00:00\",\"dateModified\":\"2023-11-21T18:29:57+00:00\",\"breadcrumb\":{\"@id\":\"https:\/\/dev.interpharma.animalwelfare.bertastrasse1.ch\/fr\/groupes-de-travail\/iq-consortium-international-consortium-for-innovation-and-quality\/#breadcrumb\"},\"inLanguage\":\"fr-FR\",\"potentialAction\":[{\"@type\":\"ReadAction\",\"target\":[\"https:\/\/dev.interpharma.animalwelfare.bertastrasse1.ch\/fr\/groupes-de-travail\/iq-consortium-international-consortium-for-innovation-and-quality\/\"]}]},{\"@type\":\"BreadcrumbList\",\"@id\":\"https:\/\/dev.interpharma.animalwelfare.bertastrasse1.ch\/fr\/groupes-de-travail\/iq-consortium-international-consortium-for-innovation-and-quality\/#breadcrumb\",\"itemListElement\":[{\"@type\":\"ListItem\",\"position\":1,\"name\":\"Interpharma\",\"item\":\"https:\/\/dev.interpharma.animalwelfare.bertastrasse1.ch\/fr\/\"},{\"@type\":\"ListItem\",\"position\":2,\"name\":\"Groupes de travail\",\"item\":\"https:\/\/dev.interpharma.animalwelfare.bertastrasse1.ch\/fr\/groupes-de-travail\/\"},{\"@type\":\"ListItem\",\"position\":3,\"name\":\"IQ Consortium\"}]},{\"@type\":\"WebSite\",\"@id\":\"https:\/\/dev.interpharma.animalwelfare.bertastrasse1.ch\/fr\/#website\",\"url\":\"https:\/\/dev.interpharma.animalwelfare.bertastrasse1.ch\/fr\/\",\"name\":\"Centre didactique en biotechnologie\",\"description\":\"Interpharma Biotech Learning CenterMat\u00e9riel d'information issu de la recherche biologique et m\u00e9dicale moderne\",\"publisher\":{\"@id\":\"https:\/\/dev.interpharma.animalwelfare.bertastrasse1.ch\/fr\/#organization\"},\"potentialAction\":[{\"@type\":\"SearchAction\",\"target\":{\"@type\":\"EntryPoint\",\"urlTemplate\":\"https:\/\/dev.interpharma.animalwelfare.bertastrasse1.ch\/fr\/?s={search_term_string}\"},\"query-input\":\"required name=search_term_string\"}],\"inLanguage\":\"fr-FR\"},{\"@type\":\"Organization\",\"@id\":\"https:\/\/dev.interpharma.animalwelfare.bertastrasse1.ch\/fr\/#organization\",\"name\":\"Interpharma\",\"url\":\"https:\/\/dev.interpharma.animalwelfare.bertastrasse1.ch\/fr\/\",\"logo\":{\"@type\":\"ImageObject\",\"inLanguage\":\"fr-FR\",\"@id\":\"https:\/\/dev.interpharma.animalwelfare.bertastrasse1.ch\/fr\/#\/schema\/logo\/image\/\",\"url\":\"https:\/\/dev.interpharma.animalwelfare.bertastrasse1.ch\/wp-content\/uploads\/2019\/11\/logo_header.png\",\"contentUrl\":\"https:\/\/dev.interpharma.animalwelfare.bertastrasse1.ch\/wp-content\/uploads\/2019\/11\/logo_header.png\",\"width\":370,\"height\":56,\"caption\":\"Interpharma\"},\"image\":{\"@id\":\"https:\/\/dev.interpharma.animalwelfare.bertastrasse1.ch\/fr\/#\/schema\/logo\/image\/\"},\"sameAs\":[\"https:\/\/www.facebook.com\/vorsprungschweiz\/\",\"https:\/\/ch.linkedin.com\/company\/interpharma\",\"https:\/\/de.wikipedia.org\/wiki\/Interpharma\"]}]}<\/script>\n<!-- \/ Yoast SEO plugin. -->","yoast_head_json":{"title":"IQ Consortium - Centre didactique en biotechnologie","robots":{"index":"noindex","follow":"follow","max-snippet":"max-snippet:-1","max-image-preview":"max-image-preview:large","max-video-preview":"max-video-preview:-1"},"og_locale":"fr_FR","og_type":"article","og_title":"IQ Consortium - Centre didactique en biotechnologie","og_description":"Des entreprises membres d\u2019Interpharma s\u2019engagent au sein de l\u2019IQ Consortium (International Consortium for Innovation and Quality) et contribuent au groupe dirigeant du consortium \u00ab3Rs Leadership Group\u00bb. Ce groupe a \u00e9t\u00e9 fond\u00e9 pour promouvoir le partage et l\u2019int\u00e9gration de pratiques scientifiques de haute qualit\u00e9 afin de faire progresser les principes des 3R dans l\u2019exp\u00e9rimentation animale utilis\u00e9e [&hellip;]","og_url":"https:\/\/dev.interpharma.animalwelfare.bertastrasse1.ch\/fr\/groupes-de-travail\/iq-consortium-international-consortium-for-innovation-and-quality\/","og_site_name":"Centre didactique en biotechnologie","article_publisher":"https:\/\/www.facebook.com\/vorsprungschweiz\/","article_modified_time":"2023-11-21T18:29:57+00:00","twitter_card":"summary_large_image","twitter_misc":{"Est. reading time":"1 minute"},"schema":{"@context":"https:\/\/schema.org","@graph":[{"@type":"WebPage","@id":"https:\/\/dev.interpharma.animalwelfare.bertastrasse1.ch\/fr\/groupes-de-travail\/iq-consortium-international-consortium-for-innovation-and-quality\/","url":"https:\/\/dev.interpharma.animalwelfare.bertastrasse1.ch\/fr\/groupes-de-travail\/iq-consortium-international-consortium-for-innovation-and-quality\/","name":"IQ Consortium - Centre didactique en biotechnologie","isPartOf":{"@id":"https:\/\/dev.interpharma.animalwelfare.bertastrasse1.ch\/fr\/#website"},"datePublished":"2023-11-21T16:21:20+00:00","dateModified":"2023-11-21T18:29:57+00:00","breadcrumb":{"@id":"https:\/\/dev.interpharma.animalwelfare.bertastrasse1.ch\/fr\/groupes-de-travail\/iq-consortium-international-consortium-for-innovation-and-quality\/#breadcrumb"},"inLanguage":"fr-FR","potentialAction":[{"@type":"ReadAction","target":["https:\/\/dev.interpharma.animalwelfare.bertastrasse1.ch\/fr\/groupes-de-travail\/iq-consortium-international-consortium-for-innovation-and-quality\/"]}]},{"@type":"BreadcrumbList","@id":"https:\/\/dev.interpharma.animalwelfare.bertastrasse1.ch\/fr\/groupes-de-travail\/iq-consortium-international-consortium-for-innovation-and-quality\/#breadcrumb","itemListElement":[{"@type":"ListItem","position":1,"name":"Interpharma","item":"https:\/\/dev.interpharma.animalwelfare.bertastrasse1.ch\/fr\/"},{"@type":"ListItem","position":2,"name":"Groupes de travail","item":"https:\/\/dev.interpharma.animalwelfare.bertastrasse1.ch\/fr\/groupes-de-travail\/"},{"@type":"ListItem","position":3,"name":"IQ Consortium"}]},{"@type":"WebSite","@id":"https:\/\/dev.interpharma.animalwelfare.bertastrasse1.ch\/fr\/#website","url":"https:\/\/dev.interpharma.animalwelfare.bertastrasse1.ch\/fr\/","name":"Centre didactique en biotechnologie","description":"Interpharma Biotech Learning CenterMat\u00e9riel d'information issu de la recherche biologique et m\u00e9dicale moderne","publisher":{"@id":"https:\/\/dev.interpharma.animalwelfare.bertastrasse1.ch\/fr\/#organization"},"potentialAction":[{"@type":"SearchAction","target":{"@type":"EntryPoint","urlTemplate":"https:\/\/dev.interpharma.animalwelfare.bertastrasse1.ch\/fr\/?s={search_term_string}"},"query-input":"required name=search_term_string"}],"inLanguage":"fr-FR"},{"@type":"Organization","@id":"https:\/\/dev.interpharma.animalwelfare.bertastrasse1.ch\/fr\/#organization","name":"Interpharma","url":"https:\/\/dev.interpharma.animalwelfare.bertastrasse1.ch\/fr\/","logo":{"@type":"ImageObject","inLanguage":"fr-FR","@id":"https:\/\/dev.interpharma.animalwelfare.bertastrasse1.ch\/fr\/#\/schema\/logo\/image\/","url":"https:\/\/dev.interpharma.animalwelfare.bertastrasse1.ch\/wp-content\/uploads\/2019\/11\/logo_header.png","contentUrl":"https:\/\/dev.interpharma.animalwelfare.bertastrasse1.ch\/wp-content\/uploads\/2019\/11\/logo_header.png","width":370,"height":56,"caption":"Interpharma"},"image":{"@id":"https:\/\/dev.interpharma.animalwelfare.bertastrasse1.ch\/fr\/#\/schema\/logo\/image\/"},"sameAs":["https:\/\/www.facebook.com\/vorsprungschweiz\/","https:\/\/ch.linkedin.com\/company\/interpharma","https:\/\/de.wikipedia.org\/wiki\/Interpharma"]}]}},"_links":{"self":[{"href":"https:\/\/dev.interpharma.animalwelfare.bertastrasse1.ch\/fr\/wp-json\/wp\/v2\/pages\/10223"}],"collection":[{"href":"https:\/\/dev.interpharma.animalwelfare.bertastrasse1.ch\/fr\/wp-json\/wp\/v2\/pages"}],"about":[{"href":"https:\/\/dev.interpharma.animalwelfare.bertastrasse1.ch\/fr\/wp-json\/wp\/v2\/types\/page"}],"author":[{"embeddable":true,"href":"https:\/\/dev.interpharma.animalwelfare.bertastrasse1.ch\/fr\/wp-json\/wp\/v2\/users\/3"}],"replies":[{"embeddable":true,"href":"https:\/\/dev.interpharma.animalwelfare.bertastrasse1.ch\/fr\/wp-json\/wp\/v2\/comments?post=10223"}],"version-history":[{"count":2,"href":"https:\/\/dev.interpharma.animalwelfare.bertastrasse1.ch\/fr\/wp-json\/wp\/v2\/pages\/10223\/revisions"}],"predecessor-version":[{"id":10234,"href":"https:\/\/dev.interpharma.animalwelfare.bertastrasse1.ch\/fr\/wp-json\/wp\/v2\/pages\/10223\/revisions\/10234"}],"up":[{"embeddable":true,"href":"https:\/\/dev.interpharma.animalwelfare.bertastrasse1.ch\/fr\/wp-json\/wp\/v2\/pages\/10165"}],"wp:attachment":[{"href":"https:\/\/dev.interpharma.animalwelfare.bertastrasse1.ch\/fr\/wp-json\/wp\/v2\/media?parent=10223"}],"curies":[{"name":"wp","href":"https:\/\/api.w.org\/{rel}","templated":true}]}}