{"id":10139,"date":"2023-11-21T16:39:56","date_gmt":"2023-11-21T16:39:56","guid":{"rendered":"https:\/\/dev.interpharma.animalwelfare.bertastrasse1.ch\/projets\/global-animal-technician-recognition-day\/"},"modified":"2023-11-21T17:51:45","modified_gmt":"2023-11-21T17:51:45","slug":"global-animal-technician-recognition-day","status":"publish","type":"page","link":"https:\/\/dev.interpharma.animalwelfare.bertastrasse1.ch\/fr\/projets\/global-animal-technician-recognition-day\/","title":{"rendered":"Le Global Animal Technician Recognition Day distingue les h\u00e9ro\u00efnes et h\u00e9ros des soins aux animaux"},"content":{"rendered":"\n<p>Une entreprise membre a f\u00eat\u00e9 pour la premi\u00e8re fois le Global Animal Technician Recognition Day, une journ\u00e9e d\u00e9di\u00e9e \u00e0 la reconnaissance et l\u2019appr\u00e9ciation du dur travail et de la responsabilit\u00e9 des techniciennes et techniciens animaliers qui s\u2019occupent des animaux de laboratoire.<br>Les technicien-ne-s animaliers sont les h\u00e9ro\u00efnes et h\u00e9ros des soins aux animaux. Ils travaillent en coulisse sans rel\u00e2che \u00e0 bien s\u2019occuper des animaux et \u00e0 assurer leur sant\u00e9 et leur bien-\u00eatre. Ils fournissent la nourriture, l\u2019eau, l\u2019h\u00e9bergement et les soins m\u00e9dicaux aux animaux qui sont sous leur responsabilit\u00e9. Il leur incombe \u00e9galement de veiller \u00e0 ce que les animaux soient trait\u00e9s avec respect et dignit\u00e9.<br>Les technicien-ne-s animaliers jouent un r\u00f4le crucial pour le progr\u00e8s des connaissances scientifiques et du bien-\u00eatre animal. Ils r\u00e9alisent la recherche et les tests sur les animaux qui aident \u00e0 d\u00e9velopper de nouveaux traitements pour soigner et gu\u00e9rir des maladies humaines et animales.<br>De mani\u00e8re \u00e0 souligner l\u2019appr\u00e9ciation de leur travail, tous les vivariums du monde entier ont \u00e9t\u00e9 r\u00e9unis pour f\u00eater le Global Animal Technician Recognition Day. En r\u00e9compense de leurs efforts, chaque technicien-ne a re\u00e7u un cadeau. Tout cela s\u2019est d\u00e9roul\u00e9 localement sur chaque site dans le cadre d\u2019une conf\u00e9rence mondiale en ligne permettant \u00e0 toutes et tous d\u2019interagir.<br>En conclusion, le Global Animal Technician Recognition Day est une journ\u00e9e importante pour reconna\u00eetre et appr\u00e9cier le dur travail et le d\u00e9vouement des technicien-ne-s animaliers et se r\u00e9p\u00e9tera \u00e0 l\u2019avenir chaque ann\u00e9e.<\/p>\n\n\n\n<p>Nom du projet: Global Animal Technician Recognition Day<br>Article de la charte: 3<\/p>\n","protected":false},"excerpt":{"rendered":"<p>Une entreprise membre a f\u00eat\u00e9 pour la premi\u00e8re fois le Global Animal Technician Recognition Day, une journ\u00e9e d\u00e9di\u00e9e \u00e0 la reconnaissance et l\u2019appr\u00e9ciation du dur travail et de la responsabilit\u00e9 des techniciennes et techniciens animaliers qui s\u2019occupent des animaux de laboratoire.Les technicien-ne-s animaliers sont les h\u00e9ro\u00efnes et h\u00e9ros des soins aux animaux. Ils travaillent en [&hellip;]<\/p>\n","protected":false},"author":3,"featured_media":0,"parent":10042,"menu_order":9,"comment_status":"closed","ping_status":"closed","template":"page-templates\/themen-under-seite.php","meta":{"footnotes":""},"acf":[],"yoast_head":"<!-- This site is optimized with the Yoast SEO plugin v21.5 - https:\/\/yoast.com\/wordpress\/plugins\/seo\/ -->\n<title>Le Global Animal Technician Recognition Day distingue les h\u00e9ro\u00efnes et h\u00e9ros des soins aux animaux - Centre didactique en biotechnologie<\/title>\n<meta name=\"robots\" content=\"noindex, follow, max-snippet:-1, max-image-preview:large, max-video-preview:-1\" \/>\n<meta property=\"og:locale\" content=\"fr_FR\" \/>\n<meta property=\"og:type\" content=\"article\" \/>\n<meta property=\"og:title\" content=\"Le Global Animal Technician Recognition Day distingue les h\u00e9ro\u00efnes et h\u00e9ros des soins aux animaux - Centre didactique en biotechnologie\" \/>\n<meta property=\"og:description\" content=\"Une entreprise membre a f\u00eat\u00e9 pour la premi\u00e8re fois le Global Animal Technician Recognition Day, une journ\u00e9e d\u00e9di\u00e9e \u00e0 la reconnaissance et l\u2019appr\u00e9ciation du dur travail et de la responsabilit\u00e9 des techniciennes et techniciens animaliers qui s\u2019occupent des animaux de laboratoire.Les technicien-ne-s animaliers sont les h\u00e9ro\u00efnes et h\u00e9ros des soins aux animaux. Ils travaillent en [&hellip;]\" \/>\n<meta property=\"og:url\" content=\"https:\/\/dev.interpharma.animalwelfare.bertastrasse1.ch\/fr\/projets\/global-animal-technician-recognition-day\/\" \/>\n<meta property=\"og:site_name\" content=\"Centre didactique en biotechnologie\" \/>\n<meta property=\"article:publisher\" content=\"https:\/\/www.facebook.com\/vorsprungschweiz\/\" \/>\n<meta property=\"article:modified_time\" content=\"2023-11-21T17:51:45+00:00\" \/>\n<meta name=\"twitter:card\" content=\"summary_large_image\" \/>\n<meta name=\"twitter:label1\" content=\"Est. reading time\" \/>\n\t<meta name=\"twitter:data1\" content=\"2 minutes\" \/>\n<script type=\"application\/ld+json\" class=\"yoast-schema-graph\">{\"@context\":\"https:\/\/schema.org\",\"@graph\":[{\"@type\":\"WebPage\",\"@id\":\"https:\/\/dev.interpharma.animalwelfare.bertastrasse1.ch\/fr\/projets\/global-animal-technician-recognition-day\/\",\"url\":\"https:\/\/dev.interpharma.animalwelfare.bertastrasse1.ch\/fr\/projets\/global-animal-technician-recognition-day\/\",\"name\":\"Le Global Animal Technician Recognition Day distingue les h\u00e9ro\u00efnes et h\u00e9ros des soins aux animaux - Centre didactique en biotechnologie\",\"isPartOf\":{\"@id\":\"https:\/\/dev.interpharma.animalwelfare.bertastrasse1.ch\/fr\/#website\"},\"datePublished\":\"2023-11-21T16:39:56+00:00\",\"dateModified\":\"2023-11-21T17:51:45+00:00\",\"breadcrumb\":{\"@id\":\"https:\/\/dev.interpharma.animalwelfare.bertastrasse1.ch\/fr\/projets\/global-animal-technician-recognition-day\/#breadcrumb\"},\"inLanguage\":\"fr-FR\",\"potentialAction\":[{\"@type\":\"ReadAction\",\"target\":[\"https:\/\/dev.interpharma.animalwelfare.bertastrasse1.ch\/fr\/projets\/global-animal-technician-recognition-day\/\"]}]},{\"@type\":\"BreadcrumbList\",\"@id\":\"https:\/\/dev.interpharma.animalwelfare.bertastrasse1.ch\/fr\/projets\/global-animal-technician-recognition-day\/#breadcrumb\",\"itemListElement\":[{\"@type\":\"ListItem\",\"position\":1,\"name\":\"Interpharma\",\"item\":\"https:\/\/dev.interpharma.animalwelfare.bertastrasse1.ch\/fr\/\"},{\"@type\":\"ListItem\",\"position\":2,\"name\":\"Projets\",\"item\":\"https:\/\/dev.interpharma.animalwelfare.bertastrasse1.ch\/fr\/projets\/\"},{\"@type\":\"ListItem\",\"position\":3,\"name\":\"Le Global Animal Technician Recognition Day distingue les h\u00e9ro\u00efnes et h\u00e9ros des soins aux animaux\"}]},{\"@type\":\"WebSite\",\"@id\":\"https:\/\/dev.interpharma.animalwelfare.bertastrasse1.ch\/fr\/#website\",\"url\":\"https:\/\/dev.interpharma.animalwelfare.bertastrasse1.ch\/fr\/\",\"name\":\"Centre didactique en biotechnologie\",\"description\":\"Interpharma Biotech Learning CenterMat\u00e9riel d'information issu de la recherche biologique et m\u00e9dicale moderne\",\"publisher\":{\"@id\":\"https:\/\/dev.interpharma.animalwelfare.bertastrasse1.ch\/fr\/#organization\"},\"potentialAction\":[{\"@type\":\"SearchAction\",\"target\":{\"@type\":\"EntryPoint\",\"urlTemplate\":\"https:\/\/dev.interpharma.animalwelfare.bertastrasse1.ch\/fr\/?s={search_term_string}\"},\"query-input\":\"required name=search_term_string\"}],\"inLanguage\":\"fr-FR\"},{\"@type\":\"Organization\",\"@id\":\"https:\/\/dev.interpharma.animalwelfare.bertastrasse1.ch\/fr\/#organization\",\"name\":\"Interpharma\",\"url\":\"https:\/\/dev.interpharma.animalwelfare.bertastrasse1.ch\/fr\/\",\"logo\":{\"@type\":\"ImageObject\",\"inLanguage\":\"fr-FR\",\"@id\":\"https:\/\/dev.interpharma.animalwelfare.bertastrasse1.ch\/fr\/#\/schema\/logo\/image\/\",\"url\":\"https:\/\/dev.interpharma.animalwelfare.bertastrasse1.ch\/wp-content\/uploads\/2019\/11\/logo_header.png\",\"contentUrl\":\"https:\/\/dev.interpharma.animalwelfare.bertastrasse1.ch\/wp-content\/uploads\/2019\/11\/logo_header.png\",\"width\":370,\"height\":56,\"caption\":\"Interpharma\"},\"image\":{\"@id\":\"https:\/\/dev.interpharma.animalwelfare.bertastrasse1.ch\/fr\/#\/schema\/logo\/image\/\"},\"sameAs\":[\"https:\/\/www.facebook.com\/vorsprungschweiz\/\",\"https:\/\/ch.linkedin.com\/company\/interpharma\",\"https:\/\/de.wikipedia.org\/wiki\/Interpharma\"]}]}<\/script>\n<!-- \/ Yoast SEO plugin. -->","yoast_head_json":{"title":"Le Global Animal Technician Recognition Day distingue les h\u00e9ro\u00efnes et h\u00e9ros des soins aux animaux - Centre didactique en biotechnologie","robots":{"index":"noindex","follow":"follow","max-snippet":"max-snippet:-1","max-image-preview":"max-image-preview:large","max-video-preview":"max-video-preview:-1"},"og_locale":"fr_FR","og_type":"article","og_title":"Le Global Animal Technician Recognition Day distingue les h\u00e9ro\u00efnes et h\u00e9ros des soins aux animaux - Centre didactique en biotechnologie","og_description":"Une entreprise membre a f\u00eat\u00e9 pour la premi\u00e8re fois le Global Animal Technician Recognition Day, une journ\u00e9e d\u00e9di\u00e9e \u00e0 la reconnaissance et l\u2019appr\u00e9ciation du dur travail et de la responsabilit\u00e9 des techniciennes et techniciens animaliers qui s\u2019occupent des animaux de laboratoire.Les technicien-ne-s animaliers sont les h\u00e9ro\u00efnes et h\u00e9ros des soins aux animaux. Ils travaillent en [&hellip;]","og_url":"https:\/\/dev.interpharma.animalwelfare.bertastrasse1.ch\/fr\/projets\/global-animal-technician-recognition-day\/","og_site_name":"Centre didactique en biotechnologie","article_publisher":"https:\/\/www.facebook.com\/vorsprungschweiz\/","article_modified_time":"2023-11-21T17:51:45+00:00","twitter_card":"summary_large_image","twitter_misc":{"Est. reading time":"2 minutes"},"schema":{"@context":"https:\/\/schema.org","@graph":[{"@type":"WebPage","@id":"https:\/\/dev.interpharma.animalwelfare.bertastrasse1.ch\/fr\/projets\/global-animal-technician-recognition-day\/","url":"https:\/\/dev.interpharma.animalwelfare.bertastrasse1.ch\/fr\/projets\/global-animal-technician-recognition-day\/","name":"Le Global Animal Technician Recognition Day distingue les h\u00e9ro\u00efnes et h\u00e9ros des soins aux animaux - Centre didactique en biotechnologie","isPartOf":{"@id":"https:\/\/dev.interpharma.animalwelfare.bertastrasse1.ch\/fr\/#website"},"datePublished":"2023-11-21T16:39:56+00:00","dateModified":"2023-11-21T17:51:45+00:00","breadcrumb":{"@id":"https:\/\/dev.interpharma.animalwelfare.bertastrasse1.ch\/fr\/projets\/global-animal-technician-recognition-day\/#breadcrumb"},"inLanguage":"fr-FR","potentialAction":[{"@type":"ReadAction","target":["https:\/\/dev.interpharma.animalwelfare.bertastrasse1.ch\/fr\/projets\/global-animal-technician-recognition-day\/"]}]},{"@type":"BreadcrumbList","@id":"https:\/\/dev.interpharma.animalwelfare.bertastrasse1.ch\/fr\/projets\/global-animal-technician-recognition-day\/#breadcrumb","itemListElement":[{"@type":"ListItem","position":1,"name":"Interpharma","item":"https:\/\/dev.interpharma.animalwelfare.bertastrasse1.ch\/fr\/"},{"@type":"ListItem","position":2,"name":"Projets","item":"https:\/\/dev.interpharma.animalwelfare.bertastrasse1.ch\/fr\/projets\/"},{"@type":"ListItem","position":3,"name":"Le Global Animal Technician Recognition Day distingue les h\u00e9ro\u00efnes et h\u00e9ros des soins aux animaux"}]},{"@type":"WebSite","@id":"https:\/\/dev.interpharma.animalwelfare.bertastrasse1.ch\/fr\/#website","url":"https:\/\/dev.interpharma.animalwelfare.bertastrasse1.ch\/fr\/","name":"Centre didactique en biotechnologie","description":"Interpharma Biotech Learning CenterMat\u00e9riel d'information issu de la recherche biologique et m\u00e9dicale moderne","publisher":{"@id":"https:\/\/dev.interpharma.animalwelfare.bertastrasse1.ch\/fr\/#organization"},"potentialAction":[{"@type":"SearchAction","target":{"@type":"EntryPoint","urlTemplate":"https:\/\/dev.interpharma.animalwelfare.bertastrasse1.ch\/fr\/?s={search_term_string}"},"query-input":"required name=search_term_string"}],"inLanguage":"fr-FR"},{"@type":"Organization","@id":"https:\/\/dev.interpharma.animalwelfare.bertastrasse1.ch\/fr\/#organization","name":"Interpharma","url":"https:\/\/dev.interpharma.animalwelfare.bertastrasse1.ch\/fr\/","logo":{"@type":"ImageObject","inLanguage":"fr-FR","@id":"https:\/\/dev.interpharma.animalwelfare.bertastrasse1.ch\/fr\/#\/schema\/logo\/image\/","url":"https:\/\/dev.interpharma.animalwelfare.bertastrasse1.ch\/wp-content\/uploads\/2019\/11\/logo_header.png","contentUrl":"https:\/\/dev.interpharma.animalwelfare.bertastrasse1.ch\/wp-content\/uploads\/2019\/11\/logo_header.png","width":370,"height":56,"caption":"Interpharma"},"image":{"@id":"https:\/\/dev.interpharma.animalwelfare.bertastrasse1.ch\/fr\/#\/schema\/logo\/image\/"},"sameAs":["https:\/\/www.facebook.com\/vorsprungschweiz\/","https:\/\/ch.linkedin.com\/company\/interpharma","https:\/\/de.wikipedia.org\/wiki\/Interpharma"]}]}},"_links":{"self":[{"href":"https:\/\/dev.interpharma.animalwelfare.bertastrasse1.ch\/fr\/wp-json\/wp\/v2\/pages\/10139"}],"collection":[{"href":"https:\/\/dev.interpharma.animalwelfare.bertastrasse1.ch\/fr\/wp-json\/wp\/v2\/pages"}],"about":[{"href":"https:\/\/dev.interpharma.animalwelfare.bertastrasse1.ch\/fr\/wp-json\/wp\/v2\/types\/page"}],"author":[{"embeddable":true,"href":"https:\/\/dev.interpharma.animalwelfare.bertastrasse1.ch\/fr\/wp-json\/wp\/v2\/users\/3"}],"replies":[{"embeddable":true,"href":"https:\/\/dev.interpharma.animalwelfare.bertastrasse1.ch\/fr\/wp-json\/wp\/v2\/comments?post=10139"}],"version-history":[{"count":1,"href":"https:\/\/dev.interpharma.animalwelfare.bertastrasse1.ch\/fr\/wp-json\/wp\/v2\/pages\/10139\/revisions"}],"predecessor-version":[{"id":10151,"href":"https:\/\/dev.interpharma.animalwelfare.bertastrasse1.ch\/fr\/wp-json\/wp\/v2\/pages\/10139\/revisions\/10151"}],"up":[{"embeddable":true,"href":"https:\/\/dev.interpharma.animalwelfare.bertastrasse1.ch\/fr\/wp-json\/wp\/v2\/pages\/10042"}],"wp:attachment":[{"href":"https:\/\/dev.interpharma.animalwelfare.bertastrasse1.ch\/fr\/wp-json\/wp\/v2\/media?parent=10139"}],"curies":[{"name":"wp","href":"https:\/\/api.w.org\/{rel}","templated":true}]}}