{"id":10138,"date":"2023-11-21T16:39:55","date_gmt":"2023-11-21T16:39:55","guid":{"rendered":"https:\/\/dev.interpharma.animalwelfare.bertastrasse1.ch\/projets\/awards\/"},"modified":"2023-11-21T17:50:16","modified_gmt":"2023-11-21T17:50:16","slug":"distinctions","status":"publish","type":"page","link":"https:\/\/dev.interpharma.animalwelfare.bertastrasse1.ch\/fr\/projets\/distinctions\/","title":{"rendered":"Introduction d\u2019un prix pour un 4e R dans la cat\u00e9gorie \u00abResponsabilit\u00e9\u00bb"},"content":{"rendered":"\n<p>Une entreprise membre a lanc\u00e9 en 2022 un 4<sup>e<\/sup> prix \u00abR\u00bb dans la cat\u00e9gorie \u00abResponsabilit\u00e9\u00bb, afin de distinguer l\u2019effort des coll\u00e8gues qui ne sont pas directement impliqu\u00e9-e-s dans le travail <em>in vivo,<\/em> mais qui favorisent par exemple la transparence dans le domaine de la recherche impliquant des animaux. En 2022, ce prix a \u00e9t\u00e9 d\u00e9cern\u00e9 \u00e0 une coll\u00e8gue du d\u00e9partement communication qui a contribu\u00e9 \u00e0 accro\u00eetre la transparence de l\u2019entreprise dans le domaine de l\u2019exp\u00e9rimentation animale. En 2023, il va r\u00e9compenser une coll\u00e8gue qui a soutenu la Biomedical Research Awareness Day (BRAD) de l\u2019entreprise sur le plan technique.<\/p>\n\n\n\n<p>Nom du projet: Distinctions<br>Articles de la charte: 3<\/p>\n","protected":false},"excerpt":{"rendered":"<p>Une entreprise membre a lanc\u00e9 en 2022 un 4e prix \u00abR\u00bb dans la cat\u00e9gorie \u00abResponsabilit\u00e9\u00bb, afin de distinguer l\u2019effort des coll\u00e8gues qui ne sont pas directement impliqu\u00e9-e-s dans le travail in vivo, mais qui favorisent par exemple la transparence dans le domaine de la recherche impliquant des animaux. En 2022, ce prix a \u00e9t\u00e9 d\u00e9cern\u00e9 [&hellip;]<\/p>\n","protected":false},"author":3,"featured_media":0,"parent":10042,"menu_order":6,"comment_status":"closed","ping_status":"closed","template":"page-templates\/themen-under-seite.php","meta":{"footnotes":""},"acf":[],"yoast_head":"<!-- This site is optimized with the Yoast SEO plugin v21.5 - https:\/\/yoast.com\/wordpress\/plugins\/seo\/ -->\n<title>Introduction d\u2019un prix pour un 4e R dans la cat\u00e9gorie \u00abResponsabilit\u00e9\u00bb - Centre didactique en biotechnologie<\/title>\n<meta name=\"robots\" content=\"noindex, follow, max-snippet:-1, max-image-preview:large, max-video-preview:-1\" \/>\n<meta property=\"og:locale\" content=\"fr_FR\" \/>\n<meta property=\"og:type\" content=\"article\" \/>\n<meta property=\"og:title\" content=\"Introduction d\u2019un prix pour un 4e R dans la cat\u00e9gorie \u00abResponsabilit\u00e9\u00bb - Centre didactique en biotechnologie\" \/>\n<meta property=\"og:description\" content=\"Une entreprise membre a lanc\u00e9 en 2022 un 4e prix \u00abR\u00bb dans la cat\u00e9gorie \u00abResponsabilit\u00e9\u00bb, afin de distinguer l\u2019effort des coll\u00e8gues qui ne sont pas directement impliqu\u00e9-e-s dans le travail in vivo, mais qui favorisent par exemple la transparence dans le domaine de la recherche impliquant des animaux. En 2022, ce prix a \u00e9t\u00e9 d\u00e9cern\u00e9 [&hellip;]\" \/>\n<meta property=\"og:url\" content=\"https:\/\/dev.interpharma.animalwelfare.bertastrasse1.ch\/fr\/projets\/distinctions\/\" \/>\n<meta property=\"og:site_name\" content=\"Centre didactique en biotechnologie\" \/>\n<meta property=\"article:publisher\" content=\"https:\/\/www.facebook.com\/vorsprungschweiz\/\" \/>\n<meta property=\"article:modified_time\" content=\"2023-11-21T17:50:16+00:00\" \/>\n<meta name=\"twitter:card\" content=\"summary_large_image\" \/>\n<meta name=\"twitter:label1\" content=\"Est. reading time\" \/>\n\t<meta name=\"twitter:data1\" content=\"1 minute\" \/>\n<script type=\"application\/ld+json\" class=\"yoast-schema-graph\">{\"@context\":\"https:\/\/schema.org\",\"@graph\":[{\"@type\":\"WebPage\",\"@id\":\"https:\/\/dev.interpharma.animalwelfare.bertastrasse1.ch\/fr\/projets\/distinctions\/\",\"url\":\"https:\/\/dev.interpharma.animalwelfare.bertastrasse1.ch\/fr\/projets\/distinctions\/\",\"name\":\"Introduction d\u2019un prix pour un 4e R dans la cat\u00e9gorie \u00abResponsabilit\u00e9\u00bb - Centre didactique en biotechnologie\",\"isPartOf\":{\"@id\":\"https:\/\/dev.interpharma.animalwelfare.bertastrasse1.ch\/fr\/#website\"},\"datePublished\":\"2023-11-21T16:39:55+00:00\",\"dateModified\":\"2023-11-21T17:50:16+00:00\",\"breadcrumb\":{\"@id\":\"https:\/\/dev.interpharma.animalwelfare.bertastrasse1.ch\/fr\/projets\/distinctions\/#breadcrumb\"},\"inLanguage\":\"fr-FR\",\"potentialAction\":[{\"@type\":\"ReadAction\",\"target\":[\"https:\/\/dev.interpharma.animalwelfare.bertastrasse1.ch\/fr\/projets\/distinctions\/\"]}]},{\"@type\":\"BreadcrumbList\",\"@id\":\"https:\/\/dev.interpharma.animalwelfare.bertastrasse1.ch\/fr\/projets\/distinctions\/#breadcrumb\",\"itemListElement\":[{\"@type\":\"ListItem\",\"position\":1,\"name\":\"Interpharma\",\"item\":\"https:\/\/dev.interpharma.animalwelfare.bertastrasse1.ch\/fr\/\"},{\"@type\":\"ListItem\",\"position\":2,\"name\":\"Projets\",\"item\":\"https:\/\/dev.interpharma.animalwelfare.bertastrasse1.ch\/fr\/projets\/\"},{\"@type\":\"ListItem\",\"position\":3,\"name\":\"Introduction d\u2019un prix pour un 4e R dans la cat\u00e9gorie \u00abResponsabilit\u00e9\u00bb\"}]},{\"@type\":\"WebSite\",\"@id\":\"https:\/\/dev.interpharma.animalwelfare.bertastrasse1.ch\/fr\/#website\",\"url\":\"https:\/\/dev.interpharma.animalwelfare.bertastrasse1.ch\/fr\/\",\"name\":\"Centre didactique en biotechnologie\",\"description\":\"Interpharma Biotech Learning CenterMat\u00e9riel d'information issu de la recherche biologique et m\u00e9dicale moderne\",\"publisher\":{\"@id\":\"https:\/\/dev.interpharma.animalwelfare.bertastrasse1.ch\/fr\/#organization\"},\"potentialAction\":[{\"@type\":\"SearchAction\",\"target\":{\"@type\":\"EntryPoint\",\"urlTemplate\":\"https:\/\/dev.interpharma.animalwelfare.bertastrasse1.ch\/fr\/?s={search_term_string}\"},\"query-input\":\"required name=search_term_string\"}],\"inLanguage\":\"fr-FR\"},{\"@type\":\"Organization\",\"@id\":\"https:\/\/dev.interpharma.animalwelfare.bertastrasse1.ch\/fr\/#organization\",\"name\":\"Interpharma\",\"url\":\"https:\/\/dev.interpharma.animalwelfare.bertastrasse1.ch\/fr\/\",\"logo\":{\"@type\":\"ImageObject\",\"inLanguage\":\"fr-FR\",\"@id\":\"https:\/\/dev.interpharma.animalwelfare.bertastrasse1.ch\/fr\/#\/schema\/logo\/image\/\",\"url\":\"https:\/\/dev.interpharma.animalwelfare.bertastrasse1.ch\/wp-content\/uploads\/2019\/11\/logo_header.png\",\"contentUrl\":\"https:\/\/dev.interpharma.animalwelfare.bertastrasse1.ch\/wp-content\/uploads\/2019\/11\/logo_header.png\",\"width\":370,\"height\":56,\"caption\":\"Interpharma\"},\"image\":{\"@id\":\"https:\/\/dev.interpharma.animalwelfare.bertastrasse1.ch\/fr\/#\/schema\/logo\/image\/\"},\"sameAs\":[\"https:\/\/www.facebook.com\/vorsprungschweiz\/\",\"https:\/\/ch.linkedin.com\/company\/interpharma\",\"https:\/\/de.wikipedia.org\/wiki\/Interpharma\"]}]}<\/script>\n<!-- \/ Yoast SEO plugin. -->","yoast_head_json":{"title":"Introduction d\u2019un prix pour un 4e R dans la cat\u00e9gorie \u00abResponsabilit\u00e9\u00bb - Centre didactique en biotechnologie","robots":{"index":"noindex","follow":"follow","max-snippet":"max-snippet:-1","max-image-preview":"max-image-preview:large","max-video-preview":"max-video-preview:-1"},"og_locale":"fr_FR","og_type":"article","og_title":"Introduction d\u2019un prix pour un 4e R dans la cat\u00e9gorie \u00abResponsabilit\u00e9\u00bb - Centre didactique en biotechnologie","og_description":"Une entreprise membre a lanc\u00e9 en 2022 un 4e prix \u00abR\u00bb dans la cat\u00e9gorie \u00abResponsabilit\u00e9\u00bb, afin de distinguer l\u2019effort des coll\u00e8gues qui ne sont pas directement impliqu\u00e9-e-s dans le travail in vivo, mais qui favorisent par exemple la transparence dans le domaine de la recherche impliquant des animaux. En 2022, ce prix a \u00e9t\u00e9 d\u00e9cern\u00e9 [&hellip;]","og_url":"https:\/\/dev.interpharma.animalwelfare.bertastrasse1.ch\/fr\/projets\/distinctions\/","og_site_name":"Centre didactique en biotechnologie","article_publisher":"https:\/\/www.facebook.com\/vorsprungschweiz\/","article_modified_time":"2023-11-21T17:50:16+00:00","twitter_card":"summary_large_image","twitter_misc":{"Est. reading time":"1 minute"},"schema":{"@context":"https:\/\/schema.org","@graph":[{"@type":"WebPage","@id":"https:\/\/dev.interpharma.animalwelfare.bertastrasse1.ch\/fr\/projets\/distinctions\/","url":"https:\/\/dev.interpharma.animalwelfare.bertastrasse1.ch\/fr\/projets\/distinctions\/","name":"Introduction d\u2019un prix pour un 4e R dans la cat\u00e9gorie \u00abResponsabilit\u00e9\u00bb - Centre didactique en biotechnologie","isPartOf":{"@id":"https:\/\/dev.interpharma.animalwelfare.bertastrasse1.ch\/fr\/#website"},"datePublished":"2023-11-21T16:39:55+00:00","dateModified":"2023-11-21T17:50:16+00:00","breadcrumb":{"@id":"https:\/\/dev.interpharma.animalwelfare.bertastrasse1.ch\/fr\/projets\/distinctions\/#breadcrumb"},"inLanguage":"fr-FR","potentialAction":[{"@type":"ReadAction","target":["https:\/\/dev.interpharma.animalwelfare.bertastrasse1.ch\/fr\/projets\/distinctions\/"]}]},{"@type":"BreadcrumbList","@id":"https:\/\/dev.interpharma.animalwelfare.bertastrasse1.ch\/fr\/projets\/distinctions\/#breadcrumb","itemListElement":[{"@type":"ListItem","position":1,"name":"Interpharma","item":"https:\/\/dev.interpharma.animalwelfare.bertastrasse1.ch\/fr\/"},{"@type":"ListItem","position":2,"name":"Projets","item":"https:\/\/dev.interpharma.animalwelfare.bertastrasse1.ch\/fr\/projets\/"},{"@type":"ListItem","position":3,"name":"Introduction d\u2019un prix pour un 4e R dans la cat\u00e9gorie \u00abResponsabilit\u00e9\u00bb"}]},{"@type":"WebSite","@id":"https:\/\/dev.interpharma.animalwelfare.bertastrasse1.ch\/fr\/#website","url":"https:\/\/dev.interpharma.animalwelfare.bertastrasse1.ch\/fr\/","name":"Centre didactique en biotechnologie","description":"Interpharma Biotech Learning CenterMat\u00e9riel d'information issu de la recherche biologique et m\u00e9dicale moderne","publisher":{"@id":"https:\/\/dev.interpharma.animalwelfare.bertastrasse1.ch\/fr\/#organization"},"potentialAction":[{"@type":"SearchAction","target":{"@type":"EntryPoint","urlTemplate":"https:\/\/dev.interpharma.animalwelfare.bertastrasse1.ch\/fr\/?s={search_term_string}"},"query-input":"required name=search_term_string"}],"inLanguage":"fr-FR"},{"@type":"Organization","@id":"https:\/\/dev.interpharma.animalwelfare.bertastrasse1.ch\/fr\/#organization","name":"Interpharma","url":"https:\/\/dev.interpharma.animalwelfare.bertastrasse1.ch\/fr\/","logo":{"@type":"ImageObject","inLanguage":"fr-FR","@id":"https:\/\/dev.interpharma.animalwelfare.bertastrasse1.ch\/fr\/#\/schema\/logo\/image\/","url":"https:\/\/dev.interpharma.animalwelfare.bertastrasse1.ch\/wp-content\/uploads\/2019\/11\/logo_header.png","contentUrl":"https:\/\/dev.interpharma.animalwelfare.bertastrasse1.ch\/wp-content\/uploads\/2019\/11\/logo_header.png","width":370,"height":56,"caption":"Interpharma"},"image":{"@id":"https:\/\/dev.interpharma.animalwelfare.bertastrasse1.ch\/fr\/#\/schema\/logo\/image\/"},"sameAs":["https:\/\/www.facebook.com\/vorsprungschweiz\/","https:\/\/ch.linkedin.com\/company\/interpharma","https:\/\/de.wikipedia.org\/wiki\/Interpharma"]}]}},"_links":{"self":[{"href":"https:\/\/dev.interpharma.animalwelfare.bertastrasse1.ch\/fr\/wp-json\/wp\/v2\/pages\/10138"}],"collection":[{"href":"https:\/\/dev.interpharma.animalwelfare.bertastrasse1.ch\/fr\/wp-json\/wp\/v2\/pages"}],"about":[{"href":"https:\/\/dev.interpharma.animalwelfare.bertastrasse1.ch\/fr\/wp-json\/wp\/v2\/types\/page"}],"author":[{"embeddable":true,"href":"https:\/\/dev.interpharma.animalwelfare.bertastrasse1.ch\/fr\/wp-json\/wp\/v2\/users\/3"}],"replies":[{"embeddable":true,"href":"https:\/\/dev.interpharma.animalwelfare.bertastrasse1.ch\/fr\/wp-json\/wp\/v2\/comments?post=10138"}],"version-history":[{"count":1,"href":"https:\/\/dev.interpharma.animalwelfare.bertastrasse1.ch\/fr\/wp-json\/wp\/v2\/pages\/10138\/revisions"}],"predecessor-version":[{"id":10147,"href":"https:\/\/dev.interpharma.animalwelfare.bertastrasse1.ch\/fr\/wp-json\/wp\/v2\/pages\/10138\/revisions\/10147"}],"up":[{"embeddable":true,"href":"https:\/\/dev.interpharma.animalwelfare.bertastrasse1.ch\/fr\/wp-json\/wp\/v2\/pages\/10042"}],"wp:attachment":[{"href":"https:\/\/dev.interpharma.animalwelfare.bertastrasse1.ch\/fr\/wp-json\/wp\/v2\/media?parent=10138"}],"curies":[{"name":"wp","href":"https:\/\/api.w.org\/{rel}","templated":true}]}}