{"id":10136,"date":"2023-11-21T16:39:56","date_gmt":"2023-11-21T16:39:56","guid":{"rendered":"https:\/\/dev.interpharma.animalwelfare.bertastrasse1.ch\/projets\/innovation-im-3r-programm\/"},"modified":"2023-11-21T17:51:05","modified_gmt":"2023-11-21T17:51:05","slug":"programme-dinnovation-dans-les-3r","status":"publish","type":"page","link":"https:\/\/dev.interpharma.animalwelfare.bertastrasse1.ch\/fr\/projets\/programme-dinnovation-dans-les-3r\/","title":{"rendered":"Programme d\u2019innovation dans les 3R"},"content":{"rendered":"\n<p>Une entreprise membre a cr\u00e9\u00e9 un programme d\u2019innovation dans les 3R (I3R). Le but de ce programme est d\u2019inciter les scientifiques de l\u2019entreprise membre \u00e0 r\u00e9fl\u00e9chir \u00e0 leurs m\u00e9thodes de recherche et de les soutenir en leur fournissant les fonds n\u00e9cessaires pour d\u00e9velopper et valider de nouvelles voies de remplacement, de r\u00e9duction et d\u2019am\u00e9lioration des exp\u00e9riences sur animaux. Le programme d\u2019innovation dans les 3R choisit et soutient des projets de recherche innovants qui ne pourraient pas \u00eatre r\u00e9alis\u00e9s autrement. En 2022, cinq projets de r\u00e9duction et d\u2019am\u00e9lioration ont \u00e9t\u00e9 soutenus. Ces projets ont d\u00e9crit de nouvelles possibilit\u00e9s pour l\u2019entreprise membre de r\u00e9duire le nombre d\u2019animaux n\u00e9cessaires \u00e0 la d\u00e9couverte et au d\u00e9veloppement de m\u00e9dicaments par l\u2019utilisation des \u00aborganes sur puce\u00bb, de l\u2019intelligence artificielle (IA) et d\u2019organo\u00efdes, et d\u2019am\u00e9liorer le bien-\u00eatre des animaux pendant l\u2019\u00e9tude en utilisant des cages num\u00e9riques et des analg\u00e9siques retard pour les rongeurs.<\/p>\n\n\n\n<p>Nom du projet: Innovation dans les 3R<br>Articles de la charte: 1, 2, 3<\/p>\n","protected":false},"excerpt":{"rendered":"<p>Une entreprise membre a cr\u00e9\u00e9 un programme d\u2019innovation dans les 3R (I3R). Le but de ce programme est d\u2019inciter les scientifiques de l\u2019entreprise membre \u00e0 r\u00e9fl\u00e9chir \u00e0 leurs m\u00e9thodes de recherche et de les soutenir en leur fournissant les fonds n\u00e9cessaires pour d\u00e9velopper et valider de nouvelles voies de remplacement, de r\u00e9duction et d\u2019am\u00e9lioration des [&hellip;]<\/p>\n","protected":false},"author":3,"featured_media":0,"parent":10042,"menu_order":8,"comment_status":"closed","ping_status":"closed","template":"page-templates\/themen-under-seite.php","meta":{"footnotes":""},"acf":[],"yoast_head":"<!-- This site is optimized with the Yoast SEO plugin v21.5 - https:\/\/yoast.com\/wordpress\/plugins\/seo\/ -->\n<title>Programme d\u2019innovation dans les 3R - Centre didactique en biotechnologie<\/title>\n<meta name=\"robots\" content=\"noindex, follow, max-snippet:-1, max-image-preview:large, max-video-preview:-1\" \/>\n<meta property=\"og:locale\" content=\"fr_FR\" \/>\n<meta property=\"og:type\" content=\"article\" \/>\n<meta property=\"og:title\" content=\"Programme d\u2019innovation dans les 3R - Centre didactique en biotechnologie\" \/>\n<meta property=\"og:description\" content=\"Une entreprise membre a cr\u00e9\u00e9 un programme d\u2019innovation dans les 3R (I3R). Le but de ce programme est d\u2019inciter les scientifiques de l\u2019entreprise membre \u00e0 r\u00e9fl\u00e9chir \u00e0 leurs m\u00e9thodes de recherche et de les soutenir en leur fournissant les fonds n\u00e9cessaires pour d\u00e9velopper et valider de nouvelles voies de remplacement, de r\u00e9duction et d\u2019am\u00e9lioration des [&hellip;]\" \/>\n<meta property=\"og:url\" content=\"https:\/\/dev.interpharma.animalwelfare.bertastrasse1.ch\/fr\/projets\/programme-dinnovation-dans-les-3r\/\" \/>\n<meta property=\"og:site_name\" content=\"Centre didactique en biotechnologie\" \/>\n<meta property=\"article:publisher\" content=\"https:\/\/www.facebook.com\/vorsprungschweiz\/\" \/>\n<meta property=\"article:modified_time\" content=\"2023-11-21T17:51:05+00:00\" \/>\n<meta name=\"twitter:card\" content=\"summary_large_image\" \/>\n<meta name=\"twitter:label1\" content=\"Est. reading time\" \/>\n\t<meta name=\"twitter:data1\" content=\"1 minute\" \/>\n<script type=\"application\/ld+json\" class=\"yoast-schema-graph\">{\"@context\":\"https:\/\/schema.org\",\"@graph\":[{\"@type\":\"WebPage\",\"@id\":\"https:\/\/dev.interpharma.animalwelfare.bertastrasse1.ch\/fr\/projets\/programme-dinnovation-dans-les-3r\/\",\"url\":\"https:\/\/dev.interpharma.animalwelfare.bertastrasse1.ch\/fr\/projets\/programme-dinnovation-dans-les-3r\/\",\"name\":\"Programme d\u2019innovation dans les 3R - Centre didactique en biotechnologie\",\"isPartOf\":{\"@id\":\"https:\/\/dev.interpharma.animalwelfare.bertastrasse1.ch\/fr\/#website\"},\"datePublished\":\"2023-11-21T16:39:56+00:00\",\"dateModified\":\"2023-11-21T17:51:05+00:00\",\"breadcrumb\":{\"@id\":\"https:\/\/dev.interpharma.animalwelfare.bertastrasse1.ch\/fr\/projets\/programme-dinnovation-dans-les-3r\/#breadcrumb\"},\"inLanguage\":\"fr-FR\",\"potentialAction\":[{\"@type\":\"ReadAction\",\"target\":[\"https:\/\/dev.interpharma.animalwelfare.bertastrasse1.ch\/fr\/projets\/programme-dinnovation-dans-les-3r\/\"]}]},{\"@type\":\"BreadcrumbList\",\"@id\":\"https:\/\/dev.interpharma.animalwelfare.bertastrasse1.ch\/fr\/projets\/programme-dinnovation-dans-les-3r\/#breadcrumb\",\"itemListElement\":[{\"@type\":\"ListItem\",\"position\":1,\"name\":\"Interpharma\",\"item\":\"https:\/\/dev.interpharma.animalwelfare.bertastrasse1.ch\/fr\/\"},{\"@type\":\"ListItem\",\"position\":2,\"name\":\"Projets\",\"item\":\"https:\/\/dev.interpharma.animalwelfare.bertastrasse1.ch\/fr\/projets\/\"},{\"@type\":\"ListItem\",\"position\":3,\"name\":\"Programme d\u2019innovation dans les 3R\"}]},{\"@type\":\"WebSite\",\"@id\":\"https:\/\/dev.interpharma.animalwelfare.bertastrasse1.ch\/fr\/#website\",\"url\":\"https:\/\/dev.interpharma.animalwelfare.bertastrasse1.ch\/fr\/\",\"name\":\"Centre didactique en biotechnologie\",\"description\":\"Interpharma Biotech Learning CenterMat\u00e9riel d'information issu de la recherche biologique et m\u00e9dicale moderne\",\"publisher\":{\"@id\":\"https:\/\/dev.interpharma.animalwelfare.bertastrasse1.ch\/fr\/#organization\"},\"potentialAction\":[{\"@type\":\"SearchAction\",\"target\":{\"@type\":\"EntryPoint\",\"urlTemplate\":\"https:\/\/dev.interpharma.animalwelfare.bertastrasse1.ch\/fr\/?s={search_term_string}\"},\"query-input\":\"required name=search_term_string\"}],\"inLanguage\":\"fr-FR\"},{\"@type\":\"Organization\",\"@id\":\"https:\/\/dev.interpharma.animalwelfare.bertastrasse1.ch\/fr\/#organization\",\"name\":\"Interpharma\",\"url\":\"https:\/\/dev.interpharma.animalwelfare.bertastrasse1.ch\/fr\/\",\"logo\":{\"@type\":\"ImageObject\",\"inLanguage\":\"fr-FR\",\"@id\":\"https:\/\/dev.interpharma.animalwelfare.bertastrasse1.ch\/fr\/#\/schema\/logo\/image\/\",\"url\":\"https:\/\/dev.interpharma.animalwelfare.bertastrasse1.ch\/wp-content\/uploads\/2019\/11\/logo_header.png\",\"contentUrl\":\"https:\/\/dev.interpharma.animalwelfare.bertastrasse1.ch\/wp-content\/uploads\/2019\/11\/logo_header.png\",\"width\":370,\"height\":56,\"caption\":\"Interpharma\"},\"image\":{\"@id\":\"https:\/\/dev.interpharma.animalwelfare.bertastrasse1.ch\/fr\/#\/schema\/logo\/image\/\"},\"sameAs\":[\"https:\/\/www.facebook.com\/vorsprungschweiz\/\",\"https:\/\/ch.linkedin.com\/company\/interpharma\",\"https:\/\/de.wikipedia.org\/wiki\/Interpharma\"]}]}<\/script>\n<!-- \/ Yoast SEO plugin. -->","yoast_head_json":{"title":"Programme d\u2019innovation dans les 3R - Centre didactique en biotechnologie","robots":{"index":"noindex","follow":"follow","max-snippet":"max-snippet:-1","max-image-preview":"max-image-preview:large","max-video-preview":"max-video-preview:-1"},"og_locale":"fr_FR","og_type":"article","og_title":"Programme d\u2019innovation dans les 3R - Centre didactique en biotechnologie","og_description":"Une entreprise membre a cr\u00e9\u00e9 un programme d\u2019innovation dans les 3R (I3R). Le but de ce programme est d\u2019inciter les scientifiques de l\u2019entreprise membre \u00e0 r\u00e9fl\u00e9chir \u00e0 leurs m\u00e9thodes de recherche et de les soutenir en leur fournissant les fonds n\u00e9cessaires pour d\u00e9velopper et valider de nouvelles voies de remplacement, de r\u00e9duction et d\u2019am\u00e9lioration des [&hellip;]","og_url":"https:\/\/dev.interpharma.animalwelfare.bertastrasse1.ch\/fr\/projets\/programme-dinnovation-dans-les-3r\/","og_site_name":"Centre didactique en biotechnologie","article_publisher":"https:\/\/www.facebook.com\/vorsprungschweiz\/","article_modified_time":"2023-11-21T17:51:05+00:00","twitter_card":"summary_large_image","twitter_misc":{"Est. reading time":"1 minute"},"schema":{"@context":"https:\/\/schema.org","@graph":[{"@type":"WebPage","@id":"https:\/\/dev.interpharma.animalwelfare.bertastrasse1.ch\/fr\/projets\/programme-dinnovation-dans-les-3r\/","url":"https:\/\/dev.interpharma.animalwelfare.bertastrasse1.ch\/fr\/projets\/programme-dinnovation-dans-les-3r\/","name":"Programme d\u2019innovation dans les 3R - Centre didactique en biotechnologie","isPartOf":{"@id":"https:\/\/dev.interpharma.animalwelfare.bertastrasse1.ch\/fr\/#website"},"datePublished":"2023-11-21T16:39:56+00:00","dateModified":"2023-11-21T17:51:05+00:00","breadcrumb":{"@id":"https:\/\/dev.interpharma.animalwelfare.bertastrasse1.ch\/fr\/projets\/programme-dinnovation-dans-les-3r\/#breadcrumb"},"inLanguage":"fr-FR","potentialAction":[{"@type":"ReadAction","target":["https:\/\/dev.interpharma.animalwelfare.bertastrasse1.ch\/fr\/projets\/programme-dinnovation-dans-les-3r\/"]}]},{"@type":"BreadcrumbList","@id":"https:\/\/dev.interpharma.animalwelfare.bertastrasse1.ch\/fr\/projets\/programme-dinnovation-dans-les-3r\/#breadcrumb","itemListElement":[{"@type":"ListItem","position":1,"name":"Interpharma","item":"https:\/\/dev.interpharma.animalwelfare.bertastrasse1.ch\/fr\/"},{"@type":"ListItem","position":2,"name":"Projets","item":"https:\/\/dev.interpharma.animalwelfare.bertastrasse1.ch\/fr\/projets\/"},{"@type":"ListItem","position":3,"name":"Programme d\u2019innovation dans les 3R"}]},{"@type":"WebSite","@id":"https:\/\/dev.interpharma.animalwelfare.bertastrasse1.ch\/fr\/#website","url":"https:\/\/dev.interpharma.animalwelfare.bertastrasse1.ch\/fr\/","name":"Centre didactique en biotechnologie","description":"Interpharma Biotech Learning CenterMat\u00e9riel d'information issu de la recherche biologique et m\u00e9dicale moderne","publisher":{"@id":"https:\/\/dev.interpharma.animalwelfare.bertastrasse1.ch\/fr\/#organization"},"potentialAction":[{"@type":"SearchAction","target":{"@type":"EntryPoint","urlTemplate":"https:\/\/dev.interpharma.animalwelfare.bertastrasse1.ch\/fr\/?s={search_term_string}"},"query-input":"required name=search_term_string"}],"inLanguage":"fr-FR"},{"@type":"Organization","@id":"https:\/\/dev.interpharma.animalwelfare.bertastrasse1.ch\/fr\/#organization","name":"Interpharma","url":"https:\/\/dev.interpharma.animalwelfare.bertastrasse1.ch\/fr\/","logo":{"@type":"ImageObject","inLanguage":"fr-FR","@id":"https:\/\/dev.interpharma.animalwelfare.bertastrasse1.ch\/fr\/#\/schema\/logo\/image\/","url":"https:\/\/dev.interpharma.animalwelfare.bertastrasse1.ch\/wp-content\/uploads\/2019\/11\/logo_header.png","contentUrl":"https:\/\/dev.interpharma.animalwelfare.bertastrasse1.ch\/wp-content\/uploads\/2019\/11\/logo_header.png","width":370,"height":56,"caption":"Interpharma"},"image":{"@id":"https:\/\/dev.interpharma.animalwelfare.bertastrasse1.ch\/fr\/#\/schema\/logo\/image\/"},"sameAs":["https:\/\/www.facebook.com\/vorsprungschweiz\/","https:\/\/ch.linkedin.com\/company\/interpharma","https:\/\/de.wikipedia.org\/wiki\/Interpharma"]}]}},"_links":{"self":[{"href":"https:\/\/dev.interpharma.animalwelfare.bertastrasse1.ch\/fr\/wp-json\/wp\/v2\/pages\/10136"}],"collection":[{"href":"https:\/\/dev.interpharma.animalwelfare.bertastrasse1.ch\/fr\/wp-json\/wp\/v2\/pages"}],"about":[{"href":"https:\/\/dev.interpharma.animalwelfare.bertastrasse1.ch\/fr\/wp-json\/wp\/v2\/types\/page"}],"author":[{"embeddable":true,"href":"https:\/\/dev.interpharma.animalwelfare.bertastrasse1.ch\/fr\/wp-json\/wp\/v2\/users\/3"}],"replies":[{"embeddable":true,"href":"https:\/\/dev.interpharma.animalwelfare.bertastrasse1.ch\/fr\/wp-json\/wp\/v2\/comments?post=10136"}],"version-history":[{"count":1,"href":"https:\/\/dev.interpharma.animalwelfare.bertastrasse1.ch\/fr\/wp-json\/wp\/v2\/pages\/10136\/revisions"}],"predecessor-version":[{"id":10150,"href":"https:\/\/dev.interpharma.animalwelfare.bertastrasse1.ch\/fr\/wp-json\/wp\/v2\/pages\/10136\/revisions\/10150"}],"up":[{"embeddable":true,"href":"https:\/\/dev.interpharma.animalwelfare.bertastrasse1.ch\/fr\/wp-json\/wp\/v2\/pages\/10042"}],"wp:attachment":[{"href":"https:\/\/dev.interpharma.animalwelfare.bertastrasse1.ch\/fr\/wp-json\/wp\/v2\/media?parent=10136"}],"curies":[{"name":"wp","href":"https:\/\/api.w.org\/{rel}","templated":true}]}}