{"id":10124,"date":"2023-11-21T16:39:55","date_gmt":"2023-11-21T16:39:55","guid":{"rendered":"https:\/\/dev.interpharma.animalwelfare.bertastrasse1.ch\/projets\/gewinnung-genetisches-material-bei-zebrafischen\/"},"modified":"2023-11-21T17:38:04","modified_gmt":"2023-11-21T17:38:04","slug":"reduction-des-contraintes-pour-les-animaux-dans-letude","status":"publish","type":"page","link":"https:\/\/dev.interpharma.animalwelfare.bertastrasse1.ch\/fr\/projets\/reduction-des-contraintes-pour-les-animaux-dans-letude\/","title":{"rendered":"R\u00e9duction des contraintes pour les animaux dans l\u2019\u00e9tude"},"content":{"rendered":"\n<p>La m\u00e9thode standard actuelle de pr\u00e9l\u00e8vement de mat\u00e9riel g\u00e9n\u00e9tique pour le g\u00e9notypage de poissons z\u00e8bres transg\u00e9niques est de couper les nageoires. Il s\u2019agit d\u2019une intervention invasive requ\u00e9rant une anesth\u00e9sie g\u00e9n\u00e9rale et potentiellement stressante pour les animaux. La technique moins invasive du frottis ne requiert ni anesth\u00e9sie g\u00e9n\u00e9rale, ni op\u00e9ration de pr\u00e9l\u00e8vement de tissus. Les cellules sont pr\u00e9lev\u00e9es sur le flanc du poisson \u00e0 l\u2019aide d\u2019un b\u00e2tonnet ouat\u00e9 ou d\u2019une microbrosse. Cette technique est plus rapide et moins p\u00e9nible pour les animaux.<\/p>\n\n\n\n<p>Nom du projet: Pr\u00e9l\u00e8vement de mat\u00e9riel g\u00e9n\u00e9tique chez le poisson z\u00e8bre<br>Articles de la charte: 1, 2<\/p>\n","protected":false},"excerpt":{"rendered":"<p>La m\u00e9thode standard actuelle de pr\u00e9l\u00e8vement de mat\u00e9riel g\u00e9n\u00e9tique pour le g\u00e9notypage de poissons z\u00e8bres transg\u00e9niques est de couper les nageoires. Il s\u2019agit d\u2019une intervention invasive requ\u00e9rant une anesth\u00e9sie g\u00e9n\u00e9rale et potentiellement stressante pour les animaux. La technique moins invasive du frottis ne requiert ni anesth\u00e9sie g\u00e9n\u00e9rale, ni op\u00e9ration de pr\u00e9l\u00e8vement de tissus. Les cellules [&hellip;]<\/p>\n","protected":false},"author":3,"featured_media":0,"parent":10042,"menu_order":5,"comment_status":"closed","ping_status":"closed","template":"page-templates\/themen-under-seite.php","meta":{"footnotes":""},"acf":[],"yoast_head":"<!-- This site is optimized with the Yoast SEO plugin v21.5 - https:\/\/yoast.com\/wordpress\/plugins\/seo\/ -->\n<title>R\u00e9duction des contraintes pour les animaux dans l\u2019\u00e9tude - Centre didactique en biotechnologie<\/title>\n<meta name=\"robots\" content=\"noindex, follow, max-snippet:-1, max-image-preview:large, max-video-preview:-1\" \/>\n<meta property=\"og:locale\" content=\"fr_FR\" \/>\n<meta property=\"og:type\" content=\"article\" \/>\n<meta property=\"og:title\" content=\"R\u00e9duction des contraintes pour les animaux dans l\u2019\u00e9tude - Centre didactique en biotechnologie\" \/>\n<meta property=\"og:description\" content=\"La m\u00e9thode standard actuelle de pr\u00e9l\u00e8vement de mat\u00e9riel g\u00e9n\u00e9tique pour le g\u00e9notypage de poissons z\u00e8bres transg\u00e9niques est de couper les nageoires. Il s\u2019agit d\u2019une intervention invasive requ\u00e9rant une anesth\u00e9sie g\u00e9n\u00e9rale et potentiellement stressante pour les animaux. La technique moins invasive du frottis ne requiert ni anesth\u00e9sie g\u00e9n\u00e9rale, ni op\u00e9ration de pr\u00e9l\u00e8vement de tissus. Les cellules [&hellip;]\" \/>\n<meta property=\"og:url\" content=\"https:\/\/dev.interpharma.animalwelfare.bertastrasse1.ch\/fr\/projets\/reduction-des-contraintes-pour-les-animaux-dans-letude\/\" \/>\n<meta property=\"og:site_name\" content=\"Centre didactique en biotechnologie\" \/>\n<meta property=\"article:publisher\" content=\"https:\/\/www.facebook.com\/vorsprungschweiz\/\" \/>\n<meta property=\"article:modified_time\" content=\"2023-11-21T17:38:04+00:00\" \/>\n<meta name=\"twitter:card\" content=\"summary_large_image\" \/>\n<meta name=\"twitter:label1\" content=\"Est. reading time\" \/>\n\t<meta name=\"twitter:data1\" content=\"1 minute\" \/>\n<script type=\"application\/ld+json\" class=\"yoast-schema-graph\">{\"@context\":\"https:\/\/schema.org\",\"@graph\":[{\"@type\":\"WebPage\",\"@id\":\"https:\/\/dev.interpharma.animalwelfare.bertastrasse1.ch\/fr\/projets\/reduction-des-contraintes-pour-les-animaux-dans-letude\/\",\"url\":\"https:\/\/dev.interpharma.animalwelfare.bertastrasse1.ch\/fr\/projets\/reduction-des-contraintes-pour-les-animaux-dans-letude\/\",\"name\":\"R\u00e9duction des contraintes pour les animaux dans l\u2019\u00e9tude - Centre didactique en biotechnologie\",\"isPartOf\":{\"@id\":\"https:\/\/dev.interpharma.animalwelfare.bertastrasse1.ch\/fr\/#website\"},\"datePublished\":\"2023-11-21T16:39:55+00:00\",\"dateModified\":\"2023-11-21T17:38:04+00:00\",\"breadcrumb\":{\"@id\":\"https:\/\/dev.interpharma.animalwelfare.bertastrasse1.ch\/fr\/projets\/reduction-des-contraintes-pour-les-animaux-dans-letude\/#breadcrumb\"},\"inLanguage\":\"fr-FR\",\"potentialAction\":[{\"@type\":\"ReadAction\",\"target\":[\"https:\/\/dev.interpharma.animalwelfare.bertastrasse1.ch\/fr\/projets\/reduction-des-contraintes-pour-les-animaux-dans-letude\/\"]}]},{\"@type\":\"BreadcrumbList\",\"@id\":\"https:\/\/dev.interpharma.animalwelfare.bertastrasse1.ch\/fr\/projets\/reduction-des-contraintes-pour-les-animaux-dans-letude\/#breadcrumb\",\"itemListElement\":[{\"@type\":\"ListItem\",\"position\":1,\"name\":\"Interpharma\",\"item\":\"https:\/\/dev.interpharma.animalwelfare.bertastrasse1.ch\/fr\/\"},{\"@type\":\"ListItem\",\"position\":2,\"name\":\"Projets\",\"item\":\"https:\/\/dev.interpharma.animalwelfare.bertastrasse1.ch\/fr\/projets\/\"},{\"@type\":\"ListItem\",\"position\":3,\"name\":\"R\u00e9duction des contraintes pour les animaux dans l\u2019\u00e9tude\"}]},{\"@type\":\"WebSite\",\"@id\":\"https:\/\/dev.interpharma.animalwelfare.bertastrasse1.ch\/fr\/#website\",\"url\":\"https:\/\/dev.interpharma.animalwelfare.bertastrasse1.ch\/fr\/\",\"name\":\"Centre didactique en biotechnologie\",\"description\":\"Interpharma Biotech Learning CenterMat\u00e9riel d'information issu de la recherche biologique et m\u00e9dicale moderne\",\"publisher\":{\"@id\":\"https:\/\/dev.interpharma.animalwelfare.bertastrasse1.ch\/fr\/#organization\"},\"potentialAction\":[{\"@type\":\"SearchAction\",\"target\":{\"@type\":\"EntryPoint\",\"urlTemplate\":\"https:\/\/dev.interpharma.animalwelfare.bertastrasse1.ch\/fr\/?s={search_term_string}\"},\"query-input\":\"required name=search_term_string\"}],\"inLanguage\":\"fr-FR\"},{\"@type\":\"Organization\",\"@id\":\"https:\/\/dev.interpharma.animalwelfare.bertastrasse1.ch\/fr\/#organization\",\"name\":\"Interpharma\",\"url\":\"https:\/\/dev.interpharma.animalwelfare.bertastrasse1.ch\/fr\/\",\"logo\":{\"@type\":\"ImageObject\",\"inLanguage\":\"fr-FR\",\"@id\":\"https:\/\/dev.interpharma.animalwelfare.bertastrasse1.ch\/fr\/#\/schema\/logo\/image\/\",\"url\":\"https:\/\/dev.interpharma.animalwelfare.bertastrasse1.ch\/wp-content\/uploads\/2019\/11\/logo_header.png\",\"contentUrl\":\"https:\/\/dev.interpharma.animalwelfare.bertastrasse1.ch\/wp-content\/uploads\/2019\/11\/logo_header.png\",\"width\":370,\"height\":56,\"caption\":\"Interpharma\"},\"image\":{\"@id\":\"https:\/\/dev.interpharma.animalwelfare.bertastrasse1.ch\/fr\/#\/schema\/logo\/image\/\"},\"sameAs\":[\"https:\/\/www.facebook.com\/vorsprungschweiz\/\",\"https:\/\/ch.linkedin.com\/company\/interpharma\",\"https:\/\/de.wikipedia.org\/wiki\/Interpharma\"]}]}<\/script>\n<!-- \/ Yoast SEO plugin. -->","yoast_head_json":{"title":"R\u00e9duction des contraintes pour les animaux dans l\u2019\u00e9tude - Centre didactique en biotechnologie","robots":{"index":"noindex","follow":"follow","max-snippet":"max-snippet:-1","max-image-preview":"max-image-preview:large","max-video-preview":"max-video-preview:-1"},"og_locale":"fr_FR","og_type":"article","og_title":"R\u00e9duction des contraintes pour les animaux dans l\u2019\u00e9tude - Centre didactique en biotechnologie","og_description":"La m\u00e9thode standard actuelle de pr\u00e9l\u00e8vement de mat\u00e9riel g\u00e9n\u00e9tique pour le g\u00e9notypage de poissons z\u00e8bres transg\u00e9niques est de couper les nageoires. Il s\u2019agit d\u2019une intervention invasive requ\u00e9rant une anesth\u00e9sie g\u00e9n\u00e9rale et potentiellement stressante pour les animaux. La technique moins invasive du frottis ne requiert ni anesth\u00e9sie g\u00e9n\u00e9rale, ni op\u00e9ration de pr\u00e9l\u00e8vement de tissus. Les cellules [&hellip;]","og_url":"https:\/\/dev.interpharma.animalwelfare.bertastrasse1.ch\/fr\/projets\/reduction-des-contraintes-pour-les-animaux-dans-letude\/","og_site_name":"Centre didactique en biotechnologie","article_publisher":"https:\/\/www.facebook.com\/vorsprungschweiz\/","article_modified_time":"2023-11-21T17:38:04+00:00","twitter_card":"summary_large_image","twitter_misc":{"Est. reading time":"1 minute"},"schema":{"@context":"https:\/\/schema.org","@graph":[{"@type":"WebPage","@id":"https:\/\/dev.interpharma.animalwelfare.bertastrasse1.ch\/fr\/projets\/reduction-des-contraintes-pour-les-animaux-dans-letude\/","url":"https:\/\/dev.interpharma.animalwelfare.bertastrasse1.ch\/fr\/projets\/reduction-des-contraintes-pour-les-animaux-dans-letude\/","name":"R\u00e9duction des contraintes pour les animaux dans l\u2019\u00e9tude - Centre didactique en biotechnologie","isPartOf":{"@id":"https:\/\/dev.interpharma.animalwelfare.bertastrasse1.ch\/fr\/#website"},"datePublished":"2023-11-21T16:39:55+00:00","dateModified":"2023-11-21T17:38:04+00:00","breadcrumb":{"@id":"https:\/\/dev.interpharma.animalwelfare.bertastrasse1.ch\/fr\/projets\/reduction-des-contraintes-pour-les-animaux-dans-letude\/#breadcrumb"},"inLanguage":"fr-FR","potentialAction":[{"@type":"ReadAction","target":["https:\/\/dev.interpharma.animalwelfare.bertastrasse1.ch\/fr\/projets\/reduction-des-contraintes-pour-les-animaux-dans-letude\/"]}]},{"@type":"BreadcrumbList","@id":"https:\/\/dev.interpharma.animalwelfare.bertastrasse1.ch\/fr\/projets\/reduction-des-contraintes-pour-les-animaux-dans-letude\/#breadcrumb","itemListElement":[{"@type":"ListItem","position":1,"name":"Interpharma","item":"https:\/\/dev.interpharma.animalwelfare.bertastrasse1.ch\/fr\/"},{"@type":"ListItem","position":2,"name":"Projets","item":"https:\/\/dev.interpharma.animalwelfare.bertastrasse1.ch\/fr\/projets\/"},{"@type":"ListItem","position":3,"name":"R\u00e9duction des contraintes pour les animaux dans l\u2019\u00e9tude"}]},{"@type":"WebSite","@id":"https:\/\/dev.interpharma.animalwelfare.bertastrasse1.ch\/fr\/#website","url":"https:\/\/dev.interpharma.animalwelfare.bertastrasse1.ch\/fr\/","name":"Centre didactique en biotechnologie","description":"Interpharma Biotech Learning CenterMat\u00e9riel d'information issu de la recherche biologique et m\u00e9dicale moderne","publisher":{"@id":"https:\/\/dev.interpharma.animalwelfare.bertastrasse1.ch\/fr\/#organization"},"potentialAction":[{"@type":"SearchAction","target":{"@type":"EntryPoint","urlTemplate":"https:\/\/dev.interpharma.animalwelfare.bertastrasse1.ch\/fr\/?s={search_term_string}"},"query-input":"required name=search_term_string"}],"inLanguage":"fr-FR"},{"@type":"Organization","@id":"https:\/\/dev.interpharma.animalwelfare.bertastrasse1.ch\/fr\/#organization","name":"Interpharma","url":"https:\/\/dev.interpharma.animalwelfare.bertastrasse1.ch\/fr\/","logo":{"@type":"ImageObject","inLanguage":"fr-FR","@id":"https:\/\/dev.interpharma.animalwelfare.bertastrasse1.ch\/fr\/#\/schema\/logo\/image\/","url":"https:\/\/dev.interpharma.animalwelfare.bertastrasse1.ch\/wp-content\/uploads\/2019\/11\/logo_header.png","contentUrl":"https:\/\/dev.interpharma.animalwelfare.bertastrasse1.ch\/wp-content\/uploads\/2019\/11\/logo_header.png","width":370,"height":56,"caption":"Interpharma"},"image":{"@id":"https:\/\/dev.interpharma.animalwelfare.bertastrasse1.ch\/fr\/#\/schema\/logo\/image\/"},"sameAs":["https:\/\/www.facebook.com\/vorsprungschweiz\/","https:\/\/ch.linkedin.com\/company\/interpharma","https:\/\/de.wikipedia.org\/wiki\/Interpharma"]}]}},"_links":{"self":[{"href":"https:\/\/dev.interpharma.animalwelfare.bertastrasse1.ch\/fr\/wp-json\/wp\/v2\/pages\/10124"}],"collection":[{"href":"https:\/\/dev.interpharma.animalwelfare.bertastrasse1.ch\/fr\/wp-json\/wp\/v2\/pages"}],"about":[{"href":"https:\/\/dev.interpharma.animalwelfare.bertastrasse1.ch\/fr\/wp-json\/wp\/v2\/types\/page"}],"author":[{"embeddable":true,"href":"https:\/\/dev.interpharma.animalwelfare.bertastrasse1.ch\/fr\/wp-json\/wp\/v2\/users\/3"}],"replies":[{"embeddable":true,"href":"https:\/\/dev.interpharma.animalwelfare.bertastrasse1.ch\/fr\/wp-json\/wp\/v2\/comments?post=10124"}],"version-history":[{"count":1,"href":"https:\/\/dev.interpharma.animalwelfare.bertastrasse1.ch\/fr\/wp-json\/wp\/v2\/pages\/10124\/revisions"}],"predecessor-version":[{"id":10126,"href":"https:\/\/dev.interpharma.animalwelfare.bertastrasse1.ch\/fr\/wp-json\/wp\/v2\/pages\/10124\/revisions\/10126"}],"up":[{"embeddable":true,"href":"https:\/\/dev.interpharma.animalwelfare.bertastrasse1.ch\/fr\/wp-json\/wp\/v2\/pages\/10042"}],"wp:attachment":[{"href":"https:\/\/dev.interpharma.animalwelfare.bertastrasse1.ch\/fr\/wp-json\/wp\/v2\/media?parent=10124"}],"curies":[{"name":"wp","href":"https:\/\/api.w.org\/{rel}","templated":true}]}}