{"id":10114,"date":"2019-10-06T16:21:32","date_gmt":"2023-11-21T16:39:55","guid":{"rendered":"https:\/\/dev.interpharma.animalwelfare.bertastrasse1.ch\/projets\/anwendung-guter-statistischer-prinzipien\/"},"modified":"2023-11-21T18:00:33","modified_gmt":"2023-11-21T18:00:33","slug":"reduction-du-nombre-danimaux-grace-a-lutilisation-dun-nouvel-appareil","status":"publish","type":"page","link":"https:\/\/dev.interpharma.animalwelfare.bertastrasse1.ch\/fr\/projets\/reduction-du-nombre-danimaux-grace-a-lutilisation-dun-nouvel-appareil\/","title":{"rendered":"R\u00e9duction du nombre d\u2019animaux gr\u00e2ce \u00e0 l\u2019utilisation d\u2019un nouvel appareil"},"content":{"rendered":"\n<p>Dans le cadre de cette \u00e9tude, un nouvel appareil a \u00e9t\u00e9 d\u00e9velopp\u00e9 pour l\u2019administration oculaire topique, dans le but de faciliter la pr\u00e9cision du dosage, de soutenir l\u2019administration de traitements par voie oculaire et d\u2019am\u00e9liorer le confort de la patiente ou du patient pendant l\u2019administration du traitement. L\u2019emploi de cette m\u00e9thode a abouti \u00e0 un design et une analyse qui ont permis de diviser par dix le nombre d\u2019animaux utilis\u00e9s.<\/p>\n\n\n\n<p>Nom du projet: Utilisation de bons principes statistiques<br>Articles de la charte: 1, 2<\/p>\n","protected":false},"excerpt":{"rendered":"<p>Dans le cadre de cette \u00e9tude, un nouvel appareil a \u00e9t\u00e9 d\u00e9velopp\u00e9 pour l\u2019administration oculaire topique, dans le but de faciliter la pr\u00e9cision du dosage, de soutenir l\u2019administration de traitements par voie oculaire et d\u2019am\u00e9liorer le confort de la patiente ou du patient pendant l\u2019administration du traitement. L\u2019emploi de cette m\u00e9thode a abouti \u00e0 un [&hellip;]<\/p>\n","protected":false},"author":3,"featured_media":0,"parent":10042,"menu_order":3,"comment_status":"closed","ping_status":"closed","template":"page-templates\/themen-under-seite.php","meta":{"footnotes":""},"acf":[],"yoast_head":"<!-- This site is optimized with the Yoast SEO plugin v21.5 - https:\/\/yoast.com\/wordpress\/plugins\/seo\/ -->\n<title>R\u00e9duction du nombre d\u2019animaux gr\u00e2ce \u00e0 l\u2019utilisation d\u2019un nouvel appareil - Centre didactique en biotechnologie<\/title>\n<meta name=\"robots\" content=\"noindex, follow, max-snippet:-1, max-image-preview:large, max-video-preview:-1\" \/>\n<meta property=\"og:locale\" content=\"fr_FR\" \/>\n<meta property=\"og:type\" content=\"article\" \/>\n<meta property=\"og:title\" content=\"R\u00e9duction du nombre d\u2019animaux gr\u00e2ce \u00e0 l\u2019utilisation d\u2019un nouvel appareil - Centre didactique en biotechnologie\" \/>\n<meta property=\"og:description\" content=\"Dans le cadre de cette \u00e9tude, un nouvel appareil a \u00e9t\u00e9 d\u00e9velopp\u00e9 pour l\u2019administration oculaire topique, dans le but de faciliter la pr\u00e9cision du dosage, de soutenir l\u2019administration de traitements par voie oculaire et d\u2019am\u00e9liorer le confort de la patiente ou du patient pendant l\u2019administration du traitement. L\u2019emploi de cette m\u00e9thode a abouti \u00e0 un [&hellip;]\" \/>\n<meta property=\"og:url\" content=\"https:\/\/dev.interpharma.animalwelfare.bertastrasse1.ch\/fr\/projets\/reduction-du-nombre-danimaux-grace-a-lutilisation-dun-nouvel-appareil\/\" \/>\n<meta property=\"og:site_name\" content=\"Centre didactique en biotechnologie\" \/>\n<meta property=\"article:publisher\" content=\"https:\/\/www.facebook.com\/vorsprungschweiz\/\" \/>\n<meta property=\"article:modified_time\" content=\"2023-11-21T18:00:33+00:00\" \/>\n<meta name=\"twitter:card\" content=\"summary_large_image\" \/>\n<meta name=\"twitter:label1\" content=\"Est. reading time\" \/>\n\t<meta name=\"twitter:data1\" content=\"1 minute\" \/>\n<script type=\"application\/ld+json\" class=\"yoast-schema-graph\">{\"@context\":\"https:\/\/schema.org\",\"@graph\":[{\"@type\":\"WebPage\",\"@id\":\"https:\/\/dev.interpharma.animalwelfare.bertastrasse1.ch\/fr\/projets\/reduction-du-nombre-danimaux-grace-a-lutilisation-dun-nouvel-appareil\/\",\"url\":\"https:\/\/dev.interpharma.animalwelfare.bertastrasse1.ch\/fr\/projets\/reduction-du-nombre-danimaux-grace-a-lutilisation-dun-nouvel-appareil\/\",\"name\":\"R\u00e9duction du nombre d\u2019animaux gr\u00e2ce \u00e0 l\u2019utilisation d\u2019un nouvel appareil - Centre didactique en biotechnologie\",\"isPartOf\":{\"@id\":\"https:\/\/dev.interpharma.animalwelfare.bertastrasse1.ch\/fr\/#website\"},\"datePublished\":\"2023-11-21T16:39:55+00:00\",\"dateModified\":\"2023-11-21T18:00:33+00:00\",\"breadcrumb\":{\"@id\":\"https:\/\/dev.interpharma.animalwelfare.bertastrasse1.ch\/fr\/projets\/reduction-du-nombre-danimaux-grace-a-lutilisation-dun-nouvel-appareil\/#breadcrumb\"},\"inLanguage\":\"fr-FR\",\"potentialAction\":[{\"@type\":\"ReadAction\",\"target\":[\"https:\/\/dev.interpharma.animalwelfare.bertastrasse1.ch\/fr\/projets\/reduction-du-nombre-danimaux-grace-a-lutilisation-dun-nouvel-appareil\/\"]}]},{\"@type\":\"BreadcrumbList\",\"@id\":\"https:\/\/dev.interpharma.animalwelfare.bertastrasse1.ch\/fr\/projets\/reduction-du-nombre-danimaux-grace-a-lutilisation-dun-nouvel-appareil\/#breadcrumb\",\"itemListElement\":[{\"@type\":\"ListItem\",\"position\":1,\"name\":\"Interpharma\",\"item\":\"https:\/\/dev.interpharma.animalwelfare.bertastrasse1.ch\/fr\/\"},{\"@type\":\"ListItem\",\"position\":2,\"name\":\"Projets\",\"item\":\"https:\/\/dev.interpharma.animalwelfare.bertastrasse1.ch\/fr\/projets\/\"},{\"@type\":\"ListItem\",\"position\":3,\"name\":\"R\u00e9duction du nombre d\u2019animaux gr\u00e2ce \u00e0 l\u2019utilisation d\u2019un nouvel appareil\"}]},{\"@type\":\"WebSite\",\"@id\":\"https:\/\/dev.interpharma.animalwelfare.bertastrasse1.ch\/fr\/#website\",\"url\":\"https:\/\/dev.interpharma.animalwelfare.bertastrasse1.ch\/fr\/\",\"name\":\"Centre didactique en biotechnologie\",\"description\":\"Interpharma Biotech Learning CenterMat\u00e9riel d'information issu de la recherche biologique et m\u00e9dicale moderne\",\"publisher\":{\"@id\":\"https:\/\/dev.interpharma.animalwelfare.bertastrasse1.ch\/fr\/#organization\"},\"potentialAction\":[{\"@type\":\"SearchAction\",\"target\":{\"@type\":\"EntryPoint\",\"urlTemplate\":\"https:\/\/dev.interpharma.animalwelfare.bertastrasse1.ch\/fr\/?s={search_term_string}\"},\"query-input\":\"required name=search_term_string\"}],\"inLanguage\":\"fr-FR\"},{\"@type\":\"Organization\",\"@id\":\"https:\/\/dev.interpharma.animalwelfare.bertastrasse1.ch\/fr\/#organization\",\"name\":\"Interpharma\",\"url\":\"https:\/\/dev.interpharma.animalwelfare.bertastrasse1.ch\/fr\/\",\"logo\":{\"@type\":\"ImageObject\",\"inLanguage\":\"fr-FR\",\"@id\":\"https:\/\/dev.interpharma.animalwelfare.bertastrasse1.ch\/fr\/#\/schema\/logo\/image\/\",\"url\":\"https:\/\/dev.interpharma.animalwelfare.bertastrasse1.ch\/wp-content\/uploads\/2019\/11\/logo_header.png\",\"contentUrl\":\"https:\/\/dev.interpharma.animalwelfare.bertastrasse1.ch\/wp-content\/uploads\/2019\/11\/logo_header.png\",\"width\":370,\"height\":56,\"caption\":\"Interpharma\"},\"image\":{\"@id\":\"https:\/\/dev.interpharma.animalwelfare.bertastrasse1.ch\/fr\/#\/schema\/logo\/image\/\"},\"sameAs\":[\"https:\/\/www.facebook.com\/vorsprungschweiz\/\",\"https:\/\/ch.linkedin.com\/company\/interpharma\",\"https:\/\/de.wikipedia.org\/wiki\/Interpharma\"]}]}<\/script>\n<!-- \/ Yoast SEO plugin. -->","yoast_head_json":{"title":"R\u00e9duction du nombre d\u2019animaux gr\u00e2ce \u00e0 l\u2019utilisation d\u2019un nouvel appareil - Centre didactique en biotechnologie","robots":{"index":"noindex","follow":"follow","max-snippet":"max-snippet:-1","max-image-preview":"max-image-preview:large","max-video-preview":"max-video-preview:-1"},"og_locale":"fr_FR","og_type":"article","og_title":"R\u00e9duction du nombre d\u2019animaux gr\u00e2ce \u00e0 l\u2019utilisation d\u2019un nouvel appareil - Centre didactique en biotechnologie","og_description":"Dans le cadre de cette \u00e9tude, un nouvel appareil a \u00e9t\u00e9 d\u00e9velopp\u00e9 pour l\u2019administration oculaire topique, dans le but de faciliter la pr\u00e9cision du dosage, de soutenir l\u2019administration de traitements par voie oculaire et d\u2019am\u00e9liorer le confort de la patiente ou du patient pendant l\u2019administration du traitement. L\u2019emploi de cette m\u00e9thode a abouti \u00e0 un [&hellip;]","og_url":"https:\/\/dev.interpharma.animalwelfare.bertastrasse1.ch\/fr\/projets\/reduction-du-nombre-danimaux-grace-a-lutilisation-dun-nouvel-appareil\/","og_site_name":"Centre didactique en biotechnologie","article_publisher":"https:\/\/www.facebook.com\/vorsprungschweiz\/","article_modified_time":"2023-11-21T18:00:33+00:00","twitter_card":"summary_large_image","twitter_misc":{"Est. reading time":"1 minute"},"schema":{"@context":"https:\/\/schema.org","@graph":[{"@type":"WebPage","@id":"https:\/\/dev.interpharma.animalwelfare.bertastrasse1.ch\/fr\/projets\/reduction-du-nombre-danimaux-grace-a-lutilisation-dun-nouvel-appareil\/","url":"https:\/\/dev.interpharma.animalwelfare.bertastrasse1.ch\/fr\/projets\/reduction-du-nombre-danimaux-grace-a-lutilisation-dun-nouvel-appareil\/","name":"R\u00e9duction du nombre d\u2019animaux gr\u00e2ce \u00e0 l\u2019utilisation d\u2019un nouvel appareil - Centre didactique en biotechnologie","isPartOf":{"@id":"https:\/\/dev.interpharma.animalwelfare.bertastrasse1.ch\/fr\/#website"},"datePublished":"2023-11-21T16:39:55+00:00","dateModified":"2023-11-21T18:00:33+00:00","breadcrumb":{"@id":"https:\/\/dev.interpharma.animalwelfare.bertastrasse1.ch\/fr\/projets\/reduction-du-nombre-danimaux-grace-a-lutilisation-dun-nouvel-appareil\/#breadcrumb"},"inLanguage":"fr-FR","potentialAction":[{"@type":"ReadAction","target":["https:\/\/dev.interpharma.animalwelfare.bertastrasse1.ch\/fr\/projets\/reduction-du-nombre-danimaux-grace-a-lutilisation-dun-nouvel-appareil\/"]}]},{"@type":"BreadcrumbList","@id":"https:\/\/dev.interpharma.animalwelfare.bertastrasse1.ch\/fr\/projets\/reduction-du-nombre-danimaux-grace-a-lutilisation-dun-nouvel-appareil\/#breadcrumb","itemListElement":[{"@type":"ListItem","position":1,"name":"Interpharma","item":"https:\/\/dev.interpharma.animalwelfare.bertastrasse1.ch\/fr\/"},{"@type":"ListItem","position":2,"name":"Projets","item":"https:\/\/dev.interpharma.animalwelfare.bertastrasse1.ch\/fr\/projets\/"},{"@type":"ListItem","position":3,"name":"R\u00e9duction du nombre d\u2019animaux gr\u00e2ce \u00e0 l\u2019utilisation d\u2019un nouvel appareil"}]},{"@type":"WebSite","@id":"https:\/\/dev.interpharma.animalwelfare.bertastrasse1.ch\/fr\/#website","url":"https:\/\/dev.interpharma.animalwelfare.bertastrasse1.ch\/fr\/","name":"Centre didactique en biotechnologie","description":"Interpharma Biotech Learning CenterMat\u00e9riel d'information issu de la recherche biologique et m\u00e9dicale moderne","publisher":{"@id":"https:\/\/dev.interpharma.animalwelfare.bertastrasse1.ch\/fr\/#organization"},"potentialAction":[{"@type":"SearchAction","target":{"@type":"EntryPoint","urlTemplate":"https:\/\/dev.interpharma.animalwelfare.bertastrasse1.ch\/fr\/?s={search_term_string}"},"query-input":"required name=search_term_string"}],"inLanguage":"fr-FR"},{"@type":"Organization","@id":"https:\/\/dev.interpharma.animalwelfare.bertastrasse1.ch\/fr\/#organization","name":"Interpharma","url":"https:\/\/dev.interpharma.animalwelfare.bertastrasse1.ch\/fr\/","logo":{"@type":"ImageObject","inLanguage":"fr-FR","@id":"https:\/\/dev.interpharma.animalwelfare.bertastrasse1.ch\/fr\/#\/schema\/logo\/image\/","url":"https:\/\/dev.interpharma.animalwelfare.bertastrasse1.ch\/wp-content\/uploads\/2019\/11\/logo_header.png","contentUrl":"https:\/\/dev.interpharma.animalwelfare.bertastrasse1.ch\/wp-content\/uploads\/2019\/11\/logo_header.png","width":370,"height":56,"caption":"Interpharma"},"image":{"@id":"https:\/\/dev.interpharma.animalwelfare.bertastrasse1.ch\/fr\/#\/schema\/logo\/image\/"},"sameAs":["https:\/\/www.facebook.com\/vorsprungschweiz\/","https:\/\/ch.linkedin.com\/company\/interpharma","https:\/\/de.wikipedia.org\/wiki\/Interpharma"]}]}},"_links":{"self":[{"href":"https:\/\/dev.interpharma.animalwelfare.bertastrasse1.ch\/fr\/wp-json\/wp\/v2\/pages\/10114"}],"collection":[{"href":"https:\/\/dev.interpharma.animalwelfare.bertastrasse1.ch\/fr\/wp-json\/wp\/v2\/pages"}],"about":[{"href":"https:\/\/dev.interpharma.animalwelfare.bertastrasse1.ch\/fr\/wp-json\/wp\/v2\/types\/page"}],"author":[{"embeddable":true,"href":"https:\/\/dev.interpharma.animalwelfare.bertastrasse1.ch\/fr\/wp-json\/wp\/v2\/users\/3"}],"replies":[{"embeddable":true,"href":"https:\/\/dev.interpharma.animalwelfare.bertastrasse1.ch\/fr\/wp-json\/wp\/v2\/comments?post=10114"}],"version-history":[{"count":1,"href":"https:\/\/dev.interpharma.animalwelfare.bertastrasse1.ch\/fr\/wp-json\/wp\/v2\/pages\/10114\/revisions"}],"predecessor-version":[{"id":10160,"href":"https:\/\/dev.interpharma.animalwelfare.bertastrasse1.ch\/fr\/wp-json\/wp\/v2\/pages\/10114\/revisions\/10160"}],"up":[{"embeddable":true,"href":"https:\/\/dev.interpharma.animalwelfare.bertastrasse1.ch\/fr\/wp-json\/wp\/v2\/pages\/10042"}],"wp:attachment":[{"href":"https:\/\/dev.interpharma.animalwelfare.bertastrasse1.ch\/fr\/wp-json\/wp\/v2\/media?parent=10114"}],"curies":[{"name":"wp","href":"https:\/\/api.w.org\/{rel}","templated":true}]}}