{"id":10487,"date":"2024-08-14T07:53:06","date_gmt":"2024-08-14T07:53:06","guid":{"rendered":"https:\/\/dev.interpharma.animalwelfare.bertastrasse1.ch\/themen\/gesundheit-von-mensch-und-tier-gehort-zusammen-2\/4-medikamente-dienen-auch-der-tiergesundheit\/"},"modified":"2024-08-14T07:53:06","modified_gmt":"2024-08-14T07:53:06","slug":"4-medikamente-dienen-auch-der-tiergesundheit","status":"publish","type":"page","link":"https:\/\/dev.interpharma.animalwelfare.bertastrasse1.ch\/en\/themen\/gesundheit-von-mensch-und-tier-gehort-zusammen-2\/4-medikamente-dienen-auch-der-tiergesundheit\/","title":{"rendered":"4. Medikamente dienen auch der Tiergesundheit"},"content":{"rendered":"\n<p>Im Zeichen von \u00abOne Health\u00bb stehen Massnahmen zur Gesundheits\u00fcberwachung, zur Pr\u00e4vention, aber auch zur Behandlung von Krankheiten und Verletzungen. Eine wichtige Rolle spielt der Einsatz von medizinischen Wirkstoffen bei Tieren. Dazu geh\u00f6ren Impfstoffe, Antibiotika und weitere Medikamente zur Vorbeugung bzw. Behandlung von Infektionskrankheiten, aber auch Medikamente gegen Parasitenbefall, Entz\u00fcndungen und Schmerzen. Wie differenziert das Angebot ist, zeigen beispielhaft die sogenannten \u00abBig Five\u00bb (Schleifendiuretika, Pimobendan, ACE-Hemmer, Spironolacton, Amlodipin), die zur Herztherapie bei Hunden und Katzen eingesetzt werden. Nutztiere und Haustiere profitieren in der Schweiz von gegen 700 Pr\u00e4paraten.<\/p>\n\n\n\n<p>Die Zulassung veterin\u00e4rmedizinischer Wirkstoffe erfolgt wie in der Humanmedizin nach Pr\u00fcfung durch die Schweizer Arzneimittelbeh\u00f6rde Swissmedic. Das gilt f\u00fcr Medikamente, die durch Tier\u00e4rztinnen und Tier\u00e4rzte verschrieben werden, aber auch f\u00fcr solche, die rezeptfrei erh\u00e4ltlich sind. Als Tierarzneimittel dienen oft Medikamente, die zuvor schon bei Menschen eingesetzt und dann f\u00fcr die Anwendung bei Tieren adaptiert wurden. Auf dem Weg profitieren auch Tiere von dem aufwendigen Prozess der Medikamentenentwicklung, der von der Grundlagenforschung \u00fcber die pr\u00e4klinische Forschung (Labor- und Tierexperimente) bis zu klinischen Studien am Menschen f\u00fchrt. Der Entwicklungsprozess, der f\u00fcr einen neuen Wirkstoff im Durchschnitt zw\u00f6lf Jahre dauert, gew\u00e4hrleistet, dass Medikamente wirksam, sicher und unbedenklich sind. Um dies zu gew\u00e4hrleisten, sind Tierversuche unerl\u00e4sslich. Zum Schutz der Tiere gilt dabei das 3R-Prinzip (Replace, Reduce, Refine): Tierversuche sind nur ethisch vertretbar, wenn keine anderen Methoden zur Verf\u00fcgung stehen und Anzahl sowie die Belastung der Tiere auf das unerl\u00e4ssliche Mass beschr\u00e4nkt werden.<\/p>\n\n\n\n        <section class=\"custom-image-block\">\n        <div class=\"image-wrapper\">\n            <img decoding=\"async\" src=\"https:\/\/dev.interpharma.animalwelfare.bertastrasse1.ch\/wp-content\/uploads\/2023\/11\/20231121_iph_grafik_Tierarzneimitteln_desktop_DE_ik04.png\" alt=\"\" class=\"block-img\" \/>\n        <\/div>\n\n        <div class=\"image-mob-wrapper\">\n            \n            <img decoding=\"async\" src=\"https:\/\/dev.interpharma.animalwelfare.bertastrasse1.ch\/wp-content\/uploads\/2023\/11\/20231121_iph_grafik_Tierarzneimitteln_mobile_DE_ik02.png\" alt=\"\" class=\"block-img\" \/>\n        <\/div>\n    <\/section>\n\n\n\n","protected":false},"excerpt":{"rendered":"<p>Im Zeichen von \u00abOne Health\u00bb stehen Massnahmen zur Gesundheits\u00fcberwachung, zur Pr\u00e4vention, aber auch zur Behandlung von Krankheiten und Verletzungen. Eine wichtige Rolle spielt der Einsatz von medizinischen Wirkstoffen bei Tieren. Dazu geh\u00f6ren Impfstoffe, Antibiotika und weitere Medikamente zur Vorbeugung bzw. Behandlung von Infektionskrankheiten, aber auch Medikamente gegen Parasitenbefall, Entz\u00fcndungen und Schmerzen. Wie differenziert das Angebot [&hellip;]<\/p>\n","protected":false},"author":3,"featured_media":0,"parent":10485,"menu_order":3,"comment_status":"closed","ping_status":"closed","template":"page-templates\/themen-under-seite.php","meta":{"footnotes":""},"acf":[],"yoast_head":"<!-- This site is optimized with the Yoast SEO plugin v21.5 - https:\/\/yoast.com\/wordpress\/plugins\/seo\/ -->\n<title>4. Medikamente dienen auch der Tiergesundheit - Animal Welfare<\/title>\n<meta name=\"robots\" content=\"noindex, follow, max-snippet:-1, max-image-preview:large, max-video-preview:-1\" \/>\n<meta property=\"og:locale\" content=\"en_US\" \/>\n<meta property=\"og:type\" content=\"article\" \/>\n<meta property=\"og:title\" content=\"4. Medikamente dienen auch der Tiergesundheit - Animal Welfare\" \/>\n<meta property=\"og:description\" content=\"Im Zeichen von \u00abOne Health\u00bb stehen Massnahmen zur Gesundheits\u00fcberwachung, zur Pr\u00e4vention, aber auch zur Behandlung von Krankheiten und Verletzungen. Eine wichtige Rolle spielt der Einsatz von medizinischen Wirkstoffen bei Tieren. Dazu geh\u00f6ren Impfstoffe, Antibiotika und weitere Medikamente zur Vorbeugung bzw. Behandlung von Infektionskrankheiten, aber auch Medikamente gegen Parasitenbefall, Entz\u00fcndungen und Schmerzen. Wie differenziert das Angebot [&hellip;]\" \/>\n<meta property=\"og:url\" content=\"https:\/\/dev.interpharma.animalwelfare.bertastrasse1.ch\/en\/themen\/gesundheit-von-mensch-und-tier-gehort-zusammen-2\/4-medikamente-dienen-auch-der-tiergesundheit\/\" \/>\n<meta property=\"og:site_name\" content=\"Animal Welfare\" \/>\n<meta property=\"article:publisher\" content=\"https:\/\/www.facebook.com\/vorsprungschweiz\/\" \/>\n<meta name=\"twitter:card\" content=\"summary_large_image\" \/>\n<meta name=\"twitter:label1\" content=\"Est. reading time\" \/>\n\t<meta name=\"twitter:data1\" content=\"2 minutes\" \/>\n<script type=\"application\/ld+json\" class=\"yoast-schema-graph\">{\"@context\":\"https:\/\/schema.org\",\"@graph\":[{\"@type\":\"WebPage\",\"@id\":\"https:\/\/dev.interpharma.animalwelfare.bertastrasse1.ch\/en\/themen\/gesundheit-von-mensch-und-tier-gehort-zusammen-2\/4-medikamente-dienen-auch-der-tiergesundheit\/\",\"url\":\"https:\/\/dev.interpharma.animalwelfare.bertastrasse1.ch\/en\/themen\/gesundheit-von-mensch-und-tier-gehort-zusammen-2\/4-medikamente-dienen-auch-der-tiergesundheit\/\",\"name\":\"4. Medikamente dienen auch der Tiergesundheit - Animal Welfare\",\"isPartOf\":{\"@id\":\"https:\/\/dev.interpharma.animalwelfare.bertastrasse1.ch\/en\/#website\"},\"datePublished\":\"2024-08-14T07:53:06+00:00\",\"dateModified\":\"2024-08-14T07:53:06+00:00\",\"breadcrumb\":{\"@id\":\"https:\/\/dev.interpharma.animalwelfare.bertastrasse1.ch\/en\/themen\/gesundheit-von-mensch-und-tier-gehort-zusammen-2\/4-medikamente-dienen-auch-der-tiergesundheit\/#breadcrumb\"},\"inLanguage\":\"en-US\",\"potentialAction\":[{\"@type\":\"ReadAction\",\"target\":[\"https:\/\/dev.interpharma.animalwelfare.bertastrasse1.ch\/en\/themen\/gesundheit-von-mensch-und-tier-gehort-zusammen-2\/4-medikamente-dienen-auch-der-tiergesundheit\/\"]}]},{\"@type\":\"BreadcrumbList\",\"@id\":\"https:\/\/dev.interpharma.animalwelfare.bertastrasse1.ch\/en\/themen\/gesundheit-von-mensch-und-tier-gehort-zusammen-2\/4-medikamente-dienen-auch-der-tiergesundheit\/#breadcrumb\",\"itemListElement\":[{\"@type\":\"ListItem\",\"position\":1,\"name\":\"Interpharma\",\"item\":\"https:\/\/dev.interpharma.animalwelfare.bertastrasse1.ch\/en\/\"},{\"@type\":\"ListItem\",\"position\":2,\"name\":\"Themen\",\"item\":\"https:\/\/dev.interpharma.animalwelfare.bertastrasse1.ch\/en\/themen\/\"},{\"@type\":\"ListItem\",\"position\":3,\"name\":\"Gesundheit von Mensch und Tier geh\u00f6rt zusammen\",\"item\":\"https:\/\/dev.interpharma.animalwelfare.bertastrasse1.ch\/en\/themen\/gesundheit-von-mensch-und-tier-gehort-zusammen-2\/\"},{\"@type\":\"ListItem\",\"position\":4,\"name\":\"4. Medikamente dienen auch der Tiergesundheit\"}]},{\"@type\":\"WebSite\",\"@id\":\"https:\/\/dev.interpharma.animalwelfare.bertastrasse1.ch\/en\/#website\",\"url\":\"https:\/\/dev.interpharma.animalwelfare.bertastrasse1.ch\/en\/\",\"name\":\"Animal Welfare\",\"description\":\"Interpharma BiotechlerncenterInformationsmaterial aus der modernen biologischen und medizinischen Forschung\",\"publisher\":{\"@id\":\"https:\/\/dev.interpharma.animalwelfare.bertastrasse1.ch\/en\/#organization\"},\"potentialAction\":[{\"@type\":\"SearchAction\",\"target\":{\"@type\":\"EntryPoint\",\"urlTemplate\":\"https:\/\/dev.interpharma.animalwelfare.bertastrasse1.ch\/en\/?s={search_term_string}\"},\"query-input\":\"required name=search_term_string\"}],\"inLanguage\":\"en-US\"},{\"@type\":\"Organization\",\"@id\":\"https:\/\/dev.interpharma.animalwelfare.bertastrasse1.ch\/en\/#organization\",\"name\":\"Interpharma\",\"url\":\"https:\/\/dev.interpharma.animalwelfare.bertastrasse1.ch\/en\/\",\"logo\":{\"@type\":\"ImageObject\",\"inLanguage\":\"en-US\",\"@id\":\"https:\/\/dev.interpharma.animalwelfare.bertastrasse1.ch\/en\/#\/schema\/logo\/image\/\",\"url\":\"https:\/\/dev.interpharma.animalwelfare.bertastrasse1.ch\/wp-content\/uploads\/2019\/11\/logo_header.png\",\"contentUrl\":\"https:\/\/dev.interpharma.animalwelfare.bertastrasse1.ch\/wp-content\/uploads\/2019\/11\/logo_header.png\",\"width\":370,\"height\":56,\"caption\":\"Interpharma\"},\"image\":{\"@id\":\"https:\/\/dev.interpharma.animalwelfare.bertastrasse1.ch\/en\/#\/schema\/logo\/image\/\"},\"sameAs\":[\"https:\/\/www.facebook.com\/vorsprungschweiz\/\",\"https:\/\/ch.linkedin.com\/company\/interpharma\",\"https:\/\/de.wikipedia.org\/wiki\/Interpharma\"]}]}<\/script>\n<!-- \/ Yoast SEO plugin. -->","yoast_head_json":{"title":"4. Medikamente dienen auch der Tiergesundheit - Animal Welfare","robots":{"index":"noindex","follow":"follow","max-snippet":"max-snippet:-1","max-image-preview":"max-image-preview:large","max-video-preview":"max-video-preview:-1"},"og_locale":"en_US","og_type":"article","og_title":"4. Medikamente dienen auch der Tiergesundheit - Animal Welfare","og_description":"Im Zeichen von \u00abOne Health\u00bb stehen Massnahmen zur Gesundheits\u00fcberwachung, zur Pr\u00e4vention, aber auch zur Behandlung von Krankheiten und Verletzungen. Eine wichtige Rolle spielt der Einsatz von medizinischen Wirkstoffen bei Tieren. Dazu geh\u00f6ren Impfstoffe, Antibiotika und weitere Medikamente zur Vorbeugung bzw. Behandlung von Infektionskrankheiten, aber auch Medikamente gegen Parasitenbefall, Entz\u00fcndungen und Schmerzen. Wie differenziert das Angebot [&hellip;]","og_url":"https:\/\/dev.interpharma.animalwelfare.bertastrasse1.ch\/en\/themen\/gesundheit-von-mensch-und-tier-gehort-zusammen-2\/4-medikamente-dienen-auch-der-tiergesundheit\/","og_site_name":"Animal Welfare","article_publisher":"https:\/\/www.facebook.com\/vorsprungschweiz\/","twitter_card":"summary_large_image","twitter_misc":{"Est. reading time":"2 minutes"},"schema":{"@context":"https:\/\/schema.org","@graph":[{"@type":"WebPage","@id":"https:\/\/dev.interpharma.animalwelfare.bertastrasse1.ch\/en\/themen\/gesundheit-von-mensch-und-tier-gehort-zusammen-2\/4-medikamente-dienen-auch-der-tiergesundheit\/","url":"https:\/\/dev.interpharma.animalwelfare.bertastrasse1.ch\/en\/themen\/gesundheit-von-mensch-und-tier-gehort-zusammen-2\/4-medikamente-dienen-auch-der-tiergesundheit\/","name":"4. Medikamente dienen auch der Tiergesundheit - Animal Welfare","isPartOf":{"@id":"https:\/\/dev.interpharma.animalwelfare.bertastrasse1.ch\/en\/#website"},"datePublished":"2024-08-14T07:53:06+00:00","dateModified":"2024-08-14T07:53:06+00:00","breadcrumb":{"@id":"https:\/\/dev.interpharma.animalwelfare.bertastrasse1.ch\/en\/themen\/gesundheit-von-mensch-und-tier-gehort-zusammen-2\/4-medikamente-dienen-auch-der-tiergesundheit\/#breadcrumb"},"inLanguage":"en-US","potentialAction":[{"@type":"ReadAction","target":["https:\/\/dev.interpharma.animalwelfare.bertastrasse1.ch\/en\/themen\/gesundheit-von-mensch-und-tier-gehort-zusammen-2\/4-medikamente-dienen-auch-der-tiergesundheit\/"]}]},{"@type":"BreadcrumbList","@id":"https:\/\/dev.interpharma.animalwelfare.bertastrasse1.ch\/en\/themen\/gesundheit-von-mensch-und-tier-gehort-zusammen-2\/4-medikamente-dienen-auch-der-tiergesundheit\/#breadcrumb","itemListElement":[{"@type":"ListItem","position":1,"name":"Interpharma","item":"https:\/\/dev.interpharma.animalwelfare.bertastrasse1.ch\/en\/"},{"@type":"ListItem","position":2,"name":"Themen","item":"https:\/\/dev.interpharma.animalwelfare.bertastrasse1.ch\/en\/themen\/"},{"@type":"ListItem","position":3,"name":"Gesundheit von Mensch und Tier geh\u00f6rt zusammen","item":"https:\/\/dev.interpharma.animalwelfare.bertastrasse1.ch\/en\/themen\/gesundheit-von-mensch-und-tier-gehort-zusammen-2\/"},{"@type":"ListItem","position":4,"name":"4. Medikamente dienen auch der Tiergesundheit"}]},{"@type":"WebSite","@id":"https:\/\/dev.interpharma.animalwelfare.bertastrasse1.ch\/en\/#website","url":"https:\/\/dev.interpharma.animalwelfare.bertastrasse1.ch\/en\/","name":"Animal Welfare","description":"Interpharma BiotechlerncenterInformationsmaterial aus der modernen biologischen und medizinischen Forschung","publisher":{"@id":"https:\/\/dev.interpharma.animalwelfare.bertastrasse1.ch\/en\/#organization"},"potentialAction":[{"@type":"SearchAction","target":{"@type":"EntryPoint","urlTemplate":"https:\/\/dev.interpharma.animalwelfare.bertastrasse1.ch\/en\/?s={search_term_string}"},"query-input":"required name=search_term_string"}],"inLanguage":"en-US"},{"@type":"Organization","@id":"https:\/\/dev.interpharma.animalwelfare.bertastrasse1.ch\/en\/#organization","name":"Interpharma","url":"https:\/\/dev.interpharma.animalwelfare.bertastrasse1.ch\/en\/","logo":{"@type":"ImageObject","inLanguage":"en-US","@id":"https:\/\/dev.interpharma.animalwelfare.bertastrasse1.ch\/en\/#\/schema\/logo\/image\/","url":"https:\/\/dev.interpharma.animalwelfare.bertastrasse1.ch\/wp-content\/uploads\/2019\/11\/logo_header.png","contentUrl":"https:\/\/dev.interpharma.animalwelfare.bertastrasse1.ch\/wp-content\/uploads\/2019\/11\/logo_header.png","width":370,"height":56,"caption":"Interpharma"},"image":{"@id":"https:\/\/dev.interpharma.animalwelfare.bertastrasse1.ch\/en\/#\/schema\/logo\/image\/"},"sameAs":["https:\/\/www.facebook.com\/vorsprungschweiz\/","https:\/\/ch.linkedin.com\/company\/interpharma","https:\/\/de.wikipedia.org\/wiki\/Interpharma"]}]}},"_links":{"self":[{"href":"https:\/\/dev.interpharma.animalwelfare.bertastrasse1.ch\/en\/wp-json\/wp\/v2\/pages\/10487"}],"collection":[{"href":"https:\/\/dev.interpharma.animalwelfare.bertastrasse1.ch\/en\/wp-json\/wp\/v2\/pages"}],"about":[{"href":"https:\/\/dev.interpharma.animalwelfare.bertastrasse1.ch\/en\/wp-json\/wp\/v2\/types\/page"}],"author":[{"embeddable":true,"href":"https:\/\/dev.interpharma.animalwelfare.bertastrasse1.ch\/en\/wp-json\/wp\/v2\/users\/3"}],"replies":[{"embeddable":true,"href":"https:\/\/dev.interpharma.animalwelfare.bertastrasse1.ch\/en\/wp-json\/wp\/v2\/comments?post=10487"}],"version-history":[{"count":0,"href":"https:\/\/dev.interpharma.animalwelfare.bertastrasse1.ch\/en\/wp-json\/wp\/v2\/pages\/10487\/revisions"}],"up":[{"embeddable":true,"href":"https:\/\/dev.interpharma.animalwelfare.bertastrasse1.ch\/en\/wp-json\/wp\/v2\/pages\/10485"}],"wp:attachment":[{"href":"https:\/\/dev.interpharma.animalwelfare.bertastrasse1.ch\/en\/wp-json\/wp\/v2\/media?parent=10487"}],"curies":[{"name":"wp","href":"https:\/\/api.w.org\/{rel}","templated":true}]}}